{"id":880,"date":"2016-08-21T20:02:33","date_gmt":"2016-08-21T20:02:33","guid":{"rendered":"http:\/\/dancingboulevard.com\/?page_id=880"},"modified":"2022-08-29T23:56:46","modified_gmt":"2022-08-29T23:56:46","slug":"ninos","status":"publish","type":"page","link":"https:\/\/dancingboulevard.com\/en\/ninos\/","title":{"rendered":"NI\u00d1OS"},"content":{"rendered":"<div data-elementor-type=\"wp-post\" data-elementor-id=\"880\" class=\"elementor elementor-880\">\n\t\t\t\t\t\t<section class=\"elementor-section elementor-top-section elementor-element elementor-element-89be437 elementor-section-boxed elementor-section-height-default elementor-section-height-default\" data-id=\"89be437\" data-element_type=\"section\" data-e-type=\"section\">\n\t\t\t\t\t\t<div class=\"elementor-container elementor-column-gap-default\">\n\t\t\t\t\t<div class=\"elementor-column elementor-col-100 elementor-top-column elementor-element elementor-element-d309b0d\" data-id=\"d309b0d\" data-element_type=\"column\" data-e-type=\"column\">\n\t\t\t<div class=\"elementor-widget-wrap elementor-element-populated\">\n\t\t\t\t\t\t<div class=\"elementor-element elementor-element-566a4a1 elementor-widget elementor-widget-text-editor\" data-id=\"566a4a1\" data-element_type=\"widget\" data-e-type=\"widget\" data-widget_type=\"text-editor.default\">\n\t\t\t\t<div class=\"elementor-widget-container\">\n\t\t\t\t\t\t\t\t\t<p>Horarios<\/p>\t\t\t\t\t\t\t\t<\/div>\n\t\t\t\t<\/div>\n\t\t\t\t\t<\/div>\n\t\t<\/div>\n\t\t\t\t\t<\/div>\n\t\t<\/section>\n\t\t\t\t<section class=\"elementor-section elementor-top-section elementor-element elementor-element-297b854 elementor-section-boxed elementor-section-height-default elementor-section-height-default\" data-id=\"297b854\" data-element_type=\"section\" data-e-type=\"section\">\n\t\t\t\t\t\t<div class=\"elementor-container elementor-column-gap-default\">\n\t\t\t\t\t<div class=\"elementor-column elementor-col-100 elementor-top-column elementor-element elementor-element-00e5e0a\" data-id=\"00e5e0a\" data-element_type=\"column\" data-e-type=\"column\">\n\t\t\t<div class=\"elementor-widget-wrap elementor-element-populated\">\n\t\t\t\t\t\t<div class=\"elementor-element elementor-element-9f58bf6 elementor-widget elementor-widget-image\" data-id=\"9f58bf6\" data-element_type=\"widget\" data-e-type=\"widget\" data-widget_type=\"image.default\">\n\t\t\t\t<div class=\"elementor-widget-container\">\n\t\t\t\t\t\t\t\t\t\t\t\t\t\t\t\t<a href=\"https:\/\/dancingboulevard.com\/wp-content\/uploads\/2022\/08\/nuevo-horarios-ninos-agosto-2022.png\">\n\t\t\t\t\t\t\t<img fetchpriority=\"high\" decoding=\"async\" width=\"750\" height=\"401\" src=\"https:\/\/dancingboulevard.com\/wp-content\/uploads\/2022\/08\/nuevo-horarios-ninos-agosto-2022-768x411.png\" class=\"attachment-medium_large size-medium_large wp-image-16274\" alt=\"horarios ni\u00f1os\" srcset=\"https:\/\/dancingboulevard.com\/wp-content\/uploads\/2022\/08\/nuevo-horarios-ninos-agosto-2022-768x411.png 768w, https:\/\/dancingboulevard.com\/wp-content\/uploads\/2022\/08\/nuevo-horarios-ninos-agosto-2022-300x161.png 300w, https:\/\/dancingboulevard.com\/wp-content\/uploads\/2022\/08\/nuevo-horarios-ninos-agosto-2022-1024x548.png 1024w, https:\/\/dancingboulevard.com\/wp-content\/uploads\/2022\/08\/nuevo-horarios-ninos-agosto-2022.png 1210w\" sizes=\"(max-width: 750px) 100vw, 750px\" \/>\t\t\t\t\t\t\t\t<\/a>\n\t\t\t\t\t\t\t\t\t\t\t\t\t\t\t<\/div>\n\t\t\t\t<\/div>\n\t\t\t\t\t<\/div>\n\t\t<\/div>\n\t\t\t\t\t<\/div>\n\t\t<\/section>\n\t\t\t\t<section class=\"elementor-section elementor-top-section elementor-element elementor-element-4010e7e elementor-section-boxed elementor-section-height-default elementor-section-height-default\" data-id=\"4010e7e\" data-element_type=\"section\" data-e-type=\"section\">\n\t\t\t\t\t\t<div class=\"elementor-container elementor-column-gap-default\">\n\t\t\t\t\t<div class=\"elementor-column elementor-col-100 elementor-top-column elementor-element elementor-element-f286b5e\" data-id=\"f286b5e\" data-element_type=\"column\" data-e-type=\"column\">\n\t\t\t<div class=\"elementor-widget-wrap elementor-element-populated\">\n\t\t\t\t\t\t<div class=\"elementor-element elementor-element-7ced879 elementor-widget elementor-widget-text-editor\" data-id=\"7ced879\" data-element_type=\"widget\" data-e-type=\"widget\" data-widget_type=\"text-editor.default\">\n\t\t\t\t<div class=\"elementor-widget-container\">\n\t\t\t\t\t\t\t\t\t<p><strong>HORARIO DE ATENCI\u00d3N AL PUBLICO:<\/strong><\/p><p>DE LUNES A VIERNES TODAS LAS TARDES DE 18:30 A 22:30<\/p><p>A TRAV\u00c9S DEL TEL\u00c9FONO <strong>634 125 052<\/strong> o EMAIL <strong>escuela@dancingboulevard.com<\/strong><\/p>\t\t\t\t\t\t\t\t<\/div>\n\t\t\t\t<\/div>\n\t\t\t\t\t<\/div>\n\t\t<\/div>\n\t\t\t\t\t<\/div>\n\t\t<\/section>\n\t\t\t\t<section class=\"elementor-section elementor-top-section elementor-element elementor-element-d4998ae elementor-section-boxed elementor-section-height-default elementor-section-height-default\" data-id=\"d4998ae\" data-element_type=\"section\" data-e-type=\"section\">\n\t\t\t\t\t\t<div class=\"elementor-container elementor-column-gap-default\">\n\t\t\t\t\t<div class=\"elementor-column elementor-col-100 elementor-top-column elementor-element elementor-element-f137ab1\" data-id=\"f137ab1\" data-element_type=\"column\" data-e-type=\"column\">\n\t\t\t<div class=\"elementor-widget-wrap elementor-element-populated\">\n\t\t\t\t\t\t<div class=\"elementor-element elementor-element-4378cac elementor-widget elementor-widget-text-editor\" data-id=\"4378cac\" data-element_type=\"widget\" data-e-type=\"widget\" data-widget_type=\"text-editor.default\">\n\t\t\t\t<div class=\"elementor-widget-container\">\n\t\t\t\t\t\t\t\t\t<p>Para saber m\u00e1s sobre los distintos cursos haga click en los siguientes links:<\/p><ul><li><a href=\"http:\/\/dancingboulevard.com\/en\/predanza-ninos\/\">Predanza ni\u00f1os + 3 a\u00f1os<\/a><\/li><li><a href=\"http:\/\/dancingboulevard.com\/en\/break-dance\/\">Breakdance p<\/a><a href=\"http:\/\/dancingboulevard.com\/en\/break-dance\/\">ara ni\u00f1os<\/a><\/li><li><a href=\"http:\/\/dancingboulevard.com\/en\/clases-de-shuffle\/\">Shuffle\u00a0<\/a><\/li><li><a href=\"http:\/\/dancingboulevard.com\/en\/ritmos\/\">Ritmos latinos\u00a0<\/a><\/li><li><a href=\"http:\/\/dancingboulevard.com\/en\/baile-padres-y-ninos\/\">Teatro musical<\/a><\/li><li><a href=\"https:\/\/dancingboulevard.com\/en\/danza-espanola-ninos\/\">Danza Espa\u00f1ola<\/a><\/li><li><a href=\"https:\/\/dancingboulevard.com\/en\/baile-moderno-ninos-2\/\">Baile moderno, Funky, HipHop, etc&#8230;<\/a><\/li><\/ul><p>Estamos a su disposici\u00f3n en el tel\u00e9fono: <strong>634 125 052<\/strong> o en el email <strong>escuela@dancingboulevard.com<\/strong><\/p>\t\t\t\t\t\t\t\t<\/div>\n\t\t\t\t<\/div>\n\t\t\t\t\t<\/div>\n\t\t<\/div>\n\t\t\t\t\t<\/div>\n\t\t<\/section>\n\t\t\t\t<section class=\"elementor-section elementor-top-section elementor-element elementor-element-e465c28 elementor-section-boxed elementor-section-height-default elementor-section-height-default\" data-id=\"e465c28\" data-element_type=\"section\" data-e-type=\"section\">\n\t\t\t\t\t\t<div class=\"elementor-container elementor-column-gap-default\">\n\t\t\t\t\t<div class=\"elementor-column elementor-col-100 elementor-top-column elementor-element elementor-element-d322827\" data-id=\"d322827\" data-element_type=\"column\" data-e-type=\"column\">\n\t\t\t<div class=\"elementor-widget-wrap elementor-element-populated\">\n\t\t\t\t\t\t<div class=\"elementor-element elementor-element-af7afb3 elementor-widget elementor-widget-text-editor\" data-id=\"af7afb3\" data-element_type=\"widget\" data-e-type=\"widget\" data-widget_type=\"text-editor.default\">\n\t\t\t\t<div class=\"elementor-widget-container\">\n\t\t\t\t\t\t\t\t\t<p>Si los horarios que tenemos no te vienen bien y quieres proponernos cualquier otro horario o disciplina, comentanoslo. A veces surgen nuevos grupos y no est\u00e1n publicados con rapidez en la web. Estamos a tu disposici\u00f3n para ayudarte! Tel\u00e9fono\u00a0 <strong>634 125 052<\/strong> Ll\u00e1manos o env\u00edanos un wassap<\/p>\t\t\t\t\t\t\t\t<\/div>\n\t\t\t\t<\/div>\n\t\t\t\t\t<\/div>\n\t\t<\/div>\n\t\t\t\t\t<\/div>\n\t\t<\/section>\n\t\t\t\t<\/div>","protected":false},"excerpt":{"rendered":"<p>Horarios HORARIO DE ATENCI\u00d3N AL PUBLICO: DE LUNES A VIERNES TODAS LAS TARDES DE 18:30 A 22:30 A TRAV\u00c9S DEL TEL\u00c9FONO 634 125 052 o EMAIL escuela@dancingboulevard.com Para saber m\u00e1s sobre los distintos cursos haga click en los siguientes links: Predanza ni\u00f1os + 3 a\u00f1os Breakdance para ni\u00f1os Shuffle\u00a0 Ritmos [&hellip;]<\/p>\n","protected":false},"author":1,"featured_media":0,"parent":0,"menu_order":0,"comment_status":"closed","ping_status":"closed","template":"","meta":{"footnotes":"","_links_to":"","_links_to_target":""},"class_list":["post-880","page","type-page","status-publish","hentry"],"yoast_head":"<!-- This site is optimized with the Yoast SEO plugin v26.8 - https:\/\/yoast.com\/product\/yoast-seo-wordpress\/ -->\n<title>NI\u00d1OS - Dancing Boulevard<\/title>\n<meta name=\"robots\" content=\"index, follow, max-snippet:-1, max-image-preview:large, max-video-preview:-1\" \/>\n<link rel=\"canonical\" href=\"https:\/\/dancingboulevard.com\/en\/ninos\/\" \/>\n<meta property=\"og:locale\" content=\"en_US\" \/>\n<meta property=\"og:type\" content=\"article\" \/>\n<meta property=\"og:title\" content=\"NI\u00d1OS - Dancing Boulevard\" \/>\n<meta property=\"og:description\" content=\"Horarios HORARIO DE ATENCI\u00d3N AL PUBLICO: DE LUNES A VIERNES TODAS LAS TARDES DE 18:30 A 22:30 A TRAV\u00c9S DEL TEL\u00c9FONO 634 125 052 o EMAIL escuela@dancingboulevard.com Para saber m\u00e1s sobre los distintos cursos haga click en los siguientes links: Predanza ni\u00f1os + 3 a\u00f1os Breakdance para ni\u00f1os Shuffle\u00a0 Ritmos [&hellip;]\" \/>\n<meta property=\"og:url\" content=\"https:\/\/dancingboulevard.com\/en\/ninos\/\" \/>\n<meta property=\"og:site_name\" content=\"Dancing Boulevard\" \/>\n<meta property=\"article:publisher\" content=\"https:\/\/www.facebook.com\/pages\/Dancing-Boulevard\/1425357731107040?fref=ts\" \/>\n<meta property=\"article:modified_time\" content=\"2022-08-29T23:56:46+00:00\" \/>\n<meta property=\"og:image\" content=\"https:\/\/dancingboulevard.com\/wp-content\/uploads\/2022\/08\/nuevo-horarios-ninos-agosto-2022-768x411.png\" \/>\n<meta name=\"twitter:card\" content=\"summary_large_image\" \/>\n<meta name=\"twitter:label1\" content=\"Est. reading time\" \/>\n\t<meta name=\"twitter:data1\" content=\"1 minute\" \/>\n<!-- \/ Yoast SEO plugin. -->","yoast_head_json":{"title":"NI\u00d1OS - Dancing Boulevard","robots":{"index":"index","follow":"follow","max-snippet":"max-snippet:-1","max-image-preview":"max-image-preview:large","max-video-preview":"max-video-preview:-1"},"canonical":"https:\/\/dancingboulevard.com\/en\/ninos\/","og_locale":"en_US","og_type":"article","og_title":"NI\u00d1OS - Dancing Boulevard","og_description":"Horarios HORARIO DE ATENCI\u00d3N AL PUBLICO: DE LUNES A VIERNES TODAS LAS TARDES DE 18:30 A 22:30 A TRAV\u00c9S DEL TEL\u00c9FONO 634 125 052 o EMAIL escuela@dancingboulevard.com Para saber m\u00e1s sobre los distintos cursos haga click en los siguientes links: Predanza ni\u00f1os + 3 a\u00f1os Breakdance para ni\u00f1os Shuffle\u00a0 Ritmos [&hellip;]","og_url":"https:\/\/dancingboulevard.com\/en\/ninos\/","og_site_name":"Dancing Boulevard","article_publisher":"https:\/\/www.facebook.com\/pages\/Dancing-Boulevard\/1425357731107040?fref=ts","article_modified_time":"2022-08-29T23:56:46+00:00","og_image":[{"url":"https:\/\/dancingboulevard.com\/wp-content\/uploads\/2022\/08\/nuevo-horarios-ninos-agosto-2022-768x411.png","type":"","width":"","height":""}],"twitter_card":"summary_large_image","twitter_misc":{"Est. reading time":"1 minute"},"schema":{"@context":"https:\/\/schema.org","@graph":[{"@type":"WebPage","@id":"https:\/\/dancingboulevard.com\/ninos\/","url":"https:\/\/dancingboulevard.com\/ninos\/","name":"NI\u00d1OS - Dancing Boulevard","isPartOf":{"@id":"https:\/\/dancingboulevard.com\/#website"},"primaryImageOfPage":{"@id":"https:\/\/dancingboulevard.com\/ninos\/#primaryimage"},"image":{"@id":"https:\/\/dancingboulevard.com\/ninos\/#primaryimage"},"thumbnailUrl":"https:\/\/dancingboulevard.com\/wp-content\/uploads\/2022\/08\/nuevo-horarios-ninos-agosto-2022-768x411.png","datePublished":"2016-08-21T20:02:33+00:00","dateModified":"2022-08-29T23:56:46+00:00","breadcrumb":{"@id":"https:\/\/dancingboulevard.com\/ninos\/#breadcrumb"},"inLanguage":"en-US","potentialAction":[{"@type":"ReadAction","target":["https:\/\/dancingboulevard.com\/ninos\/"]}]},{"@type":"ImageObject","inLanguage":"en-US","@id":"https:\/\/dancingboulevard.com\/ninos\/#primaryimage","url":"https:\/\/dancingboulevard.com\/wp-content\/uploads\/2022\/08\/nuevo-horarios-ninos-agosto-2022-768x411.png","contentUrl":"https:\/\/dancingboulevard.com\/wp-content\/uploads\/2022\/08\/nuevo-horarios-ninos-agosto-2022-768x411.png"},{"@type":"BreadcrumbList","@id":"https:\/\/dancingboulevard.com\/ninos\/#breadcrumb","itemListElement":[{"@type":"ListItem","position":1,"name":"Portada","item":"https:\/\/dancingboulevard.com\/"},{"@type":"ListItem","position":2,"name":"NI\u00d1OS"}]},{"@type":"WebSite","@id":"https:\/\/dancingboulevard.com\/#website","url":"https:\/\/dancingboulevard.com\/","name":"Dancing Boulevard","description":"ESCUELA DE BAILE","publisher":{"@id":"https:\/\/dancingboulevard.com\/#organization"},"potentialAction":[{"@type":"SearchAction","target":{"@type":"EntryPoint","urlTemplate":"https:\/\/dancingboulevard.com\/?s={search_term_string}"},"query-input":{"@type":"PropertyValueSpecification","valueRequired":true,"valueName":"search_term_string"}}],"inLanguage":"en-US"},{"@type":"Organization","@id":"https:\/\/dancingboulevard.com\/#organization","name":"Dancing Boulevard","url":"https:\/\/dancingboulevard.com\/","logo":{"@type":"ImageObject","inLanguage":"en-US","@id":"https:\/\/dancingboulevard.com\/#\/schema\/logo\/image\/","url":"https:\/\/dancingboulevard.com\/wp-content\/uploads\/2020\/04\/DancinBoulevard.png","contentUrl":"https:\/\/dancingboulevard.com\/wp-content\/uploads\/2020\/04\/DancinBoulevard.png","width":1990,"height":803,"caption":"Dancing Boulevard"},"image":{"@id":"https:\/\/dancingboulevard.com\/#\/schema\/logo\/image\/"},"sameAs":["https:\/\/www.facebook.com\/pages\/Dancing-Boulevard\/1425357731107040?fref=ts","https:\/\/www.instagram.com\/dancingboulevard\/"]}]}},"_links":{"self":[{"href":"https:\/\/dancingboulevard.com\/en\/wp-json\/wp\/v2\/pages\/880","targetHints":{"allow":["GET"]}}],"collection":[{"href":"https:\/\/dancingboulevard.com\/en\/wp-json\/wp\/v2\/pages"}],"about":[{"href":"https:\/\/dancingboulevard.com\/en\/wp-json\/wp\/v2\/types\/page"}],"author":[{"embeddable":true,"href":"https:\/\/dancingboulevard.com\/en\/wp-json\/wp\/v2\/users\/1"}],"replies":[{"embeddable":true,"href":"https:\/\/dancingboulevard.com\/en\/wp-json\/wp\/v2\/comments?post=880"}],"version-history":[{"count":3,"href":"https:\/\/dancingboulevard.com\/en\/wp-json\/wp\/v2\/pages\/880\/revisions"}],"predecessor-version":[{"id":16277,"href":"https:\/\/dancingboulevard.com\/en\/wp-json\/wp\/v2\/pages\/880\/revisions\/16277"}],"wp:attachment":[{"href":"https:\/\/dancingboulevard.com\/en\/wp-json\/wp\/v2\/media?parent=880"}],"curies":[{"name":"wp","href":"https:\/\/api.w.org\/{rel}","templated":true}]}}