{"id":74,"date":"2015-02-20T18:47:14","date_gmt":"2015-02-20T18:47:14","guid":{"rendered":"http:\/\/s553217786.mialojamiento.es\/?page_id=74"},"modified":"2017-03-18T08:54:25","modified_gmt":"2017-03-18T08:54:25","slug":"galeria","status":"publish","type":"page","link":"https:\/\/dancingboulevard.com\/en\/galeria\/","title":{"rendered":"GALERIA"},"content":{"rendered":"<p><a href=\"https:\/\/dancingboulevard.com\/wp-content\/uploads\/2015\/02\/MUUUUUUUUUUUUUUUUUUUUUUUUU.jpg\"><img fetchpriority=\"high\" decoding=\"async\" class=\"aligncenter wp-image-271 size-full\" src=\"https:\/\/dancingboulevard.com\/wp-content\/uploads\/2015\/02\/MUUUUUUUUUUUUUUUUUUUUUUUUU-e1430081697949.jpg\" alt=\"MUUUUUUUUUUUUUUUUUUUUUUUUU\" width=\"1024\" height=\"680\" srcset=\"https:\/\/dancingboulevard.com\/wp-content\/uploads\/2015\/02\/MUUUUUUUUUUUUUUUUUUUUUUUUU-e1430081697949.jpg 1024w, https:\/\/dancingboulevard.com\/wp-content\/uploads\/2015\/02\/MUUUUUUUUUUUUUUUUUUUUUUUUU-e1430081697949-300x199.jpg 300w, https:\/\/dancingboulevard.com\/wp-content\/uploads\/2015\/02\/MUUUUUUUUUUUUUUUUUUUUUUUUU-e1430081697949-768x510.jpg 768w, https:\/\/dancingboulevard.com\/wp-content\/uploads\/2015\/02\/MUUUUUUUUUUUUUUUUUUUUUUUUU-e1430081697949-360x240.jpg 360w\" sizes=\"(max-width: 1024px) 100vw, 1024px\" \/><\/a><a href=\"https:\/\/dancingboulevard.com\/wp-content\/uploads\/2015\/02\/baile-6.jpg\"><img decoding=\"async\" class=\"aligncenter size-full wp-image-268\" src=\"https:\/\/dancingboulevard.com\/wp-content\/uploads\/2015\/02\/baile-6.jpg\" alt=\"baile 6\" width=\"621\" height=\"400\" srcset=\"https:\/\/dancingboulevard.com\/wp-content\/uploads\/2015\/02\/baile-6.jpg 621w, https:\/\/dancingboulevard.com\/wp-content\/uploads\/2015\/02\/baile-6-300x193.jpg 300w\" sizes=\"(max-width: 621px) 100vw, 621px\" \/><\/a><a href=\"https:\/\/dancingboulevard.com\/wp-content\/uploads\/2015\/02\/12185586_1479101382399341_8190787752978267447_o.jpg\"><img decoding=\"async\" class=\"aligncenter size-full wp-image-958\" src=\"https:\/\/dancingboulevard.com\/wp-content\/uploads\/2015\/02\/12185586_1479101382399341_8190787752978267447_o.jpg\" alt=\"12185586_1479101382399341_8190787752978267447_o\" width=\"2048\" height=\"1152\" srcset=\"https:\/\/dancingboulevard.com\/wp-content\/uploads\/2015\/02\/12185586_1479101382399341_8190787752978267447_o.jpg 2048w, https:\/\/dancingboulevard.com\/wp-content\/uploads\/2015\/02\/12185586_1479101382399341_8190787752978267447_o-300x169.jpg 300w, https:\/\/dancingboulevard.com\/wp-content\/uploads\/2015\/02\/12185586_1479101382399341_8190787752978267447_o-1024x576.jpg 1024w, https:\/\/dancingboulevard.com\/wp-content\/uploads\/2015\/02\/12185586_1479101382399341_8190787752978267447_o-768x432.jpg 768w, https:\/\/dancingboulevard.com\/wp-content\/uploads\/2015\/02\/12185586_1479101382399341_8190787752978267447_o-1536x864.jpg 1536w\" sizes=\"(max-width: 2048px) 100vw, 2048px\" \/><\/a><a href=\"https:\/\/dancingboulevard.com\/wp-content\/uploads\/2015\/02\/12366402_1491426511166828_525752137442288777_n.jpg\"><img loading=\"lazy\" decoding=\"async\" class=\"aligncenter size-full wp-image-959\" src=\"https:\/\/dancingboulevard.com\/wp-content\/uploads\/2015\/02\/12366402_1491426511166828_525752137442288777_n.jpg\" alt=\"12366402_1491426511166828_525752137442288777_n\" width=\"960\" height=\"720\" srcset=\"https:\/\/dancingboulevard.com\/wp-content\/uploads\/2015\/02\/12366402_1491426511166828_525752137442288777_n.jpg 960w, https:\/\/dancingboulevard.com\/wp-content\/uploads\/2015\/02\/12366402_1491426511166828_525752137442288777_n-300x225.jpg 300w, https:\/\/dancingboulevard.com\/wp-content\/uploads\/2015\/02\/12366402_1491426511166828_525752137442288777_n-768x576.jpg 768w\" sizes=\"(max-width: 960px) 100vw, 960px\" \/><\/a><a href=\"https:\/\/dancingboulevard.com\/wp-content\/uploads\/2015\/02\/13217056_1536252220017590_8657415624167222968_o.jpg\"><img loading=\"lazy\" decoding=\"async\" class=\"aligncenter size-full wp-image-960\" src=\"https:\/\/dancingboulevard.com\/wp-content\/uploads\/2015\/02\/13217056_1536252220017590_8657415624167222968_o.jpg\" alt=\"13217056_1536252220017590_8657415624167222968_o\" width=\"1008\" height=\"1007\" srcset=\"https:\/\/dancingboulevard.com\/wp-content\/uploads\/2015\/02\/13217056_1536252220017590_8657415624167222968_o.jpg 1008w, https:\/\/dancingboulevard.com\/wp-content\/uploads\/2015\/02\/13217056_1536252220017590_8657415624167222968_o-300x300.jpg 300w, https:\/\/dancingboulevard.com\/wp-content\/uploads\/2015\/02\/13217056_1536252220017590_8657415624167222968_o-150x150.jpg 150w, https:\/\/dancingboulevard.com\/wp-content\/uploads\/2015\/02\/13217056_1536252220017590_8657415624167222968_o-768x767.jpg 768w\" sizes=\"(max-width: 1008px) 100vw, 1008px\" \/><\/a><a href=\"https:\/\/dancingboulevard.com\/wp-content\/uploads\/2015\/02\/10376273_1491426347833511_4515587438747588875_n.jpg\"><img loading=\"lazy\" decoding=\"async\" class=\"aligncenter size-full wp-image-961\" src=\"https:\/\/dancingboulevard.com\/wp-content\/uploads\/2015\/02\/10376273_1491426347833511_4515587438747588875_n.jpg\" alt=\"10376273_1491426347833511_4515587438747588875_n\" width=\"960\" height=\"720\" srcset=\"https:\/\/dancingboulevard.com\/wp-content\/uploads\/2015\/02\/10376273_1491426347833511_4515587438747588875_n.jpg 960w, https:\/\/dancingboulevard.com\/wp-content\/uploads\/2015\/02\/10376273_1491426347833511_4515587438747588875_n-300x225.jpg 300w, https:\/\/dancingboulevard.com\/wp-content\/uploads\/2015\/02\/10376273_1491426347833511_4515587438747588875_n-768x576.jpg 768w\" sizes=\"(max-width: 960px) 100vw, 960px\" \/><\/a><a href=\"https:\/\/dancingboulevard.com\/wp-content\/uploads\/2015\/02\/10531439_1432079353768211_8508485080442668242_o.jpg\"><img loading=\"lazy\" decoding=\"async\" class=\"aligncenter size-full wp-image-962\" src=\"https:\/\/dancingboulevard.com\/wp-content\/uploads\/2015\/02\/10531439_1432079353768211_8508485080442668242_o.jpg\" alt=\"10531439_1432079353768211_8508485080442668242_o\" width=\"1280\" height=\"720\" srcset=\"https:\/\/dancingboulevard.com\/wp-content\/uploads\/2015\/02\/10531439_1432079353768211_8508485080442668242_o.jpg 1280w, https:\/\/dancingboulevard.com\/wp-content\/uploads\/2015\/02\/10531439_1432079353768211_8508485080442668242_o-300x169.jpg 300w, https:\/\/dancingboulevard.com\/wp-content\/uploads\/2015\/02\/10531439_1432079353768211_8508485080442668242_o-1024x576.jpg 1024w, https:\/\/dancingboulevard.com\/wp-content\/uploads\/2015\/02\/10531439_1432079353768211_8508485080442668242_o-768x432.jpg 768w\" sizes=\"(max-width: 1280px) 100vw, 1280px\" \/><\/a><a href=\"https:\/\/dancingboulevard.com\/wp-content\/uploads\/2015\/02\/13147471_10207763151650164_3310141070378428263_o.jpg\"><img loading=\"lazy\" decoding=\"async\" class=\"aligncenter size-full wp-image-963\" src=\"https:\/\/dancingboulevard.com\/wp-content\/uploads\/2015\/02\/13147471_10207763151650164_3310141070378428263_o.jpg\" alt=\"13147471_10207763151650164_3310141070378428263_o\" width=\"1328\" height=\"747\" srcset=\"https:\/\/dancingboulevard.com\/wp-content\/uploads\/2015\/02\/13147471_10207763151650164_3310141070378428263_o.jpg 1328w, https:\/\/dancingboulevard.com\/wp-content\/uploads\/2015\/02\/13147471_10207763151650164_3310141070378428263_o-300x169.jpg 300w, https:\/\/dancingboulevard.com\/wp-content\/uploads\/2015\/02\/13147471_10207763151650164_3310141070378428263_o-1024x576.jpg 1024w, https:\/\/dancingboulevard.com\/wp-content\/uploads\/2015\/02\/13147471_10207763151650164_3310141070378428263_o-768x432.jpg 768w\" sizes=\"(max-width: 1328px) 100vw, 1328px\" \/><\/a><a href=\"https:\/\/dancingboulevard.com\/wp-content\/uploads\/2015\/02\/13568757_1551410735168405_3821668006317479469_o.jpg\"><img loading=\"lazy\" decoding=\"async\" class=\"aligncenter size-full wp-image-964\" src=\"https:\/\/dancingboulevard.com\/wp-content\/uploads\/2015\/02\/13568757_1551410735168405_3821668006317479469_o.jpg\" alt=\"13568757_1551410735168405_3821668006317479469_o\" width=\"968\" height=\"645\" srcset=\"https:\/\/dancingboulevard.com\/wp-content\/uploads\/2015\/02\/13568757_1551410735168405_3821668006317479469_o.jpg 968w, https:\/\/dancingboulevard.com\/wp-content\/uploads\/2015\/02\/13568757_1551410735168405_3821668006317479469_o-300x200.jpg 300w, https:\/\/dancingboulevard.com\/wp-content\/uploads\/2015\/02\/13568757_1551410735168405_3821668006317479469_o-768x512.jpg 768w, https:\/\/dancingboulevard.com\/wp-content\/uploads\/2015\/02\/13568757_1551410735168405_3821668006317479469_o-360x240.jpg 360w\" sizes=\"(max-width: 968px) 100vw, 968px\" \/><\/a><a href=\"https:\/\/dancingboulevard.com\/wp-content\/uploads\/2015\/02\/20160706_194341.jpg\"><img loading=\"lazy\" decoding=\"async\" class=\"aligncenter size-full wp-image-965\" src=\"https:\/\/dancingboulevard.com\/wp-content\/uploads\/2015\/02\/20160706_194341.jpg\" alt=\"20160706_194341\" width=\"1906\" height=\"1073\" srcset=\"https:\/\/dancingboulevard.com\/wp-content\/uploads\/2015\/02\/20160706_194341.jpg 1906w, https:\/\/dancingboulevard.com\/wp-content\/uploads\/2015\/02\/20160706_194341-300x169.jpg 300w, https:\/\/dancingboulevard.com\/wp-content\/uploads\/2015\/02\/20160706_194341-1024x576.jpg 1024w, https:\/\/dancingboulevard.com\/wp-content\/uploads\/2015\/02\/20160706_194341-768x432.jpg 768w, https:\/\/dancingboulevard.com\/wp-content\/uploads\/2015\/02\/20160706_194341-1536x865.jpg 1536w\" sizes=\"(max-width: 1906px) 100vw, 1906px\" \/><\/a><a href=\"https:\/\/dancingboulevard.com\/wp-content\/uploads\/2016\/08\/20160706_211312.jpg\"><img loading=\"lazy\" decoding=\"async\" class=\"aligncenter size-full wp-image-934\" src=\"https:\/\/dancingboulevard.com\/wp-content\/uploads\/2016\/08\/20160706_211312.jpg\" alt=\"20160706_211312\" width=\"2139\" height=\"1203\" srcset=\"https:\/\/dancingboulevard.com\/wp-content\/uploads\/2016\/08\/20160706_211312.jpg 2139w, https:\/\/dancingboulevard.com\/wp-content\/uploads\/2016\/08\/20160706_211312-300x169.jpg 300w, https:\/\/dancingboulevard.com\/wp-content\/uploads\/2016\/08\/20160706_211312-1024x576.jpg 1024w, https:\/\/dancingboulevard.com\/wp-content\/uploads\/2016\/08\/20160706_211312-768x432.jpg 768w, https:\/\/dancingboulevard.com\/wp-content\/uploads\/2016\/08\/20160706_211312-1536x864.jpg 1536w, https:\/\/dancingboulevard.com\/wp-content\/uploads\/2016\/08\/20160706_211312-2048x1152.jpg 2048w\" sizes=\"(max-width: 2139px) 100vw, 2139px\" \/><\/a><a href=\"https:\/\/dancingboulevard.com\/wp-content\/uploads\/2015\/02\/baile-51.jpg\"><img loading=\"lazy\" decoding=\"async\" class=\"aligncenter size-full wp-image-269\" src=\"https:\/\/dancingboulevard.com\/wp-content\/uploads\/2015\/02\/baile-51.jpg\" alt=\"baile 51\" width=\"647\" height=\"400\" srcset=\"https:\/\/dancingboulevard.com\/wp-content\/uploads\/2015\/02\/baile-51.jpg 647w, https:\/\/dancingboulevard.com\/wp-content\/uploads\/2015\/02\/baile-51-300x185.jpg 300w\" sizes=\"(max-width: 647px) 100vw, 647px\" \/><\/a><\/p>\n<p><a href=\"https:\/\/dancingboulevard.com\/wp-content\/uploads\/2015\/02\/DSC05915.jpg\"><img loading=\"lazy\" decoding=\"async\" class=\"aligncenter wp-image-273 size-full\" src=\"https:\/\/dancingboulevard.com\/wp-content\/uploads\/2015\/02\/DSC05915.jpg\" alt=\"\" width=\"1024\" height=\"681\" srcset=\"https:\/\/dancingboulevard.com\/wp-content\/uploads\/2015\/02\/DSC05915.jpg 1024w, https:\/\/dancingboulevard.com\/wp-content\/uploads\/2015\/02\/DSC05915-300x200.jpg 300w, https:\/\/dancingboulevard.com\/wp-content\/uploads\/2015\/02\/DSC05915-768x511.jpg 768w, https:\/\/dancingboulevard.com\/wp-content\/uploads\/2015\/02\/DSC05915-360x240.jpg 360w\" sizes=\"(max-width: 1024px) 100vw, 1024px\" \/><\/a><\/p>\n<p><a href=\"https:\/\/dancingboulevard.com\/wp-content\/uploads\/2015\/02\/DSC05930.jpg\"><img loading=\"lazy\" decoding=\"async\" class=\"size-full wp-image-274\" src=\"https:\/\/dancingboulevard.com\/wp-content\/uploads\/2015\/02\/DSC05930.jpg\" alt=\"SONY DSC\" width=\"1024\" height=\"681\" srcset=\"https:\/\/dancingboulevard.com\/wp-content\/uploads\/2015\/02\/DSC05930.jpg 1024w, https:\/\/dancingboulevard.com\/wp-content\/uploads\/2015\/02\/DSC05930-300x200.jpg 300w, https:\/\/dancingboulevard.com\/wp-content\/uploads\/2015\/02\/DSC05930-768x511.jpg 768w, https:\/\/dancingboulevard.com\/wp-content\/uploads\/2015\/02\/DSC05930-360x240.jpg 360w\" sizes=\"(max-width: 1024px) 100vw, 1024px\" \/><\/a><\/p>\n<p><a href=\"https:\/\/dancingboulevard.com\/wp-content\/uploads\/2015\/02\/IMG_4406.jpg\"><img loading=\"lazy\" decoding=\"async\" class=\"aligncenter size-full wp-image-275\" src=\"https:\/\/dancingboulevard.com\/wp-content\/uploads\/2015\/02\/IMG_4406.jpg\" alt=\"IMG_4406\" width=\"619\" height=\"540\" srcset=\"https:\/\/dancingboulevard.com\/wp-content\/uploads\/2015\/02\/IMG_4406.jpg 619w, https:\/\/dancingboulevard.com\/wp-content\/uploads\/2015\/02\/IMG_4406-300x262.jpg 300w\" sizes=\"(max-width: 619px) 100vw, 619px\" \/><\/a><\/p>\n<p>Algunos de nuestros v\u00eddeos:<\/p>\n<blockquote class=\"wp-embedded-content\" data-secret=\"v946ahDby6\"><p><a href=\"https:\/\/dancingboulevard.com\/en\/videos-ritmos-latinos-iniciacion\/\">V\u00eddeos ritmos latinos Iniciaci\u00f3n<\/a><\/p><\/blockquote>\n<p><iframe title=\"\u00abV\u00eddeos ritmos latinos Iniciaci\u00f3n\u00bb \u2014 Dancing Boulevard\" class=\"wp-embedded-content\" sandbox=\"allow-scripts\" security=\"restricted\" style=\"position: absolute; clip: rect(1px, 1px, 1px, 1px);\" src=\"https:\/\/dancingboulevard.com\/videos-ritmos-latinos-iniciacion\/embed\/#?secret=v946ahDby6\" data-secret=\"v946ahDby6\" width=\"600\" height=\"338\" frameborder=\"0\" marginwidth=\"0\" marginheight=\"0\" scrolling=\"no\"><\/iframe><\/p>","protected":false},"excerpt":{"rendered":"<p>Algunos de nuestros v\u00eddeos: V\u00eddeos ritmos latinos Iniciaci\u00f3n<\/p>","protected":false},"author":1,"featured_media":0,"parent":0,"menu_order":0,"comment_status":"closed","ping_status":"closed","template":"","meta":{"footnotes":"","_links_to":"","_links_to_target":""},"class_list":["post-74","page","type-page","status-publish","hentry"],"yoast_head":"<!-- This site is optimized with the Yoast SEO plugin v26.8 - https:\/\/yoast.com\/product\/yoast-seo-wordpress\/ -->\n<title>dancing boulevard, aprende a bailar con una sonrisa, bailar<\/title>\n<meta name=\"robots\" content=\"index, follow, max-snippet:-1, max-image-preview:large, max-video-preview:-1\" \/>\n<link rel=\"canonical\" href=\"https:\/\/dancingboulevard.com\/en\/galeria\/\" \/>\n<meta property=\"og:locale\" content=\"en_US\" \/>\n<meta property=\"og:type\" content=\"article\" \/>\n<meta property=\"og:title\" content=\"dancing boulevard, aprende a bailar con una sonrisa, bailar\" \/>\n<meta property=\"og:description\" content=\"Algunos de nuestros v\u00eddeos: V\u00eddeos ritmos latinos Iniciaci\u00f3n\" \/>\n<meta property=\"og:url\" content=\"https:\/\/dancingboulevard.com\/en\/galeria\/\" \/>\n<meta property=\"og:site_name\" content=\"Dancing Boulevard\" \/>\n<meta property=\"article:publisher\" content=\"https:\/\/www.facebook.com\/pages\/Dancing-Boulevard\/1425357731107040?fref=ts\" \/>\n<meta property=\"article:modified_time\" content=\"2017-03-18T08:54:25+00:00\" \/>\n<meta property=\"og:image\" content=\"https:\/\/dancingboulevard.com\/wp-content\/uploads\/2015\/02\/MUUUUUUUUUUUUUUUUUUUUUUUUU-e1430081697949.jpg\" \/>\n<meta name=\"twitter:card\" content=\"summary_large_image\" \/>\n<!-- \/ Yoast SEO plugin. -->","yoast_head_json":{"title":"dancing boulevard, aprende a bailar con una sonrisa, bailar","robots":{"index":"index","follow":"follow","max-snippet":"max-snippet:-1","max-image-preview":"max-image-preview:large","max-video-preview":"max-video-preview:-1"},"canonical":"https:\/\/dancingboulevard.com\/en\/galeria\/","og_locale":"en_US","og_type":"article","og_title":"dancing boulevard, aprende a bailar con una sonrisa, bailar","og_description":"Algunos de nuestros v\u00eddeos: V\u00eddeos ritmos latinos Iniciaci\u00f3n","og_url":"https:\/\/dancingboulevard.com\/en\/galeria\/","og_site_name":"Dancing Boulevard","article_publisher":"https:\/\/www.facebook.com\/pages\/Dancing-Boulevard\/1425357731107040?fref=ts","article_modified_time":"2017-03-18T08:54:25+00:00","og_image":[{"url":"https:\/\/dancingboulevard.com\/wp-content\/uploads\/2015\/02\/MUUUUUUUUUUUUUUUUUUUUUUUUU-e1430081697949.jpg","type":"","width":"","height":""}],"twitter_card":"summary_large_image","schema":{"@context":"https:\/\/schema.org","@graph":[{"@type":"WebPage","@id":"https:\/\/dancingboulevard.com\/galeria\/","url":"https:\/\/dancingboulevard.com\/galeria\/","name":"dancing boulevard, aprende a bailar con una sonrisa, bailar","isPartOf":{"@id":"https:\/\/dancingboulevard.com\/#website"},"primaryImageOfPage":{"@id":"https:\/\/dancingboulevard.com\/galeria\/#primaryimage"},"image":{"@id":"https:\/\/dancingboulevard.com\/galeria\/#primaryimage"},"thumbnailUrl":"https:\/\/dancingboulevard.com\/wp-content\/uploads\/2015\/02\/MUUUUUUUUUUUUUUUUUUUUUUUUU-e1430081697949.jpg","datePublished":"2015-02-20T18:47:14+00:00","dateModified":"2017-03-18T08:54:25+00:00","breadcrumb":{"@id":"https:\/\/dancingboulevard.com\/galeria\/#breadcrumb"},"inLanguage":"en-US","potentialAction":[{"@type":"ReadAction","target":["https:\/\/dancingboulevard.com\/galeria\/"]}]},{"@type":"ImageObject","inLanguage":"en-US","@id":"https:\/\/dancingboulevard.com\/galeria\/#primaryimage","url":"https:\/\/dancingboulevard.com\/wp-content\/uploads\/2015\/02\/MUUUUUUUUUUUUUUUUUUUUUUUUU-e1430081697949.jpg","contentUrl":"https:\/\/dancingboulevard.com\/wp-content\/uploads\/2015\/02\/MUUUUUUUUUUUUUUUUUUUUUUUUU-e1430081697949.jpg"},{"@type":"BreadcrumbList","@id":"https:\/\/dancingboulevard.com\/galeria\/#breadcrumb","itemListElement":[{"@type":"ListItem","position":1,"name":"Portada","item":"https:\/\/dancingboulevard.com\/"},{"@type":"ListItem","position":2,"name":"GALERIA"}]},{"@type":"WebSite","@id":"https:\/\/dancingboulevard.com\/#website","url":"https:\/\/dancingboulevard.com\/","name":"Dancing Boulevard","description":"ESCUELA DE BAILE","publisher":{"@id":"https:\/\/dancingboulevard.com\/#organization"},"potentialAction":[{"@type":"SearchAction","target":{"@type":"EntryPoint","urlTemplate":"https:\/\/dancingboulevard.com\/?s={search_term_string}"},"query-input":{"@type":"PropertyValueSpecification","valueRequired":true,"valueName":"search_term_string"}}],"inLanguage":"en-US"},{"@type":"Organization","@id":"https:\/\/dancingboulevard.com\/#organization","name":"Dancing Boulevard","url":"https:\/\/dancingboulevard.com\/","logo":{"@type":"ImageObject","inLanguage":"en-US","@id":"https:\/\/dancingboulevard.com\/#\/schema\/logo\/image\/","url":"https:\/\/dancingboulevard.com\/wp-content\/uploads\/2020\/04\/DancinBoulevard.png","contentUrl":"https:\/\/dancingboulevard.com\/wp-content\/uploads\/2020\/04\/DancinBoulevard.png","width":1990,"height":803,"caption":"Dancing Boulevard"},"image":{"@id":"https:\/\/dancingboulevard.com\/#\/schema\/logo\/image\/"},"sameAs":["https:\/\/www.facebook.com\/pages\/Dancing-Boulevard\/1425357731107040?fref=ts","https:\/\/www.instagram.com\/dancingboulevard\/"]}]}},"_links":{"self":[{"href":"https:\/\/dancingboulevard.com\/en\/wp-json\/wp\/v2\/pages\/74","targetHints":{"allow":["GET"]}}],"collection":[{"href":"https:\/\/dancingboulevard.com\/en\/wp-json\/wp\/v2\/pages"}],"about":[{"href":"https:\/\/dancingboulevard.com\/en\/wp-json\/wp\/v2\/types\/page"}],"author":[{"embeddable":true,"href":"https:\/\/dancingboulevard.com\/en\/wp-json\/wp\/v2\/users\/1"}],"replies":[{"embeddable":true,"href":"https:\/\/dancingboulevard.com\/en\/wp-json\/wp\/v2\/comments?post=74"}],"version-history":[{"count":0,"href":"https:\/\/dancingboulevard.com\/en\/wp-json\/wp\/v2\/pages\/74\/revisions"}],"wp:attachment":[{"href":"https:\/\/dancingboulevard.com\/en\/wp-json\/wp\/v2\/media?parent=74"}],"curies":[{"name":"wp","href":"https:\/\/api.w.org\/{rel}","templated":true}]}}