{"id":734,"date":"2016-01-05T14:51:43","date_gmt":"2016-01-05T14:51:43","guid":{"rendered":"http:\/\/dancingboulevard.com\/?page_id=734"},"modified":"2025-07-29T12:57:37","modified_gmt":"2025-07-29T12:57:37","slug":"swing-madrid","status":"publish","type":"page","link":"https:\/\/dancingboulevard.com\/en\/swing-madrid\/","title":{"rendered":"Clases de Swing Madrid"},"content":{"rendered":"<div class=\"wp-block-columns is-layout-flex wp-container-core-columns-is-layout-1 wp-block-columns-is-layout-flex\">\n<div class=\"wp-block-column is-vertically-aligned-center is-layout-flow wp-block-column-is-layout-flow\">\n<h2 class=\"wp-block-heading\">Ven a conocer las <a href=\"https:\/\/dancingboulevard.com\/en\/clases-swing\/\">clases de Swing<\/a> Madrid m\u00e1s divertidas y marchosas.<\/h2>\n\n\n\n<p>Porque el Swing representa la alegr\u00eda y los que lo practican lo revindican como un aut\u00e9ntico estilo de vida.<\/p>\n\n\n\n<p>Si quieres encontrar una nueva afici\u00f3n para romper con la rutina, pas\u00e1rtelo genial y conocer gente ll\u00e1manos sin compromiso al<strong> 634 12 50 52<\/strong><\/p>\n\n\n\n<p>\u00a1Tambi\u00e9n estamos disponibles por WhatsApp! <\/p>\n\n\n\n<p>Para consultar los <strong>SCHEDULE<\/strong> de Swing Madrid pincha <a href=\"https:\/\/dancingboulevard.com\/en\/bailes-y-horarios\/\">aqu\u00ed<\/a><\/p>\n<\/div>\n\n\n\n<div class=\"wp-block-column is-layout-flow wp-block-column-is-layout-flow\">\n<figure class=\"wp-block-image size-large\"><a href=\"https:\/\/dancingboulevard.com\/en\/clases-swing\/\"><img fetchpriority=\"high\" decoding=\"async\" width=\"684\" height=\"1024\" src=\"https:\/\/dancingboulevard.com\/wp-content\/uploads\/2021\/08\/clases-swing-madrid-684x1024.webp\" alt=\"\" class=\"wp-image-9792\" srcset=\"https:\/\/dancingboulevard.com\/wp-content\/uploads\/2021\/08\/clases-swing-madrid-684x1024.webp 684w, https:\/\/dancingboulevard.com\/wp-content\/uploads\/2021\/08\/clases-swing-madrid-200x300.webp 200w, https:\/\/dancingboulevard.com\/wp-content\/uploads\/2021\/08\/clases-swing-madrid-768x1150.webp 768w, https:\/\/dancingboulevard.com\/wp-content\/uploads\/2021\/08\/clases-swing-madrid-1025x1536.webp 1025w, https:\/\/dancingboulevard.com\/wp-content\/uploads\/2021\/08\/clases-swing-madrid.webp 1183w\" sizes=\"(max-width: 684px) 100vw, 684px\" \/><\/a><\/figure>\n<\/div>\n<\/div>\n\n\n\n<div style=\"height:42px\" aria-hidden=\"true\" class=\"wp-block-spacer\"><\/div>\n\n\n\n<h2 class=\"wp-block-heading has-text-align-center\">Promovemos el baile porque creemos que el baile contagia su alegr\u00eda a todas las facetas de tu vida<\/h2>\n\n\n\n<div style=\"height:42px\" aria-hidden=\"true\" class=\"wp-block-spacer\"><\/div>\n\n\n\n<div class=\"wp-block-columns is-layout-flex wp-container-core-columns-is-layout-2 wp-block-columns-is-layout-flex\">\n<div class=\"wp-block-column is-vertically-aligned-center is-layout-flow wp-block-column-is-layout-flow\">\n<figure class=\"wp-block-embed aligncenter is-type-video is-provider-youtube wp-block-embed-youtube wp-embed-aspect-16-9 wp-has-aspect-ratio\"><div class=\"wp-block-embed__wrapper\">\n<iframe title=\"Exhibiciones - Swing\" width=\"750\" height=\"422\" src=\"https:\/\/www.youtube.com\/embed\/N_Kp3uaqewI?feature=oembed&#038;enablejsapi=1&#038;origin=https:\/\/dancingboulevard.com\" frameborder=\"0\" allow=\"accelerometer; autoplay; clipboard-write; encrypted-media; gyroscope; picture-in-picture; web-share\" referrerpolicy=\"strict-origin-when-cross-origin\" allowfullscreen><\/iframe>\n<\/div><\/figure>\n<\/div>\n\n\n\n<div class=\"wp-block-column is-vertically-aligned-center is-layout-flow wp-block-column-is-layout-flow\">\n<h2 class=\"wp-block-heading\">Y creemos que la mejor forma de promoverlo es con clases divertidas y amenas<\/h2>\n\n\n\n<p>Por eso en nuestras <a href=\"https:\/\/dancingboulevard.com\/en\/clases-swing\/\">clases de Swing<\/a> Madrid encontrar\u00e1s:<\/p>\n\n\n\n<ul class=\"wp-block-list\">\n<li>Grupos reducidos para poder ofrecer una atenci\u00f3n individual<\/li>\n\n\n\n<li>Metodolog\u00eda de ense\u00f1anza estructurada dise\u00f1ada para que aprendas sin esfuerzo<\/li>\n\n\n\n<li>F\u00e1cil acceso a 2 minutos del metro y con posibilidad de aparcar en la puerta<\/li>\n\n\n\n<li>El mejor ambiente en las clases formando una gran familia de alumnos y profesores<\/li>\n<\/ul>\n\n\n\n<p>\u00a1Ven a probar las clases y en pocos meses te sorprender\u00e1 lo mucho que has aprendido!<\/p>\n<\/div>\n<\/div>\n\n\n\n<div style=\"height:42px\" aria-hidden=\"true\" class=\"wp-block-spacer\"><\/div>\n\n\n\n<h2 class=\"wp-block-heading has-text-align-center\">Ofrecemos clases de Swing en Madrid cercanas y personalizadas. Clases divertidas en las que nuestros alumnos suelen establecer buenas relaciones. Todos los Martes a las 19:30 y a las 20:30<\/h2>\n\n\n\n<div style=\"height:42px\" aria-hidden=\"true\" class=\"wp-block-spacer\"><\/div>\n\n\n\n<p><\/p>\n\n\n\n<p>Si los horarios que tenemos no te vienen bien y quieres proponernos cualquier otro horario o disciplina, com\u00e9ntanoslo. A veces surgen nuevos grupos y no est\u00e1n publicados con rapidez en la web. Estamos a tu disposici\u00f3n para ayudarte! Tel\u00e9fono&nbsp; <strong> <strong>634 12 50 52<\/strong><\/strong> Ll\u00e1manos o env\u00edanos un WhatsApp<\/p>\n\n\n\n<figure class=\"wp-block-embed is-type-video is-provider-youtube wp-block-embed-youtube wp-embed-aspect-16-9 wp-has-aspect-ratio\"><div class=\"wp-block-embed__wrapper\">\n<iframe title=\"Swing\" width=\"750\" height=\"422\" src=\"https:\/\/www.youtube.com\/embed\/lFkHxgdBzDs?feature=oembed&#038;enablejsapi=1&#038;origin=https:\/\/dancingboulevard.com\" frameborder=\"0\" allow=\"accelerometer; autoplay; clipboard-write; encrypted-media; gyroscope; picture-in-picture; web-share\" referrerpolicy=\"strict-origin-when-cross-origin\" allowfullscreen><\/iframe>\n<\/div><\/figure>\n\n\n\n<p><\/p>\n\n\n\n<p>El <a href=\"https:\/\/dancingboulevard.com\/en\/clases-swing\/\">Swing <\/a>es el baile que siempre est\u00e1 de moda. Se calcula que m\u00e1s de 3000 espa\u00f1oles lo practican en Madrid, Valencia y Vitoria.<\/p>\n\n\n\n<p>El swing es un baile precioso, con valores humanos y que sirve para mejorar el tejido social, donde las personas se relacionan para pasarlo bien, y se retoman espacios de diversi\u00f3n compartida que tendemos a perder, con el swing recuperamos la conexi\u00f3n con el otro, lo grupal, y el espacio p\u00fablico.<\/p>\n\n\n\n<p>\u00bfQuieres verte inmerso en los lujosos a\u00f1os 20 y sentirte como un verdadero Lindyhoper? Pues ven a nuestra acdemia y prueba una de nuestras clases de Swing. Si desde los a\u00f1os 20 sigue de moda, por algo ser\u00e1&#8230;<\/p>\n\n\n\n<p>Ven a la academia Dancing Boulevard, al lado del Metro Esperanza, en calle andorra 65.<br><a href=\"https:\/\/dancingboulevard.com\/en\/contacto\/\">O contacta con nosotros pinchando aqu\u00ed.<\/a><\/p>\n\n\n\n<figure class=\"wp-block-embed is-type-video is-provider-youtube wp-block-embed-youtube wp-embed-aspect-16-9 wp-has-aspect-ratio\"><div class=\"wp-block-embed__wrapper\">\n<iframe title=\"Swing Dance - Cristina Manzanares\" width=\"750\" height=\"422\" src=\"https:\/\/www.youtube.com\/embed\/k1gc3c8EBRM?feature=oembed\" frameborder=\"0\" allow=\"accelerometer; autoplay; clipboard-write; encrypted-media; gyroscope; picture-in-picture; web-share\" referrerpolicy=\"strict-origin-when-cross-origin\" allowfullscreen><\/iframe>\n<\/div><\/figure>\n\n\n\n<div style=\"height:100px\" aria-hidden=\"true\" class=\"wp-block-spacer\"><\/div>\n\n\n\n<p><\/p>","protected":false},"excerpt":{"rendered":"<p>Ven a conocer las clases de Swing Madrid m\u00e1s divertidas y marchosas. Porque el Swing representa la alegr\u00eda y los que lo practican lo revindican como un aut\u00e9ntico estilo de vida. Si quieres encontrar una nueva afici\u00f3n para romper con la rutina, pas\u00e1rtelo genial y conocer gente ll\u00e1manos sin compromiso [&hellip;]<\/p>\n","protected":false},"author":1,"featured_media":0,"parent":0,"menu_order":0,"comment_status":"closed","ping_status":"closed","template":"","meta":{"footnotes":"","_links_to":"","_links_to_target":""},"class_list":["post-734","page","type-page","status-publish","hentry"],"yoast_head":"<!-- This site is optimized with the Yoast SEO plugin v26.8 - https:\/\/yoast.com\/product\/yoast-seo-wordpress\/ -->\n<title>Clases de Swing Madrid de tu escuela de baile favorita<\/title>\n<meta name=\"description\" content=\"Ven a conocer las clases de Swing Madrid m\u00e1s divertidas y marchosas. El Swing representa la alegr\u00eda y un estilo de vida.\" \/>\n<meta name=\"robots\" content=\"index, follow, max-snippet:-1, max-image-preview:large, max-video-preview:-1\" \/>\n<link rel=\"canonical\" href=\"https:\/\/dancingboulevard.com\/en\/swing-madrid\/\" \/>\n<meta property=\"og:locale\" content=\"en_US\" \/>\n<meta property=\"og:type\" content=\"article\" \/>\n<meta property=\"og:title\" content=\"Clases de Swing Madrid de tu escuela de baile favorita\" \/>\n<meta property=\"og:description\" content=\"Ven a conocer las clases de Swing Madrid m\u00e1s divertidas y marchosas. El Swing representa la alegr\u00eda y un estilo de vida.\" \/>\n<meta property=\"og:url\" content=\"https:\/\/dancingboulevard.com\/en\/swing-madrid\/\" \/>\n<meta property=\"og:site_name\" content=\"Dancing Boulevard\" \/>\n<meta property=\"article:publisher\" content=\"https:\/\/www.facebook.com\/pages\/Dancing-Boulevard\/1425357731107040?fref=ts\" \/>\n<meta property=\"article:modified_time\" content=\"2025-07-29T12:57:37+00:00\" \/>\n<meta property=\"og:image\" content=\"https:\/\/dancingboulevard.com\/wp-content\/uploads\/2021\/08\/clases-swing-madrid.webp\" \/>\n\t<meta property=\"og:image:width\" content=\"1183\" \/>\n\t<meta property=\"og:image:height\" content=\"1772\" \/>\n\t<meta property=\"og:image:type\" content=\"image\/webp\" \/>\n<meta name=\"twitter:card\" content=\"summary_large_image\" \/>\n<meta name=\"twitter:label1\" content=\"Est. reading time\" \/>\n\t<meta name=\"twitter:data1\" content=\"2 minutes\" \/>\n<!-- \/ Yoast SEO plugin. -->","yoast_head_json":{"title":"Clases de Swing Madrid de tu escuela de baile favorita","description":"Ven a conocer las clases de Swing Madrid m\u00e1s divertidas y marchosas. El Swing representa la alegr\u00eda y un estilo de vida.","robots":{"index":"index","follow":"follow","max-snippet":"max-snippet:-1","max-image-preview":"max-image-preview:large","max-video-preview":"max-video-preview:-1"},"canonical":"https:\/\/dancingboulevard.com\/en\/swing-madrid\/","og_locale":"en_US","og_type":"article","og_title":"Clases de Swing Madrid de tu escuela de baile favorita","og_description":"Ven a conocer las clases de Swing Madrid m\u00e1s divertidas y marchosas. El Swing representa la alegr\u00eda y un estilo de vida.","og_url":"https:\/\/dancingboulevard.com\/en\/swing-madrid\/","og_site_name":"Dancing Boulevard","article_publisher":"https:\/\/www.facebook.com\/pages\/Dancing-Boulevard\/1425357731107040?fref=ts","article_modified_time":"2025-07-29T12:57:37+00:00","og_image":[{"width":1183,"height":1772,"url":"https:\/\/dancingboulevard.com\/wp-content\/uploads\/2021\/08\/clases-swing-madrid.webp","type":"image\/webp"}],"twitter_card":"summary_large_image","twitter_misc":{"Est. reading time":"2 minutes"},"schema":{"@context":"https:\/\/schema.org","@graph":[{"@type":"WebPage","@id":"https:\/\/dancingboulevard.com\/swing-madrid\/","url":"https:\/\/dancingboulevard.com\/swing-madrid\/","name":"Clases de Swing Madrid de tu escuela de baile favorita","isPartOf":{"@id":"https:\/\/dancingboulevard.com\/#website"},"primaryImageOfPage":{"@id":"https:\/\/dancingboulevard.com\/swing-madrid\/#primaryimage"},"image":{"@id":"https:\/\/dancingboulevard.com\/swing-madrid\/#primaryimage"},"thumbnailUrl":"https:\/\/dancingboulevard.com\/wp-content\/uploads\/2021\/08\/clases-swing-madrid-684x1024.webp","datePublished":"2016-01-05T14:51:43+00:00","dateModified":"2025-07-29T12:57:37+00:00","description":"Ven a conocer las clases de Swing Madrid m\u00e1s divertidas y marchosas. El Swing representa la alegr\u00eda y un estilo de vida.","breadcrumb":{"@id":"https:\/\/dancingboulevard.com\/swing-madrid\/#breadcrumb"},"inLanguage":"en-US","potentialAction":[{"@type":"ReadAction","target":["https:\/\/dancingboulevard.com\/swing-madrid\/"]}]},{"@type":"ImageObject","inLanguage":"en-US","@id":"https:\/\/dancingboulevard.com\/swing-madrid\/#primaryimage","url":"https:\/\/dancingboulevard.com\/wp-content\/uploads\/2021\/08\/clases-swing-madrid-684x1024.webp","contentUrl":"https:\/\/dancingboulevard.com\/wp-content\/uploads\/2021\/08\/clases-swing-madrid-684x1024.webp"},{"@type":"BreadcrumbList","@id":"https:\/\/dancingboulevard.com\/swing-madrid\/#breadcrumb","itemListElement":[{"@type":"ListItem","position":1,"name":"Portada","item":"https:\/\/dancingboulevard.com\/"},{"@type":"ListItem","position":2,"name":"Clases de Swing Madrid"}]},{"@type":"WebSite","@id":"https:\/\/dancingboulevard.com\/#website","url":"https:\/\/dancingboulevard.com\/","name":"Dancing Boulevard","description":"ESCUELA DE BAILE","publisher":{"@id":"https:\/\/dancingboulevard.com\/#organization"},"potentialAction":[{"@type":"SearchAction","target":{"@type":"EntryPoint","urlTemplate":"https:\/\/dancingboulevard.com\/?s={search_term_string}"},"query-input":{"@type":"PropertyValueSpecification","valueRequired":true,"valueName":"search_term_string"}}],"inLanguage":"en-US"},{"@type":"Organization","@id":"https:\/\/dancingboulevard.com\/#organization","name":"Dancing Boulevard","url":"https:\/\/dancingboulevard.com\/","logo":{"@type":"ImageObject","inLanguage":"en-US","@id":"https:\/\/dancingboulevard.com\/#\/schema\/logo\/image\/","url":"https:\/\/dancingboulevard.com\/wp-content\/uploads\/2020\/04\/DancinBoulevard.png","contentUrl":"https:\/\/dancingboulevard.com\/wp-content\/uploads\/2020\/04\/DancinBoulevard.png","width":1990,"height":803,"caption":"Dancing Boulevard"},"image":{"@id":"https:\/\/dancingboulevard.com\/#\/schema\/logo\/image\/"},"sameAs":["https:\/\/www.facebook.com\/pages\/Dancing-Boulevard\/1425357731107040?fref=ts","https:\/\/www.instagram.com\/dancingboulevard\/"]}]}},"_links":{"self":[{"href":"https:\/\/dancingboulevard.com\/en\/wp-json\/wp\/v2\/pages\/734","targetHints":{"allow":["GET"]}}],"collection":[{"href":"https:\/\/dancingboulevard.com\/en\/wp-json\/wp\/v2\/pages"}],"about":[{"href":"https:\/\/dancingboulevard.com\/en\/wp-json\/wp\/v2\/types\/page"}],"author":[{"embeddable":true,"href":"https:\/\/dancingboulevard.com\/en\/wp-json\/wp\/v2\/users\/1"}],"replies":[{"embeddable":true,"href":"https:\/\/dancingboulevard.com\/en\/wp-json\/wp\/v2\/comments?post=734"}],"version-history":[{"count":3,"href":"https:\/\/dancingboulevard.com\/en\/wp-json\/wp\/v2\/pages\/734\/revisions"}],"predecessor-version":[{"id":23244,"href":"https:\/\/dancingboulevard.com\/en\/wp-json\/wp\/v2\/pages\/734\/revisions\/23244"}],"wp:attachment":[{"href":"https:\/\/dancingboulevard.com\/en\/wp-json\/wp\/v2\/media?parent=734"}],"curies":[{"name":"wp","href":"https:\/\/api.w.org\/{rel}","templated":true}]}}