{"id":631,"date":"2015-10-01T17:23:57","date_gmt":"2015-10-01T17:23:57","guid":{"rendered":"http:\/\/dancingboulevard.com\/?page_id=631"},"modified":"2020-04-02T20:23:19","modified_gmt":"2020-04-02T20:23:19","slug":"zumba","status":"publish","type":"page","link":"https:\/\/dancingboulevard.com\/en\/zumba\/","title":{"rendered":"Zumba en Madrid &#8211; Canillas"},"content":{"rendered":"<p><img decoding=\"async\" src=\"http:\/\/duquesavillahermosa.es\/wp-content\/uploads\/2015\/01\/fiesta-zumba.jpg\" alt=\"\" \/><\/p>\n<p><em>Zumba<\/em> combina m\u00fasica latina e internacional con un divertido y eficaz sistema de entrenamiento. La academia Dancing Boulevard te ofrece clases de Zumba en Madrid enfocadas a hacer ejercicio f\u00edsico, para conseguir un cuerpo saludable y liberar tensiones. La actividad perfecta para mantenernos en forma de una forma divertida y estimulante. Cuando conozcas\u00a0<a href=\"https:\/\/dancingboulevard.com\/quienes_somos\/\">Dancing Boulevard<\/a> nunca querr\u00e1s dejarnos, preg\u00fantaselo a cualquiera de nuestros alumnos!<\/p>\n<p><a href=\"https:\/\/dancingboulevard.com\/wp-content\/uploads\/2019\/08\/zumba-1.png\"><img fetchpriority=\"high\" decoding=\"async\" class=\"aligncenter wp-image-1961 size-full\" src=\"https:\/\/dancingboulevard.com\/wp-content\/uploads\/2019\/08\/zumba-1.png\" alt=\"\" width=\"1034\" height=\"638\" \/><\/a><\/p>\n<p>Si los <a href=\"https:\/\/dancingboulevard.com\/bailes-y-horarios\/\">horarios<\/a> que tenemos no te vienen bien y quieres proponernos cualquier otro horario o disciplina, comentanoslo. A veces surgen nuevos grupos y no est\u00e1n publicados con rapidez en la web. Estamos a tu disposici\u00f3n para ayudarte! Tel\u00e9fono\u00a0 <strong>602 64 68 07<\/strong> <a href=\"https:\/\/dancingboulevard.com\/contacto\/\">Ll\u00e1manos o env\u00edanos un wassap<\/a><\/p>\n<p>La Zumba debe gran parte de su \u00e9xito a la diversi\u00f3n que esta actividad genera. Es una disciplina que pueden practicar tanto hombres como mujeres. \u00a0Es ideal para quemar grasas e incrementar la capacidad aer\u00f3bica, pero adem\u00e1s tiene otros muchos beneficios como:<\/p>\n<ul>\n<li>Un excelente quema- calor\u00edas<\/li>\n<li>Tonificante corporal: El ritmo de la m\u00fasica y los ejercicios aer\u00f3bicos ayudar\u00e1n a fortalecer tus brazos, piernas, gl\u00fateos y abdominales.<\/li>\n<li>No te aburres: La importancia de \u00e9sta es evitar el aburrimiento, para que no la abandones.<\/li>\n<li>Hace feliz a la gente<\/li>\n<li>Funciona para todas las edades<\/li>\n<li>Logras resultados sorprendentes en poco tiempo<\/li>\n<li>Socializas: Practicar esta disciplina te ayuda a conocer gente o puedes ir acompa\u00f1ada de tus amigos<\/li>\n<\/ul>\n<p>Si quieres ampliar mas informaci\u00f3n sobre beneficios o contra- indicaciones aqu\u00ed te dejamos un enlace de inter\u00e9s:<\/p>\n<p><a href=\"https:\/\/www.hsnstore.com\/blog\/zumba-beneficios-lesiones\/\">https:\/\/www.hsnstore.com\/blog\/zumba-beneficios-lesiones\/<\/a><\/p>\n<p><iframe src=\"https:\/\/www.youtube.com\/embed\/REufYmbPiiU\" width=\"560\" height=\"315\" frameborder=\"0\" allowfullscreen=\"allowfullscreen\"><\/iframe><br \/>\nAdicionalmente la academia Dancing Boulevard ofrece <a href=\"https:\/\/dancingboulevard.com\/clases-de-salsa\/\">cursos de bailes latinos<\/a> para llevar tus movimientos de zumba a la pista de baile.<\/p>\n<p>Tambi\u00e9n ofrecemos clases de otros estilos de baile muy actuales como:<\/p>\n<p><a href=\"https:\/\/dancingboulevard.com\/kizomba-madrid\/\">https:\/\/dancingboulevard.com\/kizomba-madrid\/<\/a><\/p>\n<p><a href=\"https:\/\/dancingboulevard.com\/clases-de-shuffle\/\">https:\/\/dancingboulevard.com\/clases-de-shuffle\/<\/a><\/p>\n<p>\u00a1\u00a1Ll\u00e1manos sin compromiso al <strong>602 646 807\u00a0y\u00a0ap\u00fantate\u00a0a nuestras clases de Zumba en Madrid!!<\/strong><\/p>\n<p><img decoding=\"async\" src=\"http:\/\/imperialpilates.com\/images\/pm_zumba_day_1.jpg\" alt=\"\" \/><\/p>\n<p>Historia de la Zumba:<\/p>\n<p>Una estrella en el mundo de fitness, \u201cBeto\u201d P\u00e9rez, entrenador de acondicionamiento f\u00edsico, tropez\u00f3 con el concepto de inspiraci\u00f3n latina de baile-fitness a mediados de la d\u00e9cada de los 90\u00b4s en su natal Cali, Colombia.<\/p>\n<p>Un d\u00eda, entr\u00f3 en su clase de aer\u00f3bicos y se dio cuenta que hab\u00eda olvidado su m\u00fasica. Pensando r\u00e1pidamente, ech\u00f3 mano a las cintas que ten\u00eda en la mochila. En estas cintas estaban las canciones que Beto amaba, la salsa, m\u00fasica latina tradicional, merengue, m\u00fasica que acostumbraba escuchar de toda la vida. Fue un reto improvisar una clase entera utilizando m\u00fasica no-aer\u00f3bica tradicional. Beto hizo frente al desaf\u00edo y, en ese instante naci\u00f3 un nuevo concepto revolucionario. La clase inmediatamente se convirti\u00f3 en la m\u00e1s popular en su gimnasio y a partir de ah\u00ed se ha extendido en todo el mundo.<\/p>\n<p>Si quieres saber mas&#8230;. pincha <a href=\"https:\/\/www.ecured.cu\/Zumba\">aqu\u00ed<\/a><\/p>\n<p>Nuestros profesores combinan conocimientos de Zumba y bailes latinos para ofrecer las clases mas divertidas y marchosas.<\/p>\n<p><a href=\"https:\/\/www.facebook.com\/Dancing-Boulevard-1425357731107040\/timeline\/\">Si todavia no te has convencido te invito a que conozcas nuestro facebook para que descubras como en Dancing Boulevard somos todos una gran familia: <span style=\"text-decoration: underline;\">pincha aqu<\/span>\u00ed.<\/a><\/p>\n<p><a href=\"https:\/\/dancingboulevard.com\/contacto\/\">Accede a nuestra informaci\u00f3n de contacto y ll\u00e1manos para informarte aqu\u00ed.<\/a><\/p>\n<p>O m\u00e1ndanos un correo:<\/p>\n<p>[contactformgenerator id=\u00bb1&#8243;]<\/p>\n","protected":false},"excerpt":{"rendered":"<p>Zumba combina m\u00fasica latina e internacional con un divertido y eficaz sistema de entrenamiento. La academia Dancing Boulevard te ofrece clases de Zumba en Madrid enfocadas a hacer ejercicio f\u00edsico, para conseguir un cuerpo saludable y liberar tensiones. La actividad perfecta para mantenernos en forma de una forma divertida y [&hellip;]<\/p>\n","protected":false},"author":1,"featured_media":0,"parent":0,"menu_order":0,"comment_status":"closed","ping_status":"open","template":"","meta":{"footnotes":"","_links_to":"","_links_to_target":""},"class_list":["post-631","page","type-page","status-publish","hentry"],"yoast_head":"<!-- This site is optimized with the Yoast SEO plugin v26.8 - https:\/\/yoast.com\/product\/yoast-seo-wordpress\/ -->\n<title>Zumba - Academia de Baile - Clases Diversion y Ejercicio<\/title>\n<meta name=\"description\" content=\"Baile, ejercicio y diversi\u00f3n. Zumba en Madrid - Canillas, metro Esperanza. La mejor forma de mantenerse en forma, pasarlo bien y conocer gente.\u00a0\" \/>\n<meta name=\"robots\" content=\"index, follow, max-snippet:-1, max-image-preview:large, max-video-preview:-1\" \/>\n<link rel=\"canonical\" href=\"https:\/\/dancingboulevard.com\/en\/zumba\/\" \/>\n<meta property=\"og:locale\" content=\"en_US\" \/>\n<meta property=\"og:type\" content=\"article\" \/>\n<meta property=\"og:title\" content=\"Zumba - Academia de Baile - Clases Diversion y Ejercicio\" \/>\n<meta property=\"og:description\" content=\"Baile, ejercicio y diversi\u00f3n. Zumba en Madrid - Canillas, metro Esperanza. La mejor forma de mantenerse en forma, pasarlo bien y conocer gente.\u00a0\" \/>\n<meta property=\"og:url\" content=\"https:\/\/dancingboulevard.com\/en\/zumba\/\" \/>\n<meta property=\"og:site_name\" content=\"Dancing Boulevard\" \/>\n<meta property=\"article:publisher\" content=\"https:\/\/www.facebook.com\/pages\/Dancing-Boulevard\/1425357731107040?fref=ts\" \/>\n<meta property=\"article:modified_time\" content=\"2020-04-02T20:23:19+00:00\" \/>\n<meta property=\"og:image\" content=\"http:\/\/duquesavillahermosa.es\/wp-content\/uploads\/2015\/01\/fiesta-zumba.jpg\" \/>\n<meta name=\"twitter:card\" content=\"summary_large_image\" \/>\n<meta name=\"twitter:label1\" content=\"Est. reading time\" \/>\n\t<meta name=\"twitter:data1\" content=\"3 minutes\" \/>\n<!-- \/ Yoast SEO plugin. -->","yoast_head_json":{"title":"Zumba - Academia de Baile - Clases Diversion y Ejercicio","description":"Baile, ejercicio y diversi\u00f3n. Zumba en Madrid - Canillas, metro Esperanza. La mejor forma de mantenerse en forma, pasarlo bien y conocer gente.\u00a0","robots":{"index":"index","follow":"follow","max-snippet":"max-snippet:-1","max-image-preview":"max-image-preview:large","max-video-preview":"max-video-preview:-1"},"canonical":"https:\/\/dancingboulevard.com\/en\/zumba\/","og_locale":"en_US","og_type":"article","og_title":"Zumba - Academia de Baile - Clases Diversion y Ejercicio","og_description":"Baile, ejercicio y diversi\u00f3n. Zumba en Madrid - Canillas, metro Esperanza. La mejor forma de mantenerse en forma, pasarlo bien y conocer gente.\u00a0","og_url":"https:\/\/dancingboulevard.com\/en\/zumba\/","og_site_name":"Dancing Boulevard","article_publisher":"https:\/\/www.facebook.com\/pages\/Dancing-Boulevard\/1425357731107040?fref=ts","article_modified_time":"2020-04-02T20:23:19+00:00","og_image":[{"url":"http:\/\/duquesavillahermosa.es\/wp-content\/uploads\/2015\/01\/fiesta-zumba.jpg","type":"","width":"","height":""}],"twitter_card":"summary_large_image","twitter_misc":{"Est. reading time":"3 minutes"},"schema":{"@context":"https:\/\/schema.org","@graph":[{"@type":"WebPage","@id":"https:\/\/dancingboulevard.com\/zumba\/","url":"https:\/\/dancingboulevard.com\/zumba\/","name":"Zumba - Academia de Baile - Clases Diversion y Ejercicio","isPartOf":{"@id":"https:\/\/dancingboulevard.com\/#website"},"primaryImageOfPage":{"@id":"https:\/\/dancingboulevard.com\/zumba\/#primaryimage"},"image":{"@id":"https:\/\/dancingboulevard.com\/zumba\/#primaryimage"},"thumbnailUrl":"http:\/\/duquesavillahermosa.es\/wp-content\/uploads\/2015\/01\/fiesta-zumba.jpg","datePublished":"2015-10-01T17:23:57+00:00","dateModified":"2020-04-02T20:23:19+00:00","description":"Baile, ejercicio y diversi\u00f3n. Zumba en Madrid - Canillas, metro Esperanza. La mejor forma de mantenerse en forma, pasarlo bien y conocer gente.\u00a0","breadcrumb":{"@id":"https:\/\/dancingboulevard.com\/zumba\/#breadcrumb"},"inLanguage":"en-US","potentialAction":[{"@type":"ReadAction","target":["https:\/\/dancingboulevard.com\/zumba\/"]}]},{"@type":"ImageObject","inLanguage":"en-US","@id":"https:\/\/dancingboulevard.com\/zumba\/#primaryimage","url":"http:\/\/duquesavillahermosa.es\/wp-content\/uploads\/2015\/01\/fiesta-zumba.jpg","contentUrl":"http:\/\/duquesavillahermosa.es\/wp-content\/uploads\/2015\/01\/fiesta-zumba.jpg"},{"@type":"BreadcrumbList","@id":"https:\/\/dancingboulevard.com\/zumba\/#breadcrumb","itemListElement":[{"@type":"ListItem","position":1,"name":"Portada","item":"https:\/\/dancingboulevard.com\/"},{"@type":"ListItem","position":2,"name":"Zumba en Madrid &#8211; Canillas"}]},{"@type":"WebSite","@id":"https:\/\/dancingboulevard.com\/#website","url":"https:\/\/dancingboulevard.com\/","name":"Dancing Boulevard","description":"ESCUELA DE BAILE","publisher":{"@id":"https:\/\/dancingboulevard.com\/#organization"},"potentialAction":[{"@type":"SearchAction","target":{"@type":"EntryPoint","urlTemplate":"https:\/\/dancingboulevard.com\/?s={search_term_string}"},"query-input":{"@type":"PropertyValueSpecification","valueRequired":true,"valueName":"search_term_string"}}],"inLanguage":"en-US"},{"@type":"Organization","@id":"https:\/\/dancingboulevard.com\/#organization","name":"Dancing Boulevard","url":"https:\/\/dancingboulevard.com\/","logo":{"@type":"ImageObject","inLanguage":"en-US","@id":"https:\/\/dancingboulevard.com\/#\/schema\/logo\/image\/","url":"https:\/\/dancingboulevard.com\/wp-content\/uploads\/2020\/04\/DancinBoulevard.png","contentUrl":"https:\/\/dancingboulevard.com\/wp-content\/uploads\/2020\/04\/DancinBoulevard.png","width":1990,"height":803,"caption":"Dancing Boulevard"},"image":{"@id":"https:\/\/dancingboulevard.com\/#\/schema\/logo\/image\/"},"sameAs":["https:\/\/www.facebook.com\/pages\/Dancing-Boulevard\/1425357731107040?fref=ts","https:\/\/www.instagram.com\/dancingboulevard\/"]}]}},"_links":{"self":[{"href":"https:\/\/dancingboulevard.com\/en\/wp-json\/wp\/v2\/pages\/631","targetHints":{"allow":["GET"]}}],"collection":[{"href":"https:\/\/dancingboulevard.com\/en\/wp-json\/wp\/v2\/pages"}],"about":[{"href":"https:\/\/dancingboulevard.com\/en\/wp-json\/wp\/v2\/types\/page"}],"author":[{"embeddable":true,"href":"https:\/\/dancingboulevard.com\/en\/wp-json\/wp\/v2\/users\/1"}],"replies":[{"embeddable":true,"href":"https:\/\/dancingboulevard.com\/en\/wp-json\/wp\/v2\/comments?post=631"}],"version-history":[{"count":0,"href":"https:\/\/dancingboulevard.com\/en\/wp-json\/wp\/v2\/pages\/631\/revisions"}],"wp:attachment":[{"href":"https:\/\/dancingboulevard.com\/en\/wp-json\/wp\/v2\/media?parent=631"}],"curies":[{"name":"wp","href":"https:\/\/api.w.org\/{rel}","templated":true}]}}