{"id":555,"date":"2015-08-24T18:26:27","date_gmt":"2015-08-24T18:26:27","guid":{"rendered":"http:\/\/dancingboulevard.com\/?page_id=555"},"modified":"2015-08-24T18:26:27","modified_gmt":"2015-08-24T18:26:27","slug":"despedidas-de-soltera","status":"publish","type":"page","link":"https:\/\/dancingboulevard.com\/en\/despedidas-de-soltera\/","title":{"rendered":"Despedidas de soltera"},"content":{"rendered":"<p><strong>Para esos grupos de amigas mas atrevidas\u2026\u2026<\/strong><\/p>\n<p>SESI\u00d3N DE FOTOS A\u00d1OS 50<\/p>\n<p>La sesi\u00f3n dura 4 horas e incluye:<\/p>\n<ul>\n<li>Una foto de grupo.<\/li>\n<li>2 retratos: primer plano (retrato de cara), y plano general (cuerpo entero).<\/li>\n<li>Estilismo vintage: orientaci\u00f3n con vestuario, maquillaje y peinado.<\/li>\n<li>Botella de cava y chocolates<\/li>\n<\/ul>\n<p>M\u00ednimo 5 persona (30 euros por persona)<\/p>\n<p>\u00bfQU\u00c9 TENGO QUE TRAER?<\/p>\n<p>Acordaros de vuestros tacones, pantalones o faldas de talle alto, cinturones que marquen vuestra cintura y todo complemento que destaque el espectacular maquillaje y peinado con el que saldr\u00e9is.<\/p>\n<p><a href=\"https:\/\/dancingboulevard.com\/wp-content\/uploads\/2015\/03\/marilyn-monroe-new-york-dress-i21290.jpg\"><img fetchpriority=\"high\" decoding=\"async\" class=\"aligncenter size-full wp-image-551\" src=\"https:\/\/dancingboulevard.com\/wp-content\/uploads\/2015\/03\/marilyn-monroe-new-york-dress-i21290.jpg\" alt=\"marilyn-monroe-new-york-dress-i21290\" width=\"400\" height=\"600\" srcset=\"https:\/\/dancingboulevard.com\/wp-content\/uploads\/2015\/03\/marilyn-monroe-new-york-dress-i21290.jpg 400w, https:\/\/dancingboulevard.com\/wp-content\/uploads\/2015\/03\/marilyn-monroe-new-york-dress-i21290-200x300.jpg 200w\" sizes=\"(max-width: 400px) 100vw, 400px\" \/><\/a><\/p>\n<p>&nbsp;<\/p>\n<p>Maquillaje de fantas\u00eda<\/p>\n<p>Nuestra escuela os propone una\u00a0 despedida llena de creatividad, originalidad y color. \u00bfOs gustar\u00eda maquillaros de Geishas, payasos con todo su glamour, hadas, felinos, antifaces de fantas\u00eda&#8230;etc.?<\/p>\n<p>Con esta actividad podr\u00e9is crearos vuestro propio maquillaje con una profesional. Despu\u00e9s de salir de nuestra escuela, no pasar\u00e9is inadvertidas y podr\u00e9is continuar con vuestra celebraci\u00f3n con un maquillaje especial.<\/p>\n<p>Os ofrecemos dos opciones<\/p>\n<p>1.- Un taller en el que aprender\u00e9is a crearos vuestro propio maquillaje de fantas\u00eda siempre bajo la supervisi\u00f3n de una profesional<\/p>\n<p>2.- Un taller en el que la protagonista del evento ser\u00e1 totalmente caracterizada de lo que vosotras elij\u00e1is, geisha, hada, payaso,&#8230;etc. Las acompa\u00f1antes tambi\u00e9n tendr\u00e1n un maquillaje de la misma tem\u00e1tica para poder acompa\u00f1ar a la homenajeada.<\/p>\n<p>Ambas opciones incluyen botella de Cava y Chocolates.<\/p>\n<p>El grupo m\u00ednimo es de 5 personas (30 euros por persona)<\/p>\n<p>COMPLEMENTA EL MAQUILLAJE:<\/p>\n<p>Tr\u00e1ete pelucas, pr\u00f3tesis, disfraces o cualquier accesorio que aporte m\u00e1s realismo al maquillaje.<\/p>\n<p><a href=\"https:\/\/dancingboulevard.com\/wp-content\/uploads\/2015\/03\/maquillaje-fantasia-carnaval-brillantes.jpg\"><img decoding=\"async\" class=\"aligncenter size-full wp-image-550\" src=\"https:\/\/dancingboulevard.com\/wp-content\/uploads\/2015\/03\/maquillaje-fantasia-carnaval-brillantes.jpg\" alt=\"maquillaje-fantasia-carnaval-brillantes\" width=\"470\" height=\"396\" srcset=\"https:\/\/dancingboulevard.com\/wp-content\/uploads\/2015\/03\/maquillaje-fantasia-carnaval-brillantes.jpg 470w, https:\/\/dancingboulevard.com\/wp-content\/uploads\/2015\/03\/maquillaje-fantasia-carnaval-brillantes-300x253.jpg 300w\" sizes=\"(max-width: 470px) 100vw, 470px\" \/><\/a> <a href=\"https:\/\/dancingboulevard.com\/wp-content\/uploads\/2015\/03\/T\u00e9cnicas-de-maquillaje-de-Carnaval.jpg\"><img decoding=\"async\" class=\"aligncenter size-full wp-image-552\" src=\"https:\/\/dancingboulevard.com\/wp-content\/uploads\/2015\/03\/T\u00e9cnicas-de-maquillaje-de-Carnaval.jpg\" alt=\"T\u00e9cnicas-de-maquillaje-de-Carnaval\" width=\"500\" height=\"500\" srcset=\"https:\/\/dancingboulevard.com\/wp-content\/uploads\/2015\/03\/T\u00e9cnicas-de-maquillaje-de-Carnaval.jpg 500w, https:\/\/dancingboulevard.com\/wp-content\/uploads\/2015\/03\/T\u00e9cnicas-de-maquillaje-de-Carnaval-300x300.jpg 300w, https:\/\/dancingboulevard.com\/wp-content\/uploads\/2015\/03\/T\u00e9cnicas-de-maquillaje-de-Carnaval-150x150.jpg 150w\" sizes=\"(max-width: 500px) 100vw, 500px\" \/><\/a> <a href=\"https:\/\/dancingboulevard.com\/wp-content\/uploads\/2015\/03\/maquillaje_de_fantasia_211.jpg\"><img loading=\"lazy\" decoding=\"async\" class=\"aligncenter size-full wp-image-549\" src=\"https:\/\/dancingboulevard.com\/wp-content\/uploads\/2015\/03\/maquillaje_de_fantasia_211.jpg\" alt=\"maquillaje_de_fantasia_211\" width=\"300\" height=\"312\" srcset=\"https:\/\/dancingboulevard.com\/wp-content\/uploads\/2015\/03\/maquillaje_de_fantasia_211.jpg 300w, https:\/\/dancingboulevard.com\/wp-content\/uploads\/2015\/03\/maquillaje_de_fantasia_211-288x300.jpg 288w\" sizes=\"(max-width: 300px) 100vw, 300px\" \/><\/a><\/p>","protected":false},"excerpt":{"rendered":"<p>Para esos grupos de amigas mas atrevidas\u2026\u2026 SESI\u00d3N DE FOTOS A\u00d1OS 50 La sesi\u00f3n dura 4 horas e incluye: Una foto de grupo. 2 retratos: primer plano (retrato de cara), y plano general (cuerpo entero). Estilismo vintage: orientaci\u00f3n con vestuario, maquillaje y peinado. Botella de cava y chocolates M\u00ednimo 5 [&hellip;]<\/p>\n","protected":false},"author":1,"featured_media":0,"parent":0,"menu_order":0,"comment_status":"open","ping_status":"open","template":"","meta":{"footnotes":"","_links_to":"","_links_to_target":""},"class_list":["post-555","page","type-page","status-publish","hentry"],"yoast_head":"<!-- This site is optimized with the Yoast SEO plugin v26.8 - https:\/\/yoast.com\/product\/yoast-seo-wordpress\/ -->\n<title>Despedidas de soltera - Dancing Boulevard<\/title>\n<meta name=\"robots\" content=\"index, follow, max-snippet:-1, max-image-preview:large, max-video-preview:-1\" \/>\n<link rel=\"canonical\" href=\"https:\/\/dancingboulevard.com\/en\/despedidas-de-soltera\/\" \/>\n<meta property=\"og:locale\" content=\"en_US\" \/>\n<meta property=\"og:type\" content=\"article\" \/>\n<meta property=\"og:title\" content=\"Despedidas de soltera - Dancing Boulevard\" \/>\n<meta property=\"og:description\" content=\"Para esos grupos de amigas mas atrevidas\u2026\u2026 SESI\u00d3N DE FOTOS A\u00d1OS 50 La sesi\u00f3n dura 4 horas e incluye: Una foto de grupo. 2 retratos: primer plano (retrato de cara), y plano general (cuerpo entero). Estilismo vintage: orientaci\u00f3n con vestuario, maquillaje y peinado. Botella de cava y chocolates M\u00ednimo 5 [&hellip;]\" \/>\n<meta property=\"og:url\" content=\"https:\/\/dancingboulevard.com\/en\/despedidas-de-soltera\/\" \/>\n<meta property=\"og:site_name\" content=\"Dancing Boulevard\" \/>\n<meta property=\"article:publisher\" content=\"https:\/\/www.facebook.com\/pages\/Dancing-Boulevard\/1425357731107040?fref=ts\" \/>\n<meta property=\"og:image\" content=\"https:\/\/dancingboulevard.com\/wp-content\/uploads\/2015\/03\/marilyn-monroe-new-york-dress-i21290.jpg\" \/>\n<meta name=\"twitter:card\" content=\"summary_large_image\" \/>\n<meta name=\"twitter:label1\" content=\"Est. reading time\" \/>\n\t<meta name=\"twitter:data1\" content=\"1 minute\" \/>\n<!-- \/ Yoast SEO plugin. -->","yoast_head_json":{"title":"Despedidas de soltera - Dancing Boulevard","robots":{"index":"index","follow":"follow","max-snippet":"max-snippet:-1","max-image-preview":"max-image-preview:large","max-video-preview":"max-video-preview:-1"},"canonical":"https:\/\/dancingboulevard.com\/en\/despedidas-de-soltera\/","og_locale":"en_US","og_type":"article","og_title":"Despedidas de soltera - Dancing Boulevard","og_description":"Para esos grupos de amigas mas atrevidas\u2026\u2026 SESI\u00d3N DE FOTOS A\u00d1OS 50 La sesi\u00f3n dura 4 horas e incluye: Una foto de grupo. 2 retratos: primer plano (retrato de cara), y plano general (cuerpo entero). Estilismo vintage: orientaci\u00f3n con vestuario, maquillaje y peinado. Botella de cava y chocolates M\u00ednimo 5 [&hellip;]","og_url":"https:\/\/dancingboulevard.com\/en\/despedidas-de-soltera\/","og_site_name":"Dancing Boulevard","article_publisher":"https:\/\/www.facebook.com\/pages\/Dancing-Boulevard\/1425357731107040?fref=ts","og_image":[{"url":"https:\/\/dancingboulevard.com\/wp-content\/uploads\/2015\/03\/marilyn-monroe-new-york-dress-i21290.jpg","type":"","width":"","height":""}],"twitter_card":"summary_large_image","twitter_misc":{"Est. reading time":"1 minute"},"schema":{"@context":"https:\/\/schema.org","@graph":[{"@type":"WebPage","@id":"https:\/\/dancingboulevard.com\/despedidas-de-soltera\/","url":"https:\/\/dancingboulevard.com\/despedidas-de-soltera\/","name":"Despedidas de soltera - Dancing Boulevard","isPartOf":{"@id":"https:\/\/dancingboulevard.com\/#website"},"primaryImageOfPage":{"@id":"https:\/\/dancingboulevard.com\/despedidas-de-soltera\/#primaryimage"},"image":{"@id":"https:\/\/dancingboulevard.com\/despedidas-de-soltera\/#primaryimage"},"thumbnailUrl":"https:\/\/dancingboulevard.com\/wp-content\/uploads\/2015\/03\/marilyn-monroe-new-york-dress-i21290.jpg","datePublished":"2015-08-24T18:26:27+00:00","breadcrumb":{"@id":"https:\/\/dancingboulevard.com\/despedidas-de-soltera\/#breadcrumb"},"inLanguage":"en-US","potentialAction":[{"@type":"ReadAction","target":["https:\/\/dancingboulevard.com\/despedidas-de-soltera\/"]}]},{"@type":"ImageObject","inLanguage":"en-US","@id":"https:\/\/dancingboulevard.com\/despedidas-de-soltera\/#primaryimage","url":"https:\/\/dancingboulevard.com\/wp-content\/uploads\/2015\/03\/marilyn-monroe-new-york-dress-i21290.jpg","contentUrl":"https:\/\/dancingboulevard.com\/wp-content\/uploads\/2015\/03\/marilyn-monroe-new-york-dress-i21290.jpg"},{"@type":"BreadcrumbList","@id":"https:\/\/dancingboulevard.com\/despedidas-de-soltera\/#breadcrumb","itemListElement":[{"@type":"ListItem","position":1,"name":"Portada","item":"https:\/\/dancingboulevard.com\/"},{"@type":"ListItem","position":2,"name":"Despedidas de soltera"}]},{"@type":"WebSite","@id":"https:\/\/dancingboulevard.com\/#website","url":"https:\/\/dancingboulevard.com\/","name":"Dancing Boulevard","description":"ESCUELA DE BAILE","publisher":{"@id":"https:\/\/dancingboulevard.com\/#organization"},"potentialAction":[{"@type":"SearchAction","target":{"@type":"EntryPoint","urlTemplate":"https:\/\/dancingboulevard.com\/?s={search_term_string}"},"query-input":{"@type":"PropertyValueSpecification","valueRequired":true,"valueName":"search_term_string"}}],"inLanguage":"en-US"},{"@type":"Organization","@id":"https:\/\/dancingboulevard.com\/#organization","name":"Dancing Boulevard","url":"https:\/\/dancingboulevard.com\/","logo":{"@type":"ImageObject","inLanguage":"en-US","@id":"https:\/\/dancingboulevard.com\/#\/schema\/logo\/image\/","url":"https:\/\/dancingboulevard.com\/wp-content\/uploads\/2020\/04\/DancinBoulevard.png","contentUrl":"https:\/\/dancingboulevard.com\/wp-content\/uploads\/2020\/04\/DancinBoulevard.png","width":1990,"height":803,"caption":"Dancing Boulevard"},"image":{"@id":"https:\/\/dancingboulevard.com\/#\/schema\/logo\/image\/"},"sameAs":["https:\/\/www.facebook.com\/pages\/Dancing-Boulevard\/1425357731107040?fref=ts","https:\/\/www.instagram.com\/dancingboulevard\/"]}]}},"_links":{"self":[{"href":"https:\/\/dancingboulevard.com\/en\/wp-json\/wp\/v2\/pages\/555","targetHints":{"allow":["GET"]}}],"collection":[{"href":"https:\/\/dancingboulevard.com\/en\/wp-json\/wp\/v2\/pages"}],"about":[{"href":"https:\/\/dancingboulevard.com\/en\/wp-json\/wp\/v2\/types\/page"}],"author":[{"embeddable":true,"href":"https:\/\/dancingboulevard.com\/en\/wp-json\/wp\/v2\/users\/1"}],"replies":[{"embeddable":true,"href":"https:\/\/dancingboulevard.com\/en\/wp-json\/wp\/v2\/comments?post=555"}],"version-history":[{"count":0,"href":"https:\/\/dancingboulevard.com\/en\/wp-json\/wp\/v2\/pages\/555\/revisions"}],"wp:attachment":[{"href":"https:\/\/dancingboulevard.com\/en\/wp-json\/wp\/v2\/media?parent=555"}],"curies":[{"name":"wp","href":"https:\/\/api.w.org\/{rel}","templated":true}]}}