{"id":479,"date":"2015-08-24T11:07:02","date_gmt":"2015-08-24T11:07:02","guid":{"rendered":"http:\/\/dancingboulevard.com\/?page_id=479"},"modified":"2016-04-19T22:17:01","modified_gmt":"2016-04-19T22:17:01","slug":"ofertas-comienzo-de-curso","status":"publish","type":"page","link":"https:\/\/dancingboulevard.com\/en\/ofertas-comienzo-de-curso\/","title":{"rendered":"Ofertas comienzo de curso"},"content":{"rendered":"<p><a href=\"https:\/\/dancingboulevard.com\/wp-content\/uploads\/2015\/08\/cyndi_caviedes_nuevos_comienzos.jpg\"><img fetchpriority=\"high\" decoding=\"async\" class=\"aligncenter size-full wp-image-540\" src=\"https:\/\/dancingboulevard.com\/wp-content\/uploads\/2015\/08\/cyndi_caviedes_nuevos_comienzos.jpg\" alt=\"cyndi_caviedes_nuevos_comienzos\" width=\"890\" height=\"593\" srcset=\"https:\/\/dancingboulevard.com\/wp-content\/uploads\/2015\/08\/cyndi_caviedes_nuevos_comienzos.jpg 890w, https:\/\/dancingboulevard.com\/wp-content\/uploads\/2015\/08\/cyndi_caviedes_nuevos_comienzos-300x200.jpg 300w, https:\/\/dancingboulevard.com\/wp-content\/uploads\/2015\/08\/cyndi_caviedes_nuevos_comienzos-768x512.jpg 768w, https:\/\/dancingboulevard.com\/wp-content\/uploads\/2015\/08\/cyndi_caviedes_nuevos_comienzos-360x240.jpg 360w\" sizes=\"(max-width: 890px) 100vw, 890px\" \/><\/a><\/p>\n<p>\u00c9rase una vez un nuevo comienzo\u2026<\/p>\n<p>\u00a1Empezamos Septiembre a ritmo de baile! \u00a0\u00bfQuieres conocer el secreto d<a href=\"https:\/\/dancingboulevard.com\/wp-content\/uploads\/2015\/08\/7cf7115c984d884ecef2f3ae610ef5f7.jpg\"><br \/>\n<\/a>e aquellos que estaban esperando el fin de las vacaciones? \u00a1Ap\u00fantate a nuestras clases y entender\u00e1s el por qu\u00e9! A partir del 1 de septiembre abrimos nuestra escuela para que todos aquellos que os quer\u00e1is animar a bailar pod\u00e1is contactarnos o hacer vuestra inscripci\u00f3n para el curso\u00a02015\/ 2016. Las clases comenzaran a partir del d\u00eda 15 y la matr\u00edcula es gratuita.<\/p>\n<p><img decoding=\"async\" class=\"aligncenter size-full wp-image-539\" src=\"https:\/\/dancingboulevard.com\/wp-content\/uploads\/2015\/08\/907dab9bd64655337a9dce50c7ce6b73.jpg\" alt=\"907dab9bd64655337a9dce50c7ce6b73\" width=\"526\" height=\"526\" srcset=\"https:\/\/dancingboulevard.com\/wp-content\/uploads\/2015\/08\/907dab9bd64655337a9dce50c7ce6b73.jpg 526w, https:\/\/dancingboulevard.com\/wp-content\/uploads\/2015\/08\/907dab9bd64655337a9dce50c7ce6b73-300x300.jpg 300w, https:\/\/dancingboulevard.com\/wp-content\/uploads\/2015\/08\/907dab9bd64655337a9dce50c7ce6b73-150x150.jpg 150w\" sizes=\"(max-width: 526px) 100vw, 526px\" \/><\/p>\n<p>&nbsp;<\/p>\n<p>Para celebrar la vuelta\u00a0 a la monoton\u00eda, \u00a1rompe con tu rutina! Este a\u00f1o da el primer paso, en un camino que siempre has querido explorar. Nosotros te ayudaremos a seguir dando pasos, y m\u00e1s pasos, hasta que tus pies se muevan solos, y sin darte cuenta te conviertas en una de esas personas que ahora cuando miras, admiras.<\/p>\n<p>Tiramos la casa por la ventana este septiembre, y es que si te apuntas antes del d\u00eda 15 el precio de la quincena de septiembre ser\u00e1 de 19 euros (a cualquiera de nuestros cursos de baile o interpretaci\u00f3n), o por 35 a nuestros grupos reducidos de canto (m\u00e1ximo 4 personas). Tambi\u00e9n traer a dos amigos contigo a Dancing Boulevard tiene premio, ya que, como obsequio te regalamos la primera mensualidad<\/p>\n<p>Seguro que tenemos la actividad que buscas y si no est\u00e1s muy seguro de que tipo de actividad elegir que se adapte m\u00e1s a ti, en nuestra escuela tenemos un equipo de asesoramiento gratuito para ayudarte a escoger la que m\u00e1s te convenga en base a tus gustos, capacidades de coordinaci\u00f3n y movilidad, memoria, disponibilidad de tiempo y sobre todo finalidad que buscas con el baile.<\/p>\n<h2><strong>Ll\u00e1manos al 602 646 807<\/strong>, te informaremos y aconsejaremos para que a partir de ahora, en vez de esperar ansioso\/a el nuevo cap\u00edtulo de tu serie favorita, est\u00e9s ilusionado\/a cada d\u00eda por la siguiente clase.<\/h2>\n<p>&nbsp;<\/p>\n<p><img decoding=\"async\" class=\"aligncenter size-full wp-image-538\" src=\"https:\/\/dancingboulevard.com\/wp-content\/uploads\/2015\/08\/7cf7115c984d884ecef2f3ae610ef5f7.jpg\" alt=\"7cf7115c984d884ecef2f3ae610ef5f7\" width=\"718\" height=\"960\" srcset=\"https:\/\/dancingboulevard.com\/wp-content\/uploads\/2015\/08\/7cf7115c984d884ecef2f3ae610ef5f7.jpg 718w, https:\/\/dancingboulevard.com\/wp-content\/uploads\/2015\/08\/7cf7115c984d884ecef2f3ae610ef5f7-224x300.jpg 224w\" sizes=\"(max-width: 718px) 100vw, 718px\" \/><\/p>","protected":false},"excerpt":{"rendered":"<p>\u00c9rase una vez un nuevo comienzo\u2026 \u00a1Empezamos Septiembre a ritmo de baile! \u00a0\u00bfQuieres conocer el secreto d e aquellos que estaban esperando el fin de las vacaciones? \u00a1Ap\u00fantate a nuestras clases y entender\u00e1s el por qu\u00e9! A partir del 1 de septiembre abrimos nuestra escuela para que todos aquellos que [&hellip;]<\/p>\n","protected":false},"author":1,"featured_media":0,"parent":0,"menu_order":0,"comment_status":"closed","ping_status":"closed","template":"","meta":{"footnotes":"","_links_to":"","_links_to_target":""},"class_list":["post-479","page","type-page","status-publish","hentry"],"yoast_head":"<!-- This site is optimized with the Yoast SEO plugin v26.8 - https:\/\/yoast.com\/product\/yoast-seo-wordpress\/ -->\n<title>Ofertas comienzo de curso - Dancing Boulevard<\/title>\n<meta name=\"description\" content=\"Ofertas para aprender a bailar. Este a\u00f1o descubre tu pasi\u00f3n por 19 euros ap\u00fantate a cualquiera de nuestros cursos de baile e interpretaci\u00f3n en Septiembre.\" \/>\n<meta name=\"robots\" content=\"index, follow, max-snippet:-1, max-image-preview:large, max-video-preview:-1\" \/>\n<link rel=\"canonical\" href=\"https:\/\/dancingboulevard.com\/en\/ofertas-comienzo-de-curso\/\" \/>\n<meta property=\"og:locale\" content=\"en_US\" \/>\n<meta property=\"og:type\" content=\"article\" \/>\n<meta property=\"og:title\" content=\"Ofertas comienzo de curso - Dancing Boulevard\" \/>\n<meta property=\"og:description\" content=\"Ofertas para aprender a bailar. Este a\u00f1o descubre tu pasi\u00f3n por 19 euros ap\u00fantate a cualquiera de nuestros cursos de baile e interpretaci\u00f3n en Septiembre.\" \/>\n<meta property=\"og:url\" content=\"https:\/\/dancingboulevard.com\/en\/ofertas-comienzo-de-curso\/\" \/>\n<meta property=\"og:site_name\" content=\"Dancing Boulevard\" \/>\n<meta property=\"article:publisher\" content=\"https:\/\/www.facebook.com\/pages\/Dancing-Boulevard\/1425357731107040?fref=ts\" \/>\n<meta property=\"article:modified_time\" content=\"2016-04-19T22:17:01+00:00\" \/>\n<meta property=\"og:image\" content=\"https:\/\/dancingboulevard.com\/wp-content\/uploads\/2015\/08\/cyndi_caviedes_nuevos_comienzos.jpg\" \/>\n<meta name=\"twitter:card\" content=\"summary_large_image\" \/>\n<meta name=\"twitter:label1\" content=\"Est. reading time\" \/>\n\t<meta name=\"twitter:data1\" content=\"2 minutes\" \/>\n<!-- \/ Yoast SEO plugin. -->","yoast_head_json":{"title":"Ofertas comienzo de curso - Dancing Boulevard","description":"Ofertas para aprender a bailar. Este a\u00f1o descubre tu pasi\u00f3n por 19 euros ap\u00fantate a cualquiera de nuestros cursos de baile e interpretaci\u00f3n en Septiembre.","robots":{"index":"index","follow":"follow","max-snippet":"max-snippet:-1","max-image-preview":"max-image-preview:large","max-video-preview":"max-video-preview:-1"},"canonical":"https:\/\/dancingboulevard.com\/en\/ofertas-comienzo-de-curso\/","og_locale":"en_US","og_type":"article","og_title":"Ofertas comienzo de curso - Dancing Boulevard","og_description":"Ofertas para aprender a bailar. Este a\u00f1o descubre tu pasi\u00f3n por 19 euros ap\u00fantate a cualquiera de nuestros cursos de baile e interpretaci\u00f3n en Septiembre.","og_url":"https:\/\/dancingboulevard.com\/en\/ofertas-comienzo-de-curso\/","og_site_name":"Dancing Boulevard","article_publisher":"https:\/\/www.facebook.com\/pages\/Dancing-Boulevard\/1425357731107040?fref=ts","article_modified_time":"2016-04-19T22:17:01+00:00","og_image":[{"url":"https:\/\/dancingboulevard.com\/wp-content\/uploads\/2015\/08\/cyndi_caviedes_nuevos_comienzos.jpg","type":"","width":"","height":""}],"twitter_card":"summary_large_image","twitter_misc":{"Est. reading time":"2 minutes"},"schema":{"@context":"https:\/\/schema.org","@graph":[{"@type":"WebPage","@id":"https:\/\/dancingboulevard.com\/ofertas-comienzo-de-curso\/","url":"https:\/\/dancingboulevard.com\/ofertas-comienzo-de-curso\/","name":"Ofertas comienzo de curso - Dancing Boulevard","isPartOf":{"@id":"https:\/\/dancingboulevard.com\/#website"},"primaryImageOfPage":{"@id":"https:\/\/dancingboulevard.com\/ofertas-comienzo-de-curso\/#primaryimage"},"image":{"@id":"https:\/\/dancingboulevard.com\/ofertas-comienzo-de-curso\/#primaryimage"},"thumbnailUrl":"https:\/\/dancingboulevard.com\/wp-content\/uploads\/2015\/08\/cyndi_caviedes_nuevos_comienzos.jpg","datePublished":"2015-08-24T11:07:02+00:00","dateModified":"2016-04-19T22:17:01+00:00","description":"Ofertas para aprender a bailar. Este a\u00f1o descubre tu pasi\u00f3n por 19 euros ap\u00fantate a cualquiera de nuestros cursos de baile e interpretaci\u00f3n en Septiembre.","breadcrumb":{"@id":"https:\/\/dancingboulevard.com\/ofertas-comienzo-de-curso\/#breadcrumb"},"inLanguage":"en-US","potentialAction":[{"@type":"ReadAction","target":["https:\/\/dancingboulevard.com\/ofertas-comienzo-de-curso\/"]}]},{"@type":"ImageObject","inLanguage":"en-US","@id":"https:\/\/dancingboulevard.com\/ofertas-comienzo-de-curso\/#primaryimage","url":"https:\/\/dancingboulevard.com\/wp-content\/uploads\/2015\/08\/cyndi_caviedes_nuevos_comienzos.jpg","contentUrl":"https:\/\/dancingboulevard.com\/wp-content\/uploads\/2015\/08\/cyndi_caviedes_nuevos_comienzos.jpg"},{"@type":"BreadcrumbList","@id":"https:\/\/dancingboulevard.com\/ofertas-comienzo-de-curso\/#breadcrumb","itemListElement":[{"@type":"ListItem","position":1,"name":"Portada","item":"https:\/\/dancingboulevard.com\/"},{"@type":"ListItem","position":2,"name":"Ofertas comienzo de curso"}]},{"@type":"WebSite","@id":"https:\/\/dancingboulevard.com\/#website","url":"https:\/\/dancingboulevard.com\/","name":"Dancing Boulevard","description":"ESCUELA DE BAILE","publisher":{"@id":"https:\/\/dancingboulevard.com\/#organization"},"potentialAction":[{"@type":"SearchAction","target":{"@type":"EntryPoint","urlTemplate":"https:\/\/dancingboulevard.com\/?s={search_term_string}"},"query-input":{"@type":"PropertyValueSpecification","valueRequired":true,"valueName":"search_term_string"}}],"inLanguage":"en-US"},{"@type":"Organization","@id":"https:\/\/dancingboulevard.com\/#organization","name":"Dancing Boulevard","url":"https:\/\/dancingboulevard.com\/","logo":{"@type":"ImageObject","inLanguage":"en-US","@id":"https:\/\/dancingboulevard.com\/#\/schema\/logo\/image\/","url":"https:\/\/dancingboulevard.com\/wp-content\/uploads\/2020\/04\/DancinBoulevard.png","contentUrl":"https:\/\/dancingboulevard.com\/wp-content\/uploads\/2020\/04\/DancinBoulevard.png","width":1990,"height":803,"caption":"Dancing Boulevard"},"image":{"@id":"https:\/\/dancingboulevard.com\/#\/schema\/logo\/image\/"},"sameAs":["https:\/\/www.facebook.com\/pages\/Dancing-Boulevard\/1425357731107040?fref=ts","https:\/\/www.instagram.com\/dancingboulevard\/"]}]}},"_links":{"self":[{"href":"https:\/\/dancingboulevard.com\/en\/wp-json\/wp\/v2\/pages\/479","targetHints":{"allow":["GET"]}}],"collection":[{"href":"https:\/\/dancingboulevard.com\/en\/wp-json\/wp\/v2\/pages"}],"about":[{"href":"https:\/\/dancingboulevard.com\/en\/wp-json\/wp\/v2\/types\/page"}],"author":[{"embeddable":true,"href":"https:\/\/dancingboulevard.com\/en\/wp-json\/wp\/v2\/users\/1"}],"replies":[{"embeddable":true,"href":"https:\/\/dancingboulevard.com\/en\/wp-json\/wp\/v2\/comments?post=479"}],"version-history":[{"count":0,"href":"https:\/\/dancingboulevard.com\/en\/wp-json\/wp\/v2\/pages\/479\/revisions"}],"wp:attachment":[{"href":"https:\/\/dancingboulevard.com\/en\/wp-json\/wp\/v2\/media?parent=479"}],"curies":[{"name":"wp","href":"https:\/\/api.w.org\/{rel}","templated":true}]}}