{"id":435,"date":"2015-06-24T15:06:16","date_gmt":"2015-06-24T15:06:16","guid":{"rendered":"http:\/\/dancingboulevard.com\/?page_id=435"},"modified":"2016-09-06T18:39:19","modified_gmt":"2016-09-06T18:39:19","slug":"funky","status":"publish","type":"page","link":"https:\/\/dancingboulevard.com\/en\/funky\/","title":{"rendered":"Academia de Funky en Madrid &#8211; Canillas"},"content":{"rendered":"<h2>Te dejamos aqu\u00ed nuestra larga lista de razones para que disfrutes aprendiendo en la Academia de Funky mas divertida de Madrid:<\/h2>\n<p>&nbsp;<\/p>\n<p><iframe src=\"https:\/\/www.youtube.com\/embed\/tyE1dQGBsts\" width=\"100%\" height=\"560\" frameborder=\"0\" allowfullscreen=\"allowfullscreen\"><\/iframe><\/p>\n<p><a href=\"https:\/\/dancingboulevard.com\/contacto\/\">Ll\u00e1manos al <strong>602 646 807\u00a0y\u00a0desc\u00fabrenos\u00a0!!<\/strong>!<\/a><\/p>\n<h2>En nuestra academia de Funky tambi\u00e9n\u00a0contamos con clases para los m\u00e1s j\u00f3venes, con horario perfecto para cuando salen del colegio.<\/h2>\n<p><a href=\"https:\/\/dancingboulevard.com\/ninos\/\">Pincha aqu\u00ed para conocer nuestro horario de clases de funky para ni\u00f1os y ni\u00f1as.<\/a><\/p>\n<p><iframe src=\"https:\/\/www.youtube.com\/embed\/lET-fk67F8o\" width=\"100%\" height=\"560\" frameborder=\"0\" allowfullscreen=\"allowfullscreen\"><\/iframe><\/p>\n<p>\u00bfHace falta decir m\u00e1s? \u00a1<a href=\"https:\/\/dancingboulevard.com\/contacto\/\">Ap\u00fantate a nuestra\u00a0Academia de\u00a0Funky!<\/a><\/p>\n<p><iframe src=\"https:\/\/www.youtube.com\/embed\/yc7NrdTu7i4\" width=\"100%\" height=\"560\" frameborder=\"0\" allowfullscreen=\"allowfullscreen\"><\/iframe><\/p>\n<p>&nbsp;<\/p>\n<p>Seas quien seas, o como seas, ap\u00fantate a nuestra\u00a0academia de Funky<\/p>\n<p><iframe title=\"Mark Ronson ft. Bruno Mars - Uptown Funk &quot;Oldtown Cover&quot; ft. Alex Boye&#039;, &amp; The Dancing Grannies\" width=\"750\" height=\"422\" src=\"https:\/\/www.youtube.com\/embed\/rjRlJvOxIY0?feature=oembed&#038;enablejsapi=1&#038;origin=https:\/\/dancingboulevard.com\" frameborder=\"0\" allow=\"accelerometer; autoplay; clipboard-write; encrypted-media; gyroscope; picture-in-picture; web-share\" allowfullscreen><\/iframe><\/p>\n<p>&nbsp;<\/p>\n<p>\u00bfTe vas a apuntar?<\/p>\n<p><a href=\"https:\/\/dancingboulevard.com\/contacto\/\"><img fetchpriority=\"high\" decoding=\"async\" class=\"aligncenter size-full wp-image-453\" src=\"https:\/\/dancingboulevard.com\/wp-content\/uploads\/2015\/06\/girl-funky-music-wallpaper.jpg\" alt=\"girl-funky-music-wallpaper\" width=\"1024\" height=\"882\" srcset=\"https:\/\/dancingboulevard.com\/wp-content\/uploads\/2015\/06\/girl-funky-music-wallpaper.jpg 1024w, https:\/\/dancingboulevard.com\/wp-content\/uploads\/2015\/06\/girl-funky-music-wallpaper-300x258.jpg 300w, https:\/\/dancingboulevard.com\/wp-content\/uploads\/2015\/06\/girl-funky-music-wallpaper-768x662.jpg 768w\" sizes=\"(max-width: 1024px) 100vw, 1024px\" \/><\/a><\/p>\n<p>Si te han gustado esos v\u00eddeos te dejamos alguno mas: <a href=\"https:\/\/www.youtube.com\/watch?v=cSr9J7vWG2A\">aqu\u00ed.<\/a><\/p>\n<p>&nbsp;<\/p>\n<p>&nbsp;<\/p>\n<p>&nbsp;<\/p>\n<p>La palabra Funky se aplic\u00f3 originalmente, en los a\u00f1os 1950, a un determinado tipo de jazz (Funky jazz). Por extensi\u00f3n, se aplica a toda m\u00fasica que contenga unas determinadas caracter\u00edsticas que se relacionan con cualidades consideradas \u00abnegras\u00bb:1 Ritmo fuertemente acentuado, en especial las l\u00edneas de bajo, utilizaci\u00f3n de riffs muy sincopados, etc. Esta palabra se usa para un tipo de baile en el que la expresi\u00f3n es muy importante a trav\u00e9s de movimientos que acompa\u00f1an a ese ritmo y tiene un estilo semejante al hip-hop, donde se realizan movimientos de contratiempo. Trata sobre todo de llamar la atenci\u00f3n con el estilo callejero que tiene. Se suele realizar en sesiones de determinadas horas y lo suelen bailar la gente que tienen capacidad y resistencia f\u00edsica o simplemente que les apasiona este estilo. Tiene su origen en las calles de Nueva York y Procede del arte musical. Las canciones utilizan l\u00edneas de bajo como motivo central de las canciones.<\/p>\n<p>Etimolog\u00eda<br \/>\n\u00abFunky\u00bb es un adjetivo derivado, bien del sustantivo \u00abFunk\u00bb, bien del verbo \u00abTo funk\u00bb. En el primero de los supuestos, \u00abfunk\u00bb podr\u00eda traducirse por \u00abp\u00e1nico\u00bb, aunque existe una acepci\u00f3n inglesa antigua (hacia 1600) con el significado de \u00abolor nauseabundo\u00bb.2 Como verbo, significa tener miedo, aunque seg\u00fan Clayton y Gammond, a partir de 1700 tambi\u00e9n asumi\u00f3 la acepci\u00f3n de causar mal olor y, m\u00e1s espec\u00edficamente, oler mal como consecuencia del humo del tabaco.3 Seg\u00fan parece, el adjetivo \u00abfunky\u00bb pas\u00f3 a identificar los locales desagradables y malolientes en la primera mitad del siglo XX; por ejemplo, uno de los m\u00e1s afamados locales de Nueva Orleans, donde sol\u00eda tocar Buddy Bolden al iniciarse el siglo, se llamaba \u00abFunky Butt Hall\u00bb. Finalmente, pas\u00f3 a denominar a un tipo concreto de jazz, en la d\u00e9cada de 1950.<\/p>\n<p><a href=\"https:\/\/dancingboulevard.com\/contacto\/\">Accede a nuestra informaci\u00f3n de contacto y ll\u00e1manos para informarte aqu\u00ed.<\/a><\/p>\n<p>O m\u00e1ndanos un correo:<\/p>\n<p>[contactformgenerator id=\u00bb1&#8243;]<\/p>\n<p>&nbsp;<\/p>\n<p><iframe src=\"https:\/\/www.youtube.com\/embed\/i3vsiiRK5GU\" width=\"560\" height=\"315\" frameborder=\"0\" allowfullscreen=\"allowfullscreen\"><\/iframe><\/p>\n","protected":false},"excerpt":{"rendered":"<p>Te dejamos aqu\u00ed nuestra larga lista de razones para que disfrutes aprendiendo en la Academia de Funky mas divertida de Madrid: &nbsp; Ll\u00e1manos al 602 646 807\u00a0y\u00a0desc\u00fabrenos\u00a0!!! En nuestra academia de Funky tambi\u00e9n\u00a0contamos con clases para los m\u00e1s j\u00f3venes, con horario perfecto para cuando salen del colegio. Pincha aqu\u00ed para [&hellip;]<\/p>\n","protected":false},"author":1,"featured_media":0,"parent":0,"menu_order":0,"comment_status":"closed","ping_status":"closed","template":"","meta":{"footnotes":"","_links_to":"","_links_to_target":""},"class_list":["post-435","page","type-page","status-publish","hentry"],"yoast_head":"<!-- This site is optimized with the Yoast SEO plugin v26.8 - https:\/\/yoast.com\/product\/yoast-seo-wordpress\/ -->\n<title>Aprende a bailar funky - Dancing Boulevard<\/title>\n<meta name=\"description\" content=\"Academia de Funky, para todas las edades. Clases baratas de funky para aprender y pasarlo genial. Estupenda profesora de Funky, Hip-hop y otros estilos.\u00a0\" \/>\n<meta name=\"robots\" content=\"index, follow, max-snippet:-1, max-image-preview:large, max-video-preview:-1\" \/>\n<link rel=\"canonical\" href=\"https:\/\/dancingboulevard.com\/en\/funky\/\" \/>\n<meta property=\"og:locale\" content=\"en_US\" \/>\n<meta property=\"og:type\" content=\"article\" \/>\n<meta property=\"og:title\" content=\"Aprende a bailar funky - Dancing Boulevard\" \/>\n<meta property=\"og:description\" content=\"Academia de Funky, para todas las edades. Clases baratas de funky para aprender y pasarlo genial. Estupenda profesora de Funky, Hip-hop y otros estilos.\u00a0\" \/>\n<meta property=\"og:url\" content=\"https:\/\/dancingboulevard.com\/en\/funky\/\" \/>\n<meta property=\"og:site_name\" content=\"Dancing Boulevard\" \/>\n<meta property=\"article:publisher\" content=\"https:\/\/www.facebook.com\/pages\/Dancing-Boulevard\/1425357731107040?fref=ts\" \/>\n<meta property=\"article:modified_time\" content=\"2016-09-06T18:39:19+00:00\" \/>\n<meta property=\"og:image\" content=\"https:\/\/dancingboulevard.com\/wp-content\/uploads\/2015\/06\/girl-funky-music-wallpaper.jpg\" \/>\n<meta name=\"twitter:card\" content=\"summary_large_image\" \/>\n<meta name=\"twitter:label1\" content=\"Est. reading time\" \/>\n\t<meta name=\"twitter:data1\" content=\"2 minutes\" \/>\n<!-- \/ Yoast SEO plugin. -->","yoast_head_json":{"title":"Aprende a bailar funky - Dancing Boulevard","description":"Academia de Funky, para todas las edades. Clases baratas de funky para aprender y pasarlo genial. Estupenda profesora de Funky, Hip-hop y otros estilos.\u00a0","robots":{"index":"index","follow":"follow","max-snippet":"max-snippet:-1","max-image-preview":"max-image-preview:large","max-video-preview":"max-video-preview:-1"},"canonical":"https:\/\/dancingboulevard.com\/en\/funky\/","og_locale":"en_US","og_type":"article","og_title":"Aprende a bailar funky - Dancing Boulevard","og_description":"Academia de Funky, para todas las edades. Clases baratas de funky para aprender y pasarlo genial. Estupenda profesora de Funky, Hip-hop y otros estilos.\u00a0","og_url":"https:\/\/dancingboulevard.com\/en\/funky\/","og_site_name":"Dancing Boulevard","article_publisher":"https:\/\/www.facebook.com\/pages\/Dancing-Boulevard\/1425357731107040?fref=ts","article_modified_time":"2016-09-06T18:39:19+00:00","og_image":[{"url":"https:\/\/dancingboulevard.com\/wp-content\/uploads\/2015\/06\/girl-funky-music-wallpaper.jpg","type":"","width":"","height":""}],"twitter_card":"summary_large_image","twitter_misc":{"Est. reading time":"2 minutes"},"schema":{"@context":"https:\/\/schema.org","@graph":[{"@type":"WebPage","@id":"https:\/\/dancingboulevard.com\/funky\/","url":"https:\/\/dancingboulevard.com\/funky\/","name":"Aprende a bailar funky - Dancing Boulevard","isPartOf":{"@id":"https:\/\/dancingboulevard.com\/#website"},"primaryImageOfPage":{"@id":"https:\/\/dancingboulevard.com\/funky\/#primaryimage"},"image":{"@id":"https:\/\/dancingboulevard.com\/funky\/#primaryimage"},"thumbnailUrl":"https:\/\/dancingboulevard.com\/wp-content\/uploads\/2015\/06\/girl-funky-music-wallpaper.jpg","datePublished":"2015-06-24T15:06:16+00:00","dateModified":"2016-09-06T18:39:19+00:00","description":"Academia de Funky, para todas las edades. Clases baratas de funky para aprender y pasarlo genial. Estupenda profesora de Funky, Hip-hop y otros estilos.\u00a0","breadcrumb":{"@id":"https:\/\/dancingboulevard.com\/funky\/#breadcrumb"},"inLanguage":"en-US","potentialAction":[{"@type":"ReadAction","target":["https:\/\/dancingboulevard.com\/funky\/"]}]},{"@type":"ImageObject","inLanguage":"en-US","@id":"https:\/\/dancingboulevard.com\/funky\/#primaryimage","url":"https:\/\/dancingboulevard.com\/wp-content\/uploads\/2015\/06\/girl-funky-music-wallpaper.jpg","contentUrl":"https:\/\/dancingboulevard.com\/wp-content\/uploads\/2015\/06\/girl-funky-music-wallpaper.jpg"},{"@type":"BreadcrumbList","@id":"https:\/\/dancingboulevard.com\/funky\/#breadcrumb","itemListElement":[{"@type":"ListItem","position":1,"name":"Portada","item":"https:\/\/dancingboulevard.com\/"},{"@type":"ListItem","position":2,"name":"Academia de Funky en Madrid &#8211; Canillas"}]},{"@type":"WebSite","@id":"https:\/\/dancingboulevard.com\/#website","url":"https:\/\/dancingboulevard.com\/","name":"Dancing Boulevard","description":"ESCUELA DE BAILE","publisher":{"@id":"https:\/\/dancingboulevard.com\/#organization"},"potentialAction":[{"@type":"SearchAction","target":{"@type":"EntryPoint","urlTemplate":"https:\/\/dancingboulevard.com\/?s={search_term_string}"},"query-input":{"@type":"PropertyValueSpecification","valueRequired":true,"valueName":"search_term_string"}}],"inLanguage":"en-US"},{"@type":"Organization","@id":"https:\/\/dancingboulevard.com\/#organization","name":"Dancing Boulevard","url":"https:\/\/dancingboulevard.com\/","logo":{"@type":"ImageObject","inLanguage":"en-US","@id":"https:\/\/dancingboulevard.com\/#\/schema\/logo\/image\/","url":"https:\/\/dancingboulevard.com\/wp-content\/uploads\/2020\/04\/DancinBoulevard.png","contentUrl":"https:\/\/dancingboulevard.com\/wp-content\/uploads\/2020\/04\/DancinBoulevard.png","width":1990,"height":803,"caption":"Dancing Boulevard"},"image":{"@id":"https:\/\/dancingboulevard.com\/#\/schema\/logo\/image\/"},"sameAs":["https:\/\/www.facebook.com\/pages\/Dancing-Boulevard\/1425357731107040?fref=ts","https:\/\/www.instagram.com\/dancingboulevard\/"]}]}},"_links":{"self":[{"href":"https:\/\/dancingboulevard.com\/en\/wp-json\/wp\/v2\/pages\/435","targetHints":{"allow":["GET"]}}],"collection":[{"href":"https:\/\/dancingboulevard.com\/en\/wp-json\/wp\/v2\/pages"}],"about":[{"href":"https:\/\/dancingboulevard.com\/en\/wp-json\/wp\/v2\/types\/page"}],"author":[{"embeddable":true,"href":"https:\/\/dancingboulevard.com\/en\/wp-json\/wp\/v2\/users\/1"}],"replies":[{"embeddable":true,"href":"https:\/\/dancingboulevard.com\/en\/wp-json\/wp\/v2\/comments?post=435"}],"version-history":[{"count":1,"href":"https:\/\/dancingboulevard.com\/en\/wp-json\/wp\/v2\/pages\/435\/revisions"}],"predecessor-version":[{"id":15522,"href":"https:\/\/dancingboulevard.com\/en\/wp-json\/wp\/v2\/pages\/435\/revisions\/15522"}],"wp:attachment":[{"href":"https:\/\/dancingboulevard.com\/en\/wp-json\/wp\/v2\/media?parent=435"}],"curies":[{"name":"wp","href":"https:\/\/api.w.org\/{rel}","templated":true}]}}