{"id":419,"date":"2015-06-24T14:09:08","date_gmt":"2015-06-24T14:09:08","guid":{"rendered":"http:\/\/dancingboulevard.com\/?page_id=419"},"modified":"2020-03-30T19:50:31","modified_gmt":"2020-03-30T19:50:31","slug":"canto","status":"publish","type":"page","link":"https:\/\/dancingboulevard.com\/en\/canto\/","title":{"rendered":"Canto"},"content":{"rendered":"<h3>\u00bfQuieres aprender a cantar? \u00bfQue es la Respiraci\u00f3n Diafragm\u00e1tica? No esperes m\u00e1s y \u00a1ven a conocernos!<\/h3>\n<h4>\u2022 CURSO DE CANTO INFANTIL<br \/>\n\u2022 CLASES DE CANTOS ADULTOS (VOCAL COACH)<\/h4>\n<p>Precio del curso 70\u20ac\/ Mes<br \/>\nLas clases tendr\u00e1n una duraci\u00f3n de una hora a la semana. Los grupos no exceder\u00e1n de m\u00e1s de 4 alumnos. Las clases estar\u00e1n enfocadas en el desarrollo de la t\u00e9cnica vocal, trabajando respiraci\u00f3n diafragm\u00e1tica, apoyo de la voz y colocaci\u00f3n del sonido. Comprenderemos como funciona nuestra voz y porque desafinamos, o nos quedamos sin aire al cantar, y como corregirlo. Tambi\u00e9n trabajaremos repertorio personalizado seg\u00fan tus preferencias musicales<\/p>\n<h4>\u2022 CURSO RESPIRACION DIAFRAGMATICA<\/h4>\n<p>Precio del curso 70\u20ac\/Mes<br \/>\n\u00bfEN QUE CONSISTE?<br \/>\nLa respiraci\u00f3n diafragm\u00e1tica consiste en tomar aire sin levantar los hombros y llevarlo a la parte inferior de los pulmones que es donde se encuentran las costillas flotantes, que permiten el ingreso de mayor cantidad de aire.<br \/>\nGeneralmente s\u00f3lo utilizamos una parte de nuestra capacidad pulmonar, con frecuencia la parte superior de los pulmones, facilitando una respiraci\u00f3n eminentemente tor\u00e1cica en la cual la intervenci\u00f3n del diafragma es poco relevante. Este tipo de respiraci\u00f3n no permite alcanzar una oxigenaci\u00f3n adecuada, como la que se obtiene con la respiraci\u00f3n m\u00e1s completa.<br \/>\nCuando respiramos de manera inadecuada nuestros tejidos obtienen una menor oxigenaci\u00f3n, se evidencia un mayor trabajo card\u00edaco y una mayor intoxicaci\u00f3n general del organismo, lo cual facilita la aparici\u00f3n de la ansiedad y la fatiga f\u00edsica. As\u00ed, desde tiempos inmemorables se utiliza la respiraci\u00f3n diafragm\u00e1tica como una t\u00e9cnica para controlar la ansiedad. La respiraci\u00f3n diafragm\u00e1tica se puede dirigir y mejorar.<br \/>\nVentajas de la respiraci\u00f3n diafragm\u00e1tica:<br \/>\n\u2022 Lleva gran cantidad de ox\u00edgeno a los pulmones por lo que aumenta la capacidad pulmonar<br \/>\n\u2022 Ventila y limpia los pulmones<br \/>\n\u2022 Activa la respuesta de relajaci\u00f3n del organismo ( muy \u00fatil frente a situaciones de estr\u00e9s)<br \/>\n\u2022 Regular la acci\u00f3n cardiaca y mejorar de la circulaci\u00f3n sangu\u00ednea<br \/>\n\u2022 Masajea los \u00f3rganos y tonifica la musculatura del aparato respiratorio<br \/>\n\u2022 Ayuda al tr\u00e1nsito intestinal<br \/>\n\u2022 \u00datil en la reducci\u00f3n de los efectos causados por la hiperventilaci\u00f3n: mareos, v\u00e9rtigos, taquicardia, sensaciones de ahogo, palpitaciones, tensi\u00f3n muscular.<br \/>\n\u2022 Sirve como terapia para los males de S\u00edndrome Roemheld (problemas card\u00edacos originados por la presi\u00f3n que ejercen los \u00f3rganos digestivos sobre el coraz\u00f3n), hernia de hiato o desplazamiento de otras hernias.<br \/>\n\u2022 Promueve y ayuda al 100% a la buena salud de las cuerdas vocales y tratamiento de la fonastenia<br \/>\n\u2022 Ayuda a la respiraci\u00f3n en diversidad de deportes f\u00edsico, tales como la nataci\u00f3n, p\u00e1del, tenis, atletismo, etc\u2026<br \/>\n\u2022 Sirve de terapia muy importante en procesos de trastornos alimenticios<br \/>\n\u2022 Ayuda a las Apneas o faltas de sue\u00f1o<br \/>\n\u2022 Equilibra la funci\u00f3n endocrina<\/p>\n<p>Estas clases estar\u00e1n impartidas por la excelente profesora Zoraida Gambino P\u00e9rez. Ella viene desde Italia, tiene m\u00e1s de 15 de experiencia como cantante de musicales, Pop , Jazz, Folk y colaboraciones como corista de artistas conocidos . Se form\u00f3 en la escuela Roland Music School Sicilia, Italia y estudio con el maestro Alessandro Patalini, curso \u201cVocologia Art\u00edstica.<br \/>\n<a href=\"https:\/\/dancingboulevard.com\/wp-content\/uploads\/2015\/06\/IMG_7386.jpg\"><img fetchpriority=\"high\" decoding=\"async\" class=\"aligncenter size-full wp-image-422\" src=\"https:\/\/dancingboulevard.com\/wp-content\/uploads\/2015\/06\/IMG_7386.jpg\" alt=\"IMG_7386\" width=\"640\" height=\"640\" srcset=\"https:\/\/dancingboulevard.com\/wp-content\/uploads\/2015\/06\/IMG_7386.jpg 640w, https:\/\/dancingboulevard.com\/wp-content\/uploads\/2015\/06\/IMG_7386-300x300.jpg 300w, https:\/\/dancingboulevard.com\/wp-content\/uploads\/2015\/06\/IMG_7386-150x150.jpg 150w\" sizes=\"(max-width: 640px) 100vw, 640px\" \/><\/a><\/p>","protected":false},"excerpt":{"rendered":"<p>\u00bfQuieres aprender a cantar? \u00bfQue es la Respiraci\u00f3n Diafragm\u00e1tica? No esperes m\u00e1s y \u00a1ven a conocernos! \u2022 CURSO DE CANTO INFANTIL \u2022 CLASES DE CANTOS ADULTOS (VOCAL COACH) Precio del curso 70\u20ac\/ Mes Las clases tendr\u00e1n una duraci\u00f3n de una hora a la semana. Los grupos no exceder\u00e1n de m\u00e1s [&hellip;]<\/p>\n","protected":false},"author":1,"featured_media":0,"parent":0,"menu_order":0,"comment_status":"closed","ping_status":"open","template":"","meta":{"footnotes":"","_links_to":"","_links_to_target":""},"class_list":["post-419","page","type-page","status-publish","hentry"],"yoast_head":"<!-- This site is optimized with the Yoast SEO plugin v26.8 - https:\/\/yoast.com\/product\/yoast-seo-wordpress\/ -->\n<title>Clases de Canto, aprender a cantar - Dancing Boulevard<\/title>\n<meta name=\"description\" content=\"Si quieres aprender canto profesional entra a conocer los distintos cursos de alto nivel. Tambi\u00e9n tenemos clases de iniciaci\u00f3n para cantar y pasarlo bien\" \/>\n<meta name=\"robots\" content=\"index, follow, max-snippet:-1, max-image-preview:large, max-video-preview:-1\" \/>\n<link rel=\"canonical\" href=\"https:\/\/dancingboulevard.com\/en\/canto\/\" \/>\n<meta property=\"og:locale\" content=\"en_US\" \/>\n<meta property=\"og:type\" content=\"article\" \/>\n<meta property=\"og:title\" content=\"Clases de Canto, aprender a cantar - Dancing Boulevard\" \/>\n<meta property=\"og:description\" content=\"Si quieres aprender canto profesional entra a conocer los distintos cursos de alto nivel. Tambi\u00e9n tenemos clases de iniciaci\u00f3n para cantar y pasarlo bien\" \/>\n<meta property=\"og:url\" content=\"https:\/\/dancingboulevard.com\/en\/canto\/\" \/>\n<meta property=\"og:site_name\" content=\"Dancing Boulevard\" \/>\n<meta property=\"article:publisher\" content=\"https:\/\/www.facebook.com\/pages\/Dancing-Boulevard\/1425357731107040?fref=ts\" \/>\n<meta property=\"article:modified_time\" content=\"2020-03-30T19:50:31+00:00\" \/>\n<meta property=\"og:image\" content=\"https:\/\/dancingboulevard.com\/wp-content\/uploads\/2015\/06\/IMG_7386.jpg\" \/>\n<meta name=\"twitter:card\" content=\"summary_large_image\" \/>\n<meta name=\"twitter:label1\" content=\"Est. reading time\" \/>\n\t<meta name=\"twitter:data1\" content=\"3 minutes\" \/>\n<!-- \/ Yoast SEO plugin. -->","yoast_head_json":{"title":"Clases de Canto, aprender a cantar - Dancing Boulevard","description":"Si quieres aprender canto profesional entra a conocer los distintos cursos de alto nivel. Tambi\u00e9n tenemos clases de iniciaci\u00f3n para cantar y pasarlo bien","robots":{"index":"index","follow":"follow","max-snippet":"max-snippet:-1","max-image-preview":"max-image-preview:large","max-video-preview":"max-video-preview:-1"},"canonical":"https:\/\/dancingboulevard.com\/en\/canto\/","og_locale":"en_US","og_type":"article","og_title":"Clases de Canto, aprender a cantar - Dancing Boulevard","og_description":"Si quieres aprender canto profesional entra a conocer los distintos cursos de alto nivel. Tambi\u00e9n tenemos clases de iniciaci\u00f3n para cantar y pasarlo bien","og_url":"https:\/\/dancingboulevard.com\/en\/canto\/","og_site_name":"Dancing Boulevard","article_publisher":"https:\/\/www.facebook.com\/pages\/Dancing-Boulevard\/1425357731107040?fref=ts","article_modified_time":"2020-03-30T19:50:31+00:00","og_image":[{"url":"https:\/\/dancingboulevard.com\/wp-content\/uploads\/2015\/06\/IMG_7386.jpg","type":"","width":"","height":""}],"twitter_card":"summary_large_image","twitter_misc":{"Est. reading time":"3 minutes"},"schema":{"@context":"https:\/\/schema.org","@graph":[{"@type":"WebPage","@id":"https:\/\/dancingboulevard.com\/canto\/","url":"https:\/\/dancingboulevard.com\/canto\/","name":"Clases de Canto, aprender a cantar - Dancing Boulevard","isPartOf":{"@id":"https:\/\/dancingboulevard.com\/#website"},"primaryImageOfPage":{"@id":"https:\/\/dancingboulevard.com\/canto\/#primaryimage"},"image":{"@id":"https:\/\/dancingboulevard.com\/canto\/#primaryimage"},"thumbnailUrl":"https:\/\/dancingboulevard.com\/wp-content\/uploads\/2015\/06\/IMG_7386.jpg","datePublished":"2015-06-24T14:09:08+00:00","dateModified":"2020-03-30T19:50:31+00:00","description":"Si quieres aprender canto profesional entra a conocer los distintos cursos de alto nivel. Tambi\u00e9n tenemos clases de iniciaci\u00f3n para cantar y pasarlo bien","breadcrumb":{"@id":"https:\/\/dancingboulevard.com\/canto\/#breadcrumb"},"inLanguage":"en-US","potentialAction":[{"@type":"ReadAction","target":["https:\/\/dancingboulevard.com\/canto\/"]}]},{"@type":"ImageObject","inLanguage":"en-US","@id":"https:\/\/dancingboulevard.com\/canto\/#primaryimage","url":"https:\/\/dancingboulevard.com\/wp-content\/uploads\/2015\/06\/IMG_7386.jpg","contentUrl":"https:\/\/dancingboulevard.com\/wp-content\/uploads\/2015\/06\/IMG_7386.jpg"},{"@type":"BreadcrumbList","@id":"https:\/\/dancingboulevard.com\/canto\/#breadcrumb","itemListElement":[{"@type":"ListItem","position":1,"name":"Portada","item":"https:\/\/dancingboulevard.com\/"},{"@type":"ListItem","position":2,"name":"Canto"}]},{"@type":"WebSite","@id":"https:\/\/dancingboulevard.com\/#website","url":"https:\/\/dancingboulevard.com\/","name":"Dancing Boulevard","description":"ESCUELA DE BAILE","publisher":{"@id":"https:\/\/dancingboulevard.com\/#organization"},"potentialAction":[{"@type":"SearchAction","target":{"@type":"EntryPoint","urlTemplate":"https:\/\/dancingboulevard.com\/?s={search_term_string}"},"query-input":{"@type":"PropertyValueSpecification","valueRequired":true,"valueName":"search_term_string"}}],"inLanguage":"en-US"},{"@type":"Organization","@id":"https:\/\/dancingboulevard.com\/#organization","name":"Dancing Boulevard","url":"https:\/\/dancingboulevard.com\/","logo":{"@type":"ImageObject","inLanguage":"en-US","@id":"https:\/\/dancingboulevard.com\/#\/schema\/logo\/image\/","url":"https:\/\/dancingboulevard.com\/wp-content\/uploads\/2020\/04\/DancinBoulevard.png","contentUrl":"https:\/\/dancingboulevard.com\/wp-content\/uploads\/2020\/04\/DancinBoulevard.png","width":1990,"height":803,"caption":"Dancing Boulevard"},"image":{"@id":"https:\/\/dancingboulevard.com\/#\/schema\/logo\/image\/"},"sameAs":["https:\/\/www.facebook.com\/pages\/Dancing-Boulevard\/1425357731107040?fref=ts","https:\/\/www.instagram.com\/dancingboulevard\/"]}]}},"_links":{"self":[{"href":"https:\/\/dancingboulevard.com\/en\/wp-json\/wp\/v2\/pages\/419","targetHints":{"allow":["GET"]}}],"collection":[{"href":"https:\/\/dancingboulevard.com\/en\/wp-json\/wp\/v2\/pages"}],"about":[{"href":"https:\/\/dancingboulevard.com\/en\/wp-json\/wp\/v2\/types\/page"}],"author":[{"embeddable":true,"href":"https:\/\/dancingboulevard.com\/en\/wp-json\/wp\/v2\/users\/1"}],"replies":[{"embeddable":true,"href":"https:\/\/dancingboulevard.com\/en\/wp-json\/wp\/v2\/comments?post=419"}],"version-history":[{"count":0,"href":"https:\/\/dancingboulevard.com\/en\/wp-json\/wp\/v2\/pages\/419\/revisions"}],"wp:attachment":[{"href":"https:\/\/dancingboulevard.com\/en\/wp-json\/wp\/v2\/media?parent=419"}],"curies":[{"name":"wp","href":"https:\/\/api.w.org\/{rel}","templated":true}]}}