{"id":349,"date":"2015-06-23T16:30:29","date_gmt":"2015-06-23T16:30:29","guid":{"rendered":"http:\/\/dancingboulevard.com\/?page_id=349"},"modified":"2021-08-26T13:44:59","modified_gmt":"2021-08-26T13:44:59","slug":"sevillanas","status":"publish","type":"page","link":"https:\/\/dancingboulevard.com\/en\/sevillanas\/","title":{"rendered":"Sevillanas"},"content":{"rendered":"<p>\u00bfAlguna vez te has planteado aprender a bailar Sevillanas? Conoce nuestros <a href=\"https:\/\/dancingboulevard.com\/en\/bailes-y-horarios\/\">horarios<\/a> y \u00a1dec\u00eddete!<\/p>\n<p><a href=\"https:\/\/dancingboulevard.com\/wp-content\/uploads\/2015\/06\/0_10329_1.jpg\"><img fetchpriority=\"high\" decoding=\"async\" class=\"aligncenter wp-image-355\" src=\"https:\/\/dancingboulevard.com\/wp-content\/uploads\/2015\/06\/0_10329_1.jpg\" alt=\"0_10329_1\" width=\"800\" height=\"533\" srcset=\"https:\/\/dancingboulevard.com\/wp-content\/uploads\/2015\/06\/0_10329_1.jpg 800w, https:\/\/dancingboulevard.com\/wp-content\/uploads\/2015\/06\/0_10329_1-300x200.jpg 300w, https:\/\/dancingboulevard.com\/wp-content\/uploads\/2015\/06\/0_10329_1-768x512.jpg 768w, https:\/\/dancingboulevard.com\/wp-content\/uploads\/2015\/06\/0_10329_1-360x240.jpg 360w\" sizes=\"(max-width: 800px) 100vw, 800px\" \/><\/a><\/p>\n<p>\u00a1No lo dudes mas! Esta es tu oportunidad.\u00a0\u00a1<a href=\"https:\/\/dancingboulevard.com\/en\/sevillanas\/\"><strong>Ll\u00e1manos al 634 125 052\u00a0y te informaremos!<\/strong><\/a><\/p>\n<p><strong>CLASES DE SEVILLANAS\u00a0PRINCIPIANTES<\/strong>, aprender\u00e1s las cuatro coplas de las sevillanas, con sus pasos, la colocaci\u00f3n del cuerpo y el braceo, el movimiento de las manos, la coordinaci\u00f3n y la memorizaci\u00f3n de toda la coreograf\u00eda.<\/p>\n<p><strong>PERFECCIONAMIENTO DE SEVILLANAS,\u00a0<\/strong>Esta clase es para quienes sepan bailar las cuatro coplas de las sevillanas y quieran adquirir el estilo flamenco y la mestr\u00eda musical<\/p>\n<p>Y para ir abriendo el apetito:<\/p>\n<p><iframe width=\"420\" height=\"315\" src=\"https:\/\/www.youtube.com\/embed\/KnBI6W8WzTo\" frameborder=\"0\" allowfullscreen=\"allowfullscreen\"><\/iframe><\/p>\n<p><iframe width=\"420\" height=\"315\" src=\"https:\/\/www.youtube.com\/embed\/Cyz1LwUlaDQ\" frameborder=\"0\" allowfullscreen=\"allowfullscreen\"><\/iframe><\/p>\n<p><a href=\"https:\/\/dancingboulevard.com\/wp-content\/uploads\/2015\/06\/SEVILLANAS_8.jpg\"><img decoding=\"async\" class=\"aligncenter wp-image-356\" src=\"https:\/\/dancingboulevard.com\/wp-content\/uploads\/2015\/06\/SEVILLANAS_8.jpg\" alt=\"SEVILLANAS\" width=\"802\" height=\"361\" srcset=\"https:\/\/dancingboulevard.com\/wp-content\/uploads\/2015\/06\/SEVILLANAS_8.jpg 1000w, https:\/\/dancingboulevard.com\/wp-content\/uploads\/2015\/06\/SEVILLANAS_8-300x135.jpg 300w, https:\/\/dancingboulevard.com\/wp-content\/uploads\/2015\/06\/SEVILLANAS_8-768x346.jpg 768w\" sizes=\"(max-width: 802px) 100vw, 802px\" \/><\/a><\/p>\n<p>\u00a1Ven a conocer a nuestra profesora Beatriz Martin-Caro Mateos! \u00a1La profesora con m\u00e1s arte de todo Madrid!<\/p>\n<p><a href=\"https:\/\/dancingboulevard.com\/wp-content\/uploads\/2015\/06\/IMG_7089.jpg\"><img decoding=\"async\" class=\"aligncenter wp-image-369\" src=\"https:\/\/dancingboulevard.com\/wp-content\/uploads\/2015\/06\/IMG_7089.jpg\" alt=\"IMG_7089\" width=\"801\" height=\"1068\" \/><\/a><a href=\"https:\/\/dancingboulevard.com\/wp-content\/uploads\/2015\/06\/IMG_7090.jpg\"><img loading=\"lazy\" decoding=\"async\" class=\"aligncenter wp-image-370\" src=\"https:\/\/dancingboulevard.com\/wp-content\/uploads\/2015\/06\/IMG_7090.jpg\" alt=\"IMG_7090\" width=\"801\" height=\"1068\" srcset=\"https:\/\/dancingboulevard.com\/wp-content\/uploads\/2015\/06\/IMG_7090.jpg 960w, https:\/\/dancingboulevard.com\/wp-content\/uploads\/2015\/06\/IMG_7090-225x300.jpg 225w, https:\/\/dancingboulevard.com\/wp-content\/uploads\/2015\/06\/IMG_7090-768x1024.jpg 768w\" sizes=\"(max-width: 801px) 100vw, 801px\" \/><\/a><a href=\"https:\/\/dancingboulevard.com\/wp-content\/uploads\/2015\/06\/IMG_7091.jpg\"><img loading=\"lazy\" decoding=\"async\" class=\"aligncenter wp-image-371\" src=\"https:\/\/dancingboulevard.com\/wp-content\/uploads\/2015\/06\/IMG_7091.jpg\" alt=\"IMG_7091\" width=\"801\" height=\"1068\" srcset=\"https:\/\/dancingboulevard.com\/wp-content\/uploads\/2015\/06\/IMG_7091.jpg 960w, https:\/\/dancingboulevard.com\/wp-content\/uploads\/2015\/06\/IMG_7091-225x300.jpg 225w, https:\/\/dancingboulevard.com\/wp-content\/uploads\/2015\/06\/IMG_7091-768x1024.jpg 768w\" sizes=\"(max-width: 801px) 100vw, 801px\" \/><\/a><\/p>\n<p><a href=\"https:\/\/dancingboulevard.com\/en\/bodas\/\">Y recuerda, si planeas una boda con un toque especial tambi\u00e9n puedes contactar con nosotros para hacerla inolvidable para todos pinchando aqu\u00ed!<\/a><\/p>\n<p><a href=\"https:\/\/dancingboulevard.com\/en\/bodas\/\"><img loading=\"lazy\" decoding=\"async\" class=\"aligncenter size-full wp-image-357\" src=\"https:\/\/dancingboulevard.com\/wp-content\/uploads\/2015\/06\/baile_de_sevillanas_en_la_feria_de_sevilla_espana__507365_t0.jpg\" alt=\"Boda Sevillana\" width=\"320\" height=\"260\" srcset=\"https:\/\/dancingboulevard.com\/wp-content\/uploads\/2015\/06\/baile_de_sevillanas_en_la_feria_de_sevilla_espana__507365_t0.jpg 320w, https:\/\/dancingboulevard.com\/wp-content\/uploads\/2015\/06\/baile_de_sevillanas_en_la_feria_de_sevilla_espana__507365_t0-300x244.jpg 300w\" sizes=\"(max-width: 320px) 100vw, 320px\" \/><\/a><\/p>\n<p>Accede a nuestra informaci\u00f3n de contacto y ll\u00e1manos para informarte <a href=\"https:\/\/dancingboulevard.com\/en\/contacto\/\">aqu\u00ed.<\/a><\/p>\n<p>Si quieres comprar vestimenta flamenca:<\/p>\n<p><a href=\"http:\/\/www.vestidosdesevillanas.com\/\">http:\/\/www.vestidosdesevillanas.com\/<\/a><\/p>\n<p>Os dejamos la ubicaci\u00f3n de una tienda \u00ab<em>de toda la vida\u00bb<\/em> que descubrimos, en Madrid, muy recomendable para comprar ropa flamenca y de sevillanas:<\/p>\n<p><a href=\"https:\/\/goo.gl\/maps\/F9aqMak4TpQTjsH86\">https:\/\/goo.gl\/maps\/F9aqMak4TpQTjsH86<\/a><\/p>","protected":false},"excerpt":{"rendered":"<p>\u00bfAlguna vez te has planteado aprender a bailar Sevillanas? Conoce nuestros horarios y \u00a1dec\u00eddete! \u00a1No lo dudes mas! Esta es tu oportunidad.\u00a0\u00a1Ll\u00e1manos al 634 125 052\u00a0y te informaremos! CLASES DE SEVILLANAS\u00a0PRINCIPIANTES, aprender\u00e1s las cuatro coplas de las sevillanas, con sus pasos, la colocaci\u00f3n del cuerpo y el braceo, el movimiento [&hellip;]<\/p>\n","protected":false},"author":1,"featured_media":0,"parent":0,"menu_order":0,"comment_status":"closed","ping_status":"closed","template":"","meta":{"footnotes":"","_links_to":"","_links_to_target":""},"class_list":["post-349","page","type-page","status-publish","hentry"],"yoast_head":"<!-- This site is optimized with the Yoast SEO plugin v26.8 - https:\/\/yoast.com\/product\/yoast-seo-wordpress\/ -->\n<title>Aprende a Bailar Sevillanas - Dancing Boulevard<\/title>\n<meta name=\"description\" content=\"En 4 meses aprende a bailar Sevillanas. Paga 3 y te regalamos el cuarto!\" \/>\n<meta name=\"robots\" content=\"index, follow, max-snippet:-1, max-image-preview:large, max-video-preview:-1\" \/>\n<link rel=\"canonical\" href=\"https:\/\/dancingboulevard.com\/en\/sevillanas\/\" \/>\n<meta property=\"og:locale\" content=\"en_US\" \/>\n<meta property=\"og:type\" content=\"article\" \/>\n<meta property=\"og:title\" content=\"Aprende a Bailar Sevillanas - Dancing Boulevard\" \/>\n<meta property=\"og:description\" content=\"En 4 meses aprende a bailar Sevillanas. Paga 3 y te regalamos el cuarto!\" \/>\n<meta property=\"og:url\" content=\"https:\/\/dancingboulevard.com\/en\/sevillanas\/\" \/>\n<meta property=\"og:site_name\" content=\"Dancing Boulevard\" \/>\n<meta property=\"article:publisher\" content=\"https:\/\/www.facebook.com\/pages\/Dancing-Boulevard\/1425357731107040?fref=ts\" \/>\n<meta property=\"article:modified_time\" content=\"2021-08-26T13:44:59+00:00\" \/>\n<meta property=\"og:image\" content=\"https:\/\/dancingboulevard.com\/wp-content\/uploads\/2015\/06\/0_10329_1.jpg\" \/>\n<meta name=\"twitter:card\" content=\"summary_large_image\" \/>\n<meta name=\"twitter:label1\" content=\"Est. reading time\" \/>\n\t<meta name=\"twitter:data1\" content=\"2 minutes\" \/>\n<!-- \/ Yoast SEO plugin. -->","yoast_head_json":{"title":"Aprende a Bailar Sevillanas - Dancing Boulevard","description":"En 4 meses aprende a bailar Sevillanas. Paga 3 y te regalamos el cuarto!","robots":{"index":"index","follow":"follow","max-snippet":"max-snippet:-1","max-image-preview":"max-image-preview:large","max-video-preview":"max-video-preview:-1"},"canonical":"https:\/\/dancingboulevard.com\/en\/sevillanas\/","og_locale":"en_US","og_type":"article","og_title":"Aprende a Bailar Sevillanas - Dancing Boulevard","og_description":"En 4 meses aprende a bailar Sevillanas. Paga 3 y te regalamos el cuarto!","og_url":"https:\/\/dancingboulevard.com\/en\/sevillanas\/","og_site_name":"Dancing Boulevard","article_publisher":"https:\/\/www.facebook.com\/pages\/Dancing-Boulevard\/1425357731107040?fref=ts","article_modified_time":"2021-08-26T13:44:59+00:00","og_image":[{"url":"https:\/\/dancingboulevard.com\/wp-content\/uploads\/2015\/06\/0_10329_1.jpg","type":"","width":"","height":""}],"twitter_card":"summary_large_image","twitter_misc":{"Est. reading time":"2 minutes"},"schema":{"@context":"https:\/\/schema.org","@graph":[{"@type":"WebPage","@id":"https:\/\/dancingboulevard.com\/sevillanas\/","url":"https:\/\/dancingboulevard.com\/sevillanas\/","name":"Aprende a Bailar Sevillanas - Dancing Boulevard","isPartOf":{"@id":"https:\/\/dancingboulevard.com\/#website"},"primaryImageOfPage":{"@id":"https:\/\/dancingboulevard.com\/sevillanas\/#primaryimage"},"image":{"@id":"https:\/\/dancingboulevard.com\/sevillanas\/#primaryimage"},"thumbnailUrl":"https:\/\/dancingboulevard.com\/wp-content\/uploads\/2015\/06\/0_10329_1.jpg","datePublished":"2015-06-23T16:30:29+00:00","dateModified":"2021-08-26T13:44:59+00:00","description":"En 4 meses aprende a bailar Sevillanas. Paga 3 y te regalamos el cuarto!","breadcrumb":{"@id":"https:\/\/dancingboulevard.com\/sevillanas\/#breadcrumb"},"inLanguage":"en-US","potentialAction":[{"@type":"ReadAction","target":["https:\/\/dancingboulevard.com\/sevillanas\/"]}]},{"@type":"ImageObject","inLanguage":"en-US","@id":"https:\/\/dancingboulevard.com\/sevillanas\/#primaryimage","url":"https:\/\/dancingboulevard.com\/wp-content\/uploads\/2015\/06\/0_10329_1.jpg","contentUrl":"https:\/\/dancingboulevard.com\/wp-content\/uploads\/2015\/06\/0_10329_1.jpg"},{"@type":"BreadcrumbList","@id":"https:\/\/dancingboulevard.com\/sevillanas\/#breadcrumb","itemListElement":[{"@type":"ListItem","position":1,"name":"Portada","item":"https:\/\/dancingboulevard.com\/"},{"@type":"ListItem","position":2,"name":"Sevillanas"}]},{"@type":"WebSite","@id":"https:\/\/dancingboulevard.com\/#website","url":"https:\/\/dancingboulevard.com\/","name":"Dancing Boulevard","description":"ESCUELA DE BAILE","publisher":{"@id":"https:\/\/dancingboulevard.com\/#organization"},"potentialAction":[{"@type":"SearchAction","target":{"@type":"EntryPoint","urlTemplate":"https:\/\/dancingboulevard.com\/?s={search_term_string}"},"query-input":{"@type":"PropertyValueSpecification","valueRequired":true,"valueName":"search_term_string"}}],"inLanguage":"en-US"},{"@type":"Organization","@id":"https:\/\/dancingboulevard.com\/#organization","name":"Dancing Boulevard","url":"https:\/\/dancingboulevard.com\/","logo":{"@type":"ImageObject","inLanguage":"en-US","@id":"https:\/\/dancingboulevard.com\/#\/schema\/logo\/image\/","url":"https:\/\/dancingboulevard.com\/wp-content\/uploads\/2020\/04\/DancinBoulevard.png","contentUrl":"https:\/\/dancingboulevard.com\/wp-content\/uploads\/2020\/04\/DancinBoulevard.png","width":1990,"height":803,"caption":"Dancing Boulevard"},"image":{"@id":"https:\/\/dancingboulevard.com\/#\/schema\/logo\/image\/"},"sameAs":["https:\/\/www.facebook.com\/pages\/Dancing-Boulevard\/1425357731107040?fref=ts","https:\/\/www.instagram.com\/dancingboulevard\/"]}]}},"_links":{"self":[{"href":"https:\/\/dancingboulevard.com\/en\/wp-json\/wp\/v2\/pages\/349","targetHints":{"allow":["GET"]}}],"collection":[{"href":"https:\/\/dancingboulevard.com\/en\/wp-json\/wp\/v2\/pages"}],"about":[{"href":"https:\/\/dancingboulevard.com\/en\/wp-json\/wp\/v2\/types\/page"}],"author":[{"embeddable":true,"href":"https:\/\/dancingboulevard.com\/en\/wp-json\/wp\/v2\/users\/1"}],"replies":[{"embeddable":true,"href":"https:\/\/dancingboulevard.com\/en\/wp-json\/wp\/v2\/comments?post=349"}],"version-history":[{"count":0,"href":"https:\/\/dancingboulevard.com\/en\/wp-json\/wp\/v2\/pages\/349\/revisions"}],"wp:attachment":[{"href":"https:\/\/dancingboulevard.com\/en\/wp-json\/wp\/v2\/media?parent=349"}],"curies":[{"name":"wp","href":"https:\/\/api.w.org\/{rel}","templated":true}]}}