{"id":3003,"date":"2020-03-30T16:30:26","date_gmt":"2020-03-30T16:30:26","guid":{"rendered":"http:\/\/dancingboulevard.com\/?page_id=3003"},"modified":"2025-04-04T12:43:54","modified_gmt":"2025-04-04T12:43:54","slug":"ropa-clases-salsa","status":"publish","type":"page","link":"https:\/\/dancingboulevard.com\/en\/ropa-clases-salsa\/","title":{"rendered":"Ropa para Clases de salsa \u00bfQu\u00e9 ropa usar?"},"content":{"rendered":"<div data-elementor-type=\"wp-post\" data-elementor-id=\"3003\" class=\"elementor elementor-3003\">\n\t\t\t\t\t\t<section class=\"elementor-section elementor-top-section elementor-element elementor-element-0c287fc elementor-section-boxed elementor-section-height-default elementor-section-height-default\" data-id=\"0c287fc\" data-element_type=\"section\" data-e-type=\"section\">\n\t\t\t\t\t\t<div class=\"elementor-container elementor-column-gap-default\">\n\t\t\t\t\t<div class=\"elementor-column elementor-col-100 elementor-top-column elementor-element elementor-element-0340b34\" data-id=\"0340b34\" data-element_type=\"column\" data-e-type=\"column\">\n\t\t\t<div class=\"elementor-widget-wrap elementor-element-populated\">\n\t\t\t\t\t\t<div class=\"elementor-element elementor-element-8ae9770 elementor-widget elementor-widget-heading\" data-id=\"8ae9770\" data-element_type=\"widget\" data-e-type=\"widget\" data-widget_type=\"heading.default\">\n\t\t\t\t<div class=\"elementor-widget-container\">\n\t\t\t\t\t<h2 class=\"elementor-heading-title elementor-size-default\">ROPA PARA CLASES DE SALSA<\/h2>\t\t\t\t<\/div>\n\t\t\t\t<\/div>\n\t\t\t\t\t<\/div>\n\t\t<\/div>\n\t\t\t\t\t<\/div>\n\t\t<\/section>\n\t\t\t\t<section class=\"elementor-section elementor-top-section elementor-element elementor-element-fb9b5d9 elementor-section-boxed elementor-section-height-default elementor-section-height-default\" data-id=\"fb9b5d9\" data-element_type=\"section\" data-e-type=\"section\">\n\t\t\t\t\t\t<div class=\"elementor-container elementor-column-gap-default\">\n\t\t\t\t\t<div class=\"elementor-column elementor-col-50 elementor-top-column elementor-element elementor-element-b21b397\" data-id=\"b21b397\" data-element_type=\"column\" data-e-type=\"column\">\n\t\t\t<div class=\"elementor-widget-wrap elementor-element-populated\">\n\t\t\t\t\t\t<div class=\"elementor-element elementor-element-6d6dda4 elementor-widget elementor-widget-text-editor\" data-id=\"6d6dda4\" data-element_type=\"widget\" data-e-type=\"widget\" data-widget_type=\"text-editor.default\">\n\t\t\t\t<div class=\"elementor-widget-container\">\n\t\t\t\t\t\t\t\t\t<p>\u00bf QUE TIPO DE ROPA DEBO LLEVAR EN MI PRIMERA <a href=\"http:\/\/dancingboulevard.com\/en\/clases-de-salsa\/\">CLASE DE SALSA<\/a>? \u00bf O EN MI PRIMERA CLASE DE BAILE?<\/p>\t\t\t\t\t\t\t\t<\/div>\n\t\t\t\t<\/div>\n\t\t\t\t\t<\/div>\n\t\t<\/div>\n\t\t\t\t<div class=\"elementor-column elementor-col-50 elementor-top-column elementor-element elementor-element-57cea73\" data-id=\"57cea73\" data-element_type=\"column\" data-e-type=\"column\">\n\t\t\t<div class=\"elementor-widget-wrap elementor-element-populated\">\n\t\t\t\t\t\t<div class=\"elementor-element elementor-element-8cbf2c3 elementor-widget elementor-widget-image\" data-id=\"8cbf2c3\" data-element_type=\"widget\" data-e-type=\"widget\" data-widget_type=\"image.default\">\n\t\t\t\t<div class=\"elementor-widget-container\">\n\t\t\t\t\t\t\t\t\t\t\t\t\t\t\t<img fetchpriority=\"high\" decoding=\"async\" width=\"400\" height=\"599\" src=\"https:\/\/dancingboulevard.com\/wp-content\/uploads\/2020\/03\/alexandra-gorn-WF0LSThlRmw-unsplash_opt.jpg\" class=\"attachment-large size-large wp-image-3007\" alt=\"\" srcset=\"https:\/\/dancingboulevard.com\/wp-content\/uploads\/2020\/03\/alexandra-gorn-WF0LSThlRmw-unsplash_opt.jpg 400w, https:\/\/dancingboulevard.com\/wp-content\/uploads\/2020\/03\/alexandra-gorn-WF0LSThlRmw-unsplash_opt-200x300.jpg 200w\" sizes=\"(max-width: 400px) 100vw, 400px\" \/>\t\t\t\t\t\t\t\t\t\t\t\t\t\t\t<\/div>\n\t\t\t\t<\/div>\n\t\t\t\t\t<\/div>\n\t\t<\/div>\n\t\t\t\t\t<\/div>\n\t\t<\/section>\n\t\t\t\t<section class=\"elementor-section elementor-top-section elementor-element elementor-element-ba2a3e4 elementor-section-boxed elementor-section-height-default elementor-section-height-default\" data-id=\"ba2a3e4\" data-element_type=\"section\" data-e-type=\"section\">\n\t\t\t\t\t\t<div class=\"elementor-container elementor-column-gap-default\">\n\t\t\t\t\t<div class=\"elementor-column elementor-col-100 elementor-top-column elementor-element elementor-element-f16896c\" data-id=\"f16896c\" data-element_type=\"column\" data-e-type=\"column\">\n\t\t\t<div class=\"elementor-widget-wrap elementor-element-populated\">\n\t\t\t\t\t\t<div class=\"elementor-element elementor-element-fd98af6 elementor-widget elementor-widget-text-editor\" data-id=\"fd98af6\" data-element_type=\"widget\" data-e-type=\"widget\" data-widget_type=\"text-editor.default\">\n\t\t\t\t<div class=\"elementor-widget-container\">\n\t\t\t\t\t\t\t\t\t<h2 align=\"left\">Aconsejamos<\/h2>\n<p>\nLa primera palabra que me viene a la cabeza para contestar a estas dos preguntas y en base a nuestra experiencia, es f\u00e1cil, <strong>Ropa c\u00f3moda<\/strong> ante todo. Una vez dicho esto, que es la base y lo mas importante, especificamos para por ejemplo clases salsa o bachata:<\/p>\n\n<p>\nEn concreto para las clases de ritmos latinos, ya sea salsa, bachata o incluso zumba, en el caso de las mujeres suelen ir vestidas con <strong>leggins<\/strong>, camiseta de manga corta debajo de un jersey o sudadera ( por si a lo largo de la clase hay que quit\u00e1rselo, ya que la temperatura corporal con el ejercicio aumenta) y zapatilla deportiva para comenzar.<\/p>\n\n\u00bfPorque decimos para comenzar?\u00a0 En el caso de zumba, la zapatilla siempre ha de ser deportiva, ya que zumba siempre sera una combinaci\u00f3n de baile y ejercicio.\n\nEn el caso de la salsa o la bachata, al ser solo baile, tiene una formaci\u00f3n t\u00e9cnica y para comenzar es bueno sentirse seguro con un zapato bajo, como puede ser una zapatilla c\u00f3moda, pero cuando comienzas a avanzar y tener mas base, es muy aconsejable comprar un <strong>zapato de baile<\/strong>. El zapato de baile, tiene una base deslizante (son como bases de fieltro aunque actualmente hacen algunas con un material parecido al pl\u00e1stico visualmente pero deslizante totalmente) , preparada como su nombre dice para deslizarse por el suelo, al girar y bailar y produce, poco sufrimiento a las rodillas, evita lesiones, mejora el equilibrio, aporta ejercicio y esculpe las piernas. Al tener mas base, aprendemos figuras, posiciones, mas complejas y es importante no lesionarse con un buen zapato.\n\nTambi\u00e9n aconsejamos para la <strong>primera compra<\/strong> de zapatos de baile, que los compr\u00e9is bajitos ( tac\u00f3n bajito)\u00a0 Hay tres alturas de tac\u00f3n, generalmente, 5.5 cm, 7 cm, y 10 cm. Para la primera compra os aconsejamos de 5,5 cm. Hay mujeres que no suelen usar tacones en su vida cotidiana, por lo que no est\u00e1n acostumbradas a caminar con tac\u00f3n as\u00ed que imaginaros bailar&#8230;&#8230;.., por lo que es una decisi\u00f3n correcta comenzar con tac\u00f3n bajo a aprender para controlarlos.\n\nPara aquellas mujeres que est\u00e9n acostumbradas a caminar con tac\u00f3n en sus vidas cotidianas, igualmente les aconsejamos comenzar por 5,5 cm. Bailar no es lo mismo que caminar, mejor comenzar la casa por el tejado. Sabemos que los tacones mas altos nos hacen una figura preciosa y tan bonita que cuesta resistirse&#8230;nos ha pasado a todas, pero es mejor comenzar por uno bajo y en cuanto ese le manejemos bien, a por el siguiente nivel, a comprarnos uno de 7 cm.\t\t\t\t\t\t\t\t<\/div>\n\t\t\t\t<\/div>\n\t\t\t\t\t<\/div>\n\t\t<\/div>\n\t\t\t\t\t<\/div>\n\t\t<\/section>\n\t\t\t\t<section class=\"elementor-section elementor-top-section elementor-element elementor-element-42085f4 elementor-section-boxed elementor-section-height-default elementor-section-height-default\" data-id=\"42085f4\" data-element_type=\"section\" data-e-type=\"section\">\n\t\t\t\t\t\t<div class=\"elementor-container elementor-column-gap-default\">\n\t\t\t\t\t<div class=\"elementor-column elementor-col-50 elementor-top-column elementor-element elementor-element-a0b1871\" data-id=\"a0b1871\" data-element_type=\"column\" data-e-type=\"column\">\n\t\t\t<div class=\"elementor-widget-wrap elementor-element-populated\">\n\t\t\t\t\t\t<div class=\"elementor-element elementor-element-d2cf71a elementor-widget elementor-widget-image\" data-id=\"d2cf71a\" data-element_type=\"widget\" data-e-type=\"widget\" data-widget_type=\"image.default\">\n\t\t\t\t<div class=\"elementor-widget-container\">\n\t\t\t\t\t\t\t\t\t\t\t\t\t\t\t<img decoding=\"async\" width=\"400\" height=\"473\" src=\"https:\/\/dancingboulevard.com\/wp-content\/uploads\/2020\/03\/thomas-biasetto-wWeQfc73-fU-unsplash_opt.jpg\" class=\"attachment-large size-large wp-image-3006\" alt=\"\" srcset=\"https:\/\/dancingboulevard.com\/wp-content\/uploads\/2020\/03\/thomas-biasetto-wWeQfc73-fU-unsplash_opt.jpg 400w, https:\/\/dancingboulevard.com\/wp-content\/uploads\/2020\/03\/thomas-biasetto-wWeQfc73-fU-unsplash_opt-254x300.jpg 254w\" sizes=\"(max-width: 400px) 100vw, 400px\" \/>\t\t\t\t\t\t\t\t\t\t\t\t\t\t\t<\/div>\n\t\t\t\t<\/div>\n\t\t\t\t\t<\/div>\n\t\t<\/div>\n\t\t\t\t<div class=\"elementor-column elementor-col-50 elementor-top-column elementor-element elementor-element-45bdaf5\" data-id=\"45bdaf5\" data-element_type=\"column\" data-e-type=\"column\">\n\t\t\t<div class=\"elementor-widget-wrap elementor-element-populated\">\n\t\t\t\t\t\t<div class=\"elementor-element elementor-element-5dbae39 elementor-widget elementor-widget-image\" data-id=\"5dbae39\" data-element_type=\"widget\" data-e-type=\"widget\" data-widget_type=\"image.default\">\n\t\t\t\t<div class=\"elementor-widget-container\">\n\t\t\t\t\t\t\t\t\t\t\t\t\t\t\t<img decoding=\"async\" width=\"400\" height=\"500\" src=\"https:\/\/dancingboulevard.com\/wp-content\/uploads\/2020\/03\/creaslim-OeSfEElpVf8-unsplash_opt.jpg\" class=\"attachment-large size-large wp-image-3008\" alt=\"\" srcset=\"https:\/\/dancingboulevard.com\/wp-content\/uploads\/2020\/03\/creaslim-OeSfEElpVf8-unsplash_opt.jpg 400w, https:\/\/dancingboulevard.com\/wp-content\/uploads\/2020\/03\/creaslim-OeSfEElpVf8-unsplash_opt-240x300.jpg 240w\" sizes=\"(max-width: 400px) 100vw, 400px\" \/>\t\t\t\t\t\t\t\t\t\t\t\t\t\t\t<\/div>\n\t\t\t\t<\/div>\n\t\t\t\t\t<\/div>\n\t\t<\/div>\n\t\t\t\t\t<\/div>\n\t\t<\/section>\n\t\t\t\t<section class=\"elementor-section elementor-top-section elementor-element elementor-element-9626fce elementor-section-boxed elementor-section-height-default elementor-section-height-default\" data-id=\"9626fce\" data-element_type=\"section\" data-e-type=\"section\">\n\t\t\t\t\t\t<div class=\"elementor-container elementor-column-gap-default\">\n\t\t\t\t\t<div class=\"elementor-column elementor-col-100 elementor-top-column elementor-element elementor-element-2dad691\" data-id=\"2dad691\" data-element_type=\"column\" data-e-type=\"column\">\n\t\t\t<div class=\"elementor-widget-wrap elementor-element-populated\">\n\t\t\t\t\t\t<div class=\"elementor-element elementor-element-4ad697e elementor-widget elementor-widget-text-editor\" data-id=\"4ad697e\" data-element_type=\"widget\" data-e-type=\"widget\" data-widget_type=\"text-editor.default\">\n\t\t\t\t<div class=\"elementor-widget-container\">\n\t\t\t\t\t\t\t\t\t<p>En el caso de los hombres, b\u00e1sicamente es lo mismo. Los chicos suelen ir a las clases o con <strong>chandal o jeans<\/strong> en la parte de abajo y en la parte de arriba es aconsejable camisera de manga corta y zapatillas de deporte.<\/p><p>En las escuelas de baile hay vestuarios para poder cambiarse, por lo que ya que sabemos que muchos de los alumnos vienen directamente desde sus trabajos, con trajes, camisas, vestidos, tacones, etc, siempre les aconsejamos, que se cambien antes de entrar en sus clases y se pongan esa ropa c\u00f3moda y aconsejable para sus clases.<\/p><p>Incluso, hay personas, que sobre todo en invierno, traen un cambio mas de camiseta y cuando terminan las clases se la cambian, para al salir a la calle no coger fri\u00f3. Hay que ser previsores.<\/p><p>En el caso de los zapatos de baile para hombre, aconsejamos que al principio es bueno comenzar con zapato c\u00f3modo, deportivo, pero cuando su base de baile aumente es aconsejable adquirir un <strong>zapato de baile<\/strong> que facilite el deslizar por el suelo, y as\u00ed evitar lesiones. Actualmente los zapatos de baile de caballero han dado un giro muy moderno y novedoso y ya no se fabrican los t\u00edpicos modelos antiguos que llevaban como una especie de tac\u00f3n cuadrado. Ahora mismo son como zapatillas deportivas en apariencia, muy bonitas, con dise\u00f1os muy actuales, pero con la suela deslizante que coment\u00e1bamos.\u00a0<\/p>\t\t\t\t\t\t\t\t<\/div>\n\t\t\t\t<\/div>\n\t\t\t\t\t<\/div>\n\t\t<\/div>\n\t\t\t\t\t<\/div>\n\t\t<\/section>\n\t\t\t\t<\/div>","protected":false},"excerpt":{"rendered":"<p>ROPA PARA CLASES DE SALSA \u00bf QUE TIPO DE ROPA DEBO LLEVAR EN MI PRIMERA CLASE DE SALSA? \u00bf O EN MI PRIMERA CLASE DE BAILE? Aconsejamos La primera palabra que me viene a la cabeza para contestar a estas dos preguntas y en base a nuestra experiencia, es f\u00e1cil, [&hellip;]<\/p>\n","protected":false},"author":1,"featured_media":21564,"parent":0,"menu_order":0,"comment_status":"closed","ping_status":"closed","template":"","meta":{"footnotes":"","_links_to":"","_links_to_target":""},"class_list":["post-3003","page","type-page","status-publish","has-post-thumbnail","hentry"],"yoast_head":"<!-- This site is optimized with the Yoast SEO plugin v26.8 - https:\/\/yoast.com\/product\/yoast-seo-wordpress\/ -->\n<title>Ropa para Clases de salsa \u00bfQu\u00e9 ropa usar? - Dancing Boulevard - Te aconsejamos<\/title>\n<meta name=\"description\" content=\"Ropa clases salsa. Te ayudamos con esas dudas que a todos nos asaltan en nuestras primeras clases de baile, que ropa usar, que zapatos...\" \/>\n<meta name=\"robots\" content=\"index, follow, max-snippet:-1, max-image-preview:large, max-video-preview:-1\" \/>\n<link rel=\"canonical\" href=\"https:\/\/dancingboulevard.com\/en\/ropa-clases-salsa\/\" \/>\n<meta property=\"og:locale\" content=\"en_US\" \/>\n<meta property=\"og:type\" content=\"article\" \/>\n<meta property=\"og:title\" content=\"Ropa para Clases de salsa \u00bfQu\u00e9 ropa usar? - Dancing Boulevard - Te aconsejamos\" \/>\n<meta property=\"og:description\" content=\"Ropa clases salsa. Te ayudamos con esas dudas que a todos nos asaltan en nuestras primeras clases de baile, que ropa usar, que zapatos...\" \/>\n<meta property=\"og:url\" content=\"https:\/\/dancingboulevard.com\/en\/ropa-clases-salsa\/\" \/>\n<meta property=\"og:site_name\" content=\"Dancing Boulevard\" \/>\n<meta property=\"article:publisher\" content=\"https:\/\/www.facebook.com\/pages\/Dancing-Boulevard\/1425357731107040?fref=ts\" \/>\n<meta property=\"article:modified_time\" content=\"2025-04-04T12:43:54+00:00\" \/>\n<meta property=\"og:image\" content=\"https:\/\/dancingboulevard.com\/wp-content\/uploads\/2024\/12\/2149587548.jpg\" \/>\n\t<meta property=\"og:image:width\" content=\"1500\" \/>\n\t<meta property=\"og:image:height\" content=\"1000\" \/>\n\t<meta property=\"og:image:type\" content=\"image\/jpeg\" \/>\n<meta name=\"twitter:card\" content=\"summary_large_image\" \/>\n<meta name=\"twitter:label1\" content=\"Est. reading time\" \/>\n\t<meta name=\"twitter:data1\" content=\"3 minutes\" \/>\n<!-- \/ Yoast SEO plugin. -->","yoast_head_json":{"title":"Ropa para Clases de salsa \u00bfQu\u00e9 ropa usar? - Dancing Boulevard - Te aconsejamos","description":"Ropa clases salsa. Te ayudamos con esas dudas que a todos nos asaltan en nuestras primeras clases de baile, que ropa usar, que zapatos...","robots":{"index":"index","follow":"follow","max-snippet":"max-snippet:-1","max-image-preview":"max-image-preview:large","max-video-preview":"max-video-preview:-1"},"canonical":"https:\/\/dancingboulevard.com\/en\/ropa-clases-salsa\/","og_locale":"en_US","og_type":"article","og_title":"Ropa para Clases de salsa \u00bfQu\u00e9 ropa usar? - Dancing Boulevard - Te aconsejamos","og_description":"Ropa clases salsa. Te ayudamos con esas dudas que a todos nos asaltan en nuestras primeras clases de baile, que ropa usar, que zapatos...","og_url":"https:\/\/dancingboulevard.com\/en\/ropa-clases-salsa\/","og_site_name":"Dancing Boulevard","article_publisher":"https:\/\/www.facebook.com\/pages\/Dancing-Boulevard\/1425357731107040?fref=ts","article_modified_time":"2025-04-04T12:43:54+00:00","og_image":[{"width":1500,"height":1000,"url":"https:\/\/dancingboulevard.com\/wp-content\/uploads\/2024\/12\/2149587548.jpg","type":"image\/jpeg"}],"twitter_card":"summary_large_image","twitter_misc":{"Est. reading time":"3 minutes"},"schema":{"@context":"https:\/\/schema.org","@graph":[{"@type":"WebPage","@id":"https:\/\/dancingboulevard.com\/ropa-clases-salsa\/","url":"https:\/\/dancingboulevard.com\/ropa-clases-salsa\/","name":"Ropa para Clases de salsa \u00bfQu\u00e9 ropa usar? - Dancing Boulevard - Te aconsejamos","isPartOf":{"@id":"https:\/\/dancingboulevard.com\/#website"},"primaryImageOfPage":{"@id":"https:\/\/dancingboulevard.com\/ropa-clases-salsa\/#primaryimage"},"image":{"@id":"https:\/\/dancingboulevard.com\/ropa-clases-salsa\/#primaryimage"},"thumbnailUrl":"https:\/\/dancingboulevard.com\/wp-content\/uploads\/2024\/12\/2149587548.jpg","datePublished":"2020-03-30T16:30:26+00:00","dateModified":"2025-04-04T12:43:54+00:00","description":"Ropa clases salsa. Te ayudamos con esas dudas que a todos nos asaltan en nuestras primeras clases de baile, que ropa usar, que zapatos...","breadcrumb":{"@id":"https:\/\/dancingboulevard.com\/ropa-clases-salsa\/#breadcrumb"},"inLanguage":"en-US","potentialAction":[{"@type":"ReadAction","target":["https:\/\/dancingboulevard.com\/ropa-clases-salsa\/"]}]},{"@type":"ImageObject","inLanguage":"en-US","@id":"https:\/\/dancingboulevard.com\/ropa-clases-salsa\/#primaryimage","url":"https:\/\/dancingboulevard.com\/wp-content\/uploads\/2024\/12\/2149587548.jpg","contentUrl":"https:\/\/dancingboulevard.com\/wp-content\/uploads\/2024\/12\/2149587548.jpg","width":1500,"height":1000,"caption":"salsa bachata y kizomba"},{"@type":"BreadcrumbList","@id":"https:\/\/dancingboulevard.com\/ropa-clases-salsa\/#breadcrumb","itemListElement":[{"@type":"ListItem","position":1,"name":"Portada","item":"https:\/\/dancingboulevard.com\/"},{"@type":"ListItem","position":2,"name":"Ropa para Clases de salsa \u00bfQu\u00e9 ropa usar?"}]},{"@type":"WebSite","@id":"https:\/\/dancingboulevard.com\/#website","url":"https:\/\/dancingboulevard.com\/","name":"Dancing Boulevard","description":"ESCUELA DE BAILE","publisher":{"@id":"https:\/\/dancingboulevard.com\/#organization"},"potentialAction":[{"@type":"SearchAction","target":{"@type":"EntryPoint","urlTemplate":"https:\/\/dancingboulevard.com\/?s={search_term_string}"},"query-input":{"@type":"PropertyValueSpecification","valueRequired":true,"valueName":"search_term_string"}}],"inLanguage":"en-US"},{"@type":"Organization","@id":"https:\/\/dancingboulevard.com\/#organization","name":"Dancing Boulevard","url":"https:\/\/dancingboulevard.com\/","logo":{"@type":"ImageObject","inLanguage":"en-US","@id":"https:\/\/dancingboulevard.com\/#\/schema\/logo\/image\/","url":"https:\/\/dancingboulevard.com\/wp-content\/uploads\/2020\/04\/DancinBoulevard.png","contentUrl":"https:\/\/dancingboulevard.com\/wp-content\/uploads\/2020\/04\/DancinBoulevard.png","width":1990,"height":803,"caption":"Dancing Boulevard"},"image":{"@id":"https:\/\/dancingboulevard.com\/#\/schema\/logo\/image\/"},"sameAs":["https:\/\/www.facebook.com\/pages\/Dancing-Boulevard\/1425357731107040?fref=ts","https:\/\/www.instagram.com\/dancingboulevard\/"]}]}},"_links":{"self":[{"href":"https:\/\/dancingboulevard.com\/en\/wp-json\/wp\/v2\/pages\/3003","targetHints":{"allow":["GET"]}}],"collection":[{"href":"https:\/\/dancingboulevard.com\/en\/wp-json\/wp\/v2\/pages"}],"about":[{"href":"https:\/\/dancingboulevard.com\/en\/wp-json\/wp\/v2\/types\/page"}],"author":[{"embeddable":true,"href":"https:\/\/dancingboulevard.com\/en\/wp-json\/wp\/v2\/users\/1"}],"replies":[{"embeddable":true,"href":"https:\/\/dancingboulevard.com\/en\/wp-json\/wp\/v2\/comments?post=3003"}],"version-history":[{"count":1,"href":"https:\/\/dancingboulevard.com\/en\/wp-json\/wp\/v2\/pages\/3003\/revisions"}],"predecessor-version":[{"id":22715,"href":"https:\/\/dancingboulevard.com\/en\/wp-json\/wp\/v2\/pages\/3003\/revisions\/22715"}],"wp:featuredmedia":[{"embeddable":true,"href":"https:\/\/dancingboulevard.com\/en\/wp-json\/wp\/v2\/media\/21564"}],"wp:attachment":[{"href":"https:\/\/dancingboulevard.com\/en\/wp-json\/wp\/v2\/media?parent=3003"}],"curies":[{"name":"wp","href":"https:\/\/api.w.org\/{rel}","templated":true}]}}