{"id":189,"date":"2015-03-13T17:02:00","date_gmt":"2015-03-13T17:02:00","guid":{"rendered":"http:\/\/s553217786.mialojamiento.es\/?page_id=189"},"modified":"2021-08-26T13:37:56","modified_gmt":"2021-08-26T13:37:56","slug":"padres-e-hijos","status":"publish","type":"page","link":"https:\/\/dancingboulevard.com\/en\/padres-e-hijos\/","title":{"rendered":"PADRES E HIJOS"},"content":{"rendered":"<p><img fetchpriority=\"high\" decoding=\"async\" class=\"aligncenter size-full wp-image-525\" src=\"https:\/\/dancingboulevard.com\/wp-content\/uploads\/2015\/03\/bailar.jpg\" alt=\"bailar\" width=\"880\" height=\"587\" srcset=\"https:\/\/dancingboulevard.com\/wp-content\/uploads\/2015\/03\/bailar.jpg 880w, https:\/\/dancingboulevard.com\/wp-content\/uploads\/2015\/03\/bailar-300x200.jpg 300w, https:\/\/dancingboulevard.com\/wp-content\/uploads\/2015\/03\/bailar-768x512.jpg 768w, https:\/\/dancingboulevard.com\/wp-content\/uploads\/2015\/03\/bailar-360x240.jpg 360w\" sizes=\"(max-width: 880px) 100vw, 880px\" \/><\/p>\n<p>Hoy en d\u00eda, el trabajo y el estr\u00e9s, entre otras cosas, \u00a0consumen nuestro tiempo para compartir con los peque\u00f1os, por lo que un evento donde participar con ellos activamente, genera hermosos y sanos recuerdos en sus vidas y se convierte en un escenario genial. Inf\u00f3rmate por tel\u00e9fono o WhatsApp en el 634 125 052.<\/p>\n<p><a href=\"https:\/\/dancingboulevard.com\/wp-content\/uploads\/2015\/03\/C\u00f3mo-ser-un-buen-padre.jpg\"><img decoding=\"async\" class=\"aligncenter size-full wp-image-526\" src=\"https:\/\/dancingboulevard.com\/wp-content\/uploads\/2015\/03\/C\u00f3mo-ser-un-buen-padre.jpg\" alt=\"C\u00f3mo-ser-un-buen-padre\" width=\"600\" height=\"399\" srcset=\"https:\/\/dancingboulevard.com\/wp-content\/uploads\/2015\/03\/C\u00f3mo-ser-un-buen-padre.jpg 600w, https:\/\/dancingboulevard.com\/wp-content\/uploads\/2015\/03\/C\u00f3mo-ser-un-buen-padre-300x200.jpg 300w, https:\/\/dancingboulevard.com\/wp-content\/uploads\/2015\/03\/C\u00f3mo-ser-un-buen-padre-360x240.jpg 360w\" sizes=\"(max-width: 600px) 100vw, 600px\" \/><\/a><\/p>\n<p>Estos eventos ofrecen excelentes resultados y un impacto que contin\u00faa en el tiempo, con propuestas cada vez m\u00e1s variadas: Bailes con juegos y premios, Teatro, Clases de Canto, clases de circo para ni\u00f1os, talleres de educaci\u00f3n vial, propuestas de vida sana\u2026.<\/p>\n<p><a href=\"https:\/\/dancingboulevard.com\/wp-content\/uploads\/2015\/03\/j-dentrodecasa-formasdeconectarconnuestros732x412.jpg\"><img decoding=\"async\" class=\"aligncenter size-full wp-image-527\" src=\"https:\/\/dancingboulevard.com\/wp-content\/uploads\/2015\/03\/j-dentrodecasa-formasdeconectarconnuestros732x412.jpg\" alt=\"j-dentrodecasa-formasdeconectarconnuestros732x412\" width=\"732\" height=\"412\" srcset=\"https:\/\/dancingboulevard.com\/wp-content\/uploads\/2015\/03\/j-dentrodecasa-formasdeconectarconnuestros732x412.jpg 732w, https:\/\/dancingboulevard.com\/wp-content\/uploads\/2015\/03\/j-dentrodecasa-formasdeconectarconnuestros732x412-300x169.jpg 300w\" sizes=\"(max-width: 732px) 100vw, 732px\" \/><\/a><\/p>\n<p>Cabe se\u00f1alar que estas propuestas de bailar con hijos siempre generan un efecto positivo antes, durante y despu\u00e9s de la actividad. Padres e hijos asisten al evento con expectativas e ilusiones, y salen con una experiencia altamente enriquecedora.<\/p>\n<p><a href=\"https:\/\/dancingboulevard.com\/wp-content\/uploads\/2015\/03\/padres-e-hijo_650.jpg\"><img loading=\"lazy\" decoding=\"async\" class=\"aligncenter size-full wp-image-528\" src=\"https:\/\/dancingboulevard.com\/wp-content\/uploads\/2015\/03\/padres-e-hijo_650.jpg\" alt=\"padres-e-hijo_650\" width=\"650\" height=\"432\" srcset=\"https:\/\/dancingboulevard.com\/wp-content\/uploads\/2015\/03\/padres-e-hijo_650.jpg 650w, https:\/\/dancingboulevard.com\/wp-content\/uploads\/2015\/03\/padres-e-hijo_650-300x199.jpg 300w, https:\/\/dancingboulevard.com\/wp-content\/uploads\/2015\/03\/padres-e-hijo_650-360x240.jpg 360w\" sizes=\"(max-width: 650px) 100vw, 650px\" \/><\/a><\/p>\n<h2>\u00bfTe apetece compartir con tu hijo\/a algo tan especial y saludable como es aprender a bailar y a la vez promover todas las propiedades que tiene el baile?<br \/>\nImpartimos clases particulares a padres e hijos de cualquier tipo de baile y para todas las edades.<\/h2>\n<h2><img loading=\"lazy\" decoding=\"async\" class=\"aligncenter size-full wp-image-529\" src=\"https:\/\/dancingboulevard.com\/wp-content\/uploads\/2015\/03\/papi-cantando.jpg\" alt=\"papi-cantando\" width=\"732\" height=\"412\" srcset=\"https:\/\/dancingboulevard.com\/wp-content\/uploads\/2015\/03\/papi-cantando.jpg 732w, https:\/\/dancingboulevard.com\/wp-content\/uploads\/2015\/03\/papi-cantando-300x169.jpg 300w\" sizes=\"(max-width: 732px) 100vw, 732px\" \/><\/h2>\n<h1>Ap\u00fantate a nuestros cursos para bailar con hijos, \u00a1ll\u00e1manos al 634 125 052!<\/h1>\n<p><iframe width=\"560\" height=\"315\" src=\"https:\/\/www.youtube.com\/embed\/OrhT62OjSJo\" frameborder=\"0\" allowfullscreen=\"allowfullscreen\"><\/iframe><\/p>\n<p>Te recomendamos estas p\u00e1ginas de consejos sobre muchos aspectos con los m\u00e1s peque\u00f1os:<br \/>\n<a href=\"http:\/\/www.solohijos.com\/web\/\">http:\/\/www.solohijos.com\/web\/<\/a><\/p>\n<p><a href=\"http:\/\/www.conhijos.es\/category\/planes\/madrid\/\">http:\/\/www.conhijos.es\/category\/planes\/madrid\/<\/a><\/p>\n<p>Algunos otros centros que promueven\u00a0bailar con hijos:<\/p>\n<p><a href=\"http:\/\/www.psican.com\/index.php?option=com_content&amp;view=article&amp;id=142&amp;Itemid=355\">http:\/\/www.psican.com\/index.php?option=com_content&amp;view=article&amp;id=142&amp;Itemid=355<\/a><\/p>","protected":false},"excerpt":{"rendered":"<p>Hoy en d\u00eda, el trabajo y el estr\u00e9s, entre otras cosas, \u00a0consumen nuestro tiempo para compartir con los peque\u00f1os, por lo que un evento donde participar con ellos activamente, genera hermosos y sanos recuerdos en sus vidas y se convierte en un escenario genial. Inf\u00f3rmate por tel\u00e9fono o WhatsApp en [&hellip;]<\/p>\n","protected":false},"author":1,"featured_media":0,"parent":0,"menu_order":0,"comment_status":"closed","ping_status":"closed","template":"","meta":{"footnotes":"","_links_to":"","_links_to_target":""},"class_list":["post-189","page","type-page","status-publish","hentry"],"yoast_head":"<!-- This site is optimized with the Yoast SEO plugin v26.8 - https:\/\/yoast.com\/product\/yoast-seo-wordpress\/ -->\n<title>Aprende a bailar con hijos, la familia junta aprende a bailar<\/title>\n<meta name=\"description\" content=\"Aprende a bailar con hijos, hacer cosas con hijos ayuda a fomentar el vinculo y dejara recuerdos estupendos en la memoria de todos. Baile en familia.\" \/>\n<meta name=\"robots\" content=\"index, follow, max-snippet:-1, max-image-preview:large, max-video-preview:-1\" \/>\n<link rel=\"canonical\" href=\"https:\/\/dancingboulevard.com\/en\/padres-e-hijos\/\" \/>\n<meta property=\"og:locale\" content=\"en_US\" \/>\n<meta property=\"og:type\" content=\"article\" \/>\n<meta property=\"og:title\" content=\"Aprende a bailar con hijos, la familia junta aprende a bailar\" \/>\n<meta property=\"og:description\" content=\"Aprende a bailar con hijos, hacer cosas con hijos ayuda a fomentar el vinculo y dejara recuerdos estupendos en la memoria de todos. Baile en familia.\" \/>\n<meta property=\"og:url\" content=\"https:\/\/dancingboulevard.com\/en\/padres-e-hijos\/\" \/>\n<meta property=\"og:site_name\" content=\"Dancing Boulevard\" \/>\n<meta property=\"article:publisher\" content=\"https:\/\/www.facebook.com\/pages\/Dancing-Boulevard\/1425357731107040?fref=ts\" \/>\n<meta property=\"article:modified_time\" content=\"2021-08-26T13:37:56+00:00\" \/>\n<meta property=\"og:image\" content=\"https:\/\/dancingboulevard.com\/wp-content\/uploads\/2015\/03\/bailar.jpg\" \/>\n<meta name=\"twitter:card\" content=\"summary_large_image\" \/>\n<meta name=\"twitter:label1\" content=\"Est. reading time\" \/>\n\t<meta name=\"twitter:data1\" content=\"2 minutes\" \/>\n<!-- \/ Yoast SEO plugin. -->","yoast_head_json":{"title":"Aprende a bailar con hijos, la familia junta aprende a bailar","description":"Aprende a bailar con hijos, hacer cosas con hijos ayuda a fomentar el vinculo y dejara recuerdos estupendos en la memoria de todos. Baile en familia.","robots":{"index":"index","follow":"follow","max-snippet":"max-snippet:-1","max-image-preview":"max-image-preview:large","max-video-preview":"max-video-preview:-1"},"canonical":"https:\/\/dancingboulevard.com\/en\/padres-e-hijos\/","og_locale":"en_US","og_type":"article","og_title":"Aprende a bailar con hijos, la familia junta aprende a bailar","og_description":"Aprende a bailar con hijos, hacer cosas con hijos ayuda a fomentar el vinculo y dejara recuerdos estupendos en la memoria de todos. Baile en familia.","og_url":"https:\/\/dancingboulevard.com\/en\/padres-e-hijos\/","og_site_name":"Dancing Boulevard","article_publisher":"https:\/\/www.facebook.com\/pages\/Dancing-Boulevard\/1425357731107040?fref=ts","article_modified_time":"2021-08-26T13:37:56+00:00","og_image":[{"url":"https:\/\/dancingboulevard.com\/wp-content\/uploads\/2015\/03\/bailar.jpg","type":"","width":"","height":""}],"twitter_card":"summary_large_image","twitter_misc":{"Est. reading time":"2 minutes"},"schema":{"@context":"https:\/\/schema.org","@graph":[{"@type":"WebPage","@id":"https:\/\/dancingboulevard.com\/padres-e-hijos\/","url":"https:\/\/dancingboulevard.com\/padres-e-hijos\/","name":"Aprende a bailar con hijos, la familia junta aprende a bailar","isPartOf":{"@id":"https:\/\/dancingboulevard.com\/#website"},"primaryImageOfPage":{"@id":"https:\/\/dancingboulevard.com\/padres-e-hijos\/#primaryimage"},"image":{"@id":"https:\/\/dancingboulevard.com\/padres-e-hijos\/#primaryimage"},"thumbnailUrl":"https:\/\/dancingboulevard.com\/wp-content\/uploads\/2015\/03\/bailar.jpg","datePublished":"2015-03-13T17:02:00+00:00","dateModified":"2021-08-26T13:37:56+00:00","description":"Aprende a bailar con hijos, hacer cosas con hijos ayuda a fomentar el vinculo y dejara recuerdos estupendos en la memoria de todos. Baile en familia.","breadcrumb":{"@id":"https:\/\/dancingboulevard.com\/padres-e-hijos\/#breadcrumb"},"inLanguage":"en-US","potentialAction":[{"@type":"ReadAction","target":["https:\/\/dancingboulevard.com\/padres-e-hijos\/"]}]},{"@type":"ImageObject","inLanguage":"en-US","@id":"https:\/\/dancingboulevard.com\/padres-e-hijos\/#primaryimage","url":"https:\/\/dancingboulevard.com\/wp-content\/uploads\/2015\/03\/bailar.jpg","contentUrl":"https:\/\/dancingboulevard.com\/wp-content\/uploads\/2015\/03\/bailar.jpg"},{"@type":"BreadcrumbList","@id":"https:\/\/dancingboulevard.com\/padres-e-hijos\/#breadcrumb","itemListElement":[{"@type":"ListItem","position":1,"name":"Portada","item":"https:\/\/dancingboulevard.com\/"},{"@type":"ListItem","position":2,"name":"PADRES E HIJOS"}]},{"@type":"WebSite","@id":"https:\/\/dancingboulevard.com\/#website","url":"https:\/\/dancingboulevard.com\/","name":"Dancing Boulevard","description":"ESCUELA DE BAILE","publisher":{"@id":"https:\/\/dancingboulevard.com\/#organization"},"potentialAction":[{"@type":"SearchAction","target":{"@type":"EntryPoint","urlTemplate":"https:\/\/dancingboulevard.com\/?s={search_term_string}"},"query-input":{"@type":"PropertyValueSpecification","valueRequired":true,"valueName":"search_term_string"}}],"inLanguage":"en-US"},{"@type":"Organization","@id":"https:\/\/dancingboulevard.com\/#organization","name":"Dancing Boulevard","url":"https:\/\/dancingboulevard.com\/","logo":{"@type":"ImageObject","inLanguage":"en-US","@id":"https:\/\/dancingboulevard.com\/#\/schema\/logo\/image\/","url":"https:\/\/dancingboulevard.com\/wp-content\/uploads\/2020\/04\/DancinBoulevard.png","contentUrl":"https:\/\/dancingboulevard.com\/wp-content\/uploads\/2020\/04\/DancinBoulevard.png","width":1990,"height":803,"caption":"Dancing Boulevard"},"image":{"@id":"https:\/\/dancingboulevard.com\/#\/schema\/logo\/image\/"},"sameAs":["https:\/\/www.facebook.com\/pages\/Dancing-Boulevard\/1425357731107040?fref=ts","https:\/\/www.instagram.com\/dancingboulevard\/"]}]}},"_links":{"self":[{"href":"https:\/\/dancingboulevard.com\/en\/wp-json\/wp\/v2\/pages\/189","targetHints":{"allow":["GET"]}}],"collection":[{"href":"https:\/\/dancingboulevard.com\/en\/wp-json\/wp\/v2\/pages"}],"about":[{"href":"https:\/\/dancingboulevard.com\/en\/wp-json\/wp\/v2\/types\/page"}],"author":[{"embeddable":true,"href":"https:\/\/dancingboulevard.com\/en\/wp-json\/wp\/v2\/users\/1"}],"replies":[{"embeddable":true,"href":"https:\/\/dancingboulevard.com\/en\/wp-json\/wp\/v2\/comments?post=189"}],"version-history":[{"count":0,"href":"https:\/\/dancingboulevard.com\/en\/wp-json\/wp\/v2\/pages\/189\/revisions"}],"wp:attachment":[{"href":"https:\/\/dancingboulevard.com\/en\/wp-json\/wp\/v2\/media?parent=189"}],"curies":[{"name":"wp","href":"https:\/\/api.w.org\/{rel}","templated":true}]}}