{"id":187,"date":"2015-03-13T17:01:45","date_gmt":"2015-03-13T17:01:45","guid":{"rendered":"http:\/\/s553217786.mialojamiento.es\/?page_id=187"},"modified":"2016-08-21T16:54:00","modified_gmt":"2016-08-21T16:54:00","slug":"grupos-de-amigos","status":"publish","type":"page","link":"https:\/\/dancingboulevard.com\/en\/grupos-de-amigos\/","title":{"rendered":"GRUPOS DE AMIGOS"},"content":{"rendered":"<p>\u00bfSois un grupo de amigos y teneis ganas de salir y saber bailar? Llamadnos, decidnos que baile os interesar\u00eda aprender y nosotros os organizamos clases particulares al grupo para ense\u00f1aros.<\/p>\n<p><img fetchpriority=\"high\" decoding=\"async\" class=\"aligncenter size-full wp-image-553\" src=\"https:\/\/dancingboulevard.com\/wp-content\/uploads\/2015\/03\/Tu-hijo_El-ocio-del-ni\u00f1o_De-los-padres-a-los-amigos-Las-relaciones-sociales-de-los-adolescentes.jpg\" alt=\"Tu-hijo_El-ocio-del-ni\u00f1o_De-los-padres-a-los-amigos-Las-relaciones-sociales-de-los-adolescentes\" width=\"1000\" height=\"723\" srcset=\"https:\/\/dancingboulevard.com\/wp-content\/uploads\/2015\/03\/Tu-hijo_El-ocio-del-ni\u00f1o_De-los-padres-a-los-amigos-Las-relaciones-sociales-de-los-adolescentes.jpg 1000w, https:\/\/dancingboulevard.com\/wp-content\/uploads\/2015\/03\/Tu-hijo_El-ocio-del-ni\u00f1o_De-los-padres-a-los-amigos-Las-relaciones-sociales-de-los-adolescentes-300x217.jpg 300w, https:\/\/dancingboulevard.com\/wp-content\/uploads\/2015\/03\/Tu-hijo_El-ocio-del-ni\u00f1o_De-los-padres-a-los-amigos-Las-relaciones-sociales-de-los-adolescentes-768x555.jpg 768w\" sizes=\"(max-width: 1000px) 100vw, 1000px\" \/><\/p>\n<p>Si no est\u00e1is muy seguros de que tipo de baile elegir, nosotros contamos con un equipo de asesoramiento gratuito para aconsejaros que estilo se adapta mejor a vosotros en base a vuestros gustos musicales, coordinaci\u00f3n, memoria, flexibilidad y finalidad que busc\u00e1is con el baile.<\/p>\n<p>As\u00ed mismo, impartimos tambi\u00e9n clases de canto o interpretaci\u00f3n, por lo que si os quer\u00e9is adentrar m\u00e1s en este mundo esta es vuestra escuela.<\/p>\n<p>Para las clases de baile o interpretaci\u00f3n grupales, para vosotros, individualizadas, necesitar\u00edamos un m\u00ednimo de 6 integrantes y el precio por persona seria de 35 euros<\/p>\n<p>Para las clases de canto necesitar\u00edamos un m\u00ednimo de 4 integrantes y el precio por persona seria de 60 euros<\/p>\n<p>No es necesario venir con pareja para recibir ense\u00f1anza en ninguna modalidad de baile.<\/p>\n<p><a href=\"https:\/\/dancingboulevard.com\/wp-content\/uploads\/2015\/03\/amistad2.jpg\"><img decoding=\"async\" class=\"aligncenter size-full wp-image-547\" src=\"https:\/\/dancingboulevard.com\/wp-content\/uploads\/2015\/03\/amistad2.jpg\" alt=\"amistad2\" width=\"1024\" height=\"768\" srcset=\"https:\/\/dancingboulevard.com\/wp-content\/uploads\/2015\/03\/amistad2.jpg 1024w, https:\/\/dancingboulevard.com\/wp-content\/uploads\/2015\/03\/amistad2-300x225.jpg 300w, https:\/\/dancingboulevard.com\/wp-content\/uploads\/2015\/03\/amistad2-768x576.jpg 768w\" sizes=\"(max-width: 1024px) 100vw, 1024px\" \/><\/a><\/p>\n<p>&nbsp;<\/p>\n<p>\u00a1Llamarnos al <strong>602 646 807<\/strong>!<\/p>\n<p>&nbsp;<\/p>","protected":false},"excerpt":{"rendered":"<p>\u00bfSois un grupo de amigos y teneis ganas de salir y saber bailar? Llamadnos, decidnos que baile os interesar\u00eda aprender y nosotros os organizamos clases particulares al grupo para ense\u00f1aros. Si no est\u00e1is muy seguros de que tipo de baile elegir, nosotros contamos con un equipo de asesoramiento gratuito para [&hellip;]<\/p>\n","protected":false},"author":1,"featured_media":0,"parent":0,"menu_order":0,"comment_status":"closed","ping_status":"open","template":"","meta":{"footnotes":"","_links_to":"","_links_to_target":""},"class_list":["post-187","page","type-page","status-publish","hentry"],"yoast_head":"<!-- This site is optimized with the Yoast SEO plugin v26.8 - https:\/\/yoast.com\/product\/yoast-seo-wordpress\/ -->\n<title>amigos de baile, dancing boulevard, aprender juntos baile<\/title>\n<meta name=\"robots\" content=\"index, follow, max-snippet:-1, max-image-preview:large, max-video-preview:-1\" \/>\n<link rel=\"canonical\" href=\"https:\/\/dancingboulevard.com\/en\/grupos-de-amigos\/\" \/>\n<meta property=\"og:locale\" content=\"en_US\" \/>\n<meta property=\"og:type\" content=\"article\" \/>\n<meta property=\"og:title\" content=\"amigos de baile, dancing boulevard, aprender juntos baile\" \/>\n<meta property=\"og:description\" content=\"\u00bfSois un grupo de amigos y teneis ganas de salir y saber bailar? Llamadnos, decidnos que baile os interesar\u00eda aprender y nosotros os organizamos clases particulares al grupo para ense\u00f1aros. Si no est\u00e1is muy seguros de que tipo de baile elegir, nosotros contamos con un equipo de asesoramiento gratuito para [&hellip;]\" \/>\n<meta property=\"og:url\" content=\"https:\/\/dancingboulevard.com\/en\/grupos-de-amigos\/\" \/>\n<meta property=\"og:site_name\" content=\"Dancing Boulevard\" \/>\n<meta property=\"article:publisher\" content=\"https:\/\/www.facebook.com\/pages\/Dancing-Boulevard\/1425357731107040?fref=ts\" \/>\n<meta property=\"article:modified_time\" content=\"2016-08-21T16:54:00+00:00\" \/>\n<meta property=\"og:image\" content=\"https:\/\/dancingboulevard.com\/wp-content\/uploads\/2015\/03\/Tu-hijo_El-ocio-del-ni\u00f1o_De-los-padres-a-los-amigos-Las-relaciones-sociales-de-los-adolescentes.jpg\" \/>\n<meta name=\"twitter:card\" content=\"summary_large_image\" \/>\n<meta name=\"twitter:label1\" content=\"Est. reading time\" \/>\n\t<meta name=\"twitter:data1\" content=\"1 minute\" \/>\n<!-- \/ Yoast SEO plugin. -->","yoast_head_json":{"title":"amigos de baile, dancing boulevard, aprender juntos baile","robots":{"index":"index","follow":"follow","max-snippet":"max-snippet:-1","max-image-preview":"max-image-preview:large","max-video-preview":"max-video-preview:-1"},"canonical":"https:\/\/dancingboulevard.com\/en\/grupos-de-amigos\/","og_locale":"en_US","og_type":"article","og_title":"amigos de baile, dancing boulevard, aprender juntos baile","og_description":"\u00bfSois un grupo de amigos y teneis ganas de salir y saber bailar? Llamadnos, decidnos que baile os interesar\u00eda aprender y nosotros os organizamos clases particulares al grupo para ense\u00f1aros. Si no est\u00e1is muy seguros de que tipo de baile elegir, nosotros contamos con un equipo de asesoramiento gratuito para [&hellip;]","og_url":"https:\/\/dancingboulevard.com\/en\/grupos-de-amigos\/","og_site_name":"Dancing Boulevard","article_publisher":"https:\/\/www.facebook.com\/pages\/Dancing-Boulevard\/1425357731107040?fref=ts","article_modified_time":"2016-08-21T16:54:00+00:00","og_image":[{"url":"https:\/\/dancingboulevard.com\/wp-content\/uploads\/2015\/03\/Tu-hijo_El-ocio-del-ni\u00f1o_De-los-padres-a-los-amigos-Las-relaciones-sociales-de-los-adolescentes.jpg","type":"","width":"","height":""}],"twitter_card":"summary_large_image","twitter_misc":{"Est. reading time":"1 minute"},"schema":{"@context":"https:\/\/schema.org","@graph":[{"@type":"WebPage","@id":"https:\/\/dancingboulevard.com\/grupos-de-amigos\/","url":"https:\/\/dancingboulevard.com\/grupos-de-amigos\/","name":"amigos de baile, dancing boulevard, aprender juntos baile","isPartOf":{"@id":"https:\/\/dancingboulevard.com\/#website"},"primaryImageOfPage":{"@id":"https:\/\/dancingboulevard.com\/grupos-de-amigos\/#primaryimage"},"image":{"@id":"https:\/\/dancingboulevard.com\/grupos-de-amigos\/#primaryimage"},"thumbnailUrl":"https:\/\/dancingboulevard.com\/wp-content\/uploads\/2015\/03\/amistad2.jpg","datePublished":"2015-03-13T17:01:45+00:00","dateModified":"2016-08-21T16:54:00+00:00","breadcrumb":{"@id":"https:\/\/dancingboulevard.com\/grupos-de-amigos\/#breadcrumb"},"inLanguage":"en-US","potentialAction":[{"@type":"ReadAction","target":["https:\/\/dancingboulevard.com\/grupos-de-amigos\/"]}]},{"@type":"ImageObject","inLanguage":"en-US","@id":"https:\/\/dancingboulevard.com\/grupos-de-amigos\/#primaryimage","url":"https:\/\/dancingboulevard.com\/wp-content\/uploads\/2015\/03\/amistad2.jpg","contentUrl":"https:\/\/dancingboulevard.com\/wp-content\/uploads\/2015\/03\/amistad2.jpg"},{"@type":"BreadcrumbList","@id":"https:\/\/dancingboulevard.com\/grupos-de-amigos\/#breadcrumb","itemListElement":[{"@type":"ListItem","position":1,"name":"Portada","item":"https:\/\/dancingboulevard.com\/"},{"@type":"ListItem","position":2,"name":"GRUPOS DE AMIGOS"}]},{"@type":"WebSite","@id":"https:\/\/dancingboulevard.com\/#website","url":"https:\/\/dancingboulevard.com\/","name":"Dancing Boulevard","description":"ESCUELA DE BAILE","publisher":{"@id":"https:\/\/dancingboulevard.com\/#organization"},"potentialAction":[{"@type":"SearchAction","target":{"@type":"EntryPoint","urlTemplate":"https:\/\/dancingboulevard.com\/?s={search_term_string}"},"query-input":{"@type":"PropertyValueSpecification","valueRequired":true,"valueName":"search_term_string"}}],"inLanguage":"en-US"},{"@type":"Organization","@id":"https:\/\/dancingboulevard.com\/#organization","name":"Dancing Boulevard","url":"https:\/\/dancingboulevard.com\/","logo":{"@type":"ImageObject","inLanguage":"en-US","@id":"https:\/\/dancingboulevard.com\/#\/schema\/logo\/image\/","url":"https:\/\/dancingboulevard.com\/wp-content\/uploads\/2020\/04\/DancinBoulevard.png","contentUrl":"https:\/\/dancingboulevard.com\/wp-content\/uploads\/2020\/04\/DancinBoulevard.png","width":1990,"height":803,"caption":"Dancing Boulevard"},"image":{"@id":"https:\/\/dancingboulevard.com\/#\/schema\/logo\/image\/"},"sameAs":["https:\/\/www.facebook.com\/pages\/Dancing-Boulevard\/1425357731107040?fref=ts","https:\/\/www.instagram.com\/dancingboulevard\/"]}]}},"_links":{"self":[{"href":"https:\/\/dancingboulevard.com\/en\/wp-json\/wp\/v2\/pages\/187","targetHints":{"allow":["GET"]}}],"collection":[{"href":"https:\/\/dancingboulevard.com\/en\/wp-json\/wp\/v2\/pages"}],"about":[{"href":"https:\/\/dancingboulevard.com\/en\/wp-json\/wp\/v2\/types\/page"}],"author":[{"embeddable":true,"href":"https:\/\/dancingboulevard.com\/en\/wp-json\/wp\/v2\/users\/1"}],"replies":[{"embeddable":true,"href":"https:\/\/dancingboulevard.com\/en\/wp-json\/wp\/v2\/comments?post=187"}],"version-history":[{"count":0,"href":"https:\/\/dancingboulevard.com\/en\/wp-json\/wp\/v2\/pages\/187\/revisions"}],"wp:attachment":[{"href":"https:\/\/dancingboulevard.com\/en\/wp-json\/wp\/v2\/media?parent=187"}],"curies":[{"name":"wp","href":"https:\/\/api.w.org\/{rel}","templated":true}]}}