{"id":183,"date":"2015-03-13T16:58:37","date_gmt":"2015-03-13T16:58:37","guid":{"rendered":"http:\/\/s553217786.mialojamiento.es\/?page_id=183"},"modified":"2017-01-24T20:19:23","modified_gmt":"2017-01-24T20:19:23","slug":"pedidas-de-mano","status":"publish","type":"page","link":"https:\/\/dancingboulevard.com\/en\/pedidas-de-mano\/","title":{"rendered":"PEDIDAS DE MANO"},"content":{"rendered":"<h1>Pedidas de mano espectaculares<\/h1>\n<p>\u00bfHas encontrado al amor de tu vida y quieres sellarlo con una de las pedidas de mano m\u00e1s originales?<br \/>\n\u00a1Podemos ayudarte! Ponte en contacto con nosotros y te organizaremos la pedida de mano m\u00e1s original y divertida, eso si, siempre bailando\u2026<br \/>\nAh\u00ed tienes un ejemplo:<\/p>\n<p><iframe title=\"Isaac&#039;s Live Lip-Dub Proposal\" width=\"750\" height=\"422\" src=\"https:\/\/www.youtube.com\/embed\/5_v7QrIW0zY?feature=oembed\" frameborder=\"0\" allow=\"accelerometer; autoplay; encrypted-media; gyroscope; picture-in-picture\" allowfullscreen><\/iframe><\/p>\n<p>&nbsp;<\/p>\n<p><a href=\"https:\/\/dancingboulevard.com\/wp-content\/uploads\/2015\/03\/hqdefault.jpg\"><img fetchpriority=\"high\" decoding=\"async\" class=\"aligncenter size-full wp-image-1031\" src=\"https:\/\/dancingboulevard.com\/wp-content\/uploads\/2015\/03\/hqdefault.jpg\" alt=\"foto pedidas de mano\" width=\"480\" height=\"360\" srcset=\"https:\/\/dancingboulevard.com\/wp-content\/uploads\/2015\/03\/hqdefault.jpg 480w, https:\/\/dancingboulevard.com\/wp-content\/uploads\/2015\/03\/hqdefault-300x225.jpg 300w\" sizes=\"(max-width: 480px) 100vw, 480px\" \/><\/a><\/p>\n<p><strong>Organiza un flashmob<\/strong>\u00a0te proponemos una opci\u00f3n de lo m\u00e1s original, hacer una flashmob con su canci\u00f3n favorita. Para ello, necesitar\u00e1s involucrar a un gran n\u00famero de gente como, por ejemplo, tu familia y amigos.\u00a0Os ense\u00f1aremos a todos una coreograf\u00eda a vuestra elecci\u00f3n y sorprender\u00e1s.<\/p>\n<p><strong>Organiza un\u00a0baile de pedida <\/strong>te proponemos una opci\u00f3n intima, de prepararte un baile individual o con pocas personas. Sorpr\u00e9ndela bailando como nunca imaginar\u00eda y ll\u00e9vala a las estrellas.<\/p>\n<p><a href=\"https:\/\/dancingboulevard.com\/en\/bodas\/\">Y para preparar tu baile de bodas, pincha aqu\u00ed!<\/a><\/p>\n<p>&nbsp;<\/p>\n<p>Y si te gustar\u00eda compartir ideas e informaci\u00f3n con nosotros sobre pedidas de mano o tienes alg\u00fan blog no dudes en contactarnos y lo compartiremos:<\/p>\n<p><a href=\"http:\/\/www.elblogdeunanovia.com\/boda\/la-pedida-de-mano-que-se-hace-que-se-dice-quienes-van-como-se-visten\/\">http:\/\/www.elblogdeunanovia.com\/boda\/la-pedida-de-mano-que-se-hace-que-se-dice-quienes-van-como-se-visten\/<\/a><\/p>","protected":false},"excerpt":{"rendered":"<p>Pedidas de mano espectaculares \u00bfHas encontrado al amor de tu vida y quieres sellarlo con una de las pedidas de mano m\u00e1s originales? \u00a1Podemos ayudarte! Ponte en contacto con nosotros y te organizaremos la pedida de mano m\u00e1s original y divertida, eso si, siempre bailando\u2026 Ah\u00ed tienes un ejemplo: &nbsp; [&hellip;]<\/p>\n","protected":false},"author":1,"featured_media":0,"parent":0,"menu_order":0,"comment_status":"closed","ping_status":"open","template":"","meta":{"footnotes":"","_links_to":"","_links_to_target":""},"class_list":["post-183","page","type-page","status-publish","hentry"],"yoast_head":"<!-- This site is optimized with the Yoast SEO plugin v26.8 - https:\/\/yoast.com\/product\/yoast-seo-wordpress\/ -->\n<title>PEDIDAS DE MANO - Dancing Boulevard<\/title>\n<meta name=\"description\" content=\"\u00bfHas encontrado al amor de tu vida y quieres sellarlo con una pedida de mano original? Conocenos y descubrir\u00e1s las pedidas de mano m\u00e1s espectaculares\" \/>\n<meta name=\"robots\" content=\"index, follow, max-snippet:-1, max-image-preview:large, max-video-preview:-1\" \/>\n<link rel=\"canonical\" href=\"https:\/\/dancingboulevard.com\/en\/pedidas-de-mano\/\" \/>\n<meta property=\"og:locale\" content=\"en_US\" \/>\n<meta property=\"og:type\" content=\"article\" \/>\n<meta property=\"og:title\" content=\"PEDIDAS DE MANO - Dancing Boulevard\" \/>\n<meta property=\"og:description\" content=\"\u00bfHas encontrado al amor de tu vida y quieres sellarlo con una pedida de mano original? Conocenos y descubrir\u00e1s las pedidas de mano m\u00e1s espectaculares\" \/>\n<meta property=\"og:url\" content=\"https:\/\/dancingboulevard.com\/en\/pedidas-de-mano\/\" \/>\n<meta property=\"og:site_name\" content=\"Dancing Boulevard\" \/>\n<meta property=\"article:publisher\" content=\"https:\/\/www.facebook.com\/pages\/Dancing-Boulevard\/1425357731107040?fref=ts\" \/>\n<meta property=\"article:modified_time\" content=\"2017-01-24T20:19:23+00:00\" \/>\n<meta property=\"og:image\" content=\"https:\/\/dancingboulevard.com\/wp-content\/uploads\/2015\/03\/hqdefault.jpg\" \/>\n<meta name=\"twitter:card\" content=\"summary_large_image\" \/>\n<meta name=\"twitter:label1\" content=\"Est. reading time\" \/>\n\t<meta name=\"twitter:data1\" content=\"1 minute\" \/>\n<!-- \/ Yoast SEO plugin. -->","yoast_head_json":{"title":"PEDIDAS DE MANO - Dancing Boulevard","description":"\u00bfHas encontrado al amor de tu vida y quieres sellarlo con una pedida de mano original? Conocenos y descubrir\u00e1s las pedidas de mano m\u00e1s espectaculares","robots":{"index":"index","follow":"follow","max-snippet":"max-snippet:-1","max-image-preview":"max-image-preview:large","max-video-preview":"max-video-preview:-1"},"canonical":"https:\/\/dancingboulevard.com\/en\/pedidas-de-mano\/","og_locale":"en_US","og_type":"article","og_title":"PEDIDAS DE MANO - Dancing Boulevard","og_description":"\u00bfHas encontrado al amor de tu vida y quieres sellarlo con una pedida de mano original? Conocenos y descubrir\u00e1s las pedidas de mano m\u00e1s espectaculares","og_url":"https:\/\/dancingboulevard.com\/en\/pedidas-de-mano\/","og_site_name":"Dancing Boulevard","article_publisher":"https:\/\/www.facebook.com\/pages\/Dancing-Boulevard\/1425357731107040?fref=ts","article_modified_time":"2017-01-24T20:19:23+00:00","og_image":[{"url":"https:\/\/dancingboulevard.com\/wp-content\/uploads\/2015\/03\/hqdefault.jpg","type":"","width":"","height":""}],"twitter_card":"summary_large_image","twitter_misc":{"Est. reading time":"1 minute"},"schema":{"@context":"https:\/\/schema.org","@graph":[{"@type":"WebPage","@id":"https:\/\/dancingboulevard.com\/pedidas-de-mano\/","url":"https:\/\/dancingboulevard.com\/pedidas-de-mano\/","name":"PEDIDAS DE MANO - Dancing Boulevard","isPartOf":{"@id":"https:\/\/dancingboulevard.com\/#website"},"primaryImageOfPage":{"@id":"https:\/\/dancingboulevard.com\/pedidas-de-mano\/#primaryimage"},"image":{"@id":"https:\/\/dancingboulevard.com\/pedidas-de-mano\/#primaryimage"},"thumbnailUrl":"https:\/\/dancingboulevard.com\/wp-content\/uploads\/2015\/03\/hqdefault.jpg","datePublished":"2015-03-13T16:58:37+00:00","dateModified":"2017-01-24T20:19:23+00:00","description":"\u00bfHas encontrado al amor de tu vida y quieres sellarlo con una pedida de mano original? Conocenos y descubrir\u00e1s las pedidas de mano m\u00e1s espectaculares","breadcrumb":{"@id":"https:\/\/dancingboulevard.com\/pedidas-de-mano\/#breadcrumb"},"inLanguage":"en-US","potentialAction":[{"@type":"ReadAction","target":["https:\/\/dancingboulevard.com\/pedidas-de-mano\/"]}]},{"@type":"ImageObject","inLanguage":"en-US","@id":"https:\/\/dancingboulevard.com\/pedidas-de-mano\/#primaryimage","url":"https:\/\/dancingboulevard.com\/wp-content\/uploads\/2015\/03\/hqdefault.jpg","contentUrl":"https:\/\/dancingboulevard.com\/wp-content\/uploads\/2015\/03\/hqdefault.jpg"},{"@type":"BreadcrumbList","@id":"https:\/\/dancingboulevard.com\/pedidas-de-mano\/#breadcrumb","itemListElement":[{"@type":"ListItem","position":1,"name":"Portada","item":"https:\/\/dancingboulevard.com\/"},{"@type":"ListItem","position":2,"name":"PEDIDAS DE MANO"}]},{"@type":"WebSite","@id":"https:\/\/dancingboulevard.com\/#website","url":"https:\/\/dancingboulevard.com\/","name":"Dancing Boulevard","description":"ESCUELA DE BAILE","publisher":{"@id":"https:\/\/dancingboulevard.com\/#organization"},"potentialAction":[{"@type":"SearchAction","target":{"@type":"EntryPoint","urlTemplate":"https:\/\/dancingboulevard.com\/?s={search_term_string}"},"query-input":{"@type":"PropertyValueSpecification","valueRequired":true,"valueName":"search_term_string"}}],"inLanguage":"en-US"},{"@type":"Organization","@id":"https:\/\/dancingboulevard.com\/#organization","name":"Dancing Boulevard","url":"https:\/\/dancingboulevard.com\/","logo":{"@type":"ImageObject","inLanguage":"en-US","@id":"https:\/\/dancingboulevard.com\/#\/schema\/logo\/image\/","url":"https:\/\/dancingboulevard.com\/wp-content\/uploads\/2020\/04\/DancinBoulevard.png","contentUrl":"https:\/\/dancingboulevard.com\/wp-content\/uploads\/2020\/04\/DancinBoulevard.png","width":1990,"height":803,"caption":"Dancing Boulevard"},"image":{"@id":"https:\/\/dancingboulevard.com\/#\/schema\/logo\/image\/"},"sameAs":["https:\/\/www.facebook.com\/pages\/Dancing-Boulevard\/1425357731107040?fref=ts","https:\/\/www.instagram.com\/dancingboulevard\/"]}]}},"_links":{"self":[{"href":"https:\/\/dancingboulevard.com\/en\/wp-json\/wp\/v2\/pages\/183","targetHints":{"allow":["GET"]}}],"collection":[{"href":"https:\/\/dancingboulevard.com\/en\/wp-json\/wp\/v2\/pages"}],"about":[{"href":"https:\/\/dancingboulevard.com\/en\/wp-json\/wp\/v2\/types\/page"}],"author":[{"embeddable":true,"href":"https:\/\/dancingboulevard.com\/en\/wp-json\/wp\/v2\/users\/1"}],"replies":[{"embeddable":true,"href":"https:\/\/dancingboulevard.com\/en\/wp-json\/wp\/v2\/comments?post=183"}],"version-history":[{"count":0,"href":"https:\/\/dancingboulevard.com\/en\/wp-json\/wp\/v2\/pages\/183\/revisions"}],"wp:attachment":[{"href":"https:\/\/dancingboulevard.com\/en\/wp-json\/wp\/v2\/media?parent=183"}],"curies":[{"name":"wp","href":"https:\/\/api.w.org\/{rel}","templated":true}]}}