{"id":180,"date":"2015-03-13T16:55:53","date_gmt":"2015-03-13T16:55:53","guid":{"rendered":"http:\/\/s553217786.mialojamiento.es\/?page_id=180"},"modified":"2021-05-29T14:28:11","modified_gmt":"2021-05-29T14:28:11","slug":"bodas","status":"publish","type":"page","link":"https:\/\/dancingboulevard.com\/en\/bodas\/","title":{"rendered":"BAILE NUPCIAL Y BODAS"},"content":{"rendered":"<h2>Sorprende en el d\u00eda m\u00e1s especial con un bonito Baile Nupcial. <a href=\"https:\/\/dancingboulevard.com\/en\/contacto\/\">Nosotros te lo preparamos<\/a><\/h2>\n<p>A tu gusto, desde <a href=\"https:\/\/www.vix.com\/es\/imj\/153956\/7-alternativas-al-vals-para-novios-divertidos\">bailes para novios originales y divertidos<\/a>, hasta bailes sencillos, apasionantes y espectaculares. Contamos con un equipo de profesores y core\u00f3grafos que os preparar\u00e1n en pocas clases intensivas para este momento. Preparamos la m\u00fasica y la coreograf\u00eda a vuestro gusto.<\/p>\n<p><a href=\"https:\/\/dancingboulevard.com\/wp-content\/uploads\/2015\/03\/foto-gente-bailando-bodas.jpg\"><img fetchpriority=\"high\" decoding=\"async\" class=\"aligncenter wp-image-360 size-full\" title=\"baile de novios\" src=\"https:\/\/dancingboulevard.com\/wp-content\/uploads\/2015\/03\/foto-gente-bailando-bodas.jpg\" alt=\"Boda baile\" width=\"736\" height=\"490\" srcset=\"https:\/\/dancingboulevard.com\/wp-content\/uploads\/2015\/03\/foto-gente-bailando-bodas.jpg 736w, https:\/\/dancingboulevard.com\/wp-content\/uploads\/2015\/03\/foto-gente-bailando-bodas-300x200.jpg 300w, https:\/\/dancingboulevard.com\/wp-content\/uploads\/2015\/03\/foto-gente-bailando-bodas-360x240.jpg 360w\" sizes=\"(max-width: 736px) 100vw, 736px\" \/><\/a><\/p>\n<p>Una boda requiere de una dosis de paciencia, planificaci\u00f3n, creatividad y decisi\u00f3n. Aunque es un acontecimiento que aporta alegr\u00eda y felicidad a la pareja, existen miles de preparativos entre ellos el baile nupcial o inaugural .<br \/>\nNosotros te ayudamos a ello con nuestras clases particulares de Vals para novios.<br \/>\nEn ellas aprender\u00e1s la t\u00e9cnica b\u00e1sica del Vals, una Coreograf\u00eda sencilla para ejecutarla el d\u00eda de la boda y te asesoramos musicalmente (si as\u00ed lo necesitas) con la elecci\u00f3n de la m\u00fasica, entradas y organizaci\u00f3n.<br \/>\nLas clases las impartimos en horario de ma\u00f1ana y tarde , en base a tus necesidades, de lunes a Domingo y durante todo el a\u00f1o.<br \/>\nTambi\u00e9n cabe la posibilidad de realizar una coreograf\u00eda de cualquier otro tipo de baile que prefieras en el baile inaugural.<\/p>\n<p>As\u00ed mismo, si sois un grupo de amigos, invitados, etc\u2026. Y quer\u00e9is organizar una sorpresa a los novios relacionada con el baile , tambi\u00e9n os podemos ayudar preparando una coreograf\u00eda a la entrada de la iglesia, durante el banquete, o con todo lo que se os ocurra\u2026.<\/p>\n<p>Para los mas rom\u00e1nticos,<\/p>\n<p><a href=\"https:\/\/dancingboulevard.com\/wp-content\/uploads\/2015\/03\/bodaestilo.jpg\"><img decoding=\"async\" class=\"aligncenter wp-image-361\" title=\"Baile nupcial con emoci\u00f3n\" src=\"https:\/\/dancingboulevard.com\/wp-content\/uploads\/2015\/03\/bodaestilo.jpg\" alt=\"bodaestilo\" width=\"691\" height=\"460\" srcset=\"https:\/\/dancingboulevard.com\/wp-content\/uploads\/2015\/03\/bodaestilo.jpg 550w, https:\/\/dancingboulevard.com\/wp-content\/uploads\/2015\/03\/bodaestilo-300x200.jpg 300w, https:\/\/dancingboulevard.com\/wp-content\/uploads\/2015\/03\/bodaestilo-360x240.jpg 360w\" sizes=\"(max-width: 691px) 100vw, 691px\" \/><\/a><\/p>\n<p>para los m\u00e1s divertidos,<\/p>\n<p><a href=\"https:\/\/dancingboulevard.com\/wp-content\/uploads\/2015\/03\/DJ-boda-1-e1435079041377.jpg\"><img decoding=\"async\" class=\"aligncenter wp-image-363\" title=\"Baile Nupcial divertido\" src=\"https:\/\/dancingboulevard.com\/wp-content\/uploads\/2015\/03\/DJ-boda-1-e1435079041377.jpg\" alt=\"\" width=\"968\" height=\"708\" srcset=\"https:\/\/dancingboulevard.com\/wp-content\/uploads\/2015\/03\/DJ-boda-1-e1435079041377.jpg 1520w, https:\/\/dancingboulevard.com\/wp-content\/uploads\/2015\/03\/DJ-boda-1-e1435079041377-300x219.jpg 300w, https:\/\/dancingboulevard.com\/wp-content\/uploads\/2015\/03\/DJ-boda-1-e1435079041377-1024x749.jpg 1024w, https:\/\/dancingboulevard.com\/wp-content\/uploads\/2015\/03\/DJ-boda-1-e1435079041377-768x562.jpg 768w\" sizes=\"(max-width: 968px) 100vw, 968px\" \/><\/a><\/p>\n<p>para los chicos,<\/p>\n<p><a href=\"https:\/\/dancingboulevard.com\/wp-content\/uploads\/2015\/03\/30.jpg\"><img loading=\"lazy\" decoding=\"async\" class=\"aligncenter wp-image-366 size-full\" title=\"baile nupcial original\" src=\"https:\/\/dancingboulevard.com\/wp-content\/uploads\/2015\/03\/30.jpg\" alt=\"30\" width=\"644\" height=\"346\" srcset=\"https:\/\/dancingboulevard.com\/wp-content\/uploads\/2015\/03\/30.jpg 644w, https:\/\/dancingboulevard.com\/wp-content\/uploads\/2015\/03\/30-300x161.jpg 300w\" sizes=\"(max-width: 644px) 100vw, 644px\" \/><\/a><\/p>\n<p>y para las chicas,<\/p>\n<p><a href=\"https:\/\/dancingboulevard.com\/wp-content\/uploads\/2015\/03\/EL-BAILE-DEL-PAJARITO_tK.jpeg\"><img loading=\"lazy\" decoding=\"async\" class=\"aligncenter wp-image-367 size-full\" title=\"Baile boda\" src=\"https:\/\/dancingboulevard.com\/wp-content\/uploads\/2015\/03\/EL-BAILE-DEL-PAJARITO_tK.jpeg\" alt=\"EL-BAILE-DEL-PAJARITO_tK\" width=\"640\" height=\"432\" srcset=\"https:\/\/dancingboulevard.com\/wp-content\/uploads\/2015\/03\/EL-BAILE-DEL-PAJARITO_tK.jpeg 640w, https:\/\/dancingboulevard.com\/wp-content\/uploads\/2015\/03\/EL-BAILE-DEL-PAJARITO_tK-300x203.jpeg 300w\" sizes=\"(max-width: 640px) 100vw, 640px\" \/><\/a><\/p>\n<p>Seas como seas, busques lo que busques, cuenta con nosotros para ayudarte a organizar el d\u00eda mas feliz de tu vida.<\/p>\n<p>Te dejamos un v\u00eddeo resumen con los mejores momentos de algunos de los bailes nupciales que hemos preparado. Reales como la vida misma sin trampa ni cart\u00f3n.<\/p>\n<p><iframe src=\"https:\/\/www.youtube.com\/embed\/YafQLe8xrhI\" width=\"100%\" height=\"515\" frameborder=\"0\" allowfullscreen=\"allowfullscreen\"><\/iframe><\/p>\n<p>Aqu\u00ed unos enlaces de las diferentes modalidades de baile que existen entre otras, en nuestra escuela:<\/p>\n<p><a href=\"https:\/\/dancingboulevard.com\/en\/clases-flamenco\/\">https:\/\/dancingboulevard.com\/clases-flamenco\/<\/a><\/p>\n<p><a href=\"https:\/\/dancingboulevard.com\/en\/kizomba-madrid\/\">https:\/\/dancingboulevard.com\/kizomba-madrid\/<\/a><\/p>\n<p><a href=\"https:\/\/dancingboulevard.com\/en\/clases-de-bachata\/\">https:\/\/dancingboulevard.com\/clases-de-bachata\/<\/a><\/p>\n<p>Si todav\u00eda no has dado el primer paso de esta maravillosa aventura, descubre<a href=\"https:\/\/dancingboulevard.com\/en\/pedidas-de-mano\/\"> aqu\u00ed <\/a>como podemos ayudarte con una original y memorable<em><strong><a style=\"text-decoration: underline;\" href=\"https:\/\/dancingboulevard.com\/en\/pedidas-de-mano\/\"> pedida de mano.<\/a><u>&nbsp;O&nbsp;ll\u00e1manos&nbsp;al&nbsp;<\/u><a style=\"text-decoration: underline;\" href=\"https:\/\/dancingboulevard.com\/en\/contacto\/\">602 646 807<\/a><u>.<\/u><\/strong><\/em><\/p>\n<p>Te dejamos un enlace de la revista Vogue, sobre consejos o protocolos a cumplir o no&#8230;.en las bodas:<\/p>\n<p><a href=\"https:\/\/www.vogue.es\/novias\/articulos\/protocolo-bodas-que-cumplir-vestido-novias-invitadas-tendencias-2019\">https:\/\/www.vogue.es\/novias\/articulos\/protocolo-bodas-que-cumplir-vestido-novias-invitadas-tendencias-2019<\/a><\/p>","protected":false},"excerpt":{"rendered":"<p>Sorprende en el d\u00eda m\u00e1s especial con un bonito Baile Nupcial. Nosotros te lo preparamos A tu gusto, desde bailes para novios originales y divertidos, hasta bailes sencillos, apasionantes y espectaculares. Contamos con un equipo de profesores y core\u00f3grafos que os preparar\u00e1n en pocas clases intensivas para este momento. Preparamos [&hellip;]<\/p>\n","protected":false},"author":1,"featured_media":0,"parent":0,"menu_order":0,"comment_status":"closed","ping_status":"open","template":"","meta":{"footnotes":"","_links_to":"","_links_to_target":""},"class_list":["post-180","page","type-page","status-publish","hentry"],"yoast_head":"<!-- This site is optimized with the Yoast SEO plugin v26.8 - https:\/\/yoast.com\/product\/yoast-seo-wordpress\/ -->\n<title>Ceremonia de Bodas Originales, prepara tu Baile Nupcial y mucho m\u00e1s!<\/title>\n<meta name=\"description\" content=\"Te ayudamos a organizar tu boda, a preparar el Baile Nupcial y a muchas cosas m\u00e1s. Si quieres una boda inolvidable cont\u00e1ctanos! Dancing boulevard wedding\" \/>\n<meta name=\"robots\" content=\"index, follow, max-snippet:-1, max-image-preview:large, max-video-preview:-1\" \/>\n<link rel=\"canonical\" href=\"https:\/\/dancingboulevard.com\/en\/bodas\/\" \/>\n<meta property=\"og:locale\" content=\"en_US\" \/>\n<meta property=\"og:type\" content=\"article\" \/>\n<meta property=\"og:title\" content=\"Ceremonia de Bodas Originales, prepara tu Baile Nupcial y mucho m\u00e1s!\" \/>\n<meta property=\"og:description\" content=\"Te ayudamos a organizar tu boda, a preparar el Baile Nupcial y a muchas cosas m\u00e1s. Si quieres una boda inolvidable cont\u00e1ctanos! Dancing boulevard wedding\" \/>\n<meta property=\"og:url\" content=\"https:\/\/dancingboulevard.com\/en\/bodas\/\" \/>\n<meta property=\"og:site_name\" content=\"Dancing Boulevard\" \/>\n<meta property=\"article:publisher\" content=\"https:\/\/www.facebook.com\/pages\/Dancing-Boulevard\/1425357731107040?fref=ts\" \/>\n<meta property=\"article:modified_time\" content=\"2021-05-29T14:28:11+00:00\" \/>\n<meta property=\"og:image\" content=\"https:\/\/dancingboulevard.com\/wp-content\/uploads\/2015\/03\/foto-gente-bailando-bodas.jpg\" \/>\n<meta name=\"twitter:card\" content=\"summary_large_image\" \/>\n<meta name=\"twitter:label1\" content=\"Est. reading time\" \/>\n\t<meta name=\"twitter:data1\" content=\"3 minutes\" \/>\n<!-- \/ Yoast SEO plugin. -->","yoast_head_json":{"title":"Ceremonia de Bodas Originales, prepara tu Baile Nupcial y mucho m\u00e1s!","description":"Te ayudamos a organizar tu boda, a preparar el Baile Nupcial y a muchas cosas m\u00e1s. Si quieres una boda inolvidable cont\u00e1ctanos! Dancing boulevard wedding","robots":{"index":"index","follow":"follow","max-snippet":"max-snippet:-1","max-image-preview":"max-image-preview:large","max-video-preview":"max-video-preview:-1"},"canonical":"https:\/\/dancingboulevard.com\/en\/bodas\/","og_locale":"en_US","og_type":"article","og_title":"Ceremonia de Bodas Originales, prepara tu Baile Nupcial y mucho m\u00e1s!","og_description":"Te ayudamos a organizar tu boda, a preparar el Baile Nupcial y a muchas cosas m\u00e1s. Si quieres una boda inolvidable cont\u00e1ctanos! Dancing boulevard wedding","og_url":"https:\/\/dancingboulevard.com\/en\/bodas\/","og_site_name":"Dancing Boulevard","article_publisher":"https:\/\/www.facebook.com\/pages\/Dancing-Boulevard\/1425357731107040?fref=ts","article_modified_time":"2021-05-29T14:28:11+00:00","og_image":[{"url":"https:\/\/dancingboulevard.com\/wp-content\/uploads\/2015\/03\/foto-gente-bailando-bodas.jpg","type":"","width":"","height":""}],"twitter_card":"summary_large_image","twitter_misc":{"Est. reading time":"3 minutes"},"schema":{"@context":"https:\/\/schema.org","@graph":[{"@type":"WebPage","@id":"https:\/\/dancingboulevard.com\/bodas\/","url":"https:\/\/dancingboulevard.com\/bodas\/","name":"Ceremonia de Bodas Originales, prepara tu Baile Nupcial y mucho m\u00e1s!","isPartOf":{"@id":"https:\/\/dancingboulevard.com\/#website"},"primaryImageOfPage":{"@id":"https:\/\/dancingboulevard.com\/bodas\/#primaryimage"},"image":{"@id":"https:\/\/dancingboulevard.com\/bodas\/#primaryimage"},"thumbnailUrl":"https:\/\/dancingboulevard.com\/wp-content\/uploads\/2015\/03\/foto-gente-bailando-bodas.jpg","datePublished":"2015-03-13T16:55:53+00:00","dateModified":"2021-05-29T14:28:11+00:00","description":"Te ayudamos a organizar tu boda, a preparar el Baile Nupcial y a muchas cosas m\u00e1s. Si quieres una boda inolvidable cont\u00e1ctanos! Dancing boulevard wedding","breadcrumb":{"@id":"https:\/\/dancingboulevard.com\/bodas\/#breadcrumb"},"inLanguage":"en-US","potentialAction":[{"@type":"ReadAction","target":["https:\/\/dancingboulevard.com\/bodas\/"]}]},{"@type":"ImageObject","inLanguage":"en-US","@id":"https:\/\/dancingboulevard.com\/bodas\/#primaryimage","url":"https:\/\/dancingboulevard.com\/wp-content\/uploads\/2015\/03\/foto-gente-bailando-bodas.jpg","contentUrl":"https:\/\/dancingboulevard.com\/wp-content\/uploads\/2015\/03\/foto-gente-bailando-bodas.jpg"},{"@type":"BreadcrumbList","@id":"https:\/\/dancingboulevard.com\/bodas\/#breadcrumb","itemListElement":[{"@type":"ListItem","position":1,"name":"Portada","item":"https:\/\/dancingboulevard.com\/"},{"@type":"ListItem","position":2,"name":"BAILE NUPCIAL Y BODAS"}]},{"@type":"WebSite","@id":"https:\/\/dancingboulevard.com\/#website","url":"https:\/\/dancingboulevard.com\/","name":"Dancing Boulevard","description":"ESCUELA DE BAILE","publisher":{"@id":"https:\/\/dancingboulevard.com\/#organization"},"potentialAction":[{"@type":"SearchAction","target":{"@type":"EntryPoint","urlTemplate":"https:\/\/dancingboulevard.com\/?s={search_term_string}"},"query-input":{"@type":"PropertyValueSpecification","valueRequired":true,"valueName":"search_term_string"}}],"inLanguage":"en-US"},{"@type":"Organization","@id":"https:\/\/dancingboulevard.com\/#organization","name":"Dancing Boulevard","url":"https:\/\/dancingboulevard.com\/","logo":{"@type":"ImageObject","inLanguage":"en-US","@id":"https:\/\/dancingboulevard.com\/#\/schema\/logo\/image\/","url":"https:\/\/dancingboulevard.com\/wp-content\/uploads\/2020\/04\/DancinBoulevard.png","contentUrl":"https:\/\/dancingboulevard.com\/wp-content\/uploads\/2020\/04\/DancinBoulevard.png","width":1990,"height":803,"caption":"Dancing Boulevard"},"image":{"@id":"https:\/\/dancingboulevard.com\/#\/schema\/logo\/image\/"},"sameAs":["https:\/\/www.facebook.com\/pages\/Dancing-Boulevard\/1425357731107040?fref=ts","https:\/\/www.instagram.com\/dancingboulevard\/"]}]}},"_links":{"self":[{"href":"https:\/\/dancingboulevard.com\/en\/wp-json\/wp\/v2\/pages\/180","targetHints":{"allow":["GET"]}}],"collection":[{"href":"https:\/\/dancingboulevard.com\/en\/wp-json\/wp\/v2\/pages"}],"about":[{"href":"https:\/\/dancingboulevard.com\/en\/wp-json\/wp\/v2\/types\/page"}],"author":[{"embeddable":true,"href":"https:\/\/dancingboulevard.com\/en\/wp-json\/wp\/v2\/users\/1"}],"replies":[{"embeddable":true,"href":"https:\/\/dancingboulevard.com\/en\/wp-json\/wp\/v2\/comments?post=180"}],"version-history":[{"count":0,"href":"https:\/\/dancingboulevard.com\/en\/wp-json\/wp\/v2\/pages\/180\/revisions"}],"wp:attachment":[{"href":"https:\/\/dancingboulevard.com\/en\/wp-json\/wp\/v2\/media?parent=180"}],"curies":[{"name":"wp","href":"https:\/\/api.w.org\/{rel}","templated":true}]}}