{"id":18,"date":"2015-02-19T11:56:13","date_gmt":"2015-02-19T11:56:13","guid":{"rendered":"http:\/\/s553217786.mialojamiento.es\/?page_id=18"},"modified":"2026-03-02T14:49:22","modified_gmt":"2026-03-02T14:49:22","slug":"contacto-clases-de-baile","status":"publish","type":"page","link":"https:\/\/dancingboulevard.com\/en\/clases-de-salsa\/contacto-clases-de-baile\/","title":{"rendered":"CONTACTO"},"content":{"rendered":"<div data-elementor-type=\"wp-page\" data-elementor-id=\"18\" class=\"elementor elementor-18\">\n\t\t\t\t\t\t<section class=\"elementor-section elementor-top-section elementor-element elementor-element-588d028a elementor-section-boxed elementor-section-height-default elementor-section-height-default\" data-id=\"588d028a\" data-element_type=\"section\" data-e-type=\"section\" data-settings=\"{&quot;background_background&quot;:&quot;classic&quot;}\">\n\t\t\t\t\t\t\t<div class=\"elementor-background-overlay\"><\/div>\n\t\t\t\t\t\t\t<div class=\"elementor-container elementor-column-gap-default\">\n\t\t\t\t\t<div class=\"elementor-column elementor-col-100 elementor-top-column elementor-element elementor-element-5a46e60\" data-id=\"5a46e60\" data-element_type=\"column\" data-e-type=\"column\">\n\t\t\t<div class=\"elementor-widget-wrap elementor-element-populated\">\n\t\t\t\t\t\t<div class=\"elementor-element elementor-element-0f799de elementor-widget elementor-widget-heading\" data-id=\"0f799de\" data-element_type=\"widget\" data-e-type=\"widget\" data-widget_type=\"heading.default\">\n\t\t\t\t<div class=\"elementor-widget-container\">\n\t\t\t\t\t<h1 class=\"elementor-heading-title elementor-size-xxl\">Tu academia de baile Favorita<\/h1>\t\t\t\t<\/div>\n\t\t\t\t<\/div>\n\t\t\t\t<div class=\"elementor-element elementor-element-4d1844d1 elementor-widget elementor-widget-heading\" data-id=\"4d1844d1\" data-element_type=\"widget\" data-e-type=\"widget\" data-widget_type=\"heading.default\">\n\t\t\t\t<div class=\"elementor-widget-container\">\n\t\t\t\t\t<h3 class=\"elementor-heading-title elementor-size-large\">Encuentra la escuela con la que siempre has so\u00f1ado<\/h3>\t\t\t\t<\/div>\n\t\t\t\t<\/div>\n\t\t\t\t\t<\/div>\n\t\t<\/div>\n\t\t\t\t\t<\/div>\n\t\t<\/section>\n\t\t\t\t<section class=\"elementor-section elementor-top-section elementor-element elementor-element-cad60ac elementor-section-full_width elementor-section-height-min-height elementor-section-items-stretch elementor-section-content-middle elementor-section-height-default\" data-id=\"cad60ac\" data-element_type=\"section\" data-e-type=\"section\" data-settings=\"{&quot;background_background&quot;:&quot;classic&quot;}\">\n\t\t\t\t\t\t<div class=\"elementor-container elementor-column-gap-default\">\n\t\t\t\t\t<div class=\"elementor-column elementor-col-50 elementor-top-column elementor-element elementor-element-280c312e\" data-id=\"280c312e\" data-element_type=\"column\" data-e-type=\"column\" data-settings=\"{&quot;background_background&quot;:&quot;none&quot;}\">\n\t\t\t<div class=\"elementor-widget-wrap elementor-element-populated\">\n\t\t\t\t\t\t<div class=\"elementor-element elementor-element-34b09eb elementor-widget elementor-widget-heading\" data-id=\"34b09eb\" data-element_type=\"widget\" data-e-type=\"widget\" data-widget_type=\"heading.default\">\n\t\t\t\t<div class=\"elementor-widget-container\">\n\t\t\t\t\t<h2 class=\"elementor-heading-title elementor-size-large\">LL\u00c1MANOS O ESCR\u00cdBENOS UN WHATSAPP<\/h2>\t\t\t\t<\/div>\n\t\t\t\t<\/div>\n\t\t\t\t\t<\/div>\n\t\t<\/div>\n\t\t\t\t<div class=\"elementor-column elementor-col-50 elementor-top-column elementor-element elementor-element-3ec15a8e\" data-id=\"3ec15a8e\" data-element_type=\"column\" data-e-type=\"column\" data-settings=\"{&quot;background_background&quot;:&quot;classic&quot;}\">\n\t\t\t<div class=\"elementor-widget-wrap elementor-element-populated\">\n\t\t\t\t\t\t<div class=\"elementor-element elementor-element-19c05da elementor-mobile-align-start elementor-icon-list--layout-traditional elementor-list-item-link-full_width elementor-widget elementor-widget-icon-list\" data-id=\"19c05da\" data-element_type=\"widget\" data-e-type=\"widget\" data-widget_type=\"icon-list.default\">\n\t\t\t\t<div class=\"elementor-widget-container\">\n\t\t\t\t\t\t\t<ul class=\"elementor-icon-list-items\">\n\t\t\t\t\t\t\t<li class=\"elementor-icon-list-item\">\n\t\t\t\t\t\t\t\t\t\t\t<span class=\"elementor-icon-list-icon\">\n\t\t\t\t\t\t\t<i aria-hidden=\"true\" class=\"far fa-envelope\"><\/i>\t\t\t\t\t\t<\/span>\n\t\t\t\t\t\t\t\t\t\t<span class=\"elementor-icon-list-text\">escuela@dancingboulevard.com<\/span>\n\t\t\t\t\t\t\t\t\t<\/li>\n\t\t\t\t\t\t\t\t<li class=\"elementor-icon-list-item\">\n\t\t\t\t\t\t\t\t\t\t\t<span class=\"elementor-icon-list-icon\">\n\t\t\t\t\t\t\t<i aria-hidden=\"true\" class=\"fas fa-phone\"><\/i>\t\t\t\t\t\t<\/span>\n\t\t\t\t\t\t\t\t\t\t<span class=\"elementor-icon-list-text\">634 125 052<\/span>\n\t\t\t\t\t\t\t\t\t<\/li>\n\t\t\t\t\t\t<\/ul>\n\t\t\t\t\t\t<\/div>\n\t\t\t\t<\/div>\n\t\t\t\t\t<\/div>\n\t\t<\/div>\n\t\t\t\t\t<\/div>\n\t\t<\/section>\n\t\t\t\t<section class=\"elementor-section elementor-top-section elementor-element elementor-element-6849bee3 elementor-section-full_width elementor-section-content-middle elementor-section-height-default elementor-section-height-default\" data-id=\"6849bee3\" data-element_type=\"section\" data-e-type=\"section\" data-settings=\"{&quot;background_background&quot;:&quot;classic&quot;}\">\n\t\t\t\t\t\t<div class=\"elementor-container elementor-column-gap-no\">\n\t\t\t\t\t<div class=\"elementor-column elementor-col-50 elementor-top-column elementor-element elementor-element-77fb2e8e\" data-id=\"77fb2e8e\" data-element_type=\"column\" data-e-type=\"column\">\n\t\t\t<div class=\"elementor-widget-wrap elementor-element-populated\">\n\t\t\t\t\t\t<div class=\"elementor-element elementor-element-7c352c8c elementor-widget elementor-widget-google_maps\" data-id=\"7c352c8c\" data-element_type=\"widget\" data-e-type=\"widget\" data-widget_type=\"google_maps.default\">\n\t\t\t\t<div class=\"elementor-widget-container\">\n\t\t\t\t\t\t\t<div class=\"elementor-custom-embed\">\n\t\t\t<iframe loading=\"lazy\"\n\t\t\t\t\tsrc=\"https:\/\/maps.google.com\/maps?q=calle%20andorra%2065%2C%20madrid&#038;t=m&#038;z=14&#038;output=embed&#038;iwloc=near\"\n\t\t\t\t\ttitle=\"calle andorra 65, madrid\"\n\t\t\t\t\taria-label=\"calle andorra 65, madrid\"\n\t\t\t><\/iframe>\n\t\t<\/div>\n\t\t\t\t\t\t<\/div>\n\t\t\t\t<\/div>\n\t\t\t\t\t<\/div>\n\t\t<\/div>\n\t\t\t\t<div class=\"elementor-column elementor-col-50 elementor-top-column elementor-element elementor-element-1e83184b\" data-id=\"1e83184b\" data-element_type=\"column\" data-e-type=\"column\">\n\t\t\t<div class=\"elementor-widget-wrap elementor-element-populated\">\n\t\t\t\t\t\t<div class=\"elementor-element elementor-element-6a537947 elementor-widget elementor-widget-heading\" data-id=\"6a537947\" data-element_type=\"widget\" data-e-type=\"widget\" data-widget_type=\"heading.default\">\n\t\t\t\t<div class=\"elementor-widget-container\">\n\t\t\t\t\t<h2 class=\"elementor-heading-title elementor-size-large\">Madrid<\/h2>\t\t\t\t<\/div>\n\t\t\t\t<\/div>\n\t\t\t\t<div class=\"elementor-element elementor-element-75b3aa18 elementor-widget-divider--view-line elementor-widget elementor-widget-divider\" data-id=\"75b3aa18\" data-element_type=\"widget\" data-e-type=\"widget\" data-widget_type=\"divider.default\">\n\t\t\t\t<div class=\"elementor-widget-container\">\n\t\t\t\t\t\t\t<div class=\"elementor-divider\">\n\t\t\t<span class=\"elementor-divider-separator\">\n\t\t\t\t\t\t<\/span>\n\t\t<\/div>\n\t\t\t\t\t\t<\/div>\n\t\t\t\t<\/div>\n\t\t\t\t<div class=\"elementor-element elementor-element-6167d605 elementor-widget elementor-widget-heading\" data-id=\"6167d605\" data-element_type=\"widget\" data-e-type=\"widget\" data-widget_type=\"heading.default\">\n\t\t\t\t<div class=\"elementor-widget-container\">\n\t\t\t\t\t<p class=\"elementor-heading-title elementor-size-large\">C\/ Andorra 65<\/br>634 125 052<\/br>escuela@dancingboulevard.com<\/p>\t\t\t\t<\/div>\n\t\t\t\t<\/div>\n\t\t\t\t\t<\/div>\n\t\t<\/div>\n\t\t\t\t\t<\/div>\n\t\t<\/section>\n\t\t\t\t<section class=\"elementor-section elementor-top-section elementor-element elementor-element-3969921 elementor-section-full_width elementor-section-height-min-height elementor-section-items-stretch elementor-section-content-middle elementor-section-height-default\" data-id=\"3969921\" data-element_type=\"section\" data-e-type=\"section\" data-settings=\"{&quot;background_background&quot;:&quot;classic&quot;}\">\n\t\t\t\t\t\t<div class=\"elementor-container elementor-column-gap-default\">\n\t\t\t\t\t<div class=\"elementor-column elementor-col-50 elementor-top-column elementor-element elementor-element-14fbd62\" data-id=\"14fbd62\" data-element_type=\"column\" data-e-type=\"column\">\n\t\t\t<div class=\"elementor-widget-wrap elementor-element-populated\">\n\t\t\t\t\t\t<div class=\"elementor-element elementor-element-6f1b9b8d elementor-widget elementor-widget-heading\" data-id=\"6f1b9b8d\" data-element_type=\"widget\" data-e-type=\"widget\" data-widget_type=\"heading.default\">\n\t\t\t\t<div class=\"elementor-widget-container\">\n\t\t\t\t\t<h2 class=\"elementor-heading-title elementor-size-large\">Social<\/h2>\t\t\t\t<\/div>\n\t\t\t\t<\/div>\n\t\t\t\t<div class=\"elementor-element elementor-element-17638e34 elementor-widget-divider--view-line elementor-widget elementor-widget-divider\" data-id=\"17638e34\" data-element_type=\"widget\" data-e-type=\"widget\" data-widget_type=\"divider.default\">\n\t\t\t\t<div class=\"elementor-widget-container\">\n\t\t\t\t\t\t\t<div class=\"elementor-divider\">\n\t\t\t<span class=\"elementor-divider-separator\">\n\t\t\t\t\t\t<\/span>\n\t\t<\/div>\n\t\t\t\t\t\t<\/div>\n\t\t\t\t<\/div>\n\t\t\t\t<div class=\"elementor-element elementor-element-5664756f elementor-widget elementor-widget-heading\" data-id=\"5664756f\" data-element_type=\"widget\" data-e-type=\"widget\" data-widget_type=\"heading.default\">\n\t\t\t\t<div class=\"elementor-widget-container\">\n\t\t\t\t\t<p class=\"elementor-heading-title elementor-size-large\">Siguenos en nuestras redes sociales<\/p>\t\t\t\t<\/div>\n\t\t\t\t<\/div>\n\t\t\t\t\t<\/div>\n\t\t<\/div>\n\t\t\t\t<div class=\"elementor-column elementor-col-50 elementor-top-column elementor-element elementor-element-90ca931\" data-id=\"90ca931\" data-element_type=\"column\" data-e-type=\"column\" data-settings=\"{&quot;background_background&quot;:&quot;classic&quot;}\">\n\t\t\t<div class=\"elementor-widget-wrap elementor-element-populated\">\n\t\t\t\t\t\t<section class=\"elementor-section elementor-inner-section elementor-element elementor-element-76c1ded7 elementor-section-height-default elementor-section-boxed elementor-section-height-default\" data-id=\"76c1ded7\" data-element_type=\"section\" data-e-type=\"section\">\n\t\t\t\t\t\t<div class=\"elementor-container elementor-column-gap-default\">\n\t\t\t\t\t<div class=\"elementor-column elementor-col-33 elementor-inner-column elementor-element elementor-element-7ad26329 elementor-sm-33\" data-id=\"7ad26329\" data-element_type=\"column\" data-e-type=\"column\">\n\t\t\t<div class=\"elementor-widget-wrap elementor-element-populated\">\n\t\t\t\t\t\t<div class=\"elementor-element elementor-element-76c4c5a9 elementor-view-default elementor-widget elementor-widget-icon\" data-id=\"76c4c5a9\" data-element_type=\"widget\" data-e-type=\"widget\" data-widget_type=\"icon.default\">\n\t\t\t\t<div class=\"elementor-widget-container\">\n\t\t\t\t\t\t\t<div class=\"elementor-icon-wrapper\">\n\t\t\t<a class=\"elementor-icon\" href=\"https:\/\/www.facebook.com\/Dancing-Boulevard-1425357731107040\/\">\n\t\t\t<i aria-hidden=\"true\" class=\"fab fa-facebook-f\"><\/i>\t\t\t<\/a>\n\t\t<\/div>\n\t\t\t\t\t\t<\/div>\n\t\t\t\t<\/div>\n\t\t\t\t<div class=\"elementor-element elementor-element-904a619 elementor-widget elementor-widget-heading\" data-id=\"904a619\" data-element_type=\"widget\" data-e-type=\"widget\" data-widget_type=\"heading.default\">\n\t\t\t\t<div class=\"elementor-widget-container\">\n\t\t\t\t\t<h5 class=\"elementor-heading-title elementor-size-large\"><a href=\"https:\/\/www.facebook.com\/Dancing-Boulevard-1425357731107040\/\">Facebook<\/a><\/h5>\t\t\t\t<\/div>\n\t\t\t\t<\/div>\n\t\t\t\t\t<\/div>\n\t\t<\/div>\n\t\t\t\t<div class=\"elementor-column elementor-col-33 elementor-inner-column elementor-element elementor-element-467b9691 elementor-sm-33\" data-id=\"467b9691\" data-element_type=\"column\" data-e-type=\"column\">\n\t\t\t<div class=\"elementor-widget-wrap elementor-element-populated\">\n\t\t\t\t\t\t<div class=\"elementor-element elementor-element-5362814c elementor-view-default elementor-widget elementor-widget-icon\" data-id=\"5362814c\" data-element_type=\"widget\" data-e-type=\"widget\" data-widget_type=\"icon.default\">\n\t\t\t\t<div class=\"elementor-widget-container\">\n\t\t\t\t\t\t\t<div class=\"elementor-icon-wrapper\">\n\t\t\t<a class=\"elementor-icon\" href=\"https:\/\/www.youtube.com\/channel\/UCY2POwcDF9mYMdA-p-nDRNA\">\n\t\t\t<i aria-hidden=\"true\" class=\"fab fa-youtube\"><\/i>\t\t\t<\/a>\n\t\t<\/div>\n\t\t\t\t\t\t<\/div>\n\t\t\t\t<\/div>\n\t\t\t\t<div class=\"elementor-element elementor-element-8a975c9 elementor-widget elementor-widget-heading\" data-id=\"8a975c9\" data-element_type=\"widget\" data-e-type=\"widget\" data-widget_type=\"heading.default\">\n\t\t\t\t<div class=\"elementor-widget-container\">\n\t\t\t\t\t<h5 class=\"elementor-heading-title elementor-size-large\"><a href=\"https:\/\/www.youtube.com\/channel\/UCY2POwcDF9mYMdA-p-nDRNA\">Youtube<\/a><\/h5>\t\t\t\t<\/div>\n\t\t\t\t<\/div>\n\t\t\t\t\t<\/div>\n\t\t<\/div>\n\t\t\t\t<div class=\"elementor-column elementor-col-33 elementor-inner-column elementor-element elementor-element-6d638b35 elementor-sm-33\" data-id=\"6d638b35\" data-element_type=\"column\" data-e-type=\"column\">\n\t\t\t<div class=\"elementor-widget-wrap elementor-element-populated\">\n\t\t\t\t\t\t<div class=\"elementor-element elementor-element-6d87d5c1 elementor-view-default elementor-widget elementor-widget-icon\" data-id=\"6d87d5c1\" data-element_type=\"widget\" data-e-type=\"widget\" data-widget_type=\"icon.default\">\n\t\t\t\t<div class=\"elementor-widget-container\">\n\t\t\t\t\t\t\t<div class=\"elementor-icon-wrapper\">\n\t\t\t<a class=\"elementor-icon\" href=\"https:\/\/www.instagram.com\/dancingboulevard\/\">\n\t\t\t<i aria-hidden=\"true\" class=\"fab fa-instagram\"><\/i>\t\t\t<\/a>\n\t\t<\/div>\n\t\t\t\t\t\t<\/div>\n\t\t\t\t<\/div>\n\t\t\t\t<div class=\"elementor-element elementor-element-68f64c12 elementor-widget elementor-widget-heading\" data-id=\"68f64c12\" data-element_type=\"widget\" data-e-type=\"widget\" data-widget_type=\"heading.default\">\n\t\t\t\t<div class=\"elementor-widget-container\">\n\t\t\t\t\t<h5 class=\"elementor-heading-title elementor-size-large\"><a href=\"https:\/\/www.instagram.com\/dancingboulevard\/\">Instagram<\/a><\/h5>\t\t\t\t<\/div>\n\t\t\t\t<\/div>\n\t\t\t\t\t<\/div>\n\t\t<\/div>\n\t\t\t\t\t<\/div>\n\t\t<\/section>\n\t\t\t\t\t<\/div>\n\t\t<\/div>\n\t\t\t\t\t<\/div>\n\t\t<\/section>\n\t\t\t\t<section class=\"elementor-section elementor-top-section elementor-element elementor-element-f7e1191 elementor-section-boxed elementor-section-height-default elementor-section-height-default\" data-id=\"f7e1191\" data-element_type=\"section\" data-e-type=\"section\" data-settings=\"{&quot;background_background&quot;:&quot;classic&quot;}\">\n\t\t\t\t\t\t<div class=\"elementor-container elementor-column-gap-default\">\n\t\t\t\t\t<div class=\"elementor-column elementor-col-100 elementor-top-column elementor-element elementor-element-41366a4\" data-id=\"41366a4\" data-element_type=\"column\" data-e-type=\"column\">\n\t\t\t<div class=\"elementor-widget-wrap elementor-element-populated\">\n\t\t\t\t\t\t<div class=\"elementor-element elementor-element-fa49ca9 elementor-widget elementor-widget-heading\" data-id=\"fa49ca9\" data-element_type=\"widget\" data-e-type=\"widget\" data-widget_type=\"heading.default\">\n\t\t\t\t<div class=\"elementor-widget-container\">\n\t\t\t\t\t<h3 class=\"elementor-heading-title elementor-size-default\">Nuestros alumnos son nuestra mejor referencia<\/h3>\t\t\t\t<\/div>\n\t\t\t\t<\/div>\n\t\t\t\t<div class=\"elementor-element elementor-element-789ee5d elementor-widget elementor-widget-heading\" data-id=\"789ee5d\" data-element_type=\"widget\" data-e-type=\"widget\" data-widget_type=\"heading.default\">\n\t\t\t\t<div class=\"elementor-widget-container\">\n\t\t\t\t\t<h5 class=\"elementor-heading-title elementor-size-default\">Ven a conocer nuestras clases y descubre c\u00f3mo el baile puede cambiarte la vida<\/h5>\t\t\t\t<\/div>\n\t\t\t\t<\/div>\n\t\t\t\t<div class=\"elementor-element elementor-element-0d4c475 elementor-hidden-desktop elementor-hidden-tablet elementor-widget elementor-widget-image\" data-id=\"0d4c475\" data-element_type=\"widget\" data-e-type=\"widget\" data-widget_type=\"image.default\">\n\t\t\t\t<div class=\"elementor-widget-container\">\n\t\t\t\t\t\t\t\t\t\t\t\t\t\t\t\t<a href=\"https:\/\/goo.gl\/maps\/DhNhbgda767QgLMn8\">\n\t\t\t\t\t\t\t<img fetchpriority=\"high\" decoding=\"async\" width=\"438\" height=\"350\" src=\"https:\/\/dancingboulevard.com\/wp-content\/uploads\/2021\/08\/movil-resena.png\" class=\"attachment-large size-large wp-image-8613\" alt=\"google review movile\" srcset=\"https:\/\/dancingboulevard.com\/wp-content\/uploads\/2021\/08\/movil-resena.png 438w, https:\/\/dancingboulevard.com\/wp-content\/uploads\/2021\/08\/movil-resena-300x240.png 300w\" sizes=\"(max-width: 438px) 100vw, 438px\" \/>\t\t\t\t\t\t\t\t<\/a>\n\t\t\t\t\t\t\t\t\t\t\t\t\t\t\t<\/div>\n\t\t\t\t<\/div>\n\t\t\t\t<div class=\"elementor-element elementor-element-fef92e9 elementor-hidden-phone elementor-widget elementor-widget-image\" data-id=\"fef92e9\" data-element_type=\"widget\" data-e-type=\"widget\" data-widget_type=\"image.default\">\n\t\t\t\t<div class=\"elementor-widget-container\">\n\t\t\t\t\t\t\t\t\t\t\t\t\t\t\t\t<a href=\"https:\/\/goo.gl\/maps\/DhNhbgda767QgLMn8\">\n\t\t\t\t\t\t\t<img decoding=\"async\" width=\"915\" height=\"650\" src=\"https:\/\/dancingboulevard.com\/wp-content\/uploads\/2021\/08\/google6.png\" class=\"attachment-full size-full wp-image-8611\" alt=\"google review 6\" srcset=\"https:\/\/dancingboulevard.com\/wp-content\/uploads\/2021\/08\/google6.png 915w, https:\/\/dancingboulevard.com\/wp-content\/uploads\/2021\/08\/google6-300x213.png 300w, https:\/\/dancingboulevard.com\/wp-content\/uploads\/2021\/08\/google6-768x546.png 768w\" sizes=\"(max-width: 915px) 100vw, 915px\" \/>\t\t\t\t\t\t\t\t<\/a>\n\t\t\t\t\t\t\t\t\t\t\t\t\t\t\t<\/div>\n\t\t\t\t<\/div>\n\t\t\t\t<div class=\"elementor-element elementor-element-75af216 elementor-widget elementor-widget-html\" data-id=\"75af216\" data-element_type=\"widget\" data-e-type=\"widget\" data-widget_type=\"html.default\">\n\t\t\t\t<div class=\"elementor-widget-container\">\n\t\t\t\t\t<iframe src=\"https:\/\/dancingboulevard.com\/listado-de-clases\/\" title=\"calses de baile\" height=\"1300\" >\n    \n    https:\/\/dancingboulevard.com\/wp-admin\/post.php?post=16121&action=elementor\n<\/iframe>\t\t\t\t<\/div>\n\t\t\t\t<\/div>\n\t\t\t\t\t<\/div>\n\t\t<\/div>\n\t\t\t\t\t<\/div>\n\t\t<\/section>\n\t\t\t\t<\/div>","protected":false},"excerpt":{"rendered":"<p>Tu academia de baile Favorita Encuentra la escuela con la que siempre has so\u00f1ado LL\u00c1MANOS O ESCR\u00cdBENOS UN WHATSAPP escuela@dancingboulevard.com 634 125 052 Madrid C\/ Andorra 65634 125 052escuela@dancingboulevard.com Social Siguenos en nuestras redes sociales Facebook Youtube Instagram Nuestros alumnos son nuestra mejor referencia Ven a conocer nuestras clases y [&hellip;]<\/p>\n","protected":false},"author":1,"featured_media":19580,"parent":2132,"menu_order":2,"comment_status":"closed","ping_status":"closed","template":"elementor_header_footer","meta":{"footnotes":"","_links_to":"","_links_to_target":""},"class_list":["post-18","page","type-page","status-publish","has-post-thumbnail","hentry"],"yoast_head":"<!-- This site is optimized with the Yoast SEO plugin v26.8 - https:\/\/yoast.com\/product\/yoast-seo-wordpress\/ -->\n<title>Clases de Baile - Dancing Boulevard - Tu escuela Favorita<\/title>\n<meta name=\"description\" content=\"Cont\u00e1ctanos, tenemos todo tipo de clases de baile, te convertiremos en ese bailar\u00edn que tanto deseas, no pierdas m\u00e1s tiempo!!\" \/>\n<meta name=\"robots\" content=\"index, follow, max-snippet:-1, max-image-preview:large, max-video-preview:-1\" \/>\n<link rel=\"canonical\" href=\"https:\/\/dancingboulevard.com\/en\/clases-de-salsa\/contacto-clases-de-baile\/\" \/>\n<meta property=\"og:locale\" content=\"en_US\" \/>\n<meta property=\"og:type\" content=\"article\" \/>\n<meta property=\"og:title\" content=\"Clases de Baile - Dancing Boulevard - Tu escuela Favorita\" \/>\n<meta property=\"og:description\" content=\"Cont\u00e1ctanos, tenemos todo tipo de clases de baile, te convertiremos en ese bailar\u00edn que tanto deseas, no pierdas m\u00e1s tiempo!!\" \/>\n<meta property=\"og:url\" content=\"https:\/\/dancingboulevard.com\/en\/clases-de-salsa\/contacto-clases-de-baile\/\" \/>\n<meta property=\"og:site_name\" content=\"Dancing Boulevard\" \/>\n<meta property=\"article:publisher\" content=\"https:\/\/www.facebook.com\/pages\/Dancing-Boulevard\/1425357731107040?fref=ts\" \/>\n<meta property=\"article:modified_time\" content=\"2026-03-02T14:49:22+00:00\" \/>\n<meta property=\"og:image\" content=\"https:\/\/dancingboulevard.com\/wp-content\/uploads\/2024\/01\/Logo-grupos-whatsapp-PROFESIONAL-RAYAS-NEGRO.png\" \/>\n\t<meta property=\"og:image:width\" content=\"1920\" \/>\n\t<meta property=\"og:image:height\" content=\"1838\" \/>\n\t<meta property=\"og:image:type\" content=\"image\/png\" \/>\n<meta name=\"twitter:card\" content=\"summary_large_image\" \/>\n<meta name=\"twitter:label1\" content=\"Est. reading time\" \/>\n\t<meta name=\"twitter:data1\" content=\"1 minute\" \/>\n<!-- \/ Yoast SEO plugin. -->","yoast_head_json":{"title":"Clases de Baile - Dancing Boulevard - Tu escuela Favorita","description":"Cont\u00e1ctanos, tenemos todo tipo de clases de baile, te convertiremos en ese bailar\u00edn que tanto deseas, no pierdas m\u00e1s tiempo!!","robots":{"index":"index","follow":"follow","max-snippet":"max-snippet:-1","max-image-preview":"max-image-preview:large","max-video-preview":"max-video-preview:-1"},"canonical":"https:\/\/dancingboulevard.com\/en\/clases-de-salsa\/contacto-clases-de-baile\/","og_locale":"en_US","og_type":"article","og_title":"Clases de Baile - Dancing Boulevard - Tu escuela Favorita","og_description":"Cont\u00e1ctanos, tenemos todo tipo de clases de baile, te convertiremos en ese bailar\u00edn que tanto deseas, no pierdas m\u00e1s tiempo!!","og_url":"https:\/\/dancingboulevard.com\/en\/clases-de-salsa\/contacto-clases-de-baile\/","og_site_name":"Dancing Boulevard","article_publisher":"https:\/\/www.facebook.com\/pages\/Dancing-Boulevard\/1425357731107040?fref=ts","article_modified_time":"2026-03-02T14:49:22+00:00","og_image":[{"width":1920,"height":1838,"url":"https:\/\/dancingboulevard.com\/wp-content\/uploads\/2024\/01\/Logo-grupos-whatsapp-PROFESIONAL-RAYAS-NEGRO.png","type":"image\/png"}],"twitter_card":"summary_large_image","twitter_misc":{"Est. reading time":"1 minute"},"schema":{"@context":"https:\/\/schema.org","@graph":[{"@type":"WebPage","@id":"https:\/\/dancingboulevard.com\/clases-de-salsa\/contacto-clases-de-baile\/","url":"https:\/\/dancingboulevard.com\/clases-de-salsa\/contacto-clases-de-baile\/","name":"Clases de Baile - Dancing Boulevard - Tu escuela Favorita","isPartOf":{"@id":"https:\/\/dancingboulevard.com\/#website"},"primaryImageOfPage":{"@id":"https:\/\/dancingboulevard.com\/clases-de-salsa\/contacto-clases-de-baile\/#primaryimage"},"image":{"@id":"https:\/\/dancingboulevard.com\/clases-de-salsa\/contacto-clases-de-baile\/#primaryimage"},"thumbnailUrl":"https:\/\/dancingboulevard.com\/wp-content\/uploads\/2024\/01\/Logo-grupos-whatsapp-PROFESIONAL-RAYAS-NEGRO.png","datePublished":"2015-02-19T11:56:13+00:00","dateModified":"2026-03-02T14:49:22+00:00","description":"Cont\u00e1ctanos, tenemos todo tipo de clases de baile, te convertiremos en ese bailar\u00edn que tanto deseas, no pierdas m\u00e1s tiempo!!","breadcrumb":{"@id":"https:\/\/dancingboulevard.com\/clases-de-salsa\/contacto-clases-de-baile\/#breadcrumb"},"inLanguage":"en-US","potentialAction":[{"@type":"ReadAction","target":["https:\/\/dancingboulevard.com\/clases-de-salsa\/contacto-clases-de-baile\/"]}]},{"@type":"ImageObject","inLanguage":"en-US","@id":"https:\/\/dancingboulevard.com\/clases-de-salsa\/contacto-clases-de-baile\/#primaryimage","url":"https:\/\/dancingboulevard.com\/wp-content\/uploads\/2024\/01\/Logo-grupos-whatsapp-PROFESIONAL-RAYAS-NEGRO.png","contentUrl":"https:\/\/dancingboulevard.com\/wp-content\/uploads\/2024\/01\/Logo-grupos-whatsapp-PROFESIONAL-RAYAS-NEGRO.png","width":1920,"height":1838},{"@type":"BreadcrumbList","@id":"https:\/\/dancingboulevard.com\/clases-de-salsa\/contacto-clases-de-baile\/#breadcrumb","itemListElement":[{"@type":"ListItem","position":1,"name":"Portada","item":"https:\/\/dancingboulevard.com\/"},{"@type":"ListItem","position":2,"name":"Clases de salsa","item":"https:\/\/dancingboulevard.com\/clases-de-salsa\/"},{"@type":"ListItem","position":3,"name":"CONTACTO"}]},{"@type":"WebSite","@id":"https:\/\/dancingboulevard.com\/#website","url":"https:\/\/dancingboulevard.com\/","name":"Dancing Boulevard","description":"ESCUELA DE BAILE","publisher":{"@id":"https:\/\/dancingboulevard.com\/#organization"},"potentialAction":[{"@type":"SearchAction","target":{"@type":"EntryPoint","urlTemplate":"https:\/\/dancingboulevard.com\/?s={search_term_string}"},"query-input":{"@type":"PropertyValueSpecification","valueRequired":true,"valueName":"search_term_string"}}],"inLanguage":"en-US"},{"@type":"Organization","@id":"https:\/\/dancingboulevard.com\/#organization","name":"Dancing Boulevard","url":"https:\/\/dancingboulevard.com\/","logo":{"@type":"ImageObject","inLanguage":"en-US","@id":"https:\/\/dancingboulevard.com\/#\/schema\/logo\/image\/","url":"https:\/\/dancingboulevard.com\/wp-content\/uploads\/2020\/04\/DancinBoulevard.png","contentUrl":"https:\/\/dancingboulevard.com\/wp-content\/uploads\/2020\/04\/DancinBoulevard.png","width":1990,"height":803,"caption":"Dancing Boulevard"},"image":{"@id":"https:\/\/dancingboulevard.com\/#\/schema\/logo\/image\/"},"sameAs":["https:\/\/www.facebook.com\/pages\/Dancing-Boulevard\/1425357731107040?fref=ts","https:\/\/www.instagram.com\/dancingboulevard\/"]}]}},"_links":{"self":[{"href":"https:\/\/dancingboulevard.com\/en\/wp-json\/wp\/v2\/pages\/18","targetHints":{"allow":["GET"]}}],"collection":[{"href":"https:\/\/dancingboulevard.com\/en\/wp-json\/wp\/v2\/pages"}],"about":[{"href":"https:\/\/dancingboulevard.com\/en\/wp-json\/wp\/v2\/types\/page"}],"author":[{"embeddable":true,"href":"https:\/\/dancingboulevard.com\/en\/wp-json\/wp\/v2\/users\/1"}],"replies":[{"embeddable":true,"href":"https:\/\/dancingboulevard.com\/en\/wp-json\/wp\/v2\/comments?post=18"}],"version-history":[{"count":29,"href":"https:\/\/dancingboulevard.com\/en\/wp-json\/wp\/v2\/pages\/18\/revisions"}],"predecessor-version":[{"id":25419,"href":"https:\/\/dancingboulevard.com\/en\/wp-json\/wp\/v2\/pages\/18\/revisions\/25419"}],"up":[{"embeddable":true,"href":"https:\/\/dancingboulevard.com\/en\/wp-json\/wp\/v2\/pages\/2132"}],"wp:featuredmedia":[{"embeddable":true,"href":"https:\/\/dancingboulevard.com\/en\/wp-json\/wp\/v2\/media\/19580"}],"wp:attachment":[{"href":"https:\/\/dancingboulevard.com\/en\/wp-json\/wp\/v2\/media?parent=18"}],"curies":[{"name":"wp","href":"https:\/\/api.w.org\/{rel}","templated":true}]}}