{"id":16817,"date":"2023-01-27T14:02:08","date_gmt":"2023-01-27T14:02:08","guid":{"rendered":"https:\/\/dancingboulevard.com\/?page_id=16817"},"modified":"2025-04-01T13:36:00","modified_gmt":"2025-04-01T13:36:00","slug":"vogue","status":"publish","type":"page","link":"https:\/\/dancingboulevard.com\/en\/vogue\/","title":{"rendered":"Vogue"},"content":{"rendered":"<div data-elementor-type=\"wp-page\" data-elementor-id=\"16817\" class=\"elementor elementor-16817\">\n\t\t\t\t\t\t<section class=\"elementor-section elementor-top-section elementor-element elementor-element-50f78ae elementor-section-full_width elementor-section-height-default elementor-section-height-default\" data-id=\"50f78ae\" data-element_type=\"section\" data-e-type=\"section\">\n\t\t\t\t\t\t<div class=\"elementor-container elementor-column-gap-no\">\n\t\t\t\t\t<div class=\"elementor-column elementor-col-50 elementor-top-column elementor-element elementor-element-4b52afe\" data-id=\"4b52afe\" data-element_type=\"column\" data-e-type=\"column\">\n\t\t\t<div class=\"elementor-widget-wrap elementor-element-populated\">\n\t\t\t\t\t\t<section class=\"elementor-section elementor-inner-section elementor-element elementor-element-cf0cc1a elementor-section-full_width elementor-section-height-default elementor-section-height-default\" data-id=\"cf0cc1a\" data-element_type=\"section\" data-e-type=\"section\">\n\t\t\t\t\t\t<div class=\"elementor-container elementor-column-gap-no\">\n\t\t\t\t\t<div class=\"elementor-column elementor-col-50 elementor-inner-column elementor-element elementor-element-e9ee86d\" data-id=\"e9ee86d\" data-element_type=\"column\" data-e-type=\"column\">\n\t\t\t<div class=\"elementor-widget-wrap elementor-element-populated\">\n\t\t\t\t\t\t<div class=\"elementor-element elementor-element-8f3c895 elementor-position-top elementor-widget elementor-widget-image-box\" data-id=\"8f3c895\" data-element_type=\"widget\" data-e-type=\"widget\" data-widget_type=\"image-box.default\">\n\t\t\t\t<div class=\"elementor-widget-container\">\n\t\t\t\t\t<div class=\"elementor-image-box-wrapper\"><figure class=\"elementor-image-box-img\"><a href=\"#\" tabindex=\"-1\"><img decoding=\"async\" src=\"https:\/\/img.europapress.es\/fotoweb\/fotonoticia_20130120151406_1920.jpg\" title=\"\" alt=\"\" class=\"elementor-animation-grow\" loading=\"lazy\" \/><\/a><\/figure><div class=\"elementor-image-box-content\"><h4 class=\"elementor-image-box-title\"><a href=\"#\">Comprensi\u00f3n<\/a><\/h4><\/div><\/div>\t\t\t\t<\/div>\n\t\t\t\t<\/div>\n\t\t\t\t\t<\/div>\n\t\t<\/div>\n\t\t\t\t<div class=\"elementor-column elementor-col-50 elementor-inner-column elementor-element elementor-element-24bf2a8\" data-id=\"24bf2a8\" data-element_type=\"column\" data-e-type=\"column\">\n\t\t\t<div class=\"elementor-widget-wrap elementor-element-populated\">\n\t\t\t\t\t\t<div class=\"elementor-element elementor-element-6c791f8 elementor-position-top elementor-widget elementor-widget-image-box\" data-id=\"6c791f8\" data-element_type=\"widget\" data-e-type=\"widget\" data-widget_type=\"image-box.default\">\n\t\t\t\t<div class=\"elementor-widget-container\">\n\t\t\t\t\t<div class=\"elementor-image-box-wrapper\"><figure class=\"elementor-image-box-img\"><a href=\"#\" tabindex=\"-1\"><img decoding=\"async\" src=\"https:\/\/i.pinimg.com\/736x\/8a\/e6\/9e\/8ae69eaa60f41b5571aeaf859ea5a119--vogue-hommes-male-models.jpg\" title=\"\" alt=\"\" class=\"elementor-animation-grow\" loading=\"lazy\" \/><\/a><\/figure><div class=\"elementor-image-box-content\"><h4 class=\"elementor-image-box-title\"><a href=\"#\">Aceptaci\u00f3n<\/a><\/h4><\/div><\/div>\t\t\t\t<\/div>\n\t\t\t\t<\/div>\n\t\t\t\t\t<\/div>\n\t\t<\/div>\n\t\t\t\t\t<\/div>\n\t\t<\/section>\n\t\t\t\t<section class=\"elementor-section elementor-inner-section elementor-element elementor-element-85cd519 elementor-section-full_width elementor-section-height-default elementor-section-height-default\" data-id=\"85cd519\" data-element_type=\"section\" data-e-type=\"section\">\n\t\t\t\t\t\t<div class=\"elementor-container elementor-column-gap-no\">\n\t\t\t\t\t<div class=\"elementor-column elementor-col-50 elementor-inner-column elementor-element elementor-element-ea49420\" data-id=\"ea49420\" data-element_type=\"column\" data-e-type=\"column\">\n\t\t\t<div class=\"elementor-widget-wrap elementor-element-populated\">\n\t\t\t\t\t\t<div class=\"elementor-element elementor-element-d0e3ed7 elementor-position-top elementor-widget elementor-widget-image-box\" data-id=\"d0e3ed7\" data-element_type=\"widget\" data-e-type=\"widget\" data-widget_type=\"image-box.default\">\n\t\t\t\t<div class=\"elementor-widget-container\">\n\t\t\t\t\t<div class=\"elementor-image-box-wrapper\"><figure class=\"elementor-image-box-img\"><a href=\"#\" tabindex=\"-1\"><img decoding=\"async\" src=\"https:\/\/i0.wp.com\/www.homosensual.com\/wp-content\/uploads\/2019\/11\/que%CC%81-es-el-vogue-LGBT-2.png?resize=600%2C400&#038;quality=80\" title=\"\" alt=\"\" class=\"elementor-animation-grow\" loading=\"lazy\" \/><\/a><\/figure><div class=\"elementor-image-box-content\"><h4 class=\"elementor-image-box-title\"><a href=\"#\">Amor<\/a><\/h4><\/div><\/div>\t\t\t\t<\/div>\n\t\t\t\t<\/div>\n\t\t\t\t\t<\/div>\n\t\t<\/div>\n\t\t\t\t<div class=\"elementor-column elementor-col-50 elementor-inner-column elementor-element elementor-element-1294b85\" data-id=\"1294b85\" data-element_type=\"column\" data-e-type=\"column\">\n\t\t\t<div class=\"elementor-widget-wrap elementor-element-populated\">\n\t\t\t\t\t\t<div class=\"elementor-element elementor-element-d7e7242 elementor-position-top elementor-widget elementor-widget-image-box\" data-id=\"d7e7242\" data-element_type=\"widget\" data-e-type=\"widget\" data-widget_type=\"image-box.default\">\n\t\t\t\t<div class=\"elementor-widget-container\">\n\t\t\t\t\t<div class=\"elementor-image-box-wrapper\"><figure class=\"elementor-image-box-img\"><a href=\"#\" tabindex=\"-1\"><img decoding=\"async\" src=\"https:\/\/th.bing.com\/th\/id\/R.a9a2d741a2c14ba73c34d315ce22fef4?rik=cg1Q7jk2fy8FLg&#038;riu=http%3a%2f%2fwww.bellezapura.com%2fwp-content%2fuploads%2f2014%2f12%2fmadonna-leggings.jpg&#038;ehk=SyoCHkIcRExnIMHtuhV6bATN2zjzNh0NFV0HyGY2HPI%3d&#038;risl=&#038;pid=ImgRaw&#038;r=0\" title=\"\" alt=\"\" class=\"elementor-animation-grow\" loading=\"lazy\" \/><\/a><\/figure><div class=\"elementor-image-box-content\"><h4 class=\"elementor-image-box-title\"><a href=\"#\">Uni\u00f3n<\/a><\/h4><\/div><\/div>\t\t\t\t<\/div>\n\t\t\t\t<\/div>\n\t\t\t\t\t<\/div>\n\t\t<\/div>\n\t\t\t\t\t<\/div>\n\t\t<\/section>\n\t\t\t\t\t<\/div>\n\t\t<\/div>\n\t\t\t\t<div class=\"elementor-column elementor-col-50 elementor-top-column elementor-element elementor-element-2e7e7dd\" data-id=\"2e7e7dd\" data-element_type=\"column\" data-e-type=\"column\">\n\t\t\t<div class=\"elementor-widget-wrap elementor-element-populated\">\n\t\t\t\t\t\t<div class=\"elementor-element elementor-element-72d1b71 elementor-widget elementor-widget-heading\" data-id=\"72d1b71\" data-element_type=\"widget\" data-e-type=\"widget\" data-widget_type=\"heading.default\">\n\t\t\t\t<div class=\"elementor-widget-container\">\n\t\t\t\t\t<h2 class=\"elementor-heading-title elementor-size-medium\">\u00bfQu\u00e9 es el <i><u>Vogue<\/u><\/i>?<\/h2>\t\t\t\t<\/div>\n\t\t\t\t<\/div>\n\t\t\t\t<div class=\"elementor-element elementor-element-9752e19 elementor-widget elementor-widget-heading\" data-id=\"9752e19\" data-element_type=\"widget\" data-e-type=\"widget\" data-widget_type=\"heading.default\">\n\t\t\t\t<div class=\"elementor-widget-container\">\n\t\t\t\t\t<p class=\"elementor-heading-title elementor-size-default\">El Vogue es el estilo de baile m\u00e1s representativo de la comunidad LGBT+. <br>Se define como una forma de baile estilizada de house dance que se populariz\u00f3 en los 80's. <br><br>Este estilo de danza tom\u00f3 su nombre de la revista Vogue. <br>Con sus poses y pasos de baile, los bailarines trataban de imitar las posturas de los modelos que sal\u00edan en las fotograf\u00edas de la revista.<\/p>\t\t\t\t<\/div>\n\t\t\t\t<\/div>\n\t\t\t\t\t<\/div>\n\t\t<\/div>\n\t\t\t\t\t<\/div>\n\t\t<\/section>\n\t\t\t\t<section class=\"elementor-section elementor-top-section elementor-element elementor-element-f2d5452 elementor-section-full_width elementor-section-height-default elementor-section-height-default\" data-id=\"f2d5452\" data-element_type=\"section\" data-e-type=\"section\">\n\t\t\t\t\t\t<div class=\"elementor-container elementor-column-gap-no\">\n\t\t\t\t\t<div class=\"elementor-column elementor-col-100 elementor-top-column elementor-element elementor-element-798d0ef\" data-id=\"798d0ef\" data-element_type=\"column\" data-e-type=\"column\">\n\t\t\t<div class=\"elementor-widget-wrap elementor-element-populated\">\n\t\t\t\t\t\t<div class=\"elementor-element elementor-element-7a2b29e elementor-widget elementor-widget-heading\" data-id=\"7a2b29e\" data-element_type=\"widget\" data-e-type=\"widget\" data-widget_type=\"heading.default\">\n\t\t\t\t<div class=\"elementor-widget-container\">\n\t\t\t\t\t<h2 class=\"elementor-heading-title elementor-size-default\">Historia del <u><i>Vogue<\/i><\/u><\/h2>\t\t\t\t<\/div>\n\t\t\t\t<\/div>\n\t\t\t\t<div class=\"elementor-element elementor-element-5e49aeb elementor-widget elementor-widget-text-editor\" data-id=\"5e49aeb\" data-element_type=\"widget\" data-e-type=\"widget\" data-widget_type=\"text-editor.default\">\n\t\t\t\t<div class=\"elementor-widget-container\">\n\t\t\t\t\t\t\t\t\t<p>No es solo un baile, es un movimiento de expresi\u00f3n y libertad<\/p>\t\t\t\t\t\t\t\t<\/div>\n\t\t\t\t<\/div>\n\t\t\t\t<div class=\"elementor-element elementor-element-781e50b elementor-widget elementor-widget-text-editor\" data-id=\"781e50b\" data-element_type=\"widget\" data-e-type=\"widget\" data-widget_type=\"text-editor.default\">\n\t\t\t\t<div class=\"elementor-widget-container\">\n\t\t\t\t\t\t\t\t\t<p style=\"text-align: left;\"><span style=\"color: #324a6d; font-family: Poppins, sans-serif; font-size: 22px; text-align: center; white-space: pre-wrap;\">La historia de este genero de baile se remonta a 1969 aproximadamente. En aquel a\u00f1o exist\u00eda un sal\u00f3n de baile llamado <em>Hamilton Lodge<\/em> en el barrio de Harlem en Nueva York. En aquel lugar se realiz\u00f3 un baile de mascaras y fue ah\u00ed donde el Vogue se dio a conocer por primera vez. <\/span><\/p><p style=\"text-align: left;\"><span style=\"color: #324a6d; font-family: Poppins, sans-serif; font-size: 22px; text-align: center; white-space: pre-wrap;\">Las personas que comenzaron a practicar los primeros pasos de baile eran pertenecientes a la comunidad negra y latina de los a\u00f1os 70&#8217;s. Sumado a ello, la mayor\u00eda de sus practicantes eran hombres homosexuales. Hist\u00f3ricamente estas dos comunidades hab\u00edan sido y siguen siendo <em>marginadas<\/em> y <em>discriminadas<\/em>.<\/span><\/p><h2 dir=\"ltr\" style=\"line-height: 1.6; margin-top: 0pt; margin-bottom: 18pt; text-align: left;\"><\/h2>\t\t\t\t\t\t\t\t<\/div>\n\t\t\t\t<\/div>\n\t\t\t\t<div class=\"elementor-element elementor-element-bd53673 elementor-widget elementor-widget-video\" data-id=\"bd53673\" data-element_type=\"widget\" data-e-type=\"widget\" data-settings=\"{&quot;youtube_url&quot;:&quot;https:\\\/\\\/www.youtube.com\\\/watch?v=1Q-4dOI7Blo&quot;,&quot;lazy_load&quot;:&quot;yes&quot;,&quot;video_type&quot;:&quot;youtube&quot;,&quot;controls&quot;:&quot;yes&quot;}\" data-widget_type=\"video.default\">\n\t\t\t\t<div class=\"elementor-widget-container\">\n\t\t\t\t\t\t\t<div class=\"elementor-wrapper elementor-open-inline\">\n\t\t\t<div class=\"elementor-video\"><\/div>\t\t<\/div>\n\t\t\t\t\t\t<\/div>\n\t\t\t\t<\/div>\n\t\t\t\t<div class=\"elementor-element elementor-element-379177e elementor-widget elementor-widget-text-editor\" data-id=\"379177e\" data-element_type=\"widget\" data-e-type=\"widget\" data-widget_type=\"text-editor.default\">\n\t\t\t\t<div class=\"elementor-widget-container\">\n\t\t\t\t\t\t\t\t\t<p style=\"font-size: 14px;\"><span style=\"color: rgb(50, 74, 109); font-family: Poppins, sans-serif; font-size: 22px; text-align: center; white-space: pre-wrap;\">Con este estilo de baile tambi\u00e9n conocido como <em>Voguing<\/em>, estos grupos comenzaron a formar una comunidad que no solo les respaldaba, sino que les daba visibilidad. <\/span><\/p><p style=\"font-size: 14px;\"><span style=\"color: rgb(50, 74, 109); font-family: Poppins, sans-serif; font-size: 22px; text-align: center; white-space: pre-wrap;\">Al pasar el tiempo se crearon diversos grupos que evolucionaron en escuelas y salones de Vogue que comenzaron a realizar competiciones.<\/span><\/p>\t\t\t\t\t\t\t\t<\/div>\n\t\t\t\t<\/div>\n\t\t\t\t\t<\/div>\n\t\t<\/div>\n\t\t\t\t\t<\/div>\n\t\t<\/section>\n\t\t\t\t<\/div>","protected":false},"excerpt":{"rendered":"<p>Comprensi\u00f3n Aceptaci\u00f3n Amor Uni\u00f3n \u00bfQu\u00e9 es el Vogue? El Vogue es el estilo de baile m\u00e1s representativo de la comunidad LGBT+. Se define como una forma de baile estilizada de house dance que se populariz\u00f3 en los 80&#8217;s. Este estilo de danza tom\u00f3 su nombre de la revista Vogue. Con [&hellip;]<\/p>\n","protected":false},"author":20916,"featured_media":22674,"parent":0,"menu_order":0,"comment_status":"closed","ping_status":"closed","template":"page-templates\/template-pagebuilder-full-width.php","meta":{"footnotes":"","_links_to":"","_links_to_target":""},"class_list":["post-16817","page","type-page","status-publish","has-post-thumbnail","hentry"],"yoast_head":"<!-- This site is optimized with the Yoast SEO plugin v26.8 - https:\/\/yoast.com\/product\/yoast-seo-wordpress\/ -->\n<title>Vogue - Dancing Boulevard<\/title>\n<meta name=\"robots\" content=\"index, follow, max-snippet:-1, max-image-preview:large, max-video-preview:-1\" \/>\n<link rel=\"canonical\" href=\"https:\/\/dancingboulevard.com\/en\/vogue\/\" \/>\n<meta property=\"og:locale\" content=\"en_US\" \/>\n<meta property=\"og:type\" content=\"article\" \/>\n<meta property=\"og:title\" content=\"Vogue - Dancing Boulevard\" \/>\n<meta property=\"og:description\" content=\"Comprensi\u00f3n Aceptaci\u00f3n Amor Uni\u00f3n \u00bfQu\u00e9 es el Vogue? El Vogue es el estilo de baile m\u00e1s representativo de la comunidad LGBT+. Se define como una forma de baile estilizada de house dance que se populariz\u00f3 en los 80&#8217;s. Este estilo de danza tom\u00f3 su nombre de la revista Vogue. Con [&hellip;]\" \/>\n<meta property=\"og:url\" content=\"https:\/\/dancingboulevard.com\/en\/vogue\/\" \/>\n<meta property=\"og:site_name\" content=\"Dancing Boulevard\" \/>\n<meta property=\"article:publisher\" content=\"https:\/\/www.facebook.com\/pages\/Dancing-Boulevard\/1425357731107040?fref=ts\" \/>\n<meta property=\"article:modified_time\" content=\"2025-04-01T13:36:00+00:00\" \/>\n<meta property=\"og:image\" content=\"https:\/\/dancingboulevard.com\/wp-content\/uploads\/2025\/04\/gggg.png\" \/>\n\t<meta property=\"og:image:width\" content=\"778\" \/>\n\t<meta property=\"og:image:height\" content=\"573\" \/>\n\t<meta property=\"og:image:type\" content=\"image\/png\" \/>\n<meta name=\"twitter:card\" content=\"summary_large_image\" \/>\n<meta name=\"twitter:label1\" content=\"Est. reading time\" \/>\n\t<meta name=\"twitter:data1\" content=\"1 minute\" \/>\n<!-- \/ Yoast SEO plugin. -->","yoast_head_json":{"title":"Vogue - Dancing Boulevard","robots":{"index":"index","follow":"follow","max-snippet":"max-snippet:-1","max-image-preview":"max-image-preview:large","max-video-preview":"max-video-preview:-1"},"canonical":"https:\/\/dancingboulevard.com\/en\/vogue\/","og_locale":"en_US","og_type":"article","og_title":"Vogue - Dancing Boulevard","og_description":"Comprensi\u00f3n Aceptaci\u00f3n Amor Uni\u00f3n \u00bfQu\u00e9 es el Vogue? El Vogue es el estilo de baile m\u00e1s representativo de la comunidad LGBT+. Se define como una forma de baile estilizada de house dance que se populariz\u00f3 en los 80&#8217;s. Este estilo de danza tom\u00f3 su nombre de la revista Vogue. Con [&hellip;]","og_url":"https:\/\/dancingboulevard.com\/en\/vogue\/","og_site_name":"Dancing Boulevard","article_publisher":"https:\/\/www.facebook.com\/pages\/Dancing-Boulevard\/1425357731107040?fref=ts","article_modified_time":"2025-04-01T13:36:00+00:00","og_image":[{"width":778,"height":573,"url":"https:\/\/dancingboulevard.com\/wp-content\/uploads\/2025\/04\/gggg.png","type":"image\/png"}],"twitter_card":"summary_large_image","twitter_misc":{"Est. reading time":"1 minute"},"schema":{"@context":"https:\/\/schema.org","@graph":[{"@type":"WebPage","@id":"https:\/\/dancingboulevard.com\/vogue\/","url":"https:\/\/dancingboulevard.com\/vogue\/","name":"Vogue - Dancing Boulevard","isPartOf":{"@id":"https:\/\/dancingboulevard.com\/#website"},"primaryImageOfPage":{"@id":"https:\/\/dancingboulevard.com\/vogue\/#primaryimage"},"image":{"@id":"https:\/\/dancingboulevard.com\/vogue\/#primaryimage"},"thumbnailUrl":"https:\/\/dancingboulevard.com\/wp-content\/uploads\/2025\/04\/gggg.png","datePublished":"2023-01-27T14:02:08+00:00","dateModified":"2025-04-01T13:36:00+00:00","breadcrumb":{"@id":"https:\/\/dancingboulevard.com\/vogue\/#breadcrumb"},"inLanguage":"en-US","potentialAction":[{"@type":"ReadAction","target":["https:\/\/dancingboulevard.com\/vogue\/"]}]},{"@type":"ImageObject","inLanguage":"en-US","@id":"https:\/\/dancingboulevard.com\/vogue\/#primaryimage","url":"https:\/\/dancingboulevard.com\/wp-content\/uploads\/2025\/04\/gggg.png","contentUrl":"https:\/\/dancingboulevard.com\/wp-content\/uploads\/2025\/04\/gggg.png","width":778,"height":573},{"@type":"BreadcrumbList","@id":"https:\/\/dancingboulevard.com\/vogue\/#breadcrumb","itemListElement":[{"@type":"ListItem","position":1,"name":"Portada","item":"https:\/\/dancingboulevard.com\/"},{"@type":"ListItem","position":2,"name":"Vogue"}]},{"@type":"WebSite","@id":"https:\/\/dancingboulevard.com\/#website","url":"https:\/\/dancingboulevard.com\/","name":"Dancing Boulevard","description":"ESCUELA DE BAILE","publisher":{"@id":"https:\/\/dancingboulevard.com\/#organization"},"potentialAction":[{"@type":"SearchAction","target":{"@type":"EntryPoint","urlTemplate":"https:\/\/dancingboulevard.com\/?s={search_term_string}"},"query-input":{"@type":"PropertyValueSpecification","valueRequired":true,"valueName":"search_term_string"}}],"inLanguage":"en-US"},{"@type":"Organization","@id":"https:\/\/dancingboulevard.com\/#organization","name":"Dancing Boulevard","url":"https:\/\/dancingboulevard.com\/","logo":{"@type":"ImageObject","inLanguage":"en-US","@id":"https:\/\/dancingboulevard.com\/#\/schema\/logo\/image\/","url":"https:\/\/dancingboulevard.com\/wp-content\/uploads\/2020\/04\/DancinBoulevard.png","contentUrl":"https:\/\/dancingboulevard.com\/wp-content\/uploads\/2020\/04\/DancinBoulevard.png","width":1990,"height":803,"caption":"Dancing Boulevard"},"image":{"@id":"https:\/\/dancingboulevard.com\/#\/schema\/logo\/image\/"},"sameAs":["https:\/\/www.facebook.com\/pages\/Dancing-Boulevard\/1425357731107040?fref=ts","https:\/\/www.instagram.com\/dancingboulevard\/"]}]}},"_links":{"self":[{"href":"https:\/\/dancingboulevard.com\/en\/wp-json\/wp\/v2\/pages\/16817","targetHints":{"allow":["GET"]}}],"collection":[{"href":"https:\/\/dancingboulevard.com\/en\/wp-json\/wp\/v2\/pages"}],"about":[{"href":"https:\/\/dancingboulevard.com\/en\/wp-json\/wp\/v2\/types\/page"}],"author":[{"embeddable":true,"href":"https:\/\/dancingboulevard.com\/en\/wp-json\/wp\/v2\/users\/20916"}],"replies":[{"embeddable":true,"href":"https:\/\/dancingboulevard.com\/en\/wp-json\/wp\/v2\/comments?post=16817"}],"version-history":[{"count":10,"href":"https:\/\/dancingboulevard.com\/en\/wp-json\/wp\/v2\/pages\/16817\/revisions"}],"predecessor-version":[{"id":20559,"href":"https:\/\/dancingboulevard.com\/en\/wp-json\/wp\/v2\/pages\/16817\/revisions\/20559"}],"wp:featuredmedia":[{"embeddable":true,"href":"https:\/\/dancingboulevard.com\/en\/wp-json\/wp\/v2\/media\/22674"}],"wp:attachment":[{"href":"https:\/\/dancingboulevard.com\/en\/wp-json\/wp\/v2\/media?parent=16817"}],"curies":[{"name":"wp","href":"https:\/\/api.w.org\/{rel}","templated":true}]}}