{"id":16121,"date":"2022-08-13T17:37:03","date_gmt":"2022-08-13T17:37:03","guid":{"rendered":"https:\/\/dancingboulevard.com\/?page_id=16121"},"modified":"2022-09-07T13:18:22","modified_gmt":"2022-09-07T13:18:22","slug":"listado-de-clases","status":"publish","type":"page","link":"https:\/\/dancingboulevard.com\/en\/listado-de-clases\/","title":{"rendered":"listado de clases"},"content":{"rendered":"<div data-elementor-type=\"wp-page\" data-elementor-id=\"16121\" class=\"elementor elementor-16121\">\n\t\t\t\t\t\t<section class=\"elementor-section elementor-top-section elementor-element elementor-element-38a1298 elementor-section-boxed elementor-section-height-default elementor-section-height-default\" data-id=\"38a1298\" data-element_type=\"section\" data-e-type=\"section\">\n\t\t\t\t\t\t<div class=\"elementor-container elementor-column-gap-default\">\n\t\t\t\t\t<div class=\"elementor-column elementor-col-100 elementor-top-column elementor-element elementor-element-9bf2a5e\" data-id=\"9bf2a5e\" data-element_type=\"column\" data-e-type=\"column\">\n\t\t\t<div class=\"elementor-widget-wrap elementor-element-populated\">\n\t\t\t\t\t\t<div class=\"elementor-element elementor-element-6bf45f9 elementor-widget elementor-widget-text-editor\" data-id=\"6bf45f9\" data-element_type=\"widget\" data-e-type=\"widget\" data-widget_type=\"text-editor.default\">\n\t\t\t\t<div class=\"elementor-widget-container\">\n\t\t\t\t\t\t\t\t\t<p><strong>HORARIO DE ATENCI\u00d3N AL PUBLICO:<\/strong><\/p><p>DE LUNES A VIERNES TODAS LAS TARDES DE 18:30 A 22:30<\/p><p>A TRAV\u00c9S DEL TEL\u00c9FONO <strong>634 125 052<\/strong> o EMAIL <strong>escuela@dancingboulevard.com<\/strong><\/p><p><\/p>\t\t\t\t\t\t\t\t<\/div>\n\t\t\t\t<\/div>\n\t\t\t\t\t<\/div>\n\t\t<\/div>\n\t\t\t\t\t<\/div>\n\t\t<\/section>\n\t\t\t\t<section class=\"elementor-section elementor-top-section elementor-element elementor-element-a9ea17a elementor-section-boxed elementor-section-height-default elementor-section-height-default\" data-id=\"a9ea17a\" data-element_type=\"section\" data-e-type=\"section\">\n\t\t\t\t\t\t<div class=\"elementor-container elementor-column-gap-default\">\n\t\t\t\t\t<div class=\"elementor-column elementor-col-100 elementor-top-column elementor-element elementor-element-b0f0d01\" data-id=\"b0f0d01\" data-element_type=\"column\" data-e-type=\"column\">\n\t\t\t<div class=\"elementor-widget-wrap elementor-element-populated\">\n\t\t\t\t\t\t<div class=\"elementor-element elementor-element-295efa6 elementor-widget elementor-widget-text-editor\" data-id=\"295efa6\" data-element_type=\"widget\" data-e-type=\"widget\" data-settings=\"{&quot;_animation&quot;:&quot;none&quot;}\" data-widget_type=\"text-editor.default\">\n\t\t\t\t<div class=\"elementor-widget-container\">\n\t\t\t\t\t\t\t\t\t<p>Si los horarios que tenemos no te vienen bien y quieres proponernos cualquier otro horario o disciplina, comentanoslo. A veces surgen nuevos grupos y no estan publicados con rapidez en la web. Estamos a tu disposicion para ayudarte! Telefono\u00a0 <strong>634 125 052<\/strong> Llamanos o envianos un wassap<\/p>\t\t\t\t\t\t\t\t<\/div>\n\t\t\t\t<\/div>\n\t\t\t\t\t<\/div>\n\t\t<\/div>\n\t\t\t\t\t<\/div>\n\t\t<\/section>\n\t\t\t\t<section class=\"elementor-section elementor-top-section elementor-element elementor-element-7e090e5 elementor-section-boxed elementor-section-height-default elementor-section-height-default\" data-id=\"7e090e5\" data-element_type=\"section\" data-e-type=\"section\">\n\t\t\t\t\t\t<div class=\"elementor-container elementor-column-gap-default\">\n\t\t\t\t\t<div class=\"elementor-column elementor-col-100 elementor-top-column elementor-element elementor-element-abd5715\" data-id=\"abd5715\" data-element_type=\"column\" data-e-type=\"column\">\n\t\t\t<div class=\"elementor-widget-wrap elementor-element-populated\">\n\t\t\t\t\t\t<div class=\"elementor-element elementor-element-511eab0 elementor-widget elementor-widget-heading\" data-id=\"511eab0\" data-element_type=\"widget\" data-e-type=\"widget\" data-widget_type=\"heading.default\">\n\t\t\t\t<div class=\"elementor-widget-container\">\n\t\t\t\t\t<h2 class=\"elementor-heading-title elementor-size-default\">Conoce nuestros bailes para adultos y ni\u00f1os<\/h2>\t\t\t\t<\/div>\n\t\t\t\t<\/div>\n\t\t\t\t\t<\/div>\n\t\t<\/div>\n\t\t\t\t\t<\/div>\n\t\t<\/section>\n\t\t\t\t<section class=\"elementor-section elementor-top-section elementor-element elementor-element-8113e7e elementor-section-content-top elementor-section-height-min-height elementor-section-boxed elementor-section-height-default elementor-section-items-middle\" data-id=\"8113e7e\" data-element_type=\"section\" data-e-type=\"section\">\n\t\t\t\t\t\t<div class=\"elementor-container elementor-column-gap-default\">\n\t\t\t\t\t<div class=\"elementor-column elementor-col-50 elementor-top-column elementor-element elementor-element-927d5a6\" data-id=\"927d5a6\" data-element_type=\"column\" data-e-type=\"column\">\n\t\t\t<div class=\"elementor-widget-wrap elementor-element-populated\">\n\t\t\t\t\t\t<div class=\"elementor-element elementor-element-bb29835 elementor-widget elementor-widget-text-editor\" data-id=\"bb29835\" data-element_type=\"widget\" data-e-type=\"widget\" data-widget_type=\"text-editor.default\">\n\t\t\t\t<div class=\"elementor-widget-container\">\n\t\t\t\t\t\t\t\t\t<p><span style=\"color: #000000;\"><strong>CLASES Y BAILES PARA ADULTOS<\/strong><\/span><\/p><ul><li><strong style=\"color: #000000;\"><a href=\"https:\/\/dancingboulevard.com\/en\/clases-de-salsa\/\">Ritmos Latinos (Salsa, Bachata y Merengue)<\/a><\/strong><\/li><li><span style=\"color: #000000;\"><strong><a href=\"https:\/\/dancingboulevard.com\/en\/kizomba-madrid\/\">Kizomba<\/a><\/strong><\/span><\/li><li><span style=\"color: #000000;\"><strong><a href=\"http:\/\/dancingboulevard.com\/en\/tango-basico\/\">Tango<\/a><\/strong><\/span><\/li><li><span style=\"color: #000000;\"><strong><a href=\"https:\/\/dancingboulevard.com\/en\/clases-de-zumba\/\">Zumba<\/a><\/strong><\/span><\/li><li><span style=\"color: #000000;\"><strong><a href=\"http:\/\/dancingboulevard.com\/en\/funky\/\">Funky<\/a><\/strong><\/span><\/li><li><span style=\"color: #000000;\"><strong><a href=\"http:\/\/dancingboulevard.com\/en\/danza-del-vientre\/\">Danza del Vientre<\/a><\/strong><\/span><\/li><li><span style=\"color: #000000;\"><strong><a href=\"https:\/\/dancingboulevard.com\/en\/clases-flamenco\/\">Sevillanas<\/a><\/strong><\/span><\/li><li><span style=\"color: #000000;\"><strong><a href=\"http:\/\/dancingboulevard.com\/en\/swing-y-lindy-hop\/\">Swing<\/a><\/strong><\/span><\/li><li><strong><a href=\"http:\/\/dancingboulevard.com\/en\/clases-danza-moderna\/\">Danza moderna<\/a><\/strong><\/li><li><a href=\"http:\/\/dancingboulevard.com\/en\/clases-flamenco\/\"><strong>Flamenco y sevillanas<\/strong><\/a><\/li><li><a href=\"http:\/\/dancingboulevard.com\/en\/musica-disco\/\"><b>M\u00fasica\u00a0disco para bailar en discotecas<\/b><\/a><\/li><li><a href=\"http:\/\/dancingboulevard.com\/en\/gimnasia-mantenimiento-g-p\/\"><strong>Gimnasia de Mantenimiento y G.A.P.<\/strong><\/a><\/li><li><a href=\"http:\/\/dancingboulevard.com\/en\/clases-de-shuffle\/\"><strong>Shuffle<\/strong><\/a><\/li><\/ul>\t\t\t\t\t\t\t\t<\/div>\n\t\t\t\t<\/div>\n\t\t\t\t<div class=\"elementor-element elementor-element-756332b elementor-widget elementor-widget-text-editor\" data-id=\"756332b\" data-element_type=\"widget\" data-e-type=\"widget\" data-widget_type=\"text-editor.default\">\n\t\t\t\t<div class=\"elementor-widget-container\">\n\t\t\t\t\t\t\t\t\t<ul><li><strong><a href=\"http:\/\/dancingboulevard.com\/en\/clases-individuales\/\">Clases particulares<\/a><\/strong><\/li><\/ul>\t\t\t\t\t\t\t\t<\/div>\n\t\t\t\t<\/div>\n\t\t\t\t\t<\/div>\n\t\t<\/div>\n\t\t\t\t<div class=\"elementor-column elementor-col-50 elementor-top-column elementor-element elementor-element-b44cccf\" data-id=\"b44cccf\" data-element_type=\"column\" data-e-type=\"column\">\n\t\t\t<div class=\"elementor-widget-wrap elementor-element-populated\">\n\t\t\t\t\t\t<div class=\"elementor-element elementor-element-31c69fe elementor-widget elementor-widget-text-editor\" data-id=\"31c69fe\" data-element_type=\"widget\" data-e-type=\"widget\" data-widget_type=\"text-editor.default\">\n\t\t\t\t<div class=\"elementor-widget-container\">\n\t\t\t\t\t\t\t\t\t<p><span style=\"color: #000000;\"><strong>CLASES Y BAILES PARA NI\u00d1OS<\/strong><\/span><\/p><ul><li><span style=\"color: #000000;\"><strong><a href=\"http:\/\/dancingboulevard.com\/en\/break-dance\/\">Break Dance<\/a><\/strong><\/span><\/li><li><span style=\"color: #000000;\"><strong><a href=\"http:\/\/dancingboulevard.com\/en\/clases-de-shuffle\/\">Shuffle<\/a><\/strong><\/span><\/li><li><span style=\"color: #000000;\"><strong><a href=\"https:\/\/dancingboulevard.com\/en\/baile-padres-y-ninos\/\">Clases baile padres e hijos (Teatro musical)<\/a><\/strong><\/span><\/li><li><strong><a href=\"https:\/\/dancingboulevard.com\/en\/clases-de-salsa\/\">Ritmos latinos\u00a0<\/a><\/strong><\/li><li><strong><a href=\"http:\/\/dancingboulevard.com\/en\/clases-flamenco\/\">Clases de Flamenco<\/a><\/strong><\/li><\/ul>\t\t\t\t\t\t\t\t<\/div>\n\t\t\t\t<\/div>\n\t\t\t\t<div class=\"elementor-element elementor-element-98f2ae3 elementor-widget elementor-widget-text-editor\" data-id=\"98f2ae3\" data-element_type=\"widget\" data-e-type=\"widget\" data-widget_type=\"text-editor.default\">\n\t\t\t\t<div class=\"elementor-widget-container\">\n\t\t\t\t\t\t\t\t\t<ul><li><strong><a href=\"http:\/\/dancingboulevard.com\/en\/clases-individuales\/\">Clases particulares<\/a><\/strong><\/li><\/ul>\t\t\t\t\t\t\t\t<\/div>\n\t\t\t\t<\/div>\n\t\t\t\t\t<\/div>\n\t\t<\/div>\n\t\t\t\t\t<\/div>\n\t\t<\/section>\n\t\t\t\t<\/div>","protected":false},"excerpt":{"rendered":"<p>HORARIO DE ATENCI\u00d3N AL PUBLICO: DE LUNES A VIERNES TODAS LAS TARDES DE 18:30 A 22:30 A TRAV\u00c9S DEL TEL\u00c9FONO 634 125 052 o EMAIL escuela@dancingboulevard.com Si los horarios que tenemos no te vienen bien y quieres proponernos cualquier otro horario o disciplina, comentanoslo. A veces surgen nuevos grupos y [&hellip;]<\/p>\n","protected":false},"author":1,"featured_media":0,"parent":0,"menu_order":0,"comment_status":"closed","ping_status":"closed","template":"page-templates\/template-pagebuilder-blank.php","meta":{"footnotes":"","_links_to":"","_links_to_target":""},"class_list":["post-16121","page","type-page","status-publish","hentry"],"yoast_head":"<!-- This site is optimized with the Yoast SEO plugin v26.8 - https:\/\/yoast.com\/product\/yoast-seo-wordpress\/ -->\n<title>Clases de baile - Dancing Boulevard<\/title>\n<meta name=\"robots\" content=\"index, follow, max-snippet:-1, max-image-preview:large, max-video-preview:-1\" \/>\n<link rel=\"canonical\" href=\"https:\/\/dancingboulevard.com\/en\/listado-de-clases\/\" \/>\n<meta property=\"og:locale\" content=\"en_US\" \/>\n<meta property=\"og:type\" content=\"article\" \/>\n<meta property=\"og:title\" content=\"Clases de baile - Dancing Boulevard\" \/>\n<meta property=\"og:description\" content=\"HORARIO DE ATENCI\u00d3N AL PUBLICO: DE LUNES A VIERNES TODAS LAS TARDES DE 18:30 A 22:30 A TRAV\u00c9S DEL TEL\u00c9FONO 634 125 052 o EMAIL escuela@dancingboulevard.com Si los horarios que tenemos no te vienen bien y quieres proponernos cualquier otro horario o disciplina, comentanoslo. A veces surgen nuevos grupos y [&hellip;]\" \/>\n<meta property=\"og:url\" content=\"https:\/\/dancingboulevard.com\/en\/listado-de-clases\/\" \/>\n<meta property=\"og:site_name\" content=\"Dancing Boulevard\" \/>\n<meta property=\"article:publisher\" content=\"https:\/\/www.facebook.com\/pages\/Dancing-Boulevard\/1425357731107040?fref=ts\" \/>\n<meta property=\"article:modified_time\" content=\"2022-09-07T13:18:22+00:00\" \/>\n<meta name=\"twitter:card\" content=\"summary_large_image\" \/>\n<meta name=\"twitter:label1\" content=\"Est. reading time\" \/>\n\t<meta name=\"twitter:data1\" content=\"1 minute\" \/>\n<!-- \/ Yoast SEO plugin. -->","yoast_head_json":{"title":"Clases de baile - Dancing Boulevard","robots":{"index":"index","follow":"follow","max-snippet":"max-snippet:-1","max-image-preview":"max-image-preview:large","max-video-preview":"max-video-preview:-1"},"canonical":"https:\/\/dancingboulevard.com\/en\/listado-de-clases\/","og_locale":"en_US","og_type":"article","og_title":"Clases de baile - Dancing Boulevard","og_description":"HORARIO DE ATENCI\u00d3N AL PUBLICO: DE LUNES A VIERNES TODAS LAS TARDES DE 18:30 A 22:30 A TRAV\u00c9S DEL TEL\u00c9FONO 634 125 052 o EMAIL escuela@dancingboulevard.com Si los horarios que tenemos no te vienen bien y quieres proponernos cualquier otro horario o disciplina, comentanoslo. A veces surgen nuevos grupos y [&hellip;]","og_url":"https:\/\/dancingboulevard.com\/en\/listado-de-clases\/","og_site_name":"Dancing Boulevard","article_publisher":"https:\/\/www.facebook.com\/pages\/Dancing-Boulevard\/1425357731107040?fref=ts","article_modified_time":"2022-09-07T13:18:22+00:00","twitter_card":"summary_large_image","twitter_misc":{"Est. reading time":"1 minute"},"schema":{"@context":"https:\/\/schema.org","@graph":[{"@type":"WebPage","@id":"https:\/\/dancingboulevard.com\/listado-de-clases\/","url":"https:\/\/dancingboulevard.com\/listado-de-clases\/","name":"Clases de baile - Dancing Boulevard","isPartOf":{"@id":"https:\/\/dancingboulevard.com\/#website"},"datePublished":"2022-08-13T17:37:03+00:00","dateModified":"2022-09-07T13:18:22+00:00","breadcrumb":{"@id":"https:\/\/dancingboulevard.com\/listado-de-clases\/#breadcrumb"},"inLanguage":"en-US","potentialAction":[{"@type":"ReadAction","target":["https:\/\/dancingboulevard.com\/listado-de-clases\/"]}]},{"@type":"BreadcrumbList","@id":"https:\/\/dancingboulevard.com\/listado-de-clases\/#breadcrumb","itemListElement":[{"@type":"ListItem","position":1,"name":"Portada","item":"https:\/\/dancingboulevard.com\/"},{"@type":"ListItem","position":2,"name":"listado de clases"}]},{"@type":"WebSite","@id":"https:\/\/dancingboulevard.com\/#website","url":"https:\/\/dancingboulevard.com\/","name":"Dancing Boulevard","description":"ESCUELA DE BAILE","publisher":{"@id":"https:\/\/dancingboulevard.com\/#organization"},"potentialAction":[{"@type":"SearchAction","target":{"@type":"EntryPoint","urlTemplate":"https:\/\/dancingboulevard.com\/?s={search_term_string}"},"query-input":{"@type":"PropertyValueSpecification","valueRequired":true,"valueName":"search_term_string"}}],"inLanguage":"en-US"},{"@type":"Organization","@id":"https:\/\/dancingboulevard.com\/#organization","name":"Dancing Boulevard","url":"https:\/\/dancingboulevard.com\/","logo":{"@type":"ImageObject","inLanguage":"en-US","@id":"https:\/\/dancingboulevard.com\/#\/schema\/logo\/image\/","url":"https:\/\/dancingboulevard.com\/wp-content\/uploads\/2020\/04\/DancinBoulevard.png","contentUrl":"https:\/\/dancingboulevard.com\/wp-content\/uploads\/2020\/04\/DancinBoulevard.png","width":1990,"height":803,"caption":"Dancing Boulevard"},"image":{"@id":"https:\/\/dancingboulevard.com\/#\/schema\/logo\/image\/"},"sameAs":["https:\/\/www.facebook.com\/pages\/Dancing-Boulevard\/1425357731107040?fref=ts","https:\/\/www.instagram.com\/dancingboulevard\/"]}]}},"_links":{"self":[{"href":"https:\/\/dancingboulevard.com\/en\/wp-json\/wp\/v2\/pages\/16121","targetHints":{"allow":["GET"]}}],"collection":[{"href":"https:\/\/dancingboulevard.com\/en\/wp-json\/wp\/v2\/pages"}],"about":[{"href":"https:\/\/dancingboulevard.com\/en\/wp-json\/wp\/v2\/types\/page"}],"author":[{"embeddable":true,"href":"https:\/\/dancingboulevard.com\/en\/wp-json\/wp\/v2\/users\/1"}],"replies":[{"embeddable":true,"href":"https:\/\/dancingboulevard.com\/en\/wp-json\/wp\/v2\/comments?post=16121"}],"version-history":[{"count":15,"href":"https:\/\/dancingboulevard.com\/en\/wp-json\/wp\/v2\/pages\/16121\/revisions"}],"predecessor-version":[{"id":16411,"href":"https:\/\/dancingboulevard.com\/en\/wp-json\/wp\/v2\/pages\/16121\/revisions\/16411"}],"wp:attachment":[{"href":"https:\/\/dancingboulevard.com\/en\/wp-json\/wp\/v2\/media?parent=16121"}],"curies":[{"name":"wp","href":"https:\/\/api.w.org\/{rel}","templated":true}]}}