{"id":1420,"date":"2017-09-09T19:12:39","date_gmt":"2017-09-09T19:12:39","guid":{"rendered":"http:\/\/dancingboulevard.com\/?page_id=1420"},"modified":"2017-09-09T19:17:09","modified_gmt":"2017-09-09T19:17:09","slug":"clases-baile-ninos","status":"publish","type":"page","link":"https:\/\/dancingboulevard.com\/en\/clases-baile-ninos\/","title":{"rendered":"Clases de baile para ni\u00f1os"},"content":{"rendered":"\t\t<div data-elementor-type=\"wp-page\" data-elementor-id=\"1420\" class=\"elementor elementor-1420 elementor-bc-flex-widget\">\n\t\t\t\t\t\t<section class=\"elementor-section elementor-top-section elementor-element elementor-element-caqmpsm elementor-section-boxed elementor-section-height-default elementor-section-height-default\" data-id=\"caqmpsm\" data-element_type=\"section\" data-e-type=\"section\">\n\t\t\t\t\t\t<div class=\"elementor-container elementor-column-gap-default\">\n\t\t\t\t\t<div class=\"elementor-column elementor-col-100 elementor-top-column elementor-element elementor-element-oaqjbqa\" data-id=\"oaqjbqa\" data-element_type=\"column\" data-e-type=\"column\">\n\t\t\t<div class=\"elementor-widget-wrap elementor-element-populated\">\n\t\t\t\t\t\t<div class=\"elementor-element elementor-element-pzjgvvb elementor-widget elementor-widget-text-editor\" data-id=\"pzjgvvb\" data-element_type=\"widget\" data-e-type=\"widget\" data-widget_type=\"text-editor.default\">\n\t\t\t\t<div class=\"elementor-widget-container\">\n\t\t\t\t\t\t\t\t\t<p>En la academia Dancing Boulevard estamos orgullosos de ofrecer clases de calidad que ayudan en el desarrollo de los mas peque\u00f1os.<\/p><p>Horario:<\/p><p><a href=\"http:\/\/dancingboulevard.com\/wp-content\/uploads\/2017\/08\/HORARIO-NI\u00d1OS-1718.jpg\"><img fetchpriority=\"high\" decoding=\"async\" class=\"aligncenter size-full wp-image-1282\" src=\"http:\/\/dancingboulevard.com\/wp-content\/uploads\/2017\/08\/HORARIO-NI\u00d1OS-1718.jpg\" alt=\"\" width=\"1580\" height=\"648\" srcset=\"https:\/\/dancingboulevard.com\/wp-content\/uploads\/2017\/08\/HORARIO-NI\u00d1OS-1718.jpg 1580w, https:\/\/dancingboulevard.com\/wp-content\/uploads\/2017\/08\/HORARIO-NI\u00d1OS-1718-300x123.jpg 300w, https:\/\/dancingboulevard.com\/wp-content\/uploads\/2017\/08\/HORARIO-NI\u00d1OS-1718-1024x420.jpg 1024w, https:\/\/dancingboulevard.com\/wp-content\/uploads\/2017\/08\/HORARIO-NI\u00d1OS-1718-768x315.jpg 768w, https:\/\/dancingboulevard.com\/wp-content\/uploads\/2017\/08\/HORARIO-NI\u00d1OS-1718-1536x630.jpg 1536w\" sizes=\"(max-width: 1580px) 100vw, 1580px\" \/><\/a><\/p><p>Para saber m\u00e1s sobre los distintos cursos haga click en los siguientes links:<\/p><ul><li><a href=\"http:\/\/dancingboulevard.com\/zumba-ninos\/\">Zumba Kids<\/a><\/li><li><a href=\" http:\/\/dancingboulevard.com\/baile-moderno-ninos\/\">Baile Moderno Ni\u00f1os<\/a><\/li><li><a href=\"http:\/\/dancingboulevard.com\/clases-de-breakdance\/\">Breakdance para ni\u00f1os<\/a><\/li><li><a href=\"http:\/\/dancingboulevard.com\/percusion-corporal-e-iniciacion-al-canto\/\">Iniciaci\u00f3n al canto con percusi\u00f3n corporal<\/a><\/li><li><a href=\"http:\/\/dancingboulevard.com\/clases-guitarra\/\">Clases de Guitarra<\/a><\/li><\/ul><p>Estamos a su disposici\u00f3n en el tel\u00e9fono: 602 64 68 07<\/p><p>O m\u00e1ndanos un correo:<\/p><p>[contactformgenerator id=\u00bb1&#8243;]<\/p>\t\t\t\t\t\t\t\t<\/div>\n\t\t\t\t<\/div>\n\t\t\t\t\t<\/div>\n\t\t<\/div>\n\t\t\t\t\t<\/div>\n\t\t<\/section>\n\t\t\t\t<\/div>\n\t\t","protected":false},"excerpt":{"rendered":"<p>En la academia Dancing Boulevard estamos orgullosos de ofrecer clases de calidad que ayudan en el desarrollo de los mas peque\u00f1os. Horario: Para saber m\u00e1s sobre los distintos cursos haga click en los siguientes links: Zumba Kids Baile Moderno Ni\u00f1os Breakdance para ni\u00f1os Iniciaci\u00f3n al canto con percusi\u00f3n corporal Clases [&hellip;]<\/p>\n","protected":false},"author":1,"featured_media":0,"parent":0,"menu_order":0,"comment_status":"closed","ping_status":"closed","template":"","meta":{"footnotes":"","_links_to":"","_links_to_target":""},"class_list":["post-1420","page","type-page","status-publish","hentry"],"yoast_head":"<!-- This site is optimized with the Yoast SEO plugin v26.8 - https:\/\/yoast.com\/product\/yoast-seo-wordpress\/ -->\n<title>Clases de baile para ni\u00f1os - Dancing Boulevard<\/title>\n<meta name=\"robots\" content=\"index, follow, max-snippet:-1, max-image-preview:large, max-video-preview:-1\" \/>\n<link rel=\"canonical\" href=\"https:\/\/dancingboulevard.com\/en\/clases-baile-ninos\/\" \/>\n<meta property=\"og:locale\" content=\"en_US\" \/>\n<meta property=\"og:type\" content=\"article\" \/>\n<meta property=\"og:title\" content=\"Clases de baile para ni\u00f1os - Dancing Boulevard\" \/>\n<meta property=\"og:description\" content=\"En la academia Dancing Boulevard estamos orgullosos de ofrecer clases de calidad que ayudan en el desarrollo de los mas peque\u00f1os. Horario: Para saber m\u00e1s sobre los distintos cursos haga click en los siguientes links: Zumba Kids Baile Moderno Ni\u00f1os Breakdance para ni\u00f1os Iniciaci\u00f3n al canto con percusi\u00f3n corporal Clases [&hellip;]\" \/>\n<meta property=\"og:url\" content=\"https:\/\/dancingboulevard.com\/en\/clases-baile-ninos\/\" \/>\n<meta property=\"og:site_name\" content=\"Dancing Boulevard\" \/>\n<meta property=\"article:publisher\" content=\"https:\/\/www.facebook.com\/pages\/Dancing-Boulevard\/1425357731107040?fref=ts\" \/>\n<meta property=\"article:modified_time\" content=\"2017-09-09T19:17:09+00:00\" \/>\n<meta property=\"og:image\" content=\"https:\/\/dancingboulevard.com\/wp-content\/uploads\/2017\/08\/HORARIO-NI\u00d1OS-1718.jpg\" \/>\n<meta name=\"twitter:card\" content=\"summary_large_image\" \/>\n<!-- \/ Yoast SEO plugin. -->","yoast_head_json":{"title":"Clases de baile para ni\u00f1os - Dancing Boulevard","robots":{"index":"index","follow":"follow","max-snippet":"max-snippet:-1","max-image-preview":"max-image-preview:large","max-video-preview":"max-video-preview:-1"},"canonical":"https:\/\/dancingboulevard.com\/en\/clases-baile-ninos\/","og_locale":"en_US","og_type":"article","og_title":"Clases de baile para ni\u00f1os - Dancing Boulevard","og_description":"En la academia Dancing Boulevard estamos orgullosos de ofrecer clases de calidad que ayudan en el desarrollo de los mas peque\u00f1os. Horario: Para saber m\u00e1s sobre los distintos cursos haga click en los siguientes links: Zumba Kids Baile Moderno Ni\u00f1os Breakdance para ni\u00f1os Iniciaci\u00f3n al canto con percusi\u00f3n corporal Clases [&hellip;]","og_url":"https:\/\/dancingboulevard.com\/en\/clases-baile-ninos\/","og_site_name":"Dancing Boulevard","article_publisher":"https:\/\/www.facebook.com\/pages\/Dancing-Boulevard\/1425357731107040?fref=ts","article_modified_time":"2017-09-09T19:17:09+00:00","og_image":[{"url":"https:\/\/dancingboulevard.com\/wp-content\/uploads\/2017\/08\/HORARIO-NI\u00d1OS-1718.jpg","type":"","width":"","height":""}],"twitter_card":"summary_large_image","schema":{"@context":"https:\/\/schema.org","@graph":[{"@type":"WebPage","@id":"https:\/\/dancingboulevard.com\/clases-baile-ninos\/","url":"https:\/\/dancingboulevard.com\/clases-baile-ninos\/","name":"Clases de baile para ni\u00f1os - Dancing Boulevard","isPartOf":{"@id":"https:\/\/dancingboulevard.com\/#website"},"datePublished":"2017-09-09T19:12:39+00:00","dateModified":"2017-09-09T19:17:09+00:00","breadcrumb":{"@id":"https:\/\/dancingboulevard.com\/clases-baile-ninos\/#breadcrumb"},"inLanguage":"en-US","potentialAction":[{"@type":"ReadAction","target":["https:\/\/dancingboulevard.com\/clases-baile-ninos\/"]}]},{"@type":"BreadcrumbList","@id":"https:\/\/dancingboulevard.com\/clases-baile-ninos\/#breadcrumb","itemListElement":[{"@type":"ListItem","position":1,"name":"Portada","item":"https:\/\/dancingboulevard.com\/"},{"@type":"ListItem","position":2,"name":"Clases de baile para ni\u00f1os"}]},{"@type":"WebSite","@id":"https:\/\/dancingboulevard.com\/#website","url":"https:\/\/dancingboulevard.com\/","name":"Dancing Boulevard","description":"ESCUELA DE BAILE","publisher":{"@id":"https:\/\/dancingboulevard.com\/#organization"},"potentialAction":[{"@type":"SearchAction","target":{"@type":"EntryPoint","urlTemplate":"https:\/\/dancingboulevard.com\/?s={search_term_string}"},"query-input":{"@type":"PropertyValueSpecification","valueRequired":true,"valueName":"search_term_string"}}],"inLanguage":"en-US"},{"@type":"Organization","@id":"https:\/\/dancingboulevard.com\/#organization","name":"Dancing Boulevard","url":"https:\/\/dancingboulevard.com\/","logo":{"@type":"ImageObject","inLanguage":"en-US","@id":"https:\/\/dancingboulevard.com\/#\/schema\/logo\/image\/","url":"https:\/\/dancingboulevard.com\/wp-content\/uploads\/2020\/04\/DancinBoulevard.png","contentUrl":"https:\/\/dancingboulevard.com\/wp-content\/uploads\/2020\/04\/DancinBoulevard.png","width":1990,"height":803,"caption":"Dancing Boulevard"},"image":{"@id":"https:\/\/dancingboulevard.com\/#\/schema\/logo\/image\/"},"sameAs":["https:\/\/www.facebook.com\/pages\/Dancing-Boulevard\/1425357731107040?fref=ts","https:\/\/www.instagram.com\/dancingboulevard\/"]}]}},"_links":{"self":[{"href":"https:\/\/dancingboulevard.com\/en\/wp-json\/wp\/v2\/pages\/1420","targetHints":{"allow":["GET"]}}],"collection":[{"href":"https:\/\/dancingboulevard.com\/en\/wp-json\/wp\/v2\/pages"}],"about":[{"href":"https:\/\/dancingboulevard.com\/en\/wp-json\/wp\/v2\/types\/page"}],"author":[{"embeddable":true,"href":"https:\/\/dancingboulevard.com\/en\/wp-json\/wp\/v2\/users\/1"}],"replies":[{"embeddable":true,"href":"https:\/\/dancingboulevard.com\/en\/wp-json\/wp\/v2\/comments?post=1420"}],"version-history":[{"count":0,"href":"https:\/\/dancingboulevard.com\/en\/wp-json\/wp\/v2\/pages\/1420\/revisions"}],"wp:attachment":[{"href":"https:\/\/dancingboulevard.com\/en\/wp-json\/wp\/v2\/media?parent=1420"}],"curies":[{"name":"wp","href":"https:\/\/api.w.org\/{rel}","templated":true}]}}