{"id":1377,"date":"2017-09-03T20:01:43","date_gmt":"2017-09-03T20:01:43","guid":{"rendered":"http:\/\/dancingboulevard.com\/?page_id=1377"},"modified":"2017-09-03T20:01:43","modified_gmt":"2017-09-03T20:01:43","slug":"clases-tango","status":"publish","type":"page","link":"https:\/\/dancingboulevard.com\/en\/clases-tango\/","title":{"rendered":"Clases de tango"},"content":{"rendered":"<p>Descubre nuestras Clases de Tango, descubre la pasi\u00f3n de este baile. O ll\u00e1manos al 602 646 \u00a0807 para informarte de grupos m\u00e1s avanzados.<\/p>\n<p><a href=\"https:\/\/dancingboulevard.com\/wp-content\/uploads\/2016\/01\/tago1.jpg\"><img fetchpriority=\"high\" decoding=\"async\" class=\"aligncenter size-full wp-image-745\" src=\"https:\/\/dancingboulevard.com\/wp-content\/uploads\/2016\/01\/tago1.jpg\" alt=\"tago1\" width=\"1600\" height=\"1007\" srcset=\"https:\/\/dancingboulevard.com\/wp-content\/uploads\/2016\/01\/tago1.jpg 1600w, https:\/\/dancingboulevard.com\/wp-content\/uploads\/2016\/01\/tago1-300x189.jpg 300w, https:\/\/dancingboulevard.com\/wp-content\/uploads\/2016\/01\/tago1-1024x644.jpg 1024w, https:\/\/dancingboulevard.com\/wp-content\/uploads\/2016\/01\/tago1-768x483.jpg 768w, https:\/\/dancingboulevard.com\/wp-content\/uploads\/2016\/01\/tago1-1536x967.jpg 1536w\" sizes=\"(max-width: 1600px) 100vw, 1600px\" \/><\/a><\/p>\n<h2><\/h2>\n<h2>Desde Dancing Boulevard abrimos nuevo grupo para clases de tango iniciaci\u00f3n. \u00a0Aprender\u00e1s los pasos de Tango y descubrir\u00e1s r\u00e1pidamente tus avances. El Tango es un baile de mucho sentimiento y belleza y con pocas clases se notar\u00e1n enormemente tus avances.<\/h2>\n<p>\u00bfQue es lo que sientes cuando ves a una pareja bailar Tango? Aprende a dominar este baile que nos transmite tantas emociones.<\/p>\n<h2>Ll\u00e1manos sin compromiso al<strong> 602 646 807<\/strong><\/h2>\n<p>&nbsp;<\/p>\n<p><a href=\"https:\/\/dancingboulevard.com\/wp-content\/uploads\/2016\/01\/tango3.jpg\"><img decoding=\"async\" class=\"aligncenter size-full wp-image-748\" src=\"https:\/\/dancingboulevard.com\/wp-content\/uploads\/2016\/01\/tango3.jpg\" alt=\"tango3\" width=\"2896\" height=\"1944\" srcset=\"https:\/\/dancingboulevard.com\/wp-content\/uploads\/2016\/01\/tango3.jpg 2560w, https:\/\/dancingboulevard.com\/wp-content\/uploads\/2016\/01\/tango3-300x201.jpg 300w, https:\/\/dancingboulevard.com\/wp-content\/uploads\/2016\/01\/tango3-1024x687.jpg 1024w, https:\/\/dancingboulevard.com\/wp-content\/uploads\/2016\/01\/tango3-768x515.jpg 768w, https:\/\/dancingboulevard.com\/wp-content\/uploads\/2016\/01\/tango3-1536x1031.jpg 1536w, https:\/\/dancingboulevard.com\/wp-content\/uploads\/2016\/01\/tango3-2048x1374.jpg 2048w\" sizes=\"(max-width: 2896px) 100vw, 2896px\" \/><\/a><\/p>\n<p>&nbsp;<\/p>\n<p><a href=\"https:\/\/dancingboulevard.com\/bodas\/\">Y recuerda, si planeas una boda con un toque especial tambi\u00e9n puedes contactar con nosotros para hacerla inolvidable para todos pinchando aqu\u00ed!<\/a><\/p>\n<p><a href=\"https:\/\/dancingboulevard.com\/bodas\/\">Boda con Tango:<\/a><\/p>\n<p><iframe src=\"https:\/\/www.youtube.com\/embed\/zmVSKMcskUk\" width=\"560\" height=\"315\" frameborder=\"0\" allowfullscreen=\"allowfullscreen\"><\/iframe><\/p>\n<p><a href=\"https:\/\/dancingboulevard.com\/contacto\/\">Accede a nuestra informaci\u00f3n de contacto y ll\u00e1manos para informarte aqu\u00ed.<\/a><\/p>\n<p>O m\u00e1ndanos un correo:<\/p>\n<p>[contactformgenerator id=\u00bb1&#8243;]<\/p>\n<p>&nbsp;<\/p>\n<p><iframe src=\"https:\/\/www.youtube.com\/embed\/i3vsiiRK5GU\" width=\"560\" height=\"315\" frameborder=\"0\" allowfullscreen=\"allowfullscreen\"><\/iframe><\/p>\n<p>[wd_hustle id=\u00bbemail\u00bb]<\/p>\n","protected":false},"excerpt":{"rendered":"<p>Descubre nuestras Clases de Tango, descubre la pasi\u00f3n de este baile. O ll\u00e1manos al 602 646 \u00a0807 para informarte de grupos m\u00e1s avanzados. Desde Dancing Boulevard abrimos nuevo grupo para clases de tango iniciaci\u00f3n. \u00a0Aprender\u00e1s los pasos de Tango y descubrir\u00e1s r\u00e1pidamente tus avances. El Tango es un baile de [&hellip;]<\/p>\n","protected":false},"author":1,"featured_media":0,"parent":0,"menu_order":0,"comment_status":"closed","ping_status":"closed","template":"","meta":{"footnotes":"","_links_to":"","_links_to_target":""},"class_list":["post-1377","page","type-page","status-publish","hentry"],"yoast_head":"<!-- This site is optimized with the Yoast SEO plugin v26.8 - https:\/\/yoast.com\/product\/yoast-seo-wordpress\/ -->\n<title>Clases de Tango para todas las edades - Ven a divertirte<\/title>\n<meta name=\"description\" content=\"Clases de tango, descubre la pasi\u00f3n y la elegancia de este baile. A 2 minutos del metro esperanza. Trato cercano y grupos reducidos.\" \/>\n<meta name=\"robots\" content=\"index, follow, max-snippet:-1, max-image-preview:large, max-video-preview:-1\" \/>\n<link rel=\"canonical\" href=\"https:\/\/dancingboulevard.com\/en\/clases-tango\/\" \/>\n<meta property=\"og:locale\" content=\"en_US\" \/>\n<meta property=\"og:type\" content=\"article\" \/>\n<meta property=\"og:title\" content=\"Clases de Tango para todas las edades - Ven a divertirte\" \/>\n<meta property=\"og:description\" content=\"Clases de tango, descubre la pasi\u00f3n y la elegancia de este baile. A 2 minutos del metro esperanza. Trato cercano y grupos reducidos.\" \/>\n<meta property=\"og:url\" content=\"https:\/\/dancingboulevard.com\/en\/clases-tango\/\" \/>\n<meta property=\"og:site_name\" content=\"Dancing Boulevard\" \/>\n<meta property=\"article:publisher\" content=\"https:\/\/www.facebook.com\/pages\/Dancing-Boulevard\/1425357731107040?fref=ts\" \/>\n<meta property=\"og:image\" content=\"https:\/\/dancingboulevard.com\/wp-content\/uploads\/2016\/01\/tago1.jpg\" \/>\n<meta name=\"twitter:card\" content=\"summary_large_image\" \/>\n<meta name=\"twitter:label1\" content=\"Est. reading time\" \/>\n\t<meta name=\"twitter:data1\" content=\"1 minute\" \/>\n<!-- \/ Yoast SEO plugin. -->","yoast_head_json":{"title":"Clases de Tango para todas las edades - Ven a divertirte","description":"Clases de tango, descubre la pasi\u00f3n y la elegancia de este baile. A 2 minutos del metro esperanza. Trato cercano y grupos reducidos.","robots":{"index":"index","follow":"follow","max-snippet":"max-snippet:-1","max-image-preview":"max-image-preview:large","max-video-preview":"max-video-preview:-1"},"canonical":"https:\/\/dancingboulevard.com\/en\/clases-tango\/","og_locale":"en_US","og_type":"article","og_title":"Clases de Tango para todas las edades - Ven a divertirte","og_description":"Clases de tango, descubre la pasi\u00f3n y la elegancia de este baile. A 2 minutos del metro esperanza. Trato cercano y grupos reducidos.","og_url":"https:\/\/dancingboulevard.com\/en\/clases-tango\/","og_site_name":"Dancing Boulevard","article_publisher":"https:\/\/www.facebook.com\/pages\/Dancing-Boulevard\/1425357731107040?fref=ts","og_image":[{"url":"https:\/\/dancingboulevard.com\/wp-content\/uploads\/2016\/01\/tago1.jpg","type":"","width":"","height":""}],"twitter_card":"summary_large_image","twitter_misc":{"Est. reading time":"1 minute"},"schema":{"@context":"https:\/\/schema.org","@graph":[{"@type":"WebPage","@id":"https:\/\/dancingboulevard.com\/clases-tango\/","url":"https:\/\/dancingboulevard.com\/clases-tango\/","name":"Clases de Tango para todas las edades - Ven a divertirte","isPartOf":{"@id":"https:\/\/dancingboulevard.com\/#website"},"primaryImageOfPage":{"@id":"https:\/\/dancingboulevard.com\/clases-tango\/#primaryimage"},"image":{"@id":"https:\/\/dancingboulevard.com\/clases-tango\/#primaryimage"},"thumbnailUrl":"https:\/\/dancingboulevard.com\/wp-content\/uploads\/2016\/01\/tago1.jpg","datePublished":"2017-09-03T20:01:43+00:00","description":"Clases de tango, descubre la pasi\u00f3n y la elegancia de este baile. A 2 minutos del metro esperanza. Trato cercano y grupos reducidos.","breadcrumb":{"@id":"https:\/\/dancingboulevard.com\/clases-tango\/#breadcrumb"},"inLanguage":"en-US","potentialAction":[{"@type":"ReadAction","target":["https:\/\/dancingboulevard.com\/clases-tango\/"]}]},{"@type":"ImageObject","inLanguage":"en-US","@id":"https:\/\/dancingboulevard.com\/clases-tango\/#primaryimage","url":"https:\/\/dancingboulevard.com\/wp-content\/uploads\/2016\/01\/tago1.jpg","contentUrl":"https:\/\/dancingboulevard.com\/wp-content\/uploads\/2016\/01\/tago1.jpg"},{"@type":"BreadcrumbList","@id":"https:\/\/dancingboulevard.com\/clases-tango\/#breadcrumb","itemListElement":[{"@type":"ListItem","position":1,"name":"Portada","item":"https:\/\/dancingboulevard.com\/"},{"@type":"ListItem","position":2,"name":"Clases de tango"}]},{"@type":"WebSite","@id":"https:\/\/dancingboulevard.com\/#website","url":"https:\/\/dancingboulevard.com\/","name":"Dancing Boulevard","description":"ESCUELA DE BAILE","publisher":{"@id":"https:\/\/dancingboulevard.com\/#organization"},"potentialAction":[{"@type":"SearchAction","target":{"@type":"EntryPoint","urlTemplate":"https:\/\/dancingboulevard.com\/?s={search_term_string}"},"query-input":{"@type":"PropertyValueSpecification","valueRequired":true,"valueName":"search_term_string"}}],"inLanguage":"en-US"},{"@type":"Organization","@id":"https:\/\/dancingboulevard.com\/#organization","name":"Dancing Boulevard","url":"https:\/\/dancingboulevard.com\/","logo":{"@type":"ImageObject","inLanguage":"en-US","@id":"https:\/\/dancingboulevard.com\/#\/schema\/logo\/image\/","url":"https:\/\/dancingboulevard.com\/wp-content\/uploads\/2020\/04\/DancinBoulevard.png","contentUrl":"https:\/\/dancingboulevard.com\/wp-content\/uploads\/2020\/04\/DancinBoulevard.png","width":1990,"height":803,"caption":"Dancing Boulevard"},"image":{"@id":"https:\/\/dancingboulevard.com\/#\/schema\/logo\/image\/"},"sameAs":["https:\/\/www.facebook.com\/pages\/Dancing-Boulevard\/1425357731107040?fref=ts","https:\/\/www.instagram.com\/dancingboulevard\/"]}]}},"_links":{"self":[{"href":"https:\/\/dancingboulevard.com\/en\/wp-json\/wp\/v2\/pages\/1377","targetHints":{"allow":["GET"]}}],"collection":[{"href":"https:\/\/dancingboulevard.com\/en\/wp-json\/wp\/v2\/pages"}],"about":[{"href":"https:\/\/dancingboulevard.com\/en\/wp-json\/wp\/v2\/types\/page"}],"author":[{"embeddable":true,"href":"https:\/\/dancingboulevard.com\/en\/wp-json\/wp\/v2\/users\/1"}],"replies":[{"embeddable":true,"href":"https:\/\/dancingboulevard.com\/en\/wp-json\/wp\/v2\/comments?post=1377"}],"version-history":[{"count":0,"href":"https:\/\/dancingboulevard.com\/en\/wp-json\/wp\/v2\/pages\/1377\/revisions"}],"wp:attachment":[{"href":"https:\/\/dancingboulevard.com\/en\/wp-json\/wp\/v2\/media?parent=1377"}],"curies":[{"name":"wp","href":"https:\/\/api.w.org\/{rel}","templated":true}]}}