{"id":13421,"date":"2021-10-26T16:48:01","date_gmt":"2021-10-26T16:48:01","guid":{"rendered":"https:\/\/dancingboulevard.com\/?page_id=13421"},"modified":"2021-10-27T07:50:33","modified_gmt":"2021-10-27T07:50:33","slug":"comunidad-de-pymes","status":"publish","type":"page","link":"https:\/\/dancingboulevard.com\/en\/comunidad-de-pymes\/","title":{"rendered":"Comunidad de PYMES"},"content":{"rendered":"<div data-elementor-type=\"wp-page\" data-elementor-id=\"13421\" class=\"elementor elementor-13421\">\n\t\t\t\t\t\t<section class=\"elementor-section elementor-top-section elementor-element elementor-element-7933f12e elementor-section-boxed elementor-section-height-default elementor-section-height-default\" data-id=\"7933f12e\" data-element_type=\"section\" data-e-type=\"section\">\n\t\t\t\t\t\t<div class=\"elementor-container elementor-column-gap-default\">\n\t\t\t\t\t<div class=\"elementor-column elementor-col-100 elementor-top-column elementor-element elementor-element-5e268fa3\" data-id=\"5e268fa3\" data-element_type=\"column\" data-e-type=\"column\">\n\t\t\t<div class=\"elementor-widget-wrap elementor-element-populated\">\n\t\t\t\t\t\t<div class=\"elementor-element elementor-element-7a44893 elementor-widget elementor-widget-heading\" data-id=\"7a44893\" data-element_type=\"widget\" data-e-type=\"widget\" data-widget_type=\"heading.default\">\n\t\t\t\t<div class=\"elementor-widget-container\">\n\t\t\t\t\t<h2 class=\"elementor-heading-title elementor-size-default\"><a href=\"https:\/\/mejora-mi-negocio.es\/\" target=\"_blank\">Una comunidad de PYMES para que las peque\u00f1as y medianas empresas podamos colaborar <\/a><\/h2>\t\t\t\t<\/div>\n\t\t\t\t<\/div>\n\t\t\t\t<div class=\"elementor-element elementor-element-0857d05 elementor-widget elementor-widget-text-editor\" data-id=\"0857d05\" data-element_type=\"widget\" data-e-type=\"widget\" data-widget_type=\"text-editor.default\">\n\t\t\t\t<div class=\"elementor-widget-container\">\n\t\t\t\t\t\t\t\t\t<p>Muchos recursos parecen quedarse fuera del alcance de las PYMES, por su coste, complejidad o econom\u00edas de escala. Pero una <a href=\"https:\/\/mejora-mi-negocio.es\/\" target=\"_blank\" rel=\"noopener\">comunidad de PYMES<\/a> podemos aunar esfuerzos para democratizar estos recursos y que todas nos podamos beneficiar de las estrategias de negocio que utilizan las grandes empresas.<\/p>\n<p>Nosotros somos tu escuela de baile favorita, y eso es algo que s\u00f3lo una PYME puede conseguir. Una empresa que tiene la cercan\u00eda con sus clientes como para preocuparse por cada uno de ellos. Nuestros alumnos no son clientes, son parte de la escuela.<\/p>\n<p>Los que participamos en esta comunidad creemos que las PYMES construimos un mundo m\u00e1s justo y m\u00e1s cercano. Y desde aqu\u00ed animamos a cualquier peque\u00f1a o mediana empresa que se an\u00edme a unirse a la comunidad, porque cuantas m\u00e1s seamos, m\u00e1s fuertes seremos.<\/p>\t\t\t\t\t\t\t\t<\/div>\n\t\t\t\t<\/div>\n\t\t\t\t<div class=\"elementor-element elementor-element-ae52f5a elementor-widget elementor-widget-image\" data-id=\"ae52f5a\" data-element_type=\"widget\" data-e-type=\"widget\" data-widget_type=\"image.default\">\n\t\t\t\t<div class=\"elementor-widget-container\">\n\t\t\t\t\t\t\t\t\t\t\t\t\t\t\t\t<a href=\"https:\/\/mejora-mi-negocio.es\/\" target=\"_blank\">\n\t\t\t\t\t\t\t<img fetchpriority=\"high\" decoding=\"async\" width=\"1440\" height=\"896\" src=\"https:\/\/dancingboulevard.com\/wp-content\/uploads\/2021\/10\/comunidad-de-pymes.png\" class=\"attachment-1536x1536 size-1536x1536 wp-image-13430\" alt=\"comunidad de pymes\" srcset=\"https:\/\/dancingboulevard.com\/wp-content\/uploads\/2021\/10\/comunidad-de-pymes.png 1440w, https:\/\/dancingboulevard.com\/wp-content\/uploads\/2021\/10\/comunidad-de-pymes-300x187.png 300w, https:\/\/dancingboulevard.com\/wp-content\/uploads\/2021\/10\/comunidad-de-pymes-1024x637.png 1024w, https:\/\/dancingboulevard.com\/wp-content\/uploads\/2021\/10\/comunidad-de-pymes-768x478.png 768w\" sizes=\"(max-width: 1440px) 100vw, 1440px\" \/>\t\t\t\t\t\t\t\t<\/a>\n\t\t\t\t\t\t\t\t\t\t\t\t\t\t\t<\/div>\n\t\t\t\t<\/div>\n\t\t\t\t\t<\/div>\n\t\t<\/div>\n\t\t\t\t\t<\/div>\n\t\t<\/section>\n\t\t\t\t<\/div>","protected":false},"excerpt":{"rendered":"<p>Una comunidad de PYMES para que las peque\u00f1as y medianas empresas podamos colaborar Muchos recursos parecen quedarse fuera del alcance de las PYMES, por su coste, complejidad o econom\u00edas de escala. Pero una comunidad de PYMES podemos aunar esfuerzos para democratizar estos recursos y que todas nos podamos beneficiar de [&hellip;]<\/p>\n","protected":false},"author":1,"featured_media":0,"parent":0,"menu_order":0,"comment_status":"closed","ping_status":"closed","template":"","meta":{"footnotes":"","_links_to":"","_links_to_target":""},"class_list":["post-13421","page","type-page","status-publish","hentry"],"yoast_head":"<!-- This site is optimized with the Yoast SEO plugin v26.8 - https:\/\/yoast.com\/product\/yoast-seo-wordpress\/ -->\n<title>Comunidad de PYMES - Dancing Boulevard<\/title>\n<meta name=\"robots\" content=\"index, follow, max-snippet:-1, max-image-preview:large, max-video-preview:-1\" \/>\n<link rel=\"canonical\" href=\"https:\/\/dancingboulevard.com\/en\/comunidad-de-pymes\/\" \/>\n<meta property=\"og:locale\" content=\"en_US\" \/>\n<meta property=\"og:type\" content=\"article\" \/>\n<meta property=\"og:title\" content=\"Comunidad de PYMES - Dancing Boulevard\" \/>\n<meta property=\"og:description\" content=\"Una comunidad de PYMES para que las peque\u00f1as y medianas empresas podamos colaborar Muchos recursos parecen quedarse fuera del alcance de las PYMES, por su coste, complejidad o econom\u00edas de escala. Pero una comunidad de PYMES podemos aunar esfuerzos para democratizar estos recursos y que todas nos podamos beneficiar de [&hellip;]\" \/>\n<meta property=\"og:url\" content=\"https:\/\/dancingboulevard.com\/en\/comunidad-de-pymes\/\" \/>\n<meta property=\"og:site_name\" content=\"Dancing Boulevard\" \/>\n<meta property=\"article:publisher\" content=\"https:\/\/www.facebook.com\/pages\/Dancing-Boulevard\/1425357731107040?fref=ts\" \/>\n<meta property=\"article:modified_time\" content=\"2021-10-27T07:50:33+00:00\" \/>\n<meta property=\"og:image\" content=\"https:\/\/dancingboulevard.com\/wp-content\/uploads\/2021\/10\/comunidad-de-pymes.png\" \/>\n<meta name=\"twitter:card\" content=\"summary_large_image\" \/>\n<meta name=\"twitter:label1\" content=\"Est. reading time\" \/>\n\t<meta name=\"twitter:data1\" content=\"1 minute\" \/>\n<!-- \/ Yoast SEO plugin. -->","yoast_head_json":{"title":"Comunidad de PYMES - Dancing Boulevard","robots":{"index":"index","follow":"follow","max-snippet":"max-snippet:-1","max-image-preview":"max-image-preview:large","max-video-preview":"max-video-preview:-1"},"canonical":"https:\/\/dancingboulevard.com\/en\/comunidad-de-pymes\/","og_locale":"en_US","og_type":"article","og_title":"Comunidad de PYMES - Dancing Boulevard","og_description":"Una comunidad de PYMES para que las peque\u00f1as y medianas empresas podamos colaborar Muchos recursos parecen quedarse fuera del alcance de las PYMES, por su coste, complejidad o econom\u00edas de escala. Pero una comunidad de PYMES podemos aunar esfuerzos para democratizar estos recursos y que todas nos podamos beneficiar de [&hellip;]","og_url":"https:\/\/dancingboulevard.com\/en\/comunidad-de-pymes\/","og_site_name":"Dancing Boulevard","article_publisher":"https:\/\/www.facebook.com\/pages\/Dancing-Boulevard\/1425357731107040?fref=ts","article_modified_time":"2021-10-27T07:50:33+00:00","og_image":[{"url":"https:\/\/dancingboulevard.com\/wp-content\/uploads\/2021\/10\/comunidad-de-pymes.png","type":"","width":"","height":""}],"twitter_card":"summary_large_image","twitter_misc":{"Est. reading time":"1 minute"},"schema":{"@context":"https:\/\/schema.org","@graph":[{"@type":"WebPage","@id":"https:\/\/dancingboulevard.com\/comunidad-de-pymes\/","url":"https:\/\/dancingboulevard.com\/comunidad-de-pymes\/","name":"Comunidad de PYMES - Dancing Boulevard","isPartOf":{"@id":"https:\/\/dancingboulevard.com\/#website"},"primaryImageOfPage":{"@id":"https:\/\/dancingboulevard.com\/comunidad-de-pymes\/#primaryimage"},"image":{"@id":"https:\/\/dancingboulevard.com\/comunidad-de-pymes\/#primaryimage"},"thumbnailUrl":"https:\/\/dancingboulevard.com\/wp-content\/uploads\/2021\/10\/comunidad-de-pymes.png","datePublished":"2021-10-26T16:48:01+00:00","dateModified":"2021-10-27T07:50:33+00:00","breadcrumb":{"@id":"https:\/\/dancingboulevard.com\/comunidad-de-pymes\/#breadcrumb"},"inLanguage":"en-US","potentialAction":[{"@type":"ReadAction","target":["https:\/\/dancingboulevard.com\/comunidad-de-pymes\/"]}]},{"@type":"ImageObject","inLanguage":"en-US","@id":"https:\/\/dancingboulevard.com\/comunidad-de-pymes\/#primaryimage","url":"https:\/\/dancingboulevard.com\/wp-content\/uploads\/2021\/10\/comunidad-de-pymes.png","contentUrl":"https:\/\/dancingboulevard.com\/wp-content\/uploads\/2021\/10\/comunidad-de-pymes.png"},{"@type":"BreadcrumbList","@id":"https:\/\/dancingboulevard.com\/comunidad-de-pymes\/#breadcrumb","itemListElement":[{"@type":"ListItem","position":1,"name":"Portada","item":"https:\/\/dancingboulevard.com\/"},{"@type":"ListItem","position":2,"name":"Comunidad de PYMES"}]},{"@type":"WebSite","@id":"https:\/\/dancingboulevard.com\/#website","url":"https:\/\/dancingboulevard.com\/","name":"Dancing Boulevard","description":"ESCUELA DE BAILE","publisher":{"@id":"https:\/\/dancingboulevard.com\/#organization"},"potentialAction":[{"@type":"SearchAction","target":{"@type":"EntryPoint","urlTemplate":"https:\/\/dancingboulevard.com\/?s={search_term_string}"},"query-input":{"@type":"PropertyValueSpecification","valueRequired":true,"valueName":"search_term_string"}}],"inLanguage":"en-US"},{"@type":"Organization","@id":"https:\/\/dancingboulevard.com\/#organization","name":"Dancing Boulevard","url":"https:\/\/dancingboulevard.com\/","logo":{"@type":"ImageObject","inLanguage":"en-US","@id":"https:\/\/dancingboulevard.com\/#\/schema\/logo\/image\/","url":"https:\/\/dancingboulevard.com\/wp-content\/uploads\/2020\/04\/DancinBoulevard.png","contentUrl":"https:\/\/dancingboulevard.com\/wp-content\/uploads\/2020\/04\/DancinBoulevard.png","width":1990,"height":803,"caption":"Dancing Boulevard"},"image":{"@id":"https:\/\/dancingboulevard.com\/#\/schema\/logo\/image\/"},"sameAs":["https:\/\/www.facebook.com\/pages\/Dancing-Boulevard\/1425357731107040?fref=ts","https:\/\/www.instagram.com\/dancingboulevard\/"]}]}},"_links":{"self":[{"href":"https:\/\/dancingboulevard.com\/en\/wp-json\/wp\/v2\/pages\/13421","targetHints":{"allow":["GET"]}}],"collection":[{"href":"https:\/\/dancingboulevard.com\/en\/wp-json\/wp\/v2\/pages"}],"about":[{"href":"https:\/\/dancingboulevard.com\/en\/wp-json\/wp\/v2\/types\/page"}],"author":[{"embeddable":true,"href":"https:\/\/dancingboulevard.com\/en\/wp-json\/wp\/v2\/users\/1"}],"replies":[{"embeddable":true,"href":"https:\/\/dancingboulevard.com\/en\/wp-json\/wp\/v2\/comments?post=13421"}],"version-history":[{"count":0,"href":"https:\/\/dancingboulevard.com\/en\/wp-json\/wp\/v2\/pages\/13421\/revisions"}],"wp:attachment":[{"href":"https:\/\/dancingboulevard.com\/en\/wp-json\/wp\/v2\/media?parent=13421"}],"curies":[{"name":"wp","href":"https:\/\/api.w.org\/{rel}","templated":true}]}}