{"id":130,"date":"2015-03-02T13:20:33","date_gmt":"2015-03-02T13:20:33","guid":{"rendered":"http:\/\/s553217786.mialojamiento.es\/?page_id=130"},"modified":"2015-04-26T19:43:48","modified_gmt":"2015-04-26T19:43:48","slug":"fiestas-y-eventos","status":"publish","type":"page","link":"https:\/\/dancingboulevard.com\/en\/fiestas-y-eventos\/","title":{"rendered":"Fiestas y eventos"},"content":{"rendered":"<p>Alquiler de salas para cumplea\u00f1os y otras fiestas, con posibilidad de contratar catering, monitores y profesores as\u00ed como juegos para los m\u00e1s peque\u00f1os.<\/p>\n<p>Organizamos tu FIESTA de CUMPLEA\u00d1OS<br \/>\nEn una sala de 30 metros (3\/4 horas) con un decorado personalizado.<br \/>\nPuedes traer la merienda, o contratarla.<br \/>\nOpci\u00f3n:<br \/>\nMonitor\/a de baile.<br \/>\nJuegos infantiles.<br \/>\nREGALO A ANFITRION\/A, de una clase de baile en nuestra escuela.<br \/>\nPrecio alquiler de sala<br \/>\n180 \u20ac<\/p>\n<p><a href=\"http:\/\/s553217786.mialojamiento.es\/wp-content\/uploads\/2015\/03\/Sin-t\u00edtulo1.jpg\"><img fetchpriority=\"high\" decoding=\"async\" class=\"aligncenter size-full wp-image-211\" src=\"http:\/\/s553217786.mialojamiento.es\/wp-content\/uploads\/2015\/03\/Sin-t\u00edtulo1.jpg\" alt=\"Sin t\u00edtulo\" width=\"571\" height=\"175\" srcset=\"https:\/\/dancingboulevard.com\/wp-content\/uploads\/2015\/03\/Sin-t\u00edtulo1.jpg 571w, https:\/\/dancingboulevard.com\/wp-content\/uploads\/2015\/03\/Sin-t\u00edtulo1-300x92.jpg 300w\" sizes=\"(max-width: 571px) 100vw, 571px\" \/><\/a><\/p>\n<p><a href=\"http:\/\/s553217786.mialojamiento.es\/wp-content\/uploads\/2015\/03\/Sin-t\u00edtulo2.jpg\"><img decoding=\"async\" class=\"aligncenter size-full wp-image-213\" src=\"http:\/\/s553217786.mialojamiento.es\/wp-content\/uploads\/2015\/03\/Sin-t\u00edtulo2.jpg\" alt=\"Sin t\u00edtulo\" width=\"571\" height=\"354\" srcset=\"https:\/\/dancingboulevard.com\/wp-content\/uploads\/2015\/03\/Sin-t\u00edtulo2.jpg 571w, https:\/\/dancingboulevard.com\/wp-content\/uploads\/2015\/03\/Sin-t\u00edtulo2-300x186.jpg 300w\" sizes=\"(max-width: 571px) 100vw, 571px\" \/><\/a><\/p>","protected":false},"excerpt":{"rendered":"<p>Alquiler de salas para cumplea\u00f1os y otras fiestas, con posibilidad de contratar catering, monitores y profesores as\u00ed como juegos para los m\u00e1s peque\u00f1os. Organizamos tu FIESTA de CUMPLEA\u00d1OS En una sala de 30 metros (3\/4 horas) con un decorado personalizado. Puedes traer la merienda, o contratarla. Opci\u00f3n: Monitor\/a de baile. [&hellip;]<\/p>\n","protected":false},"author":1,"featured_media":0,"parent":0,"menu_order":0,"comment_status":"closed","ping_status":"closed","template":"","meta":{"footnotes":"","_links_to":"","_links_to_target":""},"class_list":["post-130","page","type-page","status-publish","hentry"],"yoast_head":"<!-- This site is optimized with the Yoast SEO plugin v26.8 - https:\/\/yoast.com\/product\/yoast-seo-wordpress\/ -->\n<title>organizar fiesta baile, fiestas originales, fiestas con baile<\/title>\n<meta name=\"robots\" content=\"index, follow, max-snippet:-1, max-image-preview:large, max-video-preview:-1\" \/>\n<link rel=\"canonical\" href=\"https:\/\/dancingboulevard.com\/en\/fiestas-y-eventos\/\" \/>\n<meta property=\"og:locale\" content=\"en_US\" \/>\n<meta property=\"og:type\" content=\"article\" \/>\n<meta property=\"og:title\" content=\"organizar fiesta baile, fiestas originales, fiestas con baile\" \/>\n<meta property=\"og:description\" content=\"Alquiler de salas para cumplea\u00f1os y otras fiestas, con posibilidad de contratar catering, monitores y profesores as\u00ed como juegos para los m\u00e1s peque\u00f1os. Organizamos tu FIESTA de CUMPLEA\u00d1OS En una sala de 30 metros (3\/4 horas) con un decorado personalizado. Puedes traer la merienda, o contratarla. Opci\u00f3n: Monitor\/a de baile. [&hellip;]\" \/>\n<meta property=\"og:url\" content=\"https:\/\/dancingboulevard.com\/en\/fiestas-y-eventos\/\" \/>\n<meta property=\"og:site_name\" content=\"Dancing Boulevard\" \/>\n<meta property=\"article:publisher\" content=\"https:\/\/www.facebook.com\/pages\/Dancing-Boulevard\/1425357731107040?fref=ts\" \/>\n<meta property=\"article:modified_time\" content=\"2015-04-26T19:43:48+00:00\" \/>\n<meta property=\"og:image\" content=\"http:\/\/s553217786.mialojamiento.es\/wp-content\/uploads\/2015\/03\/Sin-t\u00edtulo1.jpg\" \/>\n<meta name=\"twitter:card\" content=\"summary_large_image\" \/>\n<!-- \/ Yoast SEO plugin. -->","yoast_head_json":{"title":"organizar fiesta baile, fiestas originales, fiestas con baile","robots":{"index":"index","follow":"follow","max-snippet":"max-snippet:-1","max-image-preview":"max-image-preview:large","max-video-preview":"max-video-preview:-1"},"canonical":"https:\/\/dancingboulevard.com\/en\/fiestas-y-eventos\/","og_locale":"en_US","og_type":"article","og_title":"organizar fiesta baile, fiestas originales, fiestas con baile","og_description":"Alquiler de salas para cumplea\u00f1os y otras fiestas, con posibilidad de contratar catering, monitores y profesores as\u00ed como juegos para los m\u00e1s peque\u00f1os. Organizamos tu FIESTA de CUMPLEA\u00d1OS En una sala de 30 metros (3\/4 horas) con un decorado personalizado. Puedes traer la merienda, o contratarla. Opci\u00f3n: Monitor\/a de baile. [&hellip;]","og_url":"https:\/\/dancingboulevard.com\/en\/fiestas-y-eventos\/","og_site_name":"Dancing Boulevard","article_publisher":"https:\/\/www.facebook.com\/pages\/Dancing-Boulevard\/1425357731107040?fref=ts","article_modified_time":"2015-04-26T19:43:48+00:00","og_image":[{"url":"http:\/\/s553217786.mialojamiento.es\/wp-content\/uploads\/2015\/03\/Sin-t\u00edtulo1.jpg","type":"","width":"","height":""}],"twitter_card":"summary_large_image","schema":{"@context":"https:\/\/schema.org","@graph":[{"@type":"WebPage","@id":"https:\/\/dancingboulevard.com\/fiestas-y-eventos\/","url":"https:\/\/dancingboulevard.com\/fiestas-y-eventos\/","name":"organizar fiesta baile, fiestas originales, fiestas con baile","isPartOf":{"@id":"https:\/\/dancingboulevard.com\/#website"},"datePublished":"2015-03-02T13:20:33+00:00","dateModified":"2015-04-26T19:43:48+00:00","breadcrumb":{"@id":"https:\/\/dancingboulevard.com\/fiestas-y-eventos\/#breadcrumb"},"inLanguage":"en-US","potentialAction":[{"@type":"ReadAction","target":["https:\/\/dancingboulevard.com\/fiestas-y-eventos\/"]}]},{"@type":"BreadcrumbList","@id":"https:\/\/dancingboulevard.com\/fiestas-y-eventos\/#breadcrumb","itemListElement":[{"@type":"ListItem","position":1,"name":"Portada","item":"https:\/\/dancingboulevard.com\/"},{"@type":"ListItem","position":2,"name":"Fiestas y eventos"}]},{"@type":"WebSite","@id":"https:\/\/dancingboulevard.com\/#website","url":"https:\/\/dancingboulevard.com\/","name":"Dancing Boulevard","description":"ESCUELA DE BAILE","publisher":{"@id":"https:\/\/dancingboulevard.com\/#organization"},"potentialAction":[{"@type":"SearchAction","target":{"@type":"EntryPoint","urlTemplate":"https:\/\/dancingboulevard.com\/?s={search_term_string}"},"query-input":{"@type":"PropertyValueSpecification","valueRequired":true,"valueName":"search_term_string"}}],"inLanguage":"en-US"},{"@type":"Organization","@id":"https:\/\/dancingboulevard.com\/#organization","name":"Dancing Boulevard","url":"https:\/\/dancingboulevard.com\/","logo":{"@type":"ImageObject","inLanguage":"en-US","@id":"https:\/\/dancingboulevard.com\/#\/schema\/logo\/image\/","url":"https:\/\/dancingboulevard.com\/wp-content\/uploads\/2020\/04\/DancinBoulevard.png","contentUrl":"https:\/\/dancingboulevard.com\/wp-content\/uploads\/2020\/04\/DancinBoulevard.png","width":1990,"height":803,"caption":"Dancing Boulevard"},"image":{"@id":"https:\/\/dancingboulevard.com\/#\/schema\/logo\/image\/"},"sameAs":["https:\/\/www.facebook.com\/pages\/Dancing-Boulevard\/1425357731107040?fref=ts","https:\/\/www.instagram.com\/dancingboulevard\/"]}]}},"_links":{"self":[{"href":"https:\/\/dancingboulevard.com\/en\/wp-json\/wp\/v2\/pages\/130","targetHints":{"allow":["GET"]}}],"collection":[{"href":"https:\/\/dancingboulevard.com\/en\/wp-json\/wp\/v2\/pages"}],"about":[{"href":"https:\/\/dancingboulevard.com\/en\/wp-json\/wp\/v2\/types\/page"}],"author":[{"embeddable":true,"href":"https:\/\/dancingboulevard.com\/en\/wp-json\/wp\/v2\/users\/1"}],"replies":[{"embeddable":true,"href":"https:\/\/dancingboulevard.com\/en\/wp-json\/wp\/v2\/comments?post=130"}],"version-history":[{"count":0,"href":"https:\/\/dancingboulevard.com\/en\/wp-json\/wp\/v2\/pages\/130\/revisions"}],"wp:attachment":[{"href":"https:\/\/dancingboulevard.com\/en\/wp-json\/wp\/v2\/media?parent=130"}],"curies":[{"name":"wp","href":"https:\/\/api.w.org\/{rel}","templated":true}]}}