{"id":1246,"date":"2017-08-24T19:12:22","date_gmt":"2017-08-24T19:12:22","guid":{"rendered":"http:\/\/dancingboulevard.com\/?page_id=1246"},"modified":"2017-08-24T20:53:32","modified_gmt":"2017-08-24T20:53:32","slug":"nueva-sala-baile","status":"publish","type":"page","link":"https:\/\/dancingboulevard.com\/en\/nueva-sala-baile\/","title":{"rendered":"Nueva sala de baile"},"content":{"rendered":"<h2 style=\"text-align: center;\">Dancing Boulevard estrena nueva sala de baile<\/h2>\n<p>&nbsp;<\/p>\n<p>Esta sala de baile es una enorme ampliaci\u00f3n para la escuela. Cuenta con 60 metros cuadrados di\u00e1fanos, un ba\u00f1o adicional y una recepci\u00f3n-hall para que continu\u00e9is vuestras afamadas conversaciones de despu\u00e9s de clase bajo cubierto.<\/p>\n<p>Esta sala de baile cuenta con dos aires acondicionados, equipo de sonido y dos paredes de espejos.<\/p>\n<p><a href=\"https:\/\/dancingboulevard.com\/wp-content\/uploads\/2017\/08\/20170721_180753.jpg\"><br \/>\n<img fetchpriority=\"high\" decoding=\"async\" class=\"aligncenter wp-image-1248 size-full\" title=\"Obras sala de baile\" src=\"https:\/\/dancingboulevard.com\/wp-content\/uploads\/2017\/08\/20170721_180753.jpg\" alt=\"obra sala de baile\" width=\"679\" height=\"904\" \/><\/a><\/p>\n<p>Tras un mes de duras obras, \u00a1ya tenemos todo insonorizado!<\/p>\n<p><a href=\"https:\/\/dancingboulevard.com\/wp-content\/uploads\/2017\/08\/20170730_130740.jpg\"><img decoding=\"async\" class=\"aligncenter wp-image-1249 size-full\" title=\"Sala de baile insonorizada\" src=\"https:\/\/dancingboulevard.com\/wp-content\/uploads\/2017\/08\/20170730_130740.jpg\" alt=\"insonorizaci\u00f3n sala de baile\" width=\"1059\" height=\"795\" srcset=\"https:\/\/dancingboulevard.com\/wp-content\/uploads\/2017\/08\/20170730_130740.jpg 1059w, https:\/\/dancingboulevard.com\/wp-content\/uploads\/2017\/08\/20170730_130740-300x225.jpg 300w, https:\/\/dancingboulevard.com\/wp-content\/uploads\/2017\/08\/20170730_130740-1024x769.jpg 1024w, https:\/\/dancingboulevard.com\/wp-content\/uploads\/2017\/08\/20170730_130740-768x577.jpg 768w\" sizes=\"(max-width: 1059px) 100vw, 1059px\" \/><\/a><\/p>\n<p>En los pr\u00f3ximos d\u00edas podr\u00e1s ver la ampliaci\u00f3n de nuestra fachada con nuestros caracter\u00edsticos bailes, y a partir del inicio de curso el 15 de Septiembre puedes pasarte un d\u00eda para que te la ense\u00f1emos terminada.<\/p>\n<p>\u00a1Cuando hayamos acabado las obras en la sala de baile, colgaremos nuevas fotos!<\/p>\n<p>&nbsp;<\/p>\n<p>Conoce nuestros bailes y horarios en:\u00a0<a href=\"https:\/\/dancingboulevard.com\/bailes-y-horarios\/\">https:\/\/dancingboulevard.com\/bailes-y-horarios\/<\/a><\/p>\n<p>Estamos a su disposici\u00f3n en el Tel\u00e9fono 602 64 68 07<\/p>\n<p>&nbsp;<\/p>\n<p>Conoce lugares para salir a bailar en:<\/p>\n<p><a href=\"http:\/\/www.dondebailarhoy.com\/index.php\/salas-de-baile\/locations\">http:\/\/www.dondebailarhoy.com\/index.php\/salas-de-baile\/locations<\/a><\/p>\n<p>&nbsp;<\/p>\n<p>Y si est\u00e1s pensando en hacer obras en alg\u00fan local no podemos recomendar a ning\u00fan estudio mejor que Dsig\u00f1, quienes nos han llevado toda la obra para esta nueva sala de baile:<\/p>\n<p><a href=\"https:\/\/www.dsignarchitecture.com\/\">https:\/\/www.dsignarchitecture.com\/<\/a><\/p>\n<p>\u00a1Muchas gracias!<\/p>\n<p>&nbsp;<\/p>\n<p>La sala esta completamente insonorizada con copropen (aislante ac\u00fastico) de 10 cent\u00edmetros, columnas incluidas.<\/p>\n<p>Las tres salas de nuestra escuela de baile se encuentran en\u00a0C\/ ANDORRA 65, MADRID \u00a0 \u00a0(V\u00c9ASE MAPAS M\u00c1S ABAJO)<\/p>\n<p>[contactformgenerator id=\u00bb1&#8243;]<\/p>\n<p>&nbsp;<\/p>\n<p>COMO LLEGAR METRO:\u00a0 LINEA 4,\u00a0PARADA ESPERANZA (2 minutos)<\/p>\n<p><a href=\"http:\/\/s553217786.mialojamiento.es\/wp-content\/uploads\/2015\/02\/Sin-t\u00edtulo1.jpg\"><img decoding=\"async\" class=\"aligncenter size-full wp-image-208\" src=\"http:\/\/s553217786.mialojamiento.es\/wp-content\/uploads\/2015\/02\/Sin-t\u00edtulo1.jpg\" alt=\"Sin t\u00edtulo\" width=\"489\" height=\"264\" srcset=\"https:\/\/dancingboulevard.com\/wp-content\/uploads\/2015\/02\/Sin-t\u00edtulo1.jpg 489w, https:\/\/dancingboulevard.com\/wp-content\/uploads\/2015\/02\/Sin-t\u00edtulo1-300x162.jpg 300w\" sizes=\"(max-width: 489px) 100vw, 489px\" \/><\/a><\/p>\n<p>&nbsp;<\/p>\n<p>COMO LLEGAR BUS:<\/p>\n<p>120 Y 122 \u00a0(Hay que bajarse en la parada Silvano- Plaza del Liceo)<\/p>\n<p>&nbsp;<\/p>\n<p><a href=\"http:\/\/s553217786.mialojamiento.es\/wp-content\/uploads\/2015\/02\/Sin-t\u00edtulo.png\"><img loading=\"lazy\" decoding=\"async\" class=\"aligncenter size-full wp-image-206\" src=\"http:\/\/s553217786.mialojamiento.es\/wp-content\/uploads\/2015\/02\/Sin-t\u00edtulo.png\" alt=\"Sin t\u00edtulo\" width=\"470\" height=\"255\" srcset=\"https:\/\/dancingboulevard.com\/wp-content\/uploads\/2015\/02\/Sin-t\u00edtulo.png 470w, https:\/\/dancingboulevard.com\/wp-content\/uploads\/2015\/02\/Sin-t\u00edtulo-300x163.png 300w\" sizes=\"(max-width: 470px) 100vw, 470px\" \/><\/a><\/p>\n<p>&nbsp;<\/p>\n<p>73 (hay que bajarse en la parada carretera canillas- Gomeznarro)<\/p>\n<p><a href=\"http:\/\/s553217786.mialojamiento.es\/wp-content\/uploads\/2015\/02\/Sin-t\u00edtulo.jpg\"><img loading=\"lazy\" decoding=\"async\" class=\"aligncenter size-full wp-image-207\" src=\"http:\/\/s553217786.mialojamiento.es\/wp-content\/uploads\/2015\/02\/Sin-t\u00edtulo.jpg\" alt=\"Sin t\u00edtulo\" width=\"456\" height=\"273\" srcset=\"https:\/\/dancingboulevard.com\/wp-content\/uploads\/2015\/02\/Sin-t\u00edtulo.jpg 456w, https:\/\/dancingboulevard.com\/wp-content\/uploads\/2015\/02\/Sin-t\u00edtulo-300x180.jpg 300w\" sizes=\"(max-width: 456px) 100vw, 456px\" \/><\/a><\/p>\n<p>&nbsp;<\/p>\n<p>&nbsp;<\/p>\n<p><iframe class=\"img\" style=\"border: 0;\" src=\"https:\/\/www.google.com\/maps\/embed?pb=!1m14!1m8!1m3!1d3035.728514688886!2d-3.6441720999999996!3d40.4591454!3m2!1i1024!2i768!4f13.1!3m3!1m2!1s0xd422ede5db9de9f%3A0x1eba3b506a37664f!2sCalle+Andorra%2C+65%2C+28043+Madrid!5e0!3m2!1ses!2ses!4v1424444267251\" width=\"100%\" height=\"450\" frameborder=\"0\"><\/iframe><\/p>\n<p>&nbsp;<\/p>\n<p>&nbsp;<\/p>\n<p>La escuela Dancing Boulevard nace con el prop\u00f3sito de no limitar el baile o la danza al mundo profesional, sino, acercarlo y abrirlo a cualquiera que lo desee.<\/p>\n<p>Nuestra atenci\u00f3n es personalizada y con grupos reducidos lo que hace que todos puedan disfrutar de este espacio art\u00edstico y educativo y de las propiedades que el baile proporciona, tales como, vencer la timidez, estr\u00e9s, ansiedad; estimular flexibilidad, resistencia, coordinaci\u00f3n, agilidad; y para los mas peque\u00f1os desarrollar o\u00eddo, expresi\u00f3n, equilibrio y memoria. Esta sala cuenta con unos metros adicionales para poder bailar m\u00e1s c\u00f3modamente en aquellas disciplinas que requieren de un mayor espacio y bailes en pareja como pueden ser los Ritmos Latinos,<br \/>\nTodo el mundo esta invitado a aprender con nosotros. Nos adaptaremos a tus necesidades y objetivos.<\/p>\n","protected":false},"excerpt":{"rendered":"<p>Dancing Boulevard estrena nueva sala de baile &nbsp; Esta sala de baile es una enorme ampliaci\u00f3n para la escuela. Cuenta con 60 metros cuadrados di\u00e1fanos, un ba\u00f1o adicional y una recepci\u00f3n-hall para que continu\u00e9is vuestras afamadas conversaciones de despu\u00e9s de clase bajo cubierto. Esta sala de baile cuenta con dos [&hellip;]<\/p>\n","protected":false},"author":1,"featured_media":0,"parent":0,"menu_order":0,"comment_status":"closed","ping_status":"closed","template":"","meta":{"footnotes":"","_links_to":"","_links_to_target":""},"class_list":["post-1246","page","type-page","status-publish","hentry"],"yoast_head":"<!-- This site is optimized with the Yoast SEO plugin v26.8 - https:\/\/yoast.com\/product\/yoast-seo-wordpress\/ -->\n<title>Dancing Boulevard estrena Nueva sala de baile de 60 metros cuadrados<\/title>\n<meta name=\"description\" content=\"Sala de baile insonorizada, con espejos de 60 metros cuadrados. En Madrid a 2 minutos del metro esperanza. Plenamente acondicionada para baile y m\u00fasica.\" \/>\n<meta name=\"robots\" content=\"index, follow, max-snippet:-1, max-image-preview:large, max-video-preview:-1\" \/>\n<link rel=\"canonical\" href=\"https:\/\/dancingboulevard.com\/en\/nueva-sala-baile\/\" \/>\n<meta property=\"og:locale\" content=\"en_US\" \/>\n<meta property=\"og:type\" content=\"article\" \/>\n<meta property=\"og:title\" content=\"Dancing Boulevard estrena Nueva sala de baile de 60 metros cuadrados\" \/>\n<meta property=\"og:description\" content=\"Sala de baile insonorizada, con espejos de 60 metros cuadrados. En Madrid a 2 minutos del metro esperanza. Plenamente acondicionada para baile y m\u00fasica.\" \/>\n<meta property=\"og:url\" content=\"https:\/\/dancingboulevard.com\/en\/nueva-sala-baile\/\" \/>\n<meta property=\"og:site_name\" content=\"Dancing Boulevard\" \/>\n<meta property=\"article:publisher\" content=\"https:\/\/www.facebook.com\/pages\/Dancing-Boulevard\/1425357731107040?fref=ts\" \/>\n<meta property=\"article:modified_time\" content=\"2017-08-24T20:53:32+00:00\" \/>\n<meta property=\"og:image\" content=\"https:\/\/dancingboulevard.com\/wp-content\/uploads\/2017\/08\/20170721_180753.jpg\" \/>\n<meta name=\"twitter:card\" content=\"summary_large_image\" \/>\n<meta name=\"twitter:label1\" content=\"Est. reading time\" \/>\n\t<meta name=\"twitter:data1\" content=\"2 minutes\" \/>\n<!-- \/ Yoast SEO plugin. -->","yoast_head_json":{"title":"Dancing Boulevard estrena Nueva sala de baile de 60 metros cuadrados","description":"Sala de baile insonorizada, con espejos de 60 metros cuadrados. En Madrid a 2 minutos del metro esperanza. Plenamente acondicionada para baile y m\u00fasica.","robots":{"index":"index","follow":"follow","max-snippet":"max-snippet:-1","max-image-preview":"max-image-preview:large","max-video-preview":"max-video-preview:-1"},"canonical":"https:\/\/dancingboulevard.com\/en\/nueva-sala-baile\/","og_locale":"en_US","og_type":"article","og_title":"Dancing Boulevard estrena Nueva sala de baile de 60 metros cuadrados","og_description":"Sala de baile insonorizada, con espejos de 60 metros cuadrados. En Madrid a 2 minutos del metro esperanza. Plenamente acondicionada para baile y m\u00fasica.","og_url":"https:\/\/dancingboulevard.com\/en\/nueva-sala-baile\/","og_site_name":"Dancing Boulevard","article_publisher":"https:\/\/www.facebook.com\/pages\/Dancing-Boulevard\/1425357731107040?fref=ts","article_modified_time":"2017-08-24T20:53:32+00:00","og_image":[{"url":"https:\/\/dancingboulevard.com\/wp-content\/uploads\/2017\/08\/20170721_180753.jpg","type":"","width":"","height":""}],"twitter_card":"summary_large_image","twitter_misc":{"Est. reading time":"2 minutes"},"schema":{"@context":"https:\/\/schema.org","@graph":[{"@type":"WebPage","@id":"https:\/\/dancingboulevard.com\/nueva-sala-baile\/","url":"https:\/\/dancingboulevard.com\/nueva-sala-baile\/","name":"Dancing Boulevard estrena Nueva sala de baile de 60 metros cuadrados","isPartOf":{"@id":"https:\/\/dancingboulevard.com\/#website"},"primaryImageOfPage":{"@id":"https:\/\/dancingboulevard.com\/nueva-sala-baile\/#primaryimage"},"image":{"@id":"https:\/\/dancingboulevard.com\/nueva-sala-baile\/#primaryimage"},"thumbnailUrl":"https:\/\/dancingboulevard.com\/wp-content\/uploads\/2017\/08\/20170721_180753.jpg","datePublished":"2017-08-24T19:12:22+00:00","dateModified":"2017-08-24T20:53:32+00:00","description":"Sala de baile insonorizada, con espejos de 60 metros cuadrados. En Madrid a 2 minutos del metro esperanza. Plenamente acondicionada para baile y m\u00fasica.","breadcrumb":{"@id":"https:\/\/dancingboulevard.com\/nueva-sala-baile\/#breadcrumb"},"inLanguage":"en-US","potentialAction":[{"@type":"ReadAction","target":["https:\/\/dancingboulevard.com\/nueva-sala-baile\/"]}]},{"@type":"ImageObject","inLanguage":"en-US","@id":"https:\/\/dancingboulevard.com\/nueva-sala-baile\/#primaryimage","url":"https:\/\/dancingboulevard.com\/wp-content\/uploads\/2017\/08\/20170721_180753.jpg","contentUrl":"https:\/\/dancingboulevard.com\/wp-content\/uploads\/2017\/08\/20170721_180753.jpg"},{"@type":"BreadcrumbList","@id":"https:\/\/dancingboulevard.com\/nueva-sala-baile\/#breadcrumb","itemListElement":[{"@type":"ListItem","position":1,"name":"Portada","item":"https:\/\/dancingboulevard.com\/"},{"@type":"ListItem","position":2,"name":"Nueva sala de baile"}]},{"@type":"WebSite","@id":"https:\/\/dancingboulevard.com\/#website","url":"https:\/\/dancingboulevard.com\/","name":"Dancing Boulevard","description":"ESCUELA DE BAILE","publisher":{"@id":"https:\/\/dancingboulevard.com\/#organization"},"potentialAction":[{"@type":"SearchAction","target":{"@type":"EntryPoint","urlTemplate":"https:\/\/dancingboulevard.com\/?s={search_term_string}"},"query-input":{"@type":"PropertyValueSpecification","valueRequired":true,"valueName":"search_term_string"}}],"inLanguage":"en-US"},{"@type":"Organization","@id":"https:\/\/dancingboulevard.com\/#organization","name":"Dancing Boulevard","url":"https:\/\/dancingboulevard.com\/","logo":{"@type":"ImageObject","inLanguage":"en-US","@id":"https:\/\/dancingboulevard.com\/#\/schema\/logo\/image\/","url":"https:\/\/dancingboulevard.com\/wp-content\/uploads\/2020\/04\/DancinBoulevard.png","contentUrl":"https:\/\/dancingboulevard.com\/wp-content\/uploads\/2020\/04\/DancinBoulevard.png","width":1990,"height":803,"caption":"Dancing Boulevard"},"image":{"@id":"https:\/\/dancingboulevard.com\/#\/schema\/logo\/image\/"},"sameAs":["https:\/\/www.facebook.com\/pages\/Dancing-Boulevard\/1425357731107040?fref=ts","https:\/\/www.instagram.com\/dancingboulevard\/"]}]}},"_links":{"self":[{"href":"https:\/\/dancingboulevard.com\/en\/wp-json\/wp\/v2\/pages\/1246","targetHints":{"allow":["GET"]}}],"collection":[{"href":"https:\/\/dancingboulevard.com\/en\/wp-json\/wp\/v2\/pages"}],"about":[{"href":"https:\/\/dancingboulevard.com\/en\/wp-json\/wp\/v2\/types\/page"}],"author":[{"embeddable":true,"href":"https:\/\/dancingboulevard.com\/en\/wp-json\/wp\/v2\/users\/1"}],"replies":[{"embeddable":true,"href":"https:\/\/dancingboulevard.com\/en\/wp-json\/wp\/v2\/comments?post=1246"}],"version-history":[{"count":0,"href":"https:\/\/dancingboulevard.com\/en\/wp-json\/wp\/v2\/pages\/1246\/revisions"}],"wp:attachment":[{"href":"https:\/\/dancingboulevard.com\/en\/wp-json\/wp\/v2\/media?parent=1246"}],"curies":[{"name":"wp","href":"https:\/\/api.w.org\/{rel}","templated":true}]}}