{"id":1189,"date":"2017-08-21T17:27:30","date_gmt":"2017-08-21T17:27:30","guid":{"rendered":"http:\/\/dancingboulevard.com\/?page_id=1189"},"modified":"2020-12-11T14:31:40","modified_gmt":"2020-12-11T14:31:40","slug":"baile-comunion-ninos","status":"publish","type":"page","link":"https:\/\/dancingboulevard.com\/en\/baile-comunion-ninos\/","title":{"rendered":"Baile Comuni\u00f3n ni\u00f1os"},"content":{"rendered":"\t\t<div data-elementor-type=\"wp-page\" data-elementor-id=\"1189\" class=\"elementor elementor-1189\">\n\t\t\t\t\t\t<section class=\"elementor-section elementor-top-section elementor-element elementor-element-kuk83m9 elementor-section-boxed elementor-section-height-default elementor-section-height-default\" data-id=\"kuk83m9\" data-element_type=\"section\" data-e-type=\"section\">\n\t\t\t\t\t\t<div class=\"elementor-container elementor-column-gap-default\">\n\t\t\t\t\t<div class=\"elementor-column elementor-col-100 elementor-top-column elementor-element elementor-element-zix4mv4\" data-id=\"zix4mv4\" data-element_type=\"column\" data-e-type=\"column\">\n\t\t\t<div class=\"elementor-widget-wrap elementor-element-populated\">\n\t\t\t\t\t\t<div class=\"elementor-element elementor-element-un4e0go elementor-widget elementor-widget-image\" data-id=\"un4e0go\" data-element_type=\"widget\" data-e-type=\"widget\" data-widget_type=\"image.default\">\n\t\t\t\t<div class=\"elementor-widget-container\">\n\t\t\t\t\t\t\t\t\t\t\t\t\t\t\t<img decoding=\"async\" src=\"http:\/\/dancingboulevard.com\/wp-content\/uploads\/2017\/08\/MI-PRIMERA-COMUNION.png\" title=\"\" alt=\"\" loading=\"lazy\" \/>\t\t\t\t\t\t\t\t\t\t\t\t\t\t\t<\/div>\n\t\t\t\t<\/div>\n\t\t\t\t\t<\/div>\n\t\t<\/div>\n\t\t\t\t\t<\/div>\n\t\t<\/section>\n\t\t\t\t<section class=\"elementor-section elementor-top-section elementor-element elementor-element-va9ssjx elementor-section-boxed elementor-section-height-default elementor-section-height-default\" data-id=\"va9ssjx\" data-element_type=\"section\" data-e-type=\"section\">\n\t\t\t\t\t\t<div class=\"elementor-container elementor-column-gap-default\">\n\t\t\t\t\t<div class=\"elementor-column elementor-col-100 elementor-top-column elementor-element elementor-element-sph4xh0\" data-id=\"sph4xh0\" data-element_type=\"column\" data-e-type=\"column\">\n\t\t\t<div class=\"elementor-widget-wrap elementor-element-populated\">\n\t\t\t\t\t\t<div class=\"elementor-element elementor-element-m9amym5 elementor-widget elementor-widget-text-editor\" data-id=\"m9amym5\" data-element_type=\"widget\" data-e-type=\"widget\" data-widget_type=\"text-editor.default\">\n\t\t\t\t<div class=\"elementor-widget-container\">\n\t\t\t\t\t\t\t\t\t<p><span style=\"color: #000000;\">La primera comuni\u00f3n de un ni\u00f1o, es un momento de alegr\u00eda y fiesta.\u00a0Es una ceremonia importante en la vida de todo ni\u00f1o.<\/span><\/p><p><span style=\"color: #000000;\">Es fundamental que los padres sepamos el gran valor de este momento en sus vidas.<\/span><\/p><p><span style=\"color: #000000;\">Por ello y como algo singular y muy original, os proponemos una idea para regalarles en ese d\u00eda tan especial.<\/span><\/p><p><span style=\"color: #000000;\">Se trata de organizarles, de la manera que mas os guste el baile de su primera comuni\u00f3n. Es una idea, que cada vez se esta poniendo mas de moda, los mas peque\u00f1os guardaran un gran recuerdo para su futuro, lo podr\u00e1n disfrutar con quien ellos prefiera, ya sea con sus padres, con sus amigos, primos, hermanos&#8230;. lo organizamos a tu medida.<\/span><\/p><p><span style=\"color: #000000;\">En relaci\u00f3n a ello os proponemos varias ideas de como organizarlo (casi siempre se hace el baile antes o despu\u00e9s del banquete, una vez ya en el restaurante):<\/span><\/p><ul><li><span style=\"color: #000000;\">Baile padres e hijos<\/span><\/li><li><span style=\"color: #000000;\">Baile ni\u00f1a\/o comuni\u00f3n con amiguitos.<\/span><\/li><li><span style=\"color: #000000;\">Baile Ni\u00f1a\/o solo, su baile o coreograf\u00eda favorita.<\/span><\/li><li><span style=\"color: #000000;\">Baile ni\u00f1a\/o con sus familiares, primos, hermanos, etc..<\/span><\/li><\/ul><p><span style=\"color: #000000;\">Estamos a vuestra disposici\u00f3n en el tel\u00e9fono<strong> 634 125 052<\/strong><\/span><\/p><p><span style=\"color: #000000;\">Os dejamos varios v\u00eddeos como ejemplo de lo que realizamos:<\/span><\/p>\t\t\t\t\t\t\t\t<\/div>\n\t\t\t\t<\/div>\n\t\t\t\t\t<\/div>\n\t\t<\/div>\n\t\t\t\t\t<\/div>\n\t\t<\/section>\n\t\t\t\t<section class=\"elementor-section elementor-top-section elementor-element elementor-element-9ekifnw elementor-section-boxed elementor-section-height-default elementor-section-height-default\" data-id=\"9ekifnw\" data-element_type=\"section\" data-e-type=\"section\">\n\t\t\t\t\t\t<div class=\"elementor-container elementor-column-gap-default\">\n\t\t\t\t\t<div class=\"elementor-column elementor-col-100 elementor-top-column elementor-element elementor-element-vffc9jy\" data-id=\"vffc9jy\" data-element_type=\"column\" data-e-type=\"column\">\n\t\t\t<div class=\"elementor-widget-wrap elementor-element-populated\">\n\t\t\t\t\t\t<div class=\"elementor-element elementor-element-y1p9q4y elementor-widget elementor-widget-text-editor\" data-id=\"y1p9q4y\" data-element_type=\"widget\" data-e-type=\"widget\" data-widget_type=\"text-editor.default\">\n\t\t\t\t<div class=\"elementor-widget-container\">\n\t\t\t\t\t\t\t\t\t<iframe width=\"100%\" height=\"515\" src=\"https:\/\/www.youtube.com\/embed\/pw1BDzjjWLw\" frameborder=\"0\" allowfullscreen><\/iframe>\t\t\t\t\t\t\t\t<\/div>\n\t\t\t\t<\/div>\n\t\t\t\t\t<\/div>\n\t\t<\/div>\n\t\t\t\t\t<\/div>\n\t\t<\/section>\n\t\t\t\t<section class=\"elementor-section elementor-top-section elementor-element elementor-element-odw820m elementor-section-boxed elementor-section-height-default elementor-section-height-default\" data-id=\"odw820m\" data-element_type=\"section\" data-e-type=\"section\">\n\t\t\t\t\t\t<div class=\"elementor-container elementor-column-gap-default\">\n\t\t\t\t\t<div class=\"elementor-column elementor-col-100 elementor-top-column elementor-element elementor-element-jppkdlg\" data-id=\"jppkdlg\" data-element_type=\"column\" data-e-type=\"column\">\n\t\t\t<div class=\"elementor-widget-wrap elementor-element-populated\">\n\t\t\t\t\t\t<div class=\"elementor-element elementor-element-a2kxu7x elementor-widget elementor-widget-text-editor\" data-id=\"a2kxu7x\" data-element_type=\"widget\" data-e-type=\"widget\" data-widget_type=\"text-editor.default\">\n\t\t\t\t<div class=\"elementor-widget-container\">\n\t\t\t\t\t\t\t\t\t<iframe width=\"100%\" height=\"515\" src=\"https:\/\/www.youtube.com\/embed\/4jFlBuCPVtM\" frameborder=\"0\" allowfullscreen><\/iframe>\t\t\t\t\t\t\t\t<\/div>\n\t\t\t\t<\/div>\n\t\t\t\t\t<\/div>\n\t\t<\/div>\n\t\t\t\t\t<\/div>\n\t\t<\/section>\n\t\t\t\t<section class=\"elementor-section elementor-top-section elementor-element elementor-element-gu7yiif elementor-section-boxed elementor-section-height-default elementor-section-height-default\" data-id=\"gu7yiif\" data-element_type=\"section\" data-e-type=\"section\">\n\t\t\t\t\t\t<div class=\"elementor-container elementor-column-gap-default\">\n\t\t\t\t\t<div class=\"elementor-column elementor-col-100 elementor-top-column elementor-element elementor-element-saltzzk\" data-id=\"saltzzk\" data-element_type=\"column\" data-e-type=\"column\">\n\t\t\t<div class=\"elementor-widget-wrap elementor-element-populated\">\n\t\t\t\t\t\t<div class=\"elementor-element elementor-element-2ymbtqj elementor-widget elementor-widget-text-editor\" data-id=\"2ymbtqj\" data-element_type=\"widget\" data-e-type=\"widget\" data-widget_type=\"text-editor.default\">\n\t\t\t\t<div class=\"elementor-widget-container\">\n\t\t\t\t\t\t\t\t\t<iframe width=\"100%\" height=\"515\" src=\"https:\/\/www.youtube.com\/embed\/qty0rIsDlnE\" frameborder=\"0\" allowfullscreen><\/iframe>\t\t\t\t\t\t\t\t<\/div>\n\t\t\t\t<\/div>\n\t\t\t\t\t<\/div>\n\t\t<\/div>\n\t\t\t\t\t<\/div>\n\t\t<\/section>\n\t\t\t\t<section class=\"elementor-section elementor-top-section elementor-element elementor-element-iptkbvu elementor-section-boxed elementor-section-height-default elementor-section-height-default\" data-id=\"iptkbvu\" data-element_type=\"section\" data-e-type=\"section\">\n\t\t\t\t\t\t<div class=\"elementor-container elementor-column-gap-default\">\n\t\t\t\t\t<div class=\"elementor-column elementor-col-100 elementor-top-column elementor-element elementor-element-xnkyztb\" data-id=\"xnkyztb\" data-element_type=\"column\" data-e-type=\"column\">\n\t\t\t<div class=\"elementor-widget-wrap elementor-element-populated\">\n\t\t\t\t\t\t<div class=\"elementor-element elementor-element-jeuojcw elementor-widget elementor-widget-text-editor\" data-id=\"jeuojcw\" data-element_type=\"widget\" data-e-type=\"widget\" data-widget_type=\"text-editor.default\">\n\t\t\t\t<div class=\"elementor-widget-container\">\n\t\t\t\t\t\t\t\t\t<p>[contactformgenerator id=\u00bb1&#8243;]<\/p>\t\t\t\t\t\t\t\t<\/div>\n\t\t\t\t<\/div>\n\t\t\t\t\t<\/div>\n\t\t<\/div>\n\t\t\t\t\t<\/div>\n\t\t<\/section>\n\t\t\t\t<\/div>\n\t\t","protected":false},"excerpt":{"rendered":"<p>La primera comuni\u00f3n de un ni\u00f1o, es un momento de alegr\u00eda y fiesta.\u00a0Es una ceremonia importante en la vida de todo ni\u00f1o. Es fundamental que los padres sepamos el gran valor de este momento en sus vidas. Por ello y como algo singular y muy original, os proponemos una idea [&hellip;]<\/p>\n","protected":false},"author":1,"featured_media":0,"parent":0,"menu_order":0,"comment_status":"closed","ping_status":"closed","template":"","meta":{"footnotes":"","_links_to":"","_links_to_target":""},"class_list":["post-1189","page","type-page","status-publish","hentry"],"yoast_head":"<!-- This site is optimized with the Yoast SEO plugin v26.8 - https:\/\/yoast.com\/product\/yoast-seo-wordpress\/ -->\n<title>Baile Comuni\u00f3n ni\u00f1os - Dancing Boulevard<\/title>\n<meta name=\"robots\" content=\"index, follow, max-snippet:-1, max-image-preview:large, max-video-preview:-1\" \/>\n<link rel=\"canonical\" href=\"https:\/\/dancingboulevard.com\/en\/baile-comunion-ninos\/\" \/>\n<meta property=\"og:locale\" content=\"en_US\" \/>\n<meta property=\"og:type\" content=\"article\" \/>\n<meta property=\"og:title\" content=\"Baile Comuni\u00f3n ni\u00f1os - Dancing Boulevard\" \/>\n<meta property=\"og:description\" content=\"La primera comuni\u00f3n de un ni\u00f1o, es un momento de alegr\u00eda y fiesta.\u00a0Es una ceremonia importante en la vida de todo ni\u00f1o. Es fundamental que los padres sepamos el gran valor de este momento en sus vidas. Por ello y como algo singular y muy original, os proponemos una idea [&hellip;]\" \/>\n<meta property=\"og:url\" content=\"https:\/\/dancingboulevard.com\/en\/baile-comunion-ninos\/\" \/>\n<meta property=\"og:site_name\" content=\"Dancing Boulevard\" \/>\n<meta property=\"article:publisher\" content=\"https:\/\/www.facebook.com\/pages\/Dancing-Boulevard\/1425357731107040?fref=ts\" \/>\n<meta property=\"article:modified_time\" content=\"2020-12-11T14:31:40+00:00\" \/>\n<meta property=\"og:image\" content=\"https:\/\/dancingboulevard.com\/wp-content\/uploads\/2017\/08\/MI-PRIMERA-COMUNION.png\" \/>\n<meta name=\"twitter:card\" content=\"summary_large_image\" \/>\n<meta name=\"twitter:label1\" content=\"Est. reading time\" \/>\n\t<meta name=\"twitter:data1\" content=\"1 minute\" \/>\n<!-- \/ Yoast SEO plugin. -->","yoast_head_json":{"title":"Baile Comuni\u00f3n ni\u00f1os - Dancing Boulevard","robots":{"index":"index","follow":"follow","max-snippet":"max-snippet:-1","max-image-preview":"max-image-preview:large","max-video-preview":"max-video-preview:-1"},"canonical":"https:\/\/dancingboulevard.com\/en\/baile-comunion-ninos\/","og_locale":"en_US","og_type":"article","og_title":"Baile Comuni\u00f3n ni\u00f1os - Dancing Boulevard","og_description":"La primera comuni\u00f3n de un ni\u00f1o, es un momento de alegr\u00eda y fiesta.\u00a0Es una ceremonia importante en la vida de todo ni\u00f1o. Es fundamental que los padres sepamos el gran valor de este momento en sus vidas. Por ello y como algo singular y muy original, os proponemos una idea [&hellip;]","og_url":"https:\/\/dancingboulevard.com\/en\/baile-comunion-ninos\/","og_site_name":"Dancing Boulevard","article_publisher":"https:\/\/www.facebook.com\/pages\/Dancing-Boulevard\/1425357731107040?fref=ts","article_modified_time":"2020-12-11T14:31:40+00:00","og_image":[{"url":"https:\/\/dancingboulevard.com\/wp-content\/uploads\/2017\/08\/MI-PRIMERA-COMUNION.png","type":"","width":"","height":""}],"twitter_card":"summary_large_image","twitter_misc":{"Est. reading time":"1 minute"},"schema":{"@context":"https:\/\/schema.org","@graph":[{"@type":"WebPage","@id":"https:\/\/dancingboulevard.com\/baile-comunion-ninos\/","url":"https:\/\/dancingboulevard.com\/baile-comunion-ninos\/","name":"Baile Comuni\u00f3n ni\u00f1os - Dancing Boulevard","isPartOf":{"@id":"https:\/\/dancingboulevard.com\/#website"},"primaryImageOfPage":{"@id":"https:\/\/dancingboulevard.com\/baile-comunion-ninos\/#primaryimage"},"image":{"@id":"https:\/\/dancingboulevard.com\/baile-comunion-ninos\/#primaryimage"},"thumbnailUrl":"https:\/\/dancingboulevard.com\/wp-content\/uploads\/2017\/08\/MI-PRIMERA-COMUNION.png","datePublished":"2017-08-21T17:27:30+00:00","dateModified":"2020-12-11T14:31:40+00:00","breadcrumb":{"@id":"https:\/\/dancingboulevard.com\/baile-comunion-ninos\/#breadcrumb"},"inLanguage":"en-US","potentialAction":[{"@type":"ReadAction","target":["https:\/\/dancingboulevard.com\/baile-comunion-ninos\/"]}]},{"@type":"ImageObject","inLanguage":"en-US","@id":"https:\/\/dancingboulevard.com\/baile-comunion-ninos\/#primaryimage","url":"https:\/\/dancingboulevard.com\/wp-content\/uploads\/2017\/08\/MI-PRIMERA-COMUNION.png","contentUrl":"https:\/\/dancingboulevard.com\/wp-content\/uploads\/2017\/08\/MI-PRIMERA-COMUNION.png"},{"@type":"BreadcrumbList","@id":"https:\/\/dancingboulevard.com\/baile-comunion-ninos\/#breadcrumb","itemListElement":[{"@type":"ListItem","position":1,"name":"Portada","item":"https:\/\/dancingboulevard.com\/"},{"@type":"ListItem","position":2,"name":"Baile Comuni\u00f3n ni\u00f1os"}]},{"@type":"WebSite","@id":"https:\/\/dancingboulevard.com\/#website","url":"https:\/\/dancingboulevard.com\/","name":"Dancing Boulevard","description":"ESCUELA DE BAILE","publisher":{"@id":"https:\/\/dancingboulevard.com\/#organization"},"potentialAction":[{"@type":"SearchAction","target":{"@type":"EntryPoint","urlTemplate":"https:\/\/dancingboulevard.com\/?s={search_term_string}"},"query-input":{"@type":"PropertyValueSpecification","valueRequired":true,"valueName":"search_term_string"}}],"inLanguage":"en-US"},{"@type":"Organization","@id":"https:\/\/dancingboulevard.com\/#organization","name":"Dancing Boulevard","url":"https:\/\/dancingboulevard.com\/","logo":{"@type":"ImageObject","inLanguage":"en-US","@id":"https:\/\/dancingboulevard.com\/#\/schema\/logo\/image\/","url":"https:\/\/dancingboulevard.com\/wp-content\/uploads\/2020\/04\/DancinBoulevard.png","contentUrl":"https:\/\/dancingboulevard.com\/wp-content\/uploads\/2020\/04\/DancinBoulevard.png","width":1990,"height":803,"caption":"Dancing Boulevard"},"image":{"@id":"https:\/\/dancingboulevard.com\/#\/schema\/logo\/image\/"},"sameAs":["https:\/\/www.facebook.com\/pages\/Dancing-Boulevard\/1425357731107040?fref=ts","https:\/\/www.instagram.com\/dancingboulevard\/"]}]}},"_links":{"self":[{"href":"https:\/\/dancingboulevard.com\/en\/wp-json\/wp\/v2\/pages\/1189","targetHints":{"allow":["GET"]}}],"collection":[{"href":"https:\/\/dancingboulevard.com\/en\/wp-json\/wp\/v2\/pages"}],"about":[{"href":"https:\/\/dancingboulevard.com\/en\/wp-json\/wp\/v2\/types\/page"}],"author":[{"embeddable":true,"href":"https:\/\/dancingboulevard.com\/en\/wp-json\/wp\/v2\/users\/1"}],"replies":[{"embeddable":true,"href":"https:\/\/dancingboulevard.com\/en\/wp-json\/wp\/v2\/comments?post=1189"}],"version-history":[{"count":0,"href":"https:\/\/dancingboulevard.com\/en\/wp-json\/wp\/v2\/pages\/1189\/revisions"}],"wp:attachment":[{"href":"https:\/\/dancingboulevard.com\/en\/wp-json\/wp\/v2\/media?parent=1189"}],"curies":[{"name":"wp","href":"https:\/\/api.w.org\/{rel}","templated":true}]}}