{"id":1116,"date":"2017-08-21T14:45:12","date_gmt":"2017-08-21T14:45:12","guid":{"rendered":"http:\/\/dancingboulevard.com\/?page_id=1116"},"modified":"2025-04-04T12:45:32","modified_gmt":"2025-04-04T12:45:32","slug":"danza-arabe","status":"publish","type":"page","link":"https:\/\/dancingboulevard.com\/en\/danza-arabe\/","title":{"rendered":"Danza \u00e1rabe"},"content":{"rendered":"\t\t<div data-elementor-type=\"wp-page\" data-elementor-id=\"1116\" class=\"elementor elementor-1116\">\n\t\t\t\t\t\t<section class=\"elementor-section elementor-top-section elementor-element elementor-element-dhxzyam elementor-section-height-min-height elementor-section-content-top elementor-section-full_width elementor-section-height-default elementor-section-items-middle\" data-id=\"dhxzyam\" data-element_type=\"section\" data-e-type=\"section\">\n\t\t\t\t\t\t<div class=\"elementor-container elementor-column-gap-default\">\n\t\t\t\t\t<div class=\"elementor-column elementor-col-100 elementor-top-column elementor-element elementor-element-66u06az\" data-id=\"66u06az\" data-element_type=\"column\" data-e-type=\"column\">\n\t\t\t<div class=\"elementor-widget-wrap elementor-element-populated\">\n\t\t\t\t\t\t<div class=\"elementor-element elementor-element-ifx1eoq elementor-widget elementor-widget-heading\" data-id=\"ifx1eoq\" data-element_type=\"widget\" data-e-type=\"widget\" data-widget_type=\"heading.default\">\n\t\t\t\t<div class=\"elementor-widget-container\">\n\t\t\t\t\t<h2 class=\"elementor-heading-title elementor-size-default\">DANZA  \u00c1RABE\n\n\n<\/h2>\t\t\t\t<\/div>\n\t\t\t\t<\/div>\n\t\t\t\t\t<\/div>\n\t\t<\/div>\n\t\t\t\t\t<\/div>\n\t\t<\/section>\n\t\t\t\t<section class=\"elementor-section elementor-top-section elementor-element elementor-element-vpp2lq5 elementor-section-boxed elementor-section-height-default elementor-section-height-default\" data-id=\"vpp2lq5\" data-element_type=\"section\" data-e-type=\"section\">\n\t\t\t\t\t\t<div class=\"elementor-container elementor-column-gap-default\">\n\t\t\t\t\t<div class=\"elementor-column elementor-col-50 elementor-top-column elementor-element elementor-element-4fwsm2p\" data-id=\"4fwsm2p\" data-element_type=\"column\" data-e-type=\"column\">\n\t\t\t<div class=\"elementor-widget-wrap elementor-element-populated\">\n\t\t\t\t\t\t<div class=\"elementor-element elementor-element-bedyqtq elementor-widget elementor-widget-image\" data-id=\"bedyqtq\" data-element_type=\"widget\" data-e-type=\"widget\" data-widget_type=\"image.default\">\n\t\t\t\t<div class=\"elementor-widget-container\">\n\t\t\t\t\t\t\t\t\t\t\t\t\t\t\t<img decoding=\"async\" src=\"http:\/\/dancingboulevard.com\/wp-content\/uploads\/2017\/08\/15235936_970031809807423_419840399264945264_o.jpg\" title=\"\" alt=\"\" loading=\"lazy\" \/>\t\t\t\t\t\t\t\t\t\t\t\t\t\t\t<\/div>\n\t\t\t\t<\/div>\n\t\t\t\t\t<\/div>\n\t\t<\/div>\n\t\t\t\t<div class=\"elementor-column elementor-col-50 elementor-top-column elementor-element elementor-element-yq7o6bx\" data-id=\"yq7o6bx\" data-element_type=\"column\" data-e-type=\"column\">\n\t\t\t<div class=\"elementor-widget-wrap elementor-element-populated\">\n\t\t\t\t\t\t<div class=\"elementor-element elementor-element-me4h9se elementor-widget elementor-widget-image\" data-id=\"me4h9se\" data-element_type=\"widget\" data-e-type=\"widget\" data-widget_type=\"image.default\">\n\t\t\t\t<div class=\"elementor-widget-container\">\n\t\t\t\t\t\t\t\t\t\t\t\t\t\t\t<img decoding=\"async\" src=\"http:\/\/dancingboulevard.com\/wp-content\/uploads\/2017\/08\/13442213_865613040249301_6850557387059052414_n.jpg\" title=\"\" alt=\"\" loading=\"lazy\" \/>\t\t\t\t\t\t\t\t\t\t\t\t\t\t\t<\/div>\n\t\t\t\t<\/div>\n\t\t\t\t\t<\/div>\n\t\t<\/div>\n\t\t\t\t\t<\/div>\n\t\t<\/section>\n\t\t\t\t<section class=\"elementor-section elementor-top-section elementor-element elementor-element-isly8fj elementor-section-boxed elementor-section-height-default elementor-section-height-default\" data-id=\"isly8fj\" data-element_type=\"section\" data-e-type=\"section\">\n\t\t\t\t\t\t<div class=\"elementor-container elementor-column-gap-default\">\n\t\t\t\t\t<div class=\"elementor-column elementor-col-100 elementor-top-column elementor-element elementor-element-ni991am\" data-id=\"ni991am\" data-element_type=\"column\" data-e-type=\"column\">\n\t\t\t<div class=\"elementor-widget-wrap elementor-element-populated\">\n\t\t\t\t\t\t<div class=\"elementor-element elementor-element-2b094d3 elementor-widget elementor-widget-spacer\" data-id=\"2b094d3\" data-element_type=\"widget\" data-e-type=\"widget\" data-widget_type=\"spacer.default\">\n\t\t\t\t<div class=\"elementor-widget-container\">\n\t\t\t\t\t\t\t<div class=\"elementor-spacer\">\n\t\t\t<div class=\"elementor-spacer-inner\"><\/div>\n\t\t<\/div>\n\t\t\t\t\t\t<\/div>\n\t\t\t\t<\/div>\n\t\t\t\t<div class=\"elementor-element elementor-element-cb6c2a7 elementor-widget elementor-widget-heading\" data-id=\"cb6c2a7\" data-element_type=\"widget\" data-e-type=\"widget\" data-widget_type=\"heading.default\">\n\t\t\t\t<div class=\"elementor-widget-container\">\n\t\t\t\t\t<h2 class=\"elementor-heading-title elementor-size-default\">Los movimientos de la Danza \u00c1RABE vienen de su tradici\u00f3n folcl\u00f3rica\n<div><br><\/div><\/h2>\t\t\t\t<\/div>\n\t\t\t\t<\/div>\n\t\t\t\t<div class=\"elementor-element elementor-element-v4j2vgw elementor-widget elementor-widget-text-editor\" data-id=\"v4j2vgw\" data-element_type=\"widget\" data-e-type=\"widget\" data-widget_type=\"text-editor.default\">\n\t\t\t\t<div class=\"elementor-widget-container\">\n\t\t\t\t\t\t\t\t\t<h2><span style=\"color: #000000; font-size: inherit;\">La danza \u00e1rabe ha sido tradicionalmente folcl\u00f3rica, improvisada por una sola bailarina, aunque ahora pueden verse espect\u00e1culos con coreografia y varias bailarinas. Este tipo de Danza se caracteriza por sus movimientos suaves y fluidos, disociando y coordinando a la vez las diferentes partes del cuerpo.&nbsp;<\/span><\/h2>\n<h2><span style=\"color: #000000; font-size: inherit;\">Por ejemplo, los brazos pueden ir a un ritmo diferente del que va marcando la cadera. La atenci\u00f3n se centra principalmente en la cadera y el vientre, alternando movimientos r\u00e1pidos y lentos y se enfatiza en los m\u00fasculos abdominales, con movimientos de pecho y hombros, as\u00ed como con brazos serpenteantes. Los movimientos ondulatorios, rotativos, que por lo general son lentos simbolizan la tristeza; en cambio con los movimientos r\u00e1pidos, golpes y vibraciones la bailarina expresa alegr\u00eda.&nbsp;<\/span><\/h2>\n<h2><span style=\"color: #000000; font-size: inherit;\">Todos los movimientos de esta danza se relacionan con la naturaleza, por ejemplo, las plantas de los pies se apoyan bien sobre el suelo, lo cual simboliza la tierra, o tambi\u00e9n cuando la bailarina extiende sus brazos siempre forman una semi U y nunca est\u00e1n ca\u00eddos, esto simboliza a las aves.<\/span><\/h2>\n<p><span style=\"color: #000000;\">Para hacer este tipo de Danza m\u00e1s espectacular se han sumado elementos como velos, sables, cr\u00f3talos, cascabeles, velas o alas de Isis, entre otros.&nbsp;<\/span><\/p>\n<p><span style=\"color: #000000;\">En la actualidad, muchas cantantes interpretan, en v\u00eddeos musicales, coreograf\u00edas inspiradas en la danza del vientre. Los casos m\u00e1s populares son los de Beyonc\u00e9, Rihanna, Nelly Furtado y Shakira.<\/span><\/p>\n<p><span style=\"color: #000000;\">Nuestra profesora <strong>MALIEG GOITIA<\/strong>, tiene una amplia experiencia y formaci\u00f3n en esta t\u00e9cnica. A trav\u00e9s de sus clases descubrir\u00e1s que eres capaz de mover partes del cuerpo que antes no sabias ni que exist\u00edan.<\/span><\/p>\n<p><span style=\"color: #000000;\">Si quieres vivir esta experiencia, puedes ponerte en contacto con nosotros a trav\u00e9s del tel\u00e9fono <strong>602 64 68 07<\/strong> y te informaremos de grupos y horarios .<\/span><\/p>\n<p><a href=\"http:\/\/dancingboulevard.com\/bailes-y-horarios\/\">Tambi\u00e9n puedes consultar los horarios pinchando AQU\u00cd<\/a><\/p>\n<p><span style=\"color: #000000;\">Os dejamos de un v\u00eddeo de MALIEG practicando Danza \u00e1rabe<\/span><\/p>\n<p><span style=\"color: #000000;\"><br><\/span><\/p>\t\t\t\t\t\t\t\t<\/div>\n\t\t\t\t<\/div>\n\t\t\t\t\t<\/div>\n\t\t<\/div>\n\t\t\t\t\t<\/div>\n\t\t<\/section>\n\t\t\t\t<section class=\"elementor-section elementor-top-section elementor-element elementor-element-psnwpcz elementor-section-boxed elementor-section-height-default elementor-section-height-default\" data-id=\"psnwpcz\" data-element_type=\"section\" data-e-type=\"section\">\n\t\t\t\t\t\t<div class=\"elementor-container elementor-column-gap-default\">\n\t\t\t\t\t<div class=\"elementor-column elementor-col-100 elementor-top-column elementor-element elementor-element-78kvnru\" data-id=\"78kvnru\" data-element_type=\"column\" data-e-type=\"column\">\n\t\t\t<div class=\"elementor-widget-wrap elementor-element-populated\">\n\t\t\t\t\t\t<div class=\"elementor-element elementor-element-py2elcy elementor-widget elementor-widget-video\" data-id=\"py2elcy\" data-element_type=\"widget\" data-e-type=\"widget\" data-settings=\"{&quot;youtube_url&quot;:&quot;https:\\\/\\\/www.youtube.com\\\/watch?v=BQou6bdj47Q&amp;ab_channel=DancingBoulevard&quot;,&quot;video_type&quot;:&quot;youtube&quot;,&quot;controls&quot;:&quot;yes&quot;}\" data-widget_type=\"video.default\">\n\t\t\t\t<div class=\"elementor-widget-container\">\n\t\t\t\t\t\t\t<div class=\"elementor-wrapper elementor-open-inline\">\n\t\t\t<div class=\"elementor-video\"><\/div>\t\t<\/div>\n\t\t\t\t\t\t<\/div>\n\t\t\t\t<\/div>\n\t\t\t\t<div class=\"elementor-element elementor-element-95b2c8c elementor-widget elementor-widget-spacer\" data-id=\"95b2c8c\" data-element_type=\"widget\" data-e-type=\"widget\" data-widget_type=\"spacer.default\">\n\t\t\t\t<div class=\"elementor-widget-container\">\n\t\t\t\t\t\t\t<div class=\"elementor-spacer\">\n\t\t\t<div class=\"elementor-spacer-inner\"><\/div>\n\t\t<\/div>\n\t\t\t\t\t\t<\/div>\n\t\t\t\t<\/div>\n\t\t\t\t\t<\/div>\n\t\t<\/div>\n\t\t\t\t\t<\/div>\n\t\t<\/section>\n\t\t\t\t<section class=\"elementor-section elementor-top-section elementor-element elementor-element-17eda9e elementor-section-boxed elementor-section-height-default elementor-section-height-default\" data-id=\"17eda9e\" data-element_type=\"section\" data-e-type=\"section\">\n\t\t\t\t\t\t<div class=\"elementor-container elementor-column-gap-default\">\n\t\t\t\t\t<div class=\"elementor-column elementor-col-100 elementor-top-column elementor-element elementor-element-b2f1a60\" data-id=\"b2f1a60\" data-element_type=\"column\" data-e-type=\"column\">\n\t\t\t<div class=\"elementor-widget-wrap elementor-element-populated\">\n\t\t\t\t\t\t<div class=\"elementor-element elementor-element-e856364 elementor-widget elementor-widget-heading\" data-id=\"e856364\" data-element_type=\"widget\" data-e-type=\"widget\" data-widget_type=\"heading.default\">\n\t\t\t\t<div class=\"elementor-widget-container\">\n\t\t\t\t\t<h2 class=\"elementor-heading-title elementor-size-default\">\nCONTACTANOS\n<\/h2>\t\t\t\t<\/div>\n\t\t\t\t<\/div>\n\t\t\t\t<div class=\"elementor-element elementor-element-3721f68 elementor-widget elementor-widget-content_form_contact\" data-id=\"3721f68\" data-element_type=\"widget\" data-e-type=\"widget\" data-widget_type=\"content_form_contact.default\">\n\t\t\t\t<div class=\"elementor-widget-container\">\n\t\t\t\t\t<form action=\"https:\/\/dancingboulevard.com\/wp-admin\/admin-post.php\" method=\"post\" name=\"content-form-3721f68\" id=\"content-form-3721f68\" class=\"ti-cf-module content-form content-form-contact content_form_contact\"><input type=\"hidden\" id=\"_wpnonce_contact\" name=\"_wpnonce_contact\" value=\"8e479d3bad\" \/><input type=\"hidden\" name=\"_wp_http_referer\" value=\"\/danza-arabe\/\" \/><input type=\"hidden\" name=\"action\" value=\"content_form_submit\" \/><input type=\"hidden\" name=\"form-type\" value=\"contact\" \/><input type=\"hidden\" name=\"form-builder\" value=\"elementor\" \/><input type=\"hidden\" name=\"post-id\" value=\"1116\" \/><input type=\"hidden\" name=\"form-id\" value=\"3721f68\" \/><fieldset class=&quot;content-form-field-text elementor-column elementor-col-100&quot;><label for=\"data[3721f68][name]\" >Nombre<span class=\"required-mark\"> *<\/span><\/label><input type=\"text\" name=\"data[3721f68][name]\" id=\"data[3721f68][name]\" required=required  placeholder=\"Nombre\"><\/fieldset><fieldset class=&quot;content-form-field-email elementor-column elementor-col-100&quot;><label for=\"data[3721f68][email]\" >Email<span class=\"required-mark\"> *<\/span><\/label><input type=\"text\" name=\"data[3721f68][email]\" id=\"data[3721f68][email]\" required=required  placeholder=\"Email\"><\/fieldset><fieldset class=&quot;content-form-field-number elementor-column elementor-col-100&quot;><label for=\"data[3721f68][phone]\" >Phone<\/label><input type=\"text\" name=\"data[3721f68][phone]\" id=\"data[3721f68][phone]\"   placeholder=\"Phone\"><\/fieldset><fieldset class=&quot;content-form-field-textarea elementor-column elementor-col-100&quot;><label for=\"data[3721f68][message]\" >Message<span class=\"required-mark\"> *<\/span><\/label><textarea name=\"data[3721f68][message]\" id=\"data[3721f68][message]\"  required=required placeholder=\"Message\" cols=\"30\" rows=\"5\"><\/textarea><\/fieldset><fieldset class=\"submit-form contact\"><button type=\"submit\" name=\"submit\"  value=\"submit-contact-3721f68\" class=\"\">Enviar<\/button><\/fieldset><\/form>\t\t\t\t<\/div>\n\t\t\t\t<\/div>\n\t\t\t\t\t<\/div>\n\t\t<\/div>\n\t\t\t\t\t<\/div>\n\t\t<\/section>\n\t\t\t\t<\/div>\n\t\t","protected":false},"excerpt":{"rendered":"<p>DANZA \u00c1RABE Los movimientos de la Danza \u00c1RABE vienen de su tradici\u00f3n folcl\u00f3rica La danza \u00e1rabe ha sido tradicionalmente folcl\u00f3rica, improvisada por una sola bailarina, aunque ahora pueden verse espect\u00e1culos con coreografia y varias bailarinas. Este tipo de Danza se caracteriza por sus movimientos suaves y fluidos, disociando y coordinando [&hellip;]<\/p>\n","protected":false},"author":1,"featured_media":17767,"parent":0,"menu_order":0,"comment_status":"closed","ping_status":"closed","template":"","meta":{"footnotes":"","_links_to":"","_links_to_target":""},"class_list":["post-1116","page","type-page","status-publish","has-post-thumbnail","hentry"],"yoast_head":"<!-- This site is optimized with the Yoast SEO plugin v26.8 - https:\/\/yoast.com\/product\/yoast-seo-wordpress\/ -->\n<title>Hipopresivos? con la danza \u00e1rabe se quedan cortos\u00a0<\/title>\n<meta name=\"description\" content=\"Ven y descubre nuestras clases de danza \u00e1rabe. Con sus movimientos p\u00e9lvicos y abdominales, pecho y hombros descubrir\u00e1s la danza m\u00e1s completa\" \/>\n<meta name=\"robots\" content=\"index, follow, max-snippet:-1, max-image-preview:large, max-video-preview:-1\" \/>\n<link rel=\"canonical\" href=\"https:\/\/dancingboulevard.com\/en\/danza-arabe\/\" \/>\n<meta property=\"og:locale\" content=\"en_US\" \/>\n<meta property=\"og:type\" content=\"article\" \/>\n<meta property=\"og:title\" content=\"Hipopresivos? con la danza \u00e1rabe se quedan cortos\u00a0\" \/>\n<meta property=\"og:description\" content=\"Ven y descubre nuestras clases de danza \u00e1rabe. Con sus movimientos p\u00e9lvicos y abdominales, pecho y hombros descubrir\u00e1s la danza m\u00e1s completa\" \/>\n<meta property=\"og:url\" content=\"https:\/\/dancingboulevard.com\/en\/danza-arabe\/\" \/>\n<meta property=\"og:site_name\" content=\"Dancing Boulevard\" \/>\n<meta property=\"article:publisher\" content=\"https:\/\/www.facebook.com\/pages\/Dancing-Boulevard\/1425357731107040?fref=ts\" \/>\n<meta property=\"article:modified_time\" content=\"2025-04-04T12:45:32+00:00\" \/>\n<meta property=\"og:image\" content=\"https:\/\/dancingboulevard.com\/wp-content\/uploads\/2023\/07\/1.jpg\" \/>\n\t<meta property=\"og:image:width\" content=\"324\" \/>\n\t<meta property=\"og:image:height\" content=\"481\" \/>\n\t<meta property=\"og:image:type\" content=\"image\/jpeg\" \/>\n<meta name=\"twitter:card\" content=\"summary_large_image\" \/>\n<meta name=\"twitter:label1\" content=\"Est. reading time\" \/>\n\t<meta name=\"twitter:data1\" content=\"2 minutes\" \/>\n<!-- \/ Yoast SEO plugin. -->","yoast_head_json":{"title":"Hipopresivos? con la danza \u00e1rabe se quedan cortos\u00a0","description":"Ven y descubre nuestras clases de danza \u00e1rabe. Con sus movimientos p\u00e9lvicos y abdominales, pecho y hombros descubrir\u00e1s la danza m\u00e1s completa","robots":{"index":"index","follow":"follow","max-snippet":"max-snippet:-1","max-image-preview":"max-image-preview:large","max-video-preview":"max-video-preview:-1"},"canonical":"https:\/\/dancingboulevard.com\/en\/danza-arabe\/","og_locale":"en_US","og_type":"article","og_title":"Hipopresivos? con la danza \u00e1rabe se quedan cortos\u00a0","og_description":"Ven y descubre nuestras clases de danza \u00e1rabe. Con sus movimientos p\u00e9lvicos y abdominales, pecho y hombros descubrir\u00e1s la danza m\u00e1s completa","og_url":"https:\/\/dancingboulevard.com\/en\/danza-arabe\/","og_site_name":"Dancing Boulevard","article_publisher":"https:\/\/www.facebook.com\/pages\/Dancing-Boulevard\/1425357731107040?fref=ts","article_modified_time":"2025-04-04T12:45:32+00:00","og_image":[{"width":324,"height":481,"url":"https:\/\/dancingboulevard.com\/wp-content\/uploads\/2023\/07\/1.jpg","type":"image\/jpeg"}],"twitter_card":"summary_large_image","twitter_misc":{"Est. reading time":"2 minutes"},"schema":{"@context":"https:\/\/schema.org","@graph":[{"@type":"WebPage","@id":"https:\/\/dancingboulevard.com\/danza-arabe\/","url":"https:\/\/dancingboulevard.com\/danza-arabe\/","name":"Hipopresivos? con la danza \u00e1rabe se quedan cortos\u00a0","isPartOf":{"@id":"https:\/\/dancingboulevard.com\/#website"},"primaryImageOfPage":{"@id":"https:\/\/dancingboulevard.com\/danza-arabe\/#primaryimage"},"image":{"@id":"https:\/\/dancingboulevard.com\/danza-arabe\/#primaryimage"},"thumbnailUrl":"https:\/\/dancingboulevard.com\/wp-content\/uploads\/2023\/07\/1.jpg","datePublished":"2017-08-21T14:45:12+00:00","dateModified":"2025-04-04T12:45:32+00:00","description":"Ven y descubre nuestras clases de danza \u00e1rabe. Con sus movimientos p\u00e9lvicos y abdominales, pecho y hombros descubrir\u00e1s la danza m\u00e1s completa","breadcrumb":{"@id":"https:\/\/dancingboulevard.com\/danza-arabe\/#breadcrumb"},"inLanguage":"en-US","potentialAction":[{"@type":"ReadAction","target":["https:\/\/dancingboulevard.com\/danza-arabe\/"]}]},{"@type":"ImageObject","inLanguage":"en-US","@id":"https:\/\/dancingboulevard.com\/danza-arabe\/#primaryimage","url":"https:\/\/dancingboulevard.com\/wp-content\/uploads\/2023\/07\/1.jpg","contentUrl":"https:\/\/dancingboulevard.com\/wp-content\/uploads\/2023\/07\/1.jpg","width":324,"height":481,"caption":"Danza del vientre"},{"@type":"BreadcrumbList","@id":"https:\/\/dancingboulevard.com\/danza-arabe\/#breadcrumb","itemListElement":[{"@type":"ListItem","position":1,"name":"Portada","item":"https:\/\/dancingboulevard.com\/"},{"@type":"ListItem","position":2,"name":"Danza \u00e1rabe"}]},{"@type":"WebSite","@id":"https:\/\/dancingboulevard.com\/#website","url":"https:\/\/dancingboulevard.com\/","name":"Dancing Boulevard","description":"ESCUELA DE BAILE","publisher":{"@id":"https:\/\/dancingboulevard.com\/#organization"},"potentialAction":[{"@type":"SearchAction","target":{"@type":"EntryPoint","urlTemplate":"https:\/\/dancingboulevard.com\/?s={search_term_string}"},"query-input":{"@type":"PropertyValueSpecification","valueRequired":true,"valueName":"search_term_string"}}],"inLanguage":"en-US"},{"@type":"Organization","@id":"https:\/\/dancingboulevard.com\/#organization","name":"Dancing Boulevard","url":"https:\/\/dancingboulevard.com\/","logo":{"@type":"ImageObject","inLanguage":"en-US","@id":"https:\/\/dancingboulevard.com\/#\/schema\/logo\/image\/","url":"https:\/\/dancingboulevard.com\/wp-content\/uploads\/2020\/04\/DancinBoulevard.png","contentUrl":"https:\/\/dancingboulevard.com\/wp-content\/uploads\/2020\/04\/DancinBoulevard.png","width":1990,"height":803,"caption":"Dancing Boulevard"},"image":{"@id":"https:\/\/dancingboulevard.com\/#\/schema\/logo\/image\/"},"sameAs":["https:\/\/www.facebook.com\/pages\/Dancing-Boulevard\/1425357731107040?fref=ts","https:\/\/www.instagram.com\/dancingboulevard\/"]}]}},"_links":{"self":[{"href":"https:\/\/dancingboulevard.com\/en\/wp-json\/wp\/v2\/pages\/1116","targetHints":{"allow":["GET"]}}],"collection":[{"href":"https:\/\/dancingboulevard.com\/en\/wp-json\/wp\/v2\/pages"}],"about":[{"href":"https:\/\/dancingboulevard.com\/en\/wp-json\/wp\/v2\/types\/page"}],"author":[{"embeddable":true,"href":"https:\/\/dancingboulevard.com\/en\/wp-json\/wp\/v2\/users\/1"}],"replies":[{"embeddable":true,"href":"https:\/\/dancingboulevard.com\/en\/wp-json\/wp\/v2\/comments?post=1116"}],"version-history":[{"count":8,"href":"https:\/\/dancingboulevard.com\/en\/wp-json\/wp\/v2\/pages\/1116\/revisions"}],"predecessor-version":[{"id":23372,"href":"https:\/\/dancingboulevard.com\/en\/wp-json\/wp\/v2\/pages\/1116\/revisions\/23372"}],"wp:featuredmedia":[{"embeddable":true,"href":"https:\/\/dancingboulevard.com\/en\/wp-json\/wp\/v2\/media\/17767"}],"wp:attachment":[{"href":"https:\/\/dancingboulevard.com\/en\/wp-json\/wp\/v2\/media?parent=1116"}],"curies":[{"name":"wp","href":"https:\/\/api.w.org\/{rel}","templated":true}]}}