{"id":1039,"date":"2017-03-14T20:29:07","date_gmt":"2017-03-14T20:29:07","guid":{"rendered":"http:\/\/dancingboulevard.com\/?page_id=1039"},"modified":"2022-04-03T17:24:22","modified_gmt":"2022-04-03T17:24:22","slug":"videos-ritmos-latinos-iniciacion","status":"publish","type":"page","link":"https:\/\/dancingboulevard.com\/en\/salsa-y-bachata\/videos-ritmos-latinos-iniciacion\/","title":{"rendered":"V\u00eddeos ritmos latinos Iniciaci\u00f3n"},"content":{"rendered":"<p>Recuerda figuras con estos v\u00eddeos de ritmos latinos iniciaci\u00f3n:<\/p>\n<p>Figuras de salsa cubana: SIETE, ENCHUFA DOBLE , DEDO Y DEDO COMPLICADO:<br \/>\n<iframe src=\"https:\/\/youtu.be\/ry2p9Dj8Ftw\" width=\"100%\" height=\"315\" frameborder=\"0\" allowfullscreen=\"allowfullscreen\"><\/iframe><\/p>\n<p>&nbsp;<\/p>\n<p>FIGURAS SALSA CUBANA INICIACION: LAZO Y SOMBRERO<br \/>\n<iframe src=\"https:\/\/youtu.be\/iYg_mHu-QkI\" width=\"100%\" height=\"315\" frameborder=\"0\" allowfullscreen=\"allowfullscreen\"><\/iframe><\/p>\n<p>FIGURA SALSA CUBANA INICIACION: LA REINA, DOBLE CROQUETA CON ANILLO, JUANA LA CUBANA<br \/>\n<iframe width=\"100%\" height=\"315\" src=\"https:\/\/youtu.be\/9Ep4byPRyPw\" frameborder=\"0\" allowfullscreen=\"\"><\/iframe><\/p>\n<p>FIGURA SALSA CUBANA INICIACION: FALSO SOMBRERO<\/p>\n<p><iframe src=\"https:\/\/youtu.be\/vlWo09X4QeM\" width=\"100%\" height=\"315\" frameborder=\"0\" allowfullscreen=\"allowfullscreen\"><\/iframe><\/p>\n<p>FIGURA SALSA CUBANA INICIACION: EL LAZO<\/p>\n<p><iframe src=\"https:\/\/www.youtube.com\/embed\/T3muGxfCpg4\" width=\"100%\" height=\"315\" frameborder=\"0\" allowfullscreen=\"allowfullscreen\"><\/iframe><\/p>\n<p>FIGURA SALSA CUBANA INICIACION: LA PEONZA<br \/>\n<iframe width=\"100%\" height=\"315\" src=\"https:\/\/www.youtube.com\/embed\/tDdMdfCcWJ4?list=PL_Hx5ZAEz3otQoaRCnXEWUQFcwpPYyw-p?ecver=1\" frameborder=\"0\" allowfullscreen=\"\"><\/iframe><\/p>","protected":false},"excerpt":{"rendered":"<p>Recuerda figuras con estos v\u00eddeos de ritmos latinos iniciaci\u00f3n: Figuras de salsa cubana: SIETE, ENCHUFA DOBLE , DEDO Y DEDO COMPLICADO: &nbsp; FIGURAS SALSA CUBANA INICIACION: LAZO Y SOMBRERO FIGURA SALSA CUBANA INICIACION: LA REINA, DOBLE CROQUETA CON ANILLO, JUANA LA CUBANA FIGURA SALSA CUBANA INICIACION: FALSO SOMBRERO FIGURA SALSA [&hellip;]<\/p>\n","protected":false},"author":1,"featured_media":0,"parent":1036,"menu_order":2,"comment_status":"closed","ping_status":"closed","template":"","meta":{"footnotes":"","_links_to":"","_links_to_target":""},"class_list":["post-1039","page","type-page","status-publish","hentry"],"yoast_head":"<!-- This site is optimized with the Yoast SEO plugin v26.8 - https:\/\/yoast.com\/product\/yoast-seo-wordpress\/ -->\n<title>V\u00eddeos ritmos latinos Iniciaci\u00f3n - Dancing Boulevard<\/title>\n<meta name=\"robots\" content=\"index, follow, max-snippet:-1, max-image-preview:large, max-video-preview:-1\" \/>\n<link rel=\"canonical\" href=\"https:\/\/dancingboulevard.com\/en\/salsa-y-bachata\/videos-ritmos-latinos-iniciacion\/\" \/>\n<meta property=\"og:locale\" content=\"en_US\" \/>\n<meta property=\"og:type\" content=\"article\" \/>\n<meta property=\"og:title\" content=\"V\u00eddeos ritmos latinos Iniciaci\u00f3n - Dancing Boulevard\" \/>\n<meta property=\"og:description\" content=\"Recuerda figuras con estos v\u00eddeos de ritmos latinos iniciaci\u00f3n: Figuras de salsa cubana: SIETE, ENCHUFA DOBLE , DEDO Y DEDO COMPLICADO: &nbsp; FIGURAS SALSA CUBANA INICIACION: LAZO Y SOMBRERO FIGURA SALSA CUBANA INICIACION: LA REINA, DOBLE CROQUETA CON ANILLO, JUANA LA CUBANA FIGURA SALSA CUBANA INICIACION: FALSO SOMBRERO FIGURA SALSA [&hellip;]\" \/>\n<meta property=\"og:url\" content=\"https:\/\/dancingboulevard.com\/en\/salsa-y-bachata\/videos-ritmos-latinos-iniciacion\/\" \/>\n<meta property=\"og:site_name\" content=\"Dancing Boulevard\" \/>\n<meta property=\"article:publisher\" content=\"https:\/\/www.facebook.com\/pages\/Dancing-Boulevard\/1425357731107040?fref=ts\" \/>\n<meta property=\"article:modified_time\" content=\"2022-04-03T17:24:22+00:00\" \/>\n<meta name=\"twitter:card\" content=\"summary_large_image\" \/>\n<meta name=\"twitter:label1\" content=\"Est. reading time\" \/>\n\t<meta name=\"twitter:data1\" content=\"1 minute\" \/>\n<!-- \/ Yoast SEO plugin. -->","yoast_head_json":{"title":"V\u00eddeos ritmos latinos Iniciaci\u00f3n - Dancing Boulevard","robots":{"index":"index","follow":"follow","max-snippet":"max-snippet:-1","max-image-preview":"max-image-preview:large","max-video-preview":"max-video-preview:-1"},"canonical":"https:\/\/dancingboulevard.com\/en\/salsa-y-bachata\/videos-ritmos-latinos-iniciacion\/","og_locale":"en_US","og_type":"article","og_title":"V\u00eddeos ritmos latinos Iniciaci\u00f3n - Dancing Boulevard","og_description":"Recuerda figuras con estos v\u00eddeos de ritmos latinos iniciaci\u00f3n: Figuras de salsa cubana: SIETE, ENCHUFA DOBLE , DEDO Y DEDO COMPLICADO: &nbsp; FIGURAS SALSA CUBANA INICIACION: LAZO Y SOMBRERO FIGURA SALSA CUBANA INICIACION: LA REINA, DOBLE CROQUETA CON ANILLO, JUANA LA CUBANA FIGURA SALSA CUBANA INICIACION: FALSO SOMBRERO FIGURA SALSA [&hellip;]","og_url":"https:\/\/dancingboulevard.com\/en\/salsa-y-bachata\/videos-ritmos-latinos-iniciacion\/","og_site_name":"Dancing Boulevard","article_publisher":"https:\/\/www.facebook.com\/pages\/Dancing-Boulevard\/1425357731107040?fref=ts","article_modified_time":"2022-04-03T17:24:22+00:00","twitter_card":"summary_large_image","twitter_misc":{"Est. reading time":"1 minute"},"schema":{"@context":"https:\/\/schema.org","@graph":[{"@type":"WebPage","@id":"https:\/\/dancingboulevard.com\/salsa-y-bachata\/videos-ritmos-latinos-iniciacion\/","url":"https:\/\/dancingboulevard.com\/salsa-y-bachata\/videos-ritmos-latinos-iniciacion\/","name":"V\u00eddeos ritmos latinos Iniciaci\u00f3n - Dancing Boulevard","isPartOf":{"@id":"https:\/\/dancingboulevard.com\/#website"},"datePublished":"2017-03-14T20:29:07+00:00","dateModified":"2022-04-03T17:24:22+00:00","breadcrumb":{"@id":"https:\/\/dancingboulevard.com\/salsa-y-bachata\/videos-ritmos-latinos-iniciacion\/#breadcrumb"},"inLanguage":"en-US","potentialAction":[{"@type":"ReadAction","target":["https:\/\/dancingboulevard.com\/salsa-y-bachata\/videos-ritmos-latinos-iniciacion\/"]}]},{"@type":"BreadcrumbList","@id":"https:\/\/dancingboulevard.com\/salsa-y-bachata\/videos-ritmos-latinos-iniciacion\/#breadcrumb","itemListElement":[{"@type":"ListItem","position":1,"name":"Portada","item":"https:\/\/dancingboulevard.com\/"},{"@type":"ListItem","position":2,"name":"Salsa y bachata","item":"https:\/\/dancingboulevard.com\/salsa-y-bachata\/"},{"@type":"ListItem","position":3,"name":"V\u00eddeos ritmos latinos Iniciaci\u00f3n"}]},{"@type":"WebSite","@id":"https:\/\/dancingboulevard.com\/#website","url":"https:\/\/dancingboulevard.com\/","name":"Dancing Boulevard","description":"ESCUELA DE BAILE","publisher":{"@id":"https:\/\/dancingboulevard.com\/#organization"},"potentialAction":[{"@type":"SearchAction","target":{"@type":"EntryPoint","urlTemplate":"https:\/\/dancingboulevard.com\/?s={search_term_string}"},"query-input":{"@type":"PropertyValueSpecification","valueRequired":true,"valueName":"search_term_string"}}],"inLanguage":"en-US"},{"@type":"Organization","@id":"https:\/\/dancingboulevard.com\/#organization","name":"Dancing Boulevard","url":"https:\/\/dancingboulevard.com\/","logo":{"@type":"ImageObject","inLanguage":"en-US","@id":"https:\/\/dancingboulevard.com\/#\/schema\/logo\/image\/","url":"https:\/\/dancingboulevard.com\/wp-content\/uploads\/2020\/04\/DancinBoulevard.png","contentUrl":"https:\/\/dancingboulevard.com\/wp-content\/uploads\/2020\/04\/DancinBoulevard.png","width":1990,"height":803,"caption":"Dancing Boulevard"},"image":{"@id":"https:\/\/dancingboulevard.com\/#\/schema\/logo\/image\/"},"sameAs":["https:\/\/www.facebook.com\/pages\/Dancing-Boulevard\/1425357731107040?fref=ts","https:\/\/www.instagram.com\/dancingboulevard\/"]}]}},"_links":{"self":[{"href":"https:\/\/dancingboulevard.com\/en\/wp-json\/wp\/v2\/pages\/1039","targetHints":{"allow":["GET"]}}],"collection":[{"href":"https:\/\/dancingboulevard.com\/en\/wp-json\/wp\/v2\/pages"}],"about":[{"href":"https:\/\/dancingboulevard.com\/en\/wp-json\/wp\/v2\/types\/page"}],"author":[{"embeddable":true,"href":"https:\/\/dancingboulevard.com\/en\/wp-json\/wp\/v2\/users\/1"}],"replies":[{"embeddable":true,"href":"https:\/\/dancingboulevard.com\/en\/wp-json\/wp\/v2\/comments?post=1039"}],"version-history":[{"count":1,"href":"https:\/\/dancingboulevard.com\/en\/wp-json\/wp\/v2\/pages\/1039\/revisions"}],"predecessor-version":[{"id":15529,"href":"https:\/\/dancingboulevard.com\/en\/wp-json\/wp\/v2\/pages\/1039\/revisions\/15529"}],"up":[{"embeddable":true,"href":"https:\/\/dancingboulevard.com\/en\/wp-json\/wp\/v2\/pages\/1036"}],"wp:attachment":[{"href":"https:\/\/dancingboulevard.com\/en\/wp-json\/wp\/v2\/media?parent=1039"}],"curies":[{"name":"wp","href":"https:\/\/api.w.org\/{rel}","templated":true}]}}