{"id":10,"date":"2015-02-19T11:53:08","date_gmt":"2015-02-19T11:53:08","guid":{"rendered":"http:\/\/s553217786.mialojamiento.es\/?page_id=10"},"modified":"2022-09-07T18:26:32","modified_gmt":"2022-09-07T18:26:32","slug":"quienes_somos","status":"publish","type":"page","link":"https:\/\/dancingboulevard.com\/en\/clases-de-salsa\/quienes_somos\/","title":{"rendered":"QUIENES SOMOS"},"content":{"rendered":"<div data-elementor-type=\"wp-page\" data-elementor-id=\"10\" class=\"elementor elementor-10\">\n\t\t\t\t\t\t<section class=\"elementor-section elementor-top-section elementor-element elementor-element-32cf08ec elementor-section-boxed elementor-section-height-default elementor-section-height-default\" data-id=\"32cf08ec\" data-element_type=\"section\" data-e-type=\"section\">\n\t\t\t\t\t\t<div class=\"elementor-container elementor-column-gap-default\">\n\t\t\t\t\t<div class=\"elementor-column elementor-col-100 elementor-top-column elementor-element elementor-element-5337ce2c\" data-id=\"5337ce2c\" data-element_type=\"column\" data-e-type=\"column\">\n\t\t\t<div class=\"elementor-widget-wrap elementor-element-populated\">\n\t\t\t\t\t\t<div class=\"elementor-element elementor-element-03d9bed elementor-widget elementor-widget-heading\" data-id=\"03d9bed\" data-element_type=\"widget\" data-e-type=\"widget\" data-widget_type=\"heading.default\">\n\t\t\t\t<div class=\"elementor-widget-container\">\n\t\t\t\t\t<h2 class=\"elementor-heading-title elementor-size-default\">En\u00a0Dancing Boulevard nos queremos convertir en tu escuela de baile favorita<\/h2>\t\t\t\t<\/div>\n\t\t\t\t<\/div>\n\t\t\t\t<div class=\"elementor-element elementor-element-7b80c548 elementor-widget elementor-widget-text-editor\" data-id=\"7b80c548\" data-element_type=\"widget\" data-e-type=\"widget\" data-widget_type=\"text-editor.default\">\n\t\t\t\t<div class=\"elementor-widget-container\">\n\t\t\t\t\t\t\t\t\t<div>Nos centramos en un trato cercano y en garantizar la satisfacci\u00f3n de nuestros alumnos. A las clases no s\u00f3lo se viene a aprender, son un evento social que nos permite desconectar del estr\u00e9s de la semana, re\u00edr y pasarlo bien. Nos esforzamos por generar el mejor ambiente en las clases y en generar v\u00ednculos con los alumnos, en las clases y a trav\u00e9s de eventos.<\/div><div><\/div><div><\/div>\t\t\t\t\t\t\t\t<\/div>\n\t\t\t\t<\/div>\n\t\t\t\t<div class=\"elementor-element elementor-element-ba6ab4c elementor-widget elementor-widget-heading\" data-id=\"ba6ab4c\" data-element_type=\"widget\" data-e-type=\"widget\" data-widget_type=\"heading.default\">\n\t\t\t\t<div class=\"elementor-widget-container\">\n\t\t\t\t\t<h2 class=\"elementor-heading-title elementor-size-default\">Porque la buena vida, se vive con baile<\/h2>\t\t\t\t<\/div>\n\t\t\t\t<\/div>\n\t\t\t\t<div class=\"elementor-element elementor-element-a0cb474 elementor-widget elementor-widget-text-editor\" data-id=\"a0cb474\" data-element_type=\"widget\" data-e-type=\"widget\" data-widget_type=\"text-editor.default\">\n\t\t\t\t<div class=\"elementor-widget-container\">\n\t\t\t\t\t\t\t\t\t<div><span style=\"color: var( --e-global-color-text );\">Queremos extender el baile a todas las personsa posibles, porque estamos convencidos que bailar tiene un impacto muy positivo en la calidad de vida y la felicidad de las personas. Hemos visto a cientos de alumnos agradecidos por lo mucho que les ha ayudado el baile, a superar momentos dif\u00edciles y a crear grandes amistades. Por eso estamos entusiasmados por poder trasladar la felicidad del baile a mucha m\u00e1s gente<\/span><\/div><div><\/div>\t\t\t\t\t\t\t\t<\/div>\n\t\t\t\t<\/div>\n\t\t\t\t<div class=\"elementor-element elementor-element-cd6d6b2 elementor-widget elementor-widget-heading\" data-id=\"cd6d6b2\" data-element_type=\"widget\" data-e-type=\"widget\" data-widget_type=\"heading.default\">\n\t\t\t\t<div class=\"elementor-widget-container\">\n\t\t\t\t\t<h2 class=\"elementor-heading-title elementor-size-default\">Baile social, para todos y todas<\/h2>\t\t\t\t<\/div>\n\t\t\t\t<\/div>\n\t\t\t\t<div class=\"elementor-element elementor-element-cbc278e elementor-widget elementor-widget-text-editor\" data-id=\"cbc278e\" data-element_type=\"widget\" data-e-type=\"widget\" data-widget_type=\"text-editor.default\">\n\t\t\t\t<div class=\"elementor-widget-container\">\n\t\t\t\t\t\t\t\t\tLa escuela Dancing Boulevard nace con el prop\u00f3sito de no limitar el baile o la danza al mundo profesional, sino, acercarlo y abrirlo a cualquiera que lo desee.\r\n\r\nPara ello hemos elegido al mejor equipo de profesores, cada uno en su materia, y unas instalaciones que se adaptan a las necesidades de los clientes.\r\nNuestra atenci\u00f3n es personalizada y con grupos reducidos lo que hace que todos puedan disfrutar de este espacio art\u00edstico y educativo y de las propiedades que el baile proporciona, tales como, vencer la timidez, estr\u00e9s, ansiedad; estimular flexibilidad, resistencia, coordinaci\u00f3n, agilidad; y para los mas peque\u00f1os desarrollar o\u00eddo, expresi\u00f3n, equilibrio y memoria.\r\nTodo el mundo esta invitado a aprender con nosotros. Nos adaptaremos a tus necesidades y objetivos.\t\t\t\t\t\t\t\t<\/div>\n\t\t\t\t<\/div>\n\t\t\t\t<div class=\"elementor-element elementor-element-03f092c elementor-widget elementor-widget-heading\" data-id=\"03f092c\" data-element_type=\"widget\" data-e-type=\"widget\" data-widget_type=\"heading.default\">\n\t\t\t\t<div class=\"elementor-widget-container\">\n\t\t\t\t\t<h2 class=\"elementor-heading-title elementor-size-default\">Frente al \"Fast Food\" del baile<\/h2>\t\t\t\t<\/div>\n\t\t\t\t<\/div>\n\t\t\t\t<div class=\"elementor-element elementor-element-63557c9 elementor-widget elementor-widget-text-editor\" data-id=\"63557c9\" data-element_type=\"widget\" data-e-type=\"widget\" data-widget_type=\"text-editor.default\">\n\t\t\t\t<div class=\"elementor-widget-container\">\n\t\t\t\t\t\t\t\t\t<div>Mientras se extiende el modelo de \u00abFast food\u00bb en otras academias de baile, con clases sueltas, \u00abven cuando quieras\u00bb (si hay hueco en la clase), nosotros estamos convenci@s que los alumnos aprenden y disfrutan mucho m\u00e1s, cuando tienen una formaci\u00f3n estructurada. Con una metodolog\u00eda de ense\u00f1anza en la que cada d\u00eda aprendes lo que corresponde, repasas y construyes sobre lo aprendido. En la que formas parte de un grupo que aprende contigo. Un grupo de personas que se ayudan mutuamente, que superan retos juntos (como\u00a0ese primer d\u00eda que te atreves a bailar en la pista de una discoteca) y que generan una confianza mutua y una complicidad que en muchas ocasiones se extiende fuera de las clases.<\/div><div><\/div><div><\/div><div><\/div>\t\t\t\t\t\t\t\t<\/div>\n\t\t\t\t<\/div>\n\t\t\t\t\t<\/div>\n\t\t<\/div>\n\t\t\t\t\t<\/div>\n\t\t<\/section>\n\t\t\t\t<section class=\"elementor-section elementor-top-section elementor-element elementor-element-4876423 elementor-section-content-middle elementor-section-full_width elementor-section-stretched elementor-section-height-default elementor-section-height-default\" data-id=\"4876423\" data-element_type=\"section\" data-e-type=\"section\" data-settings=\"{&quot;background_background&quot;:&quot;classic&quot;,&quot;stretch_section&quot;:&quot;section-stretched&quot;}\">\n\t\t\t\t\t\t<div class=\"elementor-container elementor-column-gap-no\">\n\t\t\t\t\t<div class=\"elementor-column elementor-col-100 elementor-top-column elementor-element elementor-element-dc6f8cb\" data-id=\"dc6f8cb\" data-element_type=\"column\" data-e-type=\"column\">\n\t\t\t<div class=\"elementor-widget-wrap elementor-element-populated\">\n\t\t\t\t\t\t<div class=\"elementor-element elementor-element-f822d2d elementor-widget elementor-widget-heading\" data-id=\"f822d2d\" data-element_type=\"widget\" data-e-type=\"widget\" data-widget_type=\"heading.default\">\n\t\t\t\t<div class=\"elementor-widget-container\">\n\t\t\t\t\t<h2 class=\"elementor-heading-title elementor-size-default\">Ll\u00e1manos y descubre por qu\u00e9 somos una escuela 5 estrellas<\/h2>\t\t\t\t<\/div>\n\t\t\t\t<\/div>\n\t\t\t\t<div class=\"elementor-element elementor-element-a12b0d0 elementor-align-center elementor-widget elementor-widget-button\" data-id=\"a12b0d0\" data-element_type=\"widget\" data-e-type=\"widget\" data-widget_type=\"button.default\">\n\t\t\t\t<div class=\"elementor-widget-container\">\n\t\t\t\t\t\t\t\t\t<div class=\"elementor-button-wrapper\">\n\t\t\t\t\t<a class=\"elementor-button elementor-button-link elementor-size-sm elementor-animation-grow\" href=\"tel:0034%20619%20611%20930\">\n\t\t\t\t\t\t<span class=\"elementor-button-content-wrapper\">\n\t\t\t\t\t\t\t\t\t<span class=\"elementor-button-text\">619 611 930<\/span>\n\t\t\t\t\t<\/span>\n\t\t\t\t\t<\/a>\n\t\t\t\t<\/div>\n\t\t\t\t\t\t\t\t<\/div>\n\t\t\t\t<\/div>\n\t\t\t\t\t<\/div>\n\t\t<\/div>\n\t\t\t\t\t<\/div>\n\t\t<\/section>\n\t\t\t\t<section class=\"elementor-section elementor-top-section elementor-element elementor-element-cc7c7cb elementor-section-boxed elementor-section-height-default elementor-section-height-default\" data-id=\"cc7c7cb\" data-element_type=\"section\" data-e-type=\"section\">\n\t\t\t\t\t\t<div class=\"elementor-container elementor-column-gap-default\">\n\t\t\t\t\t<div class=\"elementor-column elementor-col-100 elementor-top-column elementor-element elementor-element-90db4f1\" data-id=\"90db4f1\" data-element_type=\"column\" data-e-type=\"column\">\n\t\t\t<div class=\"elementor-widget-wrap elementor-element-populated\">\n\t\t\t\t\t\t<div class=\"elementor-element elementor-element-0bb257a elementor-hidden-phone elementor-widget elementor-widget-image\" data-id=\"0bb257a\" data-element_type=\"widget\" data-e-type=\"widget\" data-widget_type=\"image.default\">\n\t\t\t\t<div class=\"elementor-widget-container\">\n\t\t\t\t\t\t\t\t\t\t\t\t\t\t\t\t<a href=\"https:\/\/goo.gl\/maps\/DhNhbgda767QgLMn8\">\n\t\t\t\t\t\t\t<img fetchpriority=\"high\" decoding=\"async\" width=\"915\" height=\"650\" src=\"https:\/\/dancingboulevard.com\/wp-content\/uploads\/2021\/08\/google6.png\" class=\"attachment-full size-full wp-image-8611\" alt=\"google review 6\" srcset=\"https:\/\/dancingboulevard.com\/wp-content\/uploads\/2021\/08\/google6.png 915w, https:\/\/dancingboulevard.com\/wp-content\/uploads\/2021\/08\/google6-300x213.png 300w, https:\/\/dancingboulevard.com\/wp-content\/uploads\/2021\/08\/google6-768x546.png 768w\" sizes=\"(max-width: 915px) 100vw, 915px\" \/>\t\t\t\t\t\t\t\t<\/a>\n\t\t\t\t\t\t\t\t\t\t\t\t\t\t\t<\/div>\n\t\t\t\t<\/div>\n\t\t\t\t<div class=\"elementor-element elementor-element-67362f3 elementor-hidden-desktop elementor-hidden-tablet elementor-widget elementor-widget-image\" data-id=\"67362f3\" data-element_type=\"widget\" data-e-type=\"widget\" data-widget_type=\"image.default\">\n\t\t\t\t<div class=\"elementor-widget-container\">\n\t\t\t\t\t\t\t\t\t\t\t\t\t\t\t\t<a href=\"https:\/\/goo.gl\/maps\/DhNhbgda767QgLMn8\">\n\t\t\t\t\t\t\t<img decoding=\"async\" width=\"438\" height=\"350\" src=\"https:\/\/dancingboulevard.com\/wp-content\/uploads\/2021\/08\/movil-resena.png\" class=\"attachment-large size-large wp-image-8613\" alt=\"google review movile\" srcset=\"https:\/\/dancingboulevard.com\/wp-content\/uploads\/2021\/08\/movil-resena.png 438w, https:\/\/dancingboulevard.com\/wp-content\/uploads\/2021\/08\/movil-resena-300x240.png 300w\" sizes=\"(max-width: 438px) 100vw, 438px\" \/>\t\t\t\t\t\t\t\t<\/a>\n\t\t\t\t\t\t\t\t\t\t\t\t\t\t\t<\/div>\n\t\t\t\t<\/div>\n\t\t\t\t<div class=\"elementor-element elementor-element-2f89d1c elementor-hidden-desktop elementor-hidden-tablet elementor-widget elementor-widget-image\" data-id=\"2f89d1c\" data-element_type=\"widget\" data-e-type=\"widget\" data-widget_type=\"image.default\">\n\t\t\t\t<div class=\"elementor-widget-container\">\n\t\t\t\t\t\t\t\t\t\t\t\t\t\t\t\t<a href=\"https:\/\/goo.gl\/maps\/DhNhbgda767QgLMn8\">\n\t\t\t\t\t\t\t<img decoding=\"async\" width=\"433\" height=\"620\" src=\"https:\/\/dancingboulevard.com\/wp-content\/uploads\/2021\/08\/Movil-Comentarios.png\" class=\"attachment-large size-large wp-image-8612\" alt=\"google review movile 2\" srcset=\"https:\/\/dancingboulevard.com\/wp-content\/uploads\/2021\/08\/Movil-Comentarios.png 433w, https:\/\/dancingboulevard.com\/wp-content\/uploads\/2021\/08\/Movil-Comentarios-210x300.png 210w\" sizes=\"(max-width: 433px) 100vw, 433px\" \/>\t\t\t\t\t\t\t\t<\/a>\n\t\t\t\t\t\t\t\t\t\t\t\t\t\t\t<\/div>\n\t\t\t\t<\/div>\n\t\t\t\t<div class=\"elementor-element elementor-element-3ba3320 elementor-widget elementor-widget-eael-content-ticker\" data-id=\"3ba3320\" data-element_type=\"widget\" data-e-type=\"widget\" data-widget_type=\"eael-content-ticker.default\">\n\t\t\t\t<div class=\"elementor-widget-container\">\n\t\t\t\t\t<div class=\"eael-ticker-wrap\" id=\"eael-ticker-wrap-3ba3320\"><div class=\"ticker-badge\">\n                    <span>Tendencias hoy<\/span>\n                <\/div><div class=\"eael-ticker\">\n                <div class=\"swiper swiper-8 eael-content-ticker swiper-container-3ba3320\" data-pagination=\".swiper-pagination-3ba3320\" data-arrow-next=\".swiper-button-next-3ba3320\" data-arrow-prev=\".swiper-button-prev-3ba3320\" data-effect=\"slide\" data-speed=\"400\" data-autoplay=\"2000\" data-loop=\"1\" data-arrows=\"1\">\n                    <div class=\"swiper-wrapper\"><div class=\"swiper-slide\">\n        <div class=\"ticker-content\">\n            <a href=\"https:\/\/dancingboulevard.com\/en\/viaje-de-la-escuela-2026\/\" class=\"ticker-content-link\">Viaje de la escuela 2026<\/a>\n        <\/div>\n    <\/div><div class=\"swiper-slide\">\n        <div class=\"ticker-content\">\n            <a href=\"https:\/\/dancingboulevard.com\/en\/como-aprender-a-bailar\/\" class=\"ticker-content-link\">Quiero aprender a bailar \u00bfpor d\u00f3nde empiezo?<\/a>\n        <\/div>\n    <\/div><div class=\"swiper-slide\">\n        <div class=\"ticker-content\">\n            <a href=\"https:\/\/dancingboulevard.com\/en\/clases-de-baile-para-mayores\/\" class=\"ticker-content-link\">\u00bfPuedo empezar a bailar siendo adulto?<\/a>\n        <\/div>\n    <\/div><div class=\"swiper-slide\">\n        <div class=\"ticker-content\">\n            <a href=\"https:\/\/dancingboulevard.com\/en\/rueda-de-casino-cuba\/\" class=\"ticker-content-link\">Rueda de Casino Cubana \u00bfQu\u00e9 es?<\/a>\n        <\/div>\n    <\/div><\/div>\n\t\t\t\t<\/div> <div class=\"content-ticker-pagination\"><div class=\"swiper-button-next swiper-button-next-3ba3320\"><i class=\"fas fa-angle-right\"><\/i><\/div><div class=\"swiper-button-prev swiper-button-prev-3ba3320\"><i class=\"fas fa-angle-left\"><\/i><\/div><\/div><\/div>\n\t\t<\/div>\t\t\t\t<\/div>\n\t\t\t\t<\/div>\n\t\t\t\t<div class=\"elementor-element elementor-element-a9e4f09 elementor-widget elementor-widget-html\" data-id=\"a9e4f09\" data-element_type=\"widget\" data-e-type=\"widget\" data-widget_type=\"html.default\">\n\t\t\t\t<div class=\"elementor-widget-container\">\n\t\t\t\t\t<iframe src=\"https:\/\/dancingboulevard.com\/listado-de-clases\/\" title=\"calses de baile\" height=\"1300\" >\n    \n    https:\/\/dancingboulevard.com\/wp-admin\/post.php?post=16121&action=elementor\n<\/iframe>\t\t\t\t<\/div>\n\t\t\t\t<\/div>\n\t\t\t\t\t<\/div>\n\t\t<\/div>\n\t\t\t\t\t<\/div>\n\t\t<\/section>\n\t\t\t\t<\/div>","protected":false},"excerpt":{"rendered":"<p>En\u00a0Dancing Boulevard nos queremos convertir en tu escuela de baile favorita Nos centramos en un trato cercano y en garantizar la satisfacci\u00f3n de nuestros alumnos. A las clases no s\u00f3lo se viene a aprender, son un evento social que nos permite desconectar del estr\u00e9s de la semana, re\u00edr y pasarlo [&hellip;]<\/p>\n","protected":false},"author":1,"featured_media":16379,"parent":2132,"menu_order":2,"comment_status":"closed","ping_status":"closed","template":"","meta":{"footnotes":"","_links_to":"","_links_to_target":""},"class_list":["post-10","page","type-page","status-publish","has-post-thumbnail","hentry"],"yoast_head":"<!-- This site is optimized with the Yoast SEO plugin v26.8 - https:\/\/yoast.com\/product\/yoast-seo-wordpress\/ -->\n<title>QUIENES SOMOS - Dancing Boulevard<\/title>\n<meta name=\"robots\" content=\"index, follow, max-snippet:-1, max-image-preview:large, max-video-preview:-1\" \/>\n<link rel=\"canonical\" href=\"https:\/\/dancingboulevard.com\/en\/clases-de-salsa\/quienes_somos\/\" \/>\n<meta property=\"og:locale\" content=\"en_US\" \/>\n<meta property=\"og:type\" content=\"article\" \/>\n<meta property=\"og:title\" content=\"QUIENES SOMOS - Dancing Boulevard\" \/>\n<meta property=\"og:description\" content=\"En\u00a0Dancing Boulevard nos queremos convertir en tu escuela de baile favorita Nos centramos en un trato cercano y en garantizar la satisfacci\u00f3n de nuestros alumnos. A las clases no s\u00f3lo se viene a aprender, son un evento social que nos permite desconectar del estr\u00e9s de la semana, re\u00edr y pasarlo [&hellip;]\" \/>\n<meta property=\"og:url\" content=\"https:\/\/dancingboulevard.com\/en\/clases-de-salsa\/quienes_somos\/\" \/>\n<meta property=\"og:site_name\" content=\"Dancing Boulevard\" \/>\n<meta property=\"article:publisher\" content=\"https:\/\/www.facebook.com\/pages\/Dancing-Boulevard\/1425357731107040?fref=ts\" \/>\n<meta property=\"article:modified_time\" content=\"2022-09-07T18:26:32+00:00\" \/>\n<meta property=\"og:image\" content=\"https:\/\/dancingboulevard.com\/wp-content\/uploads\/2022\/09\/08-06-2019_DSC_7486-scaled-optimizada-1-e1662550916642.webp\" \/>\n\t<meta property=\"og:image:width\" content=\"798\" \/>\n\t<meta property=\"og:image:height\" content=\"891\" \/>\n\t<meta property=\"og:image:type\" content=\"image\/webp\" \/>\n<meta name=\"twitter:card\" content=\"summary_large_image\" \/>\n<meta name=\"twitter:label1\" content=\"Est. reading time\" \/>\n\t<meta name=\"twitter:data1\" content=\"2 minutes\" \/>\n<!-- \/ Yoast SEO plugin. -->","yoast_head_json":{"title":"QUIENES SOMOS - Dancing Boulevard","robots":{"index":"index","follow":"follow","max-snippet":"max-snippet:-1","max-image-preview":"max-image-preview:large","max-video-preview":"max-video-preview:-1"},"canonical":"https:\/\/dancingboulevard.com\/en\/clases-de-salsa\/quienes_somos\/","og_locale":"en_US","og_type":"article","og_title":"QUIENES SOMOS - Dancing Boulevard","og_description":"En\u00a0Dancing Boulevard nos queremos convertir en tu escuela de baile favorita Nos centramos en un trato cercano y en garantizar la satisfacci\u00f3n de nuestros alumnos. A las clases no s\u00f3lo se viene a aprender, son un evento social que nos permite desconectar del estr\u00e9s de la semana, re\u00edr y pasarlo [&hellip;]","og_url":"https:\/\/dancingboulevard.com\/en\/clases-de-salsa\/quienes_somos\/","og_site_name":"Dancing Boulevard","article_publisher":"https:\/\/www.facebook.com\/pages\/Dancing-Boulevard\/1425357731107040?fref=ts","article_modified_time":"2022-09-07T18:26:32+00:00","og_image":[{"width":798,"height":891,"url":"https:\/\/dancingboulevard.com\/wp-content\/uploads\/2022\/09\/08-06-2019_DSC_7486-scaled-optimizada-1-e1662550916642.webp","type":"image\/webp"}],"twitter_card":"summary_large_image","twitter_misc":{"Est. reading time":"2 minutes"},"schema":{"@context":"https:\/\/schema.org","@graph":[{"@type":"WebPage","@id":"https:\/\/dancingboulevard.com\/clases-de-salsa\/quienes_somos\/","url":"https:\/\/dancingboulevard.com\/clases-de-salsa\/quienes_somos\/","name":"QUIENES SOMOS - Dancing Boulevard","isPartOf":{"@id":"https:\/\/dancingboulevard.com\/#website"},"primaryImageOfPage":{"@id":"https:\/\/dancingboulevard.com\/clases-de-salsa\/quienes_somos\/#primaryimage"},"image":{"@id":"https:\/\/dancingboulevard.com\/clases-de-salsa\/quienes_somos\/#primaryimage"},"thumbnailUrl":"https:\/\/dancingboulevard.com\/wp-content\/uploads\/2022\/09\/08-06-2019_DSC_7486-scaled-optimizada-1-e1662550916642.webp","datePublished":"2015-02-19T11:53:08+00:00","dateModified":"2022-09-07T18:26:32+00:00","breadcrumb":{"@id":"https:\/\/dancingboulevard.com\/clases-de-salsa\/quienes_somos\/#breadcrumb"},"inLanguage":"en-US","potentialAction":[{"@type":"ReadAction","target":["https:\/\/dancingboulevard.com\/clases-de-salsa\/quienes_somos\/"]}]},{"@type":"ImageObject","inLanguage":"en-US","@id":"https:\/\/dancingboulevard.com\/clases-de-salsa\/quienes_somos\/#primaryimage","url":"https:\/\/dancingboulevard.com\/wp-content\/uploads\/2022\/09\/08-06-2019_DSC_7486-scaled-optimizada-1-e1662550916642.webp","contentUrl":"https:\/\/dancingboulevard.com\/wp-content\/uploads\/2022\/09\/08-06-2019_DSC_7486-scaled-optimizada-1-e1662550916642.webp","width":798,"height":891,"caption":"tu academia de baile favorita"},{"@type":"BreadcrumbList","@id":"https:\/\/dancingboulevard.com\/clases-de-salsa\/quienes_somos\/#breadcrumb","itemListElement":[{"@type":"ListItem","position":1,"name":"Portada","item":"https:\/\/dancingboulevard.com\/"},{"@type":"ListItem","position":2,"name":"Clases de salsa","item":"https:\/\/dancingboulevard.com\/clases-de-salsa\/"},{"@type":"ListItem","position":3,"name":"QUIENES SOMOS"}]},{"@type":"WebSite","@id":"https:\/\/dancingboulevard.com\/#website","url":"https:\/\/dancingboulevard.com\/","name":"Dancing Boulevard","description":"ESCUELA DE BAILE","publisher":{"@id":"https:\/\/dancingboulevard.com\/#organization"},"potentialAction":[{"@type":"SearchAction","target":{"@type":"EntryPoint","urlTemplate":"https:\/\/dancingboulevard.com\/?s={search_term_string}"},"query-input":{"@type":"PropertyValueSpecification","valueRequired":true,"valueName":"search_term_string"}}],"inLanguage":"en-US"},{"@type":"Organization","@id":"https:\/\/dancingboulevard.com\/#organization","name":"Dancing Boulevard","url":"https:\/\/dancingboulevard.com\/","logo":{"@type":"ImageObject","inLanguage":"en-US","@id":"https:\/\/dancingboulevard.com\/#\/schema\/logo\/image\/","url":"https:\/\/dancingboulevard.com\/wp-content\/uploads\/2020\/04\/DancinBoulevard.png","contentUrl":"https:\/\/dancingboulevard.com\/wp-content\/uploads\/2020\/04\/DancinBoulevard.png","width":1990,"height":803,"caption":"Dancing Boulevard"},"image":{"@id":"https:\/\/dancingboulevard.com\/#\/schema\/logo\/image\/"},"sameAs":["https:\/\/www.facebook.com\/pages\/Dancing-Boulevard\/1425357731107040?fref=ts","https:\/\/www.instagram.com\/dancingboulevard\/"]}]}},"_links":{"self":[{"href":"https:\/\/dancingboulevard.com\/en\/wp-json\/wp\/v2\/pages\/10","targetHints":{"allow":["GET"]}}],"collection":[{"href":"https:\/\/dancingboulevard.com\/en\/wp-json\/wp\/v2\/pages"}],"about":[{"href":"https:\/\/dancingboulevard.com\/en\/wp-json\/wp\/v2\/types\/page"}],"author":[{"embeddable":true,"href":"https:\/\/dancingboulevard.com\/en\/wp-json\/wp\/v2\/users\/1"}],"replies":[{"embeddable":true,"href":"https:\/\/dancingboulevard.com\/en\/wp-json\/wp\/v2\/comments?post=10"}],"version-history":[{"count":19,"href":"https:\/\/dancingboulevard.com\/en\/wp-json\/wp\/v2\/pages\/10\/revisions"}],"predecessor-version":[{"id":16422,"href":"https:\/\/dancingboulevard.com\/en\/wp-json\/wp\/v2\/pages\/10\/revisions\/16422"}],"up":[{"embeddable":true,"href":"https:\/\/dancingboulevard.com\/en\/wp-json\/wp\/v2\/pages\/2132"}],"wp:featuredmedia":[{"embeddable":true,"href":"https:\/\/dancingboulevard.com\/en\/wp-json\/wp\/v2\/media\/16379"}],"wp:attachment":[{"href":"https:\/\/dancingboulevard.com\/en\/wp-json\/wp\/v2\/media?parent=10"}],"curies":[{"name":"wp","href":"https:\/\/api.w.org\/{rel}","templated":true}]}}