{"id":913,"date":"2016-08-22T19:19:42","date_gmt":"2016-08-22T19:19:42","guid":{"rendered":"http:\/\/dancingboulevard.com\/?page_id=913"},"modified":"2017-08-20T22:41:50","modified_gmt":"2017-08-20T22:41:50","slug":"percusion-corporal-e-iniciacion-al-canto","status":"publish","type":"page","link":"http:\/\/dancingboulevard.com\/en\/percusion-corporal-e-iniciacion-al-canto\/","title":{"rendered":"Iniciaci\u00f3n al canto con percusi\u00f3n corporal"},"content":{"rendered":"<p><a href=\"https:\/\/dancingboulevard.com\/wp-content\/uploads\/2016\/08\/iniciacion-al-canto.jpg\"><img fetchpriority=\"high\" decoding=\"async\" class=\"aligncenter size-full wp-image-928\" src=\"https:\/\/dancingboulevard.com\/wp-content\/uploads\/2016\/08\/iniciacion-al-canto.jpg\" alt=\"iniciacion al canto\" width=\"1280\" height=\"720\" srcset=\"https:\/\/dancingboulevard.com\/wp-content\/uploads\/2016\/08\/iniciacion-al-canto.jpg 1280w, https:\/\/dancingboulevard.com\/wp-content\/uploads\/2016\/08\/iniciacion-al-canto-300x169.jpg 300w, https:\/\/dancingboulevard.com\/wp-content\/uploads\/2016\/08\/iniciacion-al-canto-1024x576.jpg 1024w, https:\/\/dancingboulevard.com\/wp-content\/uploads\/2016\/08\/iniciacion-al-canto-768x432.jpg 768w\" sizes=\"(max-width: 1280px) 100vw, 1280px\" \/><\/a><\/p>\n<p>&nbsp;<\/p>\n<p>La percusi\u00f3n corporal o body percussion es una forma de hacer m\u00fasica con nuestro propio cuerpo.<\/p>\n<p>Objetivos especificos<\/p>\n<ul>\n<li>Sensibilizar el cuerpo y localizar las partes de \u00e9ste de acuerdo a la relaci\u00f3n<\/li>\n<li>espacio-temporal.<\/li>\n<li>Coordinar el movimiento y desarrollar las actividades motrices fundamentales.<\/li>\n<li>Fomentar el trabajo en grupo.<\/li>\n<li>Desarrollar la capacidad de concentraci\u00f3n.<\/li>\n<li>Desarrollo de la psicomotricidad, coordinaci\u00f3n y lateralidad a trav\u00e9s del ritmo.<\/li>\n<li>Ense\u00f1anza de las figuras musicales b\u00e1sicas en relaci\u00f3n al movimiento. Para<\/li>\n<li>ello se interact\u00faan las extremidades superiores, inferiores y la verbalizaci\u00f3n<\/li>\n<li>simult\u00e1neamente.<\/li>\n<li>Interaccionar entre danza y percusi\u00f3n corporal.<\/li>\n<\/ul>\n<p>&nbsp;<\/p>\n<p>Hemos elegido los juegos de percusi\u00f3n corporal porque nos parece interesante su din\u00e1mica,\u00a0es decir, el hecho de trabajar una canci\u00f3n y al mismo tiempo poder trabajar la psicomotricidad\u00a0con los ni\u00f1os.<\/p>\n<p>A trav\u00e9s de estos juegos los ni\u00f1os pueden adaptarse a ritmos tanto musicales como de\u00a0percusi\u00f3n, y adaptar los movimientos de su cuerpo a esos ritmos y con ello a trav\u00e9s del juego\u00a0poder lograr diferentes funciones como son el canto, la habilidad \u00f3culo-manual y la\u00a0psicomotricidad entre otras.<\/p>\n<p>Pensamos que el juego es un medio para educar y fomentar en el ni\u00f1o su\u00a0desarrollo integral, tanto f\u00edsico, moral, intelectual, como socio-emotivo, y nuestra\u00a0labor como futuros docentes, es el poder conseguir este desarrollo.<\/p>\n<p>Por otro lado los juegos de percusi\u00f3n corporal requieren el uso del cuerpo como\u00a0instrumento, por lo que facilitara la expresi\u00f3n en los cuerpos y la concentraci\u00f3n en los\u00a0ni\u00f1os para conseguir sacar adelante el juego, vemos este tipo de juegos como una\u00a0forma l\u00fadica de fomentar y ayudar al ni\u00f1o en sus capacidades de concentraci\u00f3n y\u00a0expresi\u00f3n corporal.<\/p>\n<p>Las percusiones corporales consisten en utilizar el cuerpo como instrumento\u00a0r\u00edtmico, ac\u00fastico, t\u00edmbrico y din\u00e1mico para lo que hemos de mantenerlo relajado,\u00a0sobre todo las extremidades que percuten.<\/p>\n<p>Pitos o chasquidos: Se pueden realizar con dedos (manos juntas o alternadas)\u00a0pero debido a la dificultad que presenta en las edades tempranas se sustituye con\u00a0el \u201cchasquido de boca\u201d.<\/p>\n<p>Palmas: Se pueden dar a diferente altura en relaci\u00f3n con el cuerpo (arriba de la\u00a0cabeza, del pecho, entre las piernas, en los pies, a un lado y al otro, eventualmente atr\u00e1s del cuerpo). Los efectos m\u00e1s usuales, seg\u00fan Rivas Garc\u00eda son\u00a0los siguientes: sonido brillante con las manos estiradas, y el sonido opaco con las\u00a0manos huecas. Tambi\u00e9n podemos conseguir diferentes intensidades seg\u00fan\u00a0percutamos con todos los dedos en la palma contraria, con tres, con dos o con\u00a0uno.<\/p>\n<p>Rodillas o muslos: Las manos (juntas o alternadas) percuten sobre los muslos o\u00a0rodillas en posici\u00f3n de pie o sentados. Esta pr\u00e1ctica sirve de iniciaci\u00f3n a los\u00a0instrumentos de placa y a los bongoes si se percuten sentados. Podemos cruzar las\u00a0manos percutiendo al mismo tiempo o en forma alternada.<\/p>\n<p>Pies (pisada): Se realiza de pie o sentados con un pie o los dos juntos y alternados.\u00a0Podemos introducir variedad con las puntas y los talones.\u00a0Podemos afirmar que la percusi\u00f3n es una de las actividades relacionadas con la\u00a0m\u00fasica m\u00e1s antigua. De hecho, los or\u00edgenes exactos de la m\u00fasica se desconocen ya que\u00a0esta se interpretaba por la voz humana y la percusi\u00f3n corporal y por lo tanto no dej\u00f3\u00a0huellas en el registro arqueol\u00f3gico. Por otra parte sabemos que desde el comienzo de\u00a0los tiempos los seres humanos han golpeado, sacudido objetos de la naturaleza con el\u00a0objetivo de provocar sonidos y ritmos que acompa\u00f1aban sus quehaceres diarios\u00a0(trabajo, rituales de curaciones, ocio&#8230;etc.)\u00a0Al fin y al cabo, no solo somos seres humanos, m\u00e1s bien somos seres r\u00edtmicos. El\u00a0ritmo siempre ha sido parte de nuestra vida y de nuestro cuerpo. No podemos\u00a0preguntar \u00bfy en que consiste la percusi\u00f3n corporal? la respuesta id\u00f3nea ser\u00eda que la\u00a0percusi\u00f3n corporal consiste en convertir tu propio cuerpo en un instrumento de\u00a0percusi\u00f3n. A partir de all\u00ed, los sonidos son ilimitados.<\/p>\n<p>Palmas, boca, pies, pecho, etc., son en gran parte los sonidos base de los cuales se\u00a0derivar\u00e1n o combinar\u00e1n entre si mismos para la creaci\u00f3n r\u00edtmica.<\/p>\n<p>&nbsp;<\/p>\n<p>Estas clases estar\u00e1n impartidas por la excelente profesora Zoraida Gambino P\u00e9rez. Ella viene desde Italia, tiene m\u00e1s de 15 de experiencia como cantante de musicales, Pop , Jazz, Folk y colaboraciones como corista de artistas conocidos . Se form\u00f3 en la escuela Roland Music School Sicilia, Italia y estudio con el maestro Alessandro Patalini, curso \u201cVocologia Art\u00edstica y es nuestra profesora de canto tambi\u00e9n para adultos. <a href=\"https:\/\/dancingboulevard.com\/en\/canto\/\">Para m\u00e1s informaci\u00f3n de los cursos de canto pulsa aqu\u00ed.<\/a><\/p>\n<p><a href=\"https:\/\/dancingboulevard.com\/wp-content\/uploads\/2015\/06\/IMG_7386.jpg\"><img decoding=\"async\" class=\"aligncenter size-full wp-image-422\" src=\"https:\/\/dancingboulevard.com\/wp-content\/uploads\/2015\/06\/IMG_7386.jpg\" alt=\"percusi\u00f3n corporal\" width=\"640\" height=\"640\" srcset=\"https:\/\/dancingboulevard.com\/wp-content\/uploads\/2015\/06\/IMG_7386.jpg 640w, https:\/\/dancingboulevard.com\/wp-content\/uploads\/2015\/06\/IMG_7386-300x300.jpg 300w, https:\/\/dancingboulevard.com\/wp-content\/uploads\/2015\/06\/IMG_7386-150x150.jpg 150w\" sizes=\"(max-width: 640px) 100vw, 640px\" \/><\/a><\/p>","protected":false},"excerpt":{"rendered":"<p>&nbsp; La percusi\u00f3n corporal o body percussion es una forma de hacer m\u00fasica con nuestro propio cuerpo. Objetivos especificos Sensibilizar el cuerpo y localizar las partes de \u00e9ste de acuerdo a la relaci\u00f3n espacio-temporal. Coordinar el movimiento y desarrollar las actividades motrices fundamentales. Fomentar el trabajo en grupo. Desarrollar la [&hellip;]<\/p>\n","protected":false},"author":1,"featured_media":0,"parent":0,"menu_order":0,"comment_status":"closed","ping_status":"closed","template":"","meta":{"footnotes":"","_links_to":"","_links_to_target":""},"class_list":["post-913","page","type-page","status-publish","hentry"],"yoast_head":"<!-- This site is optimized with the Yoast SEO plugin v26.8 - https:\/\/yoast.com\/product\/yoast-seo-wordpress\/ -->\n<title>Iniciaci\u00f3n al canto con percusi\u00f3n corporal - Dancing Boulevard<\/title>\n<meta name=\"robots\" content=\"index, follow, max-snippet:-1, max-image-preview:large, max-video-preview:-1\" \/>\n<link rel=\"canonical\" href=\"https:\/\/dancingboulevard.com\/en\/percusion-corporal-e-iniciacion-al-canto\/\" \/>\n<meta property=\"og:locale\" content=\"en_US\" \/>\n<meta property=\"og:type\" content=\"article\" \/>\n<meta property=\"og:title\" content=\"Iniciaci\u00f3n al canto con percusi\u00f3n corporal - Dancing Boulevard\" \/>\n<meta property=\"og:description\" content=\"&nbsp; La percusi\u00f3n corporal o body percussion es una forma de hacer m\u00fasica con nuestro propio cuerpo. Objetivos especificos Sensibilizar el cuerpo y localizar las partes de \u00e9ste de acuerdo a la relaci\u00f3n espacio-temporal. Coordinar el movimiento y desarrollar las actividades motrices fundamentales. Fomentar el trabajo en grupo. Desarrollar la [&hellip;]\" \/>\n<meta property=\"og:url\" content=\"https:\/\/dancingboulevard.com\/en\/percusion-corporal-e-iniciacion-al-canto\/\" \/>\n<meta property=\"og:site_name\" content=\"Dancing Boulevard\" \/>\n<meta property=\"article:publisher\" content=\"https:\/\/www.facebook.com\/pages\/Dancing-Boulevard\/1425357731107040?fref=ts\" \/>\n<meta property=\"article:modified_time\" content=\"2017-08-20T22:41:50+00:00\" \/>\n<meta property=\"og:image\" content=\"https:\/\/dancingboulevard.com\/wp-content\/uploads\/2016\/08\/iniciacion-al-canto.jpg\" \/>\n<meta name=\"twitter:card\" content=\"summary_large_image\" \/>\n<meta name=\"twitter:label1\" content=\"Est. reading time\" \/>\n\t<meta name=\"twitter:data1\" content=\"4 minutes\" \/>\n<!-- \/ Yoast SEO plugin. -->","yoast_head_json":{"title":"Iniciaci\u00f3n al canto con percusi\u00f3n corporal - Dancing Boulevard","robots":{"index":"index","follow":"follow","max-snippet":"max-snippet:-1","max-image-preview":"max-image-preview:large","max-video-preview":"max-video-preview:-1"},"canonical":"https:\/\/dancingboulevard.com\/en\/percusion-corporal-e-iniciacion-al-canto\/","og_locale":"en_US","og_type":"article","og_title":"Iniciaci\u00f3n al canto con percusi\u00f3n corporal - Dancing Boulevard","og_description":"&nbsp; La percusi\u00f3n corporal o body percussion es una forma de hacer m\u00fasica con nuestro propio cuerpo. Objetivos especificos Sensibilizar el cuerpo y localizar las partes de \u00e9ste de acuerdo a la relaci\u00f3n espacio-temporal. Coordinar el movimiento y desarrollar las actividades motrices fundamentales. Fomentar el trabajo en grupo. Desarrollar la [&hellip;]","og_url":"https:\/\/dancingboulevard.com\/en\/percusion-corporal-e-iniciacion-al-canto\/","og_site_name":"Dancing Boulevard","article_publisher":"https:\/\/www.facebook.com\/pages\/Dancing-Boulevard\/1425357731107040?fref=ts","article_modified_time":"2017-08-20T22:41:50+00:00","og_image":[{"url":"https:\/\/dancingboulevard.com\/wp-content\/uploads\/2016\/08\/iniciacion-al-canto.jpg","type":"","width":"","height":""}],"twitter_card":"summary_large_image","twitter_misc":{"Est. reading time":"4 minutes"},"schema":{"@context":"https:\/\/schema.org","@graph":[{"@type":"WebPage","@id":"https:\/\/dancingboulevard.com\/percusion-corporal-e-iniciacion-al-canto\/","url":"https:\/\/dancingboulevard.com\/percusion-corporal-e-iniciacion-al-canto\/","name":"Iniciaci\u00f3n al canto con percusi\u00f3n corporal - Dancing Boulevard","isPartOf":{"@id":"https:\/\/dancingboulevard.com\/#website"},"primaryImageOfPage":{"@id":"https:\/\/dancingboulevard.com\/percusion-corporal-e-iniciacion-al-canto\/#primaryimage"},"image":{"@id":"https:\/\/dancingboulevard.com\/percusion-corporal-e-iniciacion-al-canto\/#primaryimage"},"thumbnailUrl":"https:\/\/dancingboulevard.com\/wp-content\/uploads\/2016\/08\/iniciacion-al-canto.jpg","datePublished":"2016-08-22T19:19:42+00:00","dateModified":"2017-08-20T22:41:50+00:00","breadcrumb":{"@id":"https:\/\/dancingboulevard.com\/percusion-corporal-e-iniciacion-al-canto\/#breadcrumb"},"inLanguage":"en-US","potentialAction":[{"@type":"ReadAction","target":["https:\/\/dancingboulevard.com\/percusion-corporal-e-iniciacion-al-canto\/"]}]},{"@type":"ImageObject","inLanguage":"en-US","@id":"https:\/\/dancingboulevard.com\/percusion-corporal-e-iniciacion-al-canto\/#primaryimage","url":"https:\/\/dancingboulevard.com\/wp-content\/uploads\/2016\/08\/iniciacion-al-canto.jpg","contentUrl":"https:\/\/dancingboulevard.com\/wp-content\/uploads\/2016\/08\/iniciacion-al-canto.jpg"},{"@type":"BreadcrumbList","@id":"https:\/\/dancingboulevard.com\/percusion-corporal-e-iniciacion-al-canto\/#breadcrumb","itemListElement":[{"@type":"ListItem","position":1,"name":"Portada","item":"https:\/\/dancingboulevard.com\/"},{"@type":"ListItem","position":2,"name":"Iniciaci\u00f3n al canto con percusi\u00f3n corporal"}]},{"@type":"WebSite","@id":"https:\/\/dancingboulevard.com\/#website","url":"https:\/\/dancingboulevard.com\/","name":"Dancing Boulevard","description":"ESCUELA DE BAILE","publisher":{"@id":"https:\/\/dancingboulevard.com\/#organization"},"potentialAction":[{"@type":"SearchAction","target":{"@type":"EntryPoint","urlTemplate":"https:\/\/dancingboulevard.com\/?s={search_term_string}"},"query-input":{"@type":"PropertyValueSpecification","valueRequired":true,"valueName":"search_term_string"}}],"inLanguage":"en-US"},{"@type":"Organization","@id":"https:\/\/dancingboulevard.com\/#organization","name":"Dancing Boulevard","url":"https:\/\/dancingboulevard.com\/","logo":{"@type":"ImageObject","inLanguage":"en-US","@id":"https:\/\/dancingboulevard.com\/#\/schema\/logo\/image\/","url":"https:\/\/dancingboulevard.com\/wp-content\/uploads\/2020\/04\/DancinBoulevard.png","contentUrl":"https:\/\/dancingboulevard.com\/wp-content\/uploads\/2020\/04\/DancinBoulevard.png","width":1990,"height":803,"caption":"Dancing Boulevard"},"image":{"@id":"https:\/\/dancingboulevard.com\/#\/schema\/logo\/image\/"},"sameAs":["https:\/\/www.facebook.com\/pages\/Dancing-Boulevard\/1425357731107040?fref=ts","https:\/\/www.instagram.com\/dancingboulevard\/"]}]}},"_links":{"self":[{"href":"http:\/\/dancingboulevard.com\/en\/wp-json\/wp\/v2\/pages\/913","targetHints":{"allow":["GET"]}}],"collection":[{"href":"http:\/\/dancingboulevard.com\/en\/wp-json\/wp\/v2\/pages"}],"about":[{"href":"http:\/\/dancingboulevard.com\/en\/wp-json\/wp\/v2\/types\/page"}],"author":[{"embeddable":true,"href":"http:\/\/dancingboulevard.com\/en\/wp-json\/wp\/v2\/users\/1"}],"replies":[{"embeddable":true,"href":"http:\/\/dancingboulevard.com\/en\/wp-json\/wp\/v2\/comments?post=913"}],"version-history":[{"count":0,"href":"http:\/\/dancingboulevard.com\/en\/wp-json\/wp\/v2\/pages\/913\/revisions"}],"wp:attachment":[{"href":"http:\/\/dancingboulevard.com\/en\/wp-json\/wp\/v2\/media?parent=913"}],"curies":[{"name":"wp","href":"https:\/\/api.w.org\/{rel}","templated":true}]}}