{"id":882,"date":"2016-08-21T20:51:39","date_gmt":"2016-08-21T20:51:39","guid":{"rendered":"http:\/\/dancingboulevard.com\/?page_id=882"},"modified":"2024-07-30T19:54:06","modified_gmt":"2024-07-30T19:54:06","slug":"baile-moderno-ninos","status":"publish","type":"page","link":"http:\/\/dancingboulevard.com\/en\/baile-moderno-ninos\/","title":{"rendered":"BAILE MODERNO PARA NI\u00d1OS\/AS"},"content":{"rendered":"<div data-elementor-type=\"wp-page\" data-elementor-id=\"882\" class=\"elementor elementor-882\">\n\t\t\t\t\t\t<section class=\"elementor-section elementor-top-section elementor-element elementor-element-wqgtydw elementor-section-height-min-height elementor-section-boxed elementor-section-height-default elementor-section-items-middle\" data-id=\"wqgtydw\" data-element_type=\"section\" data-e-type=\"section\">\n\t\t\t\t\t\t<div class=\"elementor-container elementor-column-gap-default\">\n\t\t\t\t\t<div class=\"elementor-column elementor-col-100 elementor-top-column elementor-element elementor-element-urowrmc\" data-id=\"urowrmc\" data-element_type=\"column\" data-e-type=\"column\">\n\t\t\t<div class=\"elementor-widget-wrap elementor-element-populated\">\n\t\t\t\t\t\t<div class=\"elementor-element elementor-element-t4jm9av elementor-widget elementor-widget-heading\" data-id=\"t4jm9av\" data-element_type=\"widget\" data-e-type=\"widget\" data-widget_type=\"heading.default\">\n\t\t\t\t<div class=\"elementor-widget-container\">\n\t\t\t\t\t<h2 class=\"elementor-heading-title elementor-size-default\">Baile Moderno Ni\u00f1os<\/h2>\t\t\t\t<\/div>\n\t\t\t\t<\/div>\n\t\t\t\t\t<\/div>\n\t\t<\/div>\n\t\t\t\t\t<\/div>\n\t\t<\/section>\n\t\t\t\t<section class=\"elementor-section elementor-top-section elementor-element elementor-element-quhrosg elementor-section-boxed elementor-section-height-default elementor-section-height-default\" data-id=\"quhrosg\" data-element_type=\"section\" data-e-type=\"section\">\n\t\t\t\t\t\t<div class=\"elementor-container elementor-column-gap-default\">\n\t\t\t\t\t<div class=\"elementor-column elementor-col-33 elementor-top-column elementor-element elementor-element-frnvo4n\" data-id=\"frnvo4n\" data-element_type=\"column\" data-e-type=\"column\">\n\t\t\t<div class=\"elementor-widget-wrap elementor-element-populated\">\n\t\t\t\t\t\t<div class=\"elementor-element elementor-element-pdhlje5 elementor-widget elementor-widget-image\" data-id=\"pdhlje5\" data-element_type=\"widget\" data-e-type=\"widget\" data-widget_type=\"image.default\">\n\t\t\t\t<div class=\"elementor-widget-container\">\n\t\t\t\t\t\t\t\t\t\t\t\t\t\t\t<img fetchpriority=\"high\" decoding=\"async\" width=\"750\" height=\"563\" src=\"https:\/\/dancingboulevard.com\/wp-content\/uploads\/2015\/02\/DSC06231-1024x768.jpg\" class=\"attachment-large size-large wp-image-590\" alt=\"Campamento de verano Madrid Baile\" srcset=\"https:\/\/dancingboulevard.com\/wp-content\/uploads\/2015\/02\/DSC06231-1024x768.jpg 1024w, https:\/\/dancingboulevard.com\/wp-content\/uploads\/2015\/02\/DSC06231-300x225.jpg 300w, https:\/\/dancingboulevard.com\/wp-content\/uploads\/2015\/02\/DSC06231-768x576.jpg 768w, https:\/\/dancingboulevard.com\/wp-content\/uploads\/2015\/02\/DSC06231-1536x1152.jpg 1536w, https:\/\/dancingboulevard.com\/wp-content\/uploads\/2015\/02\/DSC06231-2048x1536.jpg 2048w\" sizes=\"(max-width: 750px) 100vw, 750px\" \/>\t\t\t\t\t\t\t\t\t\t\t\t\t\t\t<\/div>\n\t\t\t\t<\/div>\n\t\t\t\t\t<\/div>\n\t\t<\/div>\n\t\t\t\t<div class=\"elementor-column elementor-col-33 elementor-top-column elementor-element elementor-element-rl605v1\" data-id=\"rl605v1\" data-element_type=\"column\" data-e-type=\"column\">\n\t\t\t<div class=\"elementor-widget-wrap elementor-element-populated\">\n\t\t\t\t\t\t<div class=\"elementor-element elementor-element-nvqlfbo elementor-widget elementor-widget-image\" data-id=\"nvqlfbo\" data-element_type=\"widget\" data-e-type=\"widget\" data-widget_type=\"image.default\">\n\t\t\t\t<div class=\"elementor-widget-container\">\n\t\t\t\t\t\t\t\t\t\t\t\t\t\t\t<img decoding=\"async\" width=\"750\" height=\"749\" src=\"https:\/\/dancingboulevard.com\/wp-content\/uploads\/2015\/02\/13217056_1536252220017590_8657415624167222968_o.jpg\" class=\"attachment-large size-large wp-image-960\" alt=\"\" srcset=\"https:\/\/dancingboulevard.com\/wp-content\/uploads\/2015\/02\/13217056_1536252220017590_8657415624167222968_o.jpg 1008w, https:\/\/dancingboulevard.com\/wp-content\/uploads\/2015\/02\/13217056_1536252220017590_8657415624167222968_o-300x300.jpg 300w, https:\/\/dancingboulevard.com\/wp-content\/uploads\/2015\/02\/13217056_1536252220017590_8657415624167222968_o-150x150.jpg 150w, https:\/\/dancingboulevard.com\/wp-content\/uploads\/2015\/02\/13217056_1536252220017590_8657415624167222968_o-768x767.jpg 768w\" sizes=\"(max-width: 750px) 100vw, 750px\" \/>\t\t\t\t\t\t\t\t\t\t\t\t\t\t\t<\/div>\n\t\t\t\t<\/div>\n\t\t\t\t\t<\/div>\n\t\t<\/div>\n\t\t\t\t<div class=\"elementor-column elementor-col-33 elementor-top-column elementor-element elementor-element-peahkfp\" data-id=\"peahkfp\" data-element_type=\"column\" data-e-type=\"column\">\n\t\t\t<div class=\"elementor-widget-wrap elementor-element-populated\">\n\t\t\t\t\t\t<div class=\"elementor-element elementor-element-fvgqe5v elementor-widget elementor-widget-image\" data-id=\"fvgqe5v\" data-element_type=\"widget\" data-e-type=\"widget\" data-widget_type=\"image.default\">\n\t\t\t\t<div class=\"elementor-widget-container\">\n\t\t\t\t\t\t\t\t\t\t\t\t\t\t\t<img decoding=\"async\" width=\"750\" height=\"563\" src=\"https:\/\/dancingboulevard.com\/wp-content\/uploads\/2015\/05\/DSC06228-1024x768.jpg\" class=\"attachment-large size-large wp-image-467\" alt=\"Campamento urbano\" srcset=\"https:\/\/dancingboulevard.com\/wp-content\/uploads\/2015\/05\/DSC06228-1024x768.jpg 1024w, https:\/\/dancingboulevard.com\/wp-content\/uploads\/2015\/05\/DSC06228-300x225.jpg 300w, https:\/\/dancingboulevard.com\/wp-content\/uploads\/2015\/05\/DSC06228-768x576.jpg 768w, https:\/\/dancingboulevard.com\/wp-content\/uploads\/2015\/05\/DSC06228-1536x1152.jpg 1536w, https:\/\/dancingboulevard.com\/wp-content\/uploads\/2015\/05\/DSC06228-2048x1536.jpg 2048w\" sizes=\"(max-width: 750px) 100vw, 750px\" \/>\t\t\t\t\t\t\t\t\t\t\t\t\t\t\t<\/div>\n\t\t\t\t<\/div>\n\t\t\t\t\t<\/div>\n\t\t<\/div>\n\t\t\t\t\t<\/div>\n\t\t<\/section>\n\t\t\t\t<section class=\"elementor-section elementor-top-section elementor-element elementor-element-nrd48fi elementor-section-boxed elementor-section-height-default elementor-section-height-default\" data-id=\"nrd48fi\" data-element_type=\"section\" data-e-type=\"section\">\n\t\t\t\t\t\t<div class=\"elementor-container elementor-column-gap-default\">\n\t\t\t\t\t<div class=\"elementor-column elementor-col-100 elementor-top-column elementor-element elementor-element-4brtv1w\" data-id=\"4brtv1w\" data-element_type=\"column\" data-e-type=\"column\">\n\t\t\t<div class=\"elementor-widget-wrap elementor-element-populated\">\n\t\t\t\t\t\t<div class=\"elementor-element elementor-element-z7k3si1 elementor-widget elementor-widget-text-editor\" data-id=\"z7k3si1\" data-element_type=\"widget\" data-e-type=\"widget\" data-widget_type=\"text-editor.default\">\n\t\t\t\t<div class=\"elementor-widget-container\">\n\t\t\t\t\t\t\t\t\t<p><span style=\"color: #000000;\">Los beneficios que aporta el Baile moderno a los mas peque\u00f1os son muchos. Puede que no los conozcas, por lo que te dejamos los mas comunes:<\/span><\/p>\n<ul>\n<li><span style=\"color: #000000;\">Mejora la coordinaci\u00f3n<\/span><\/li>\n<li><span style=\"color: #000000;\">Agilidad de movimientos<\/span><\/li>\n<li><span style=\"color: #000000;\">Equilibrio<\/span><\/li>\n<li><span style=\"color: #000000;\">Desarrollo Psicomotr\u00edz<\/span><\/li>\n<li><span style=\"color: #000000;\">Desarrollo Intelectual<\/span><\/li>\n<li><span style=\"color: #000000;\">Integraci\u00f3n social<\/span><\/li>\n<\/ul>\n<p><span style=\"color: #000000;\">El baile moderno requiere concentraci\u00f3n y disciplina. Cuanto antes el ni\u00f1o se habit\u00fae a ejercerlas m\u00e1s f\u00e1cil le ser\u00e1 aplicarlas a otras esferas de la vida, como la acad\u00e9mica. Por otro lado, el baile moderno genera en el ni\u00f1o una imagen positiva de su propio cuerpo y una auto-confianza en sus posibilidades, lo que previene posibles complejos y problemas psicol\u00f3gicos en la adolescencia (anorexia, bulimia\u2026).<\/span><\/p>\n<p><span style=\"color: #000000;\">Anima a tus hijos e hijas a practicar baile moderno.<\/span><\/p>\n<p><span style=\"color: #000000;\">Estamos a tu disposici\u00f3n en el Tel\u00e9fono <strong>6341 25 052<\/strong><\/span><\/p>\n<p><span style=\"color: #000000;\"><strong>Te dejamos ejemplos del tipo de m\u00fasica que bailan los mas peques en sus clases de baile moderno<\/strong><\/span><\/p>\t\t\t\t\t\t\t\t<\/div>\n\t\t\t\t<\/div>\n\t\t\t\t\t<\/div>\n\t\t<\/div>\n\t\t\t\t\t<\/div>\n\t\t<\/section>\n\t\t\t\t<section class=\"elementor-section elementor-top-section elementor-element elementor-element-idnyk99 elementor-section-boxed elementor-section-height-default elementor-section-height-default\" data-id=\"idnyk99\" data-element_type=\"section\" data-e-type=\"section\">\n\t\t\t\t\t\t<div class=\"elementor-container elementor-column-gap-default\">\n\t\t\t\t\t<div class=\"elementor-column elementor-col-100 elementor-top-column elementor-element elementor-element-kpgs110\" data-id=\"kpgs110\" data-element_type=\"column\" data-e-type=\"column\">\n\t\t\t<div class=\"elementor-widget-wrap elementor-element-populated\">\n\t\t\t\t\t\t<div class=\"elementor-element elementor-element-7vsml3g elementor-widget elementor-widget-text-editor\" data-id=\"7vsml3g\" data-element_type=\"widget\" data-e-type=\"widget\" data-widget_type=\"text-editor.default\">\n\t\t\t\t<div class=\"elementor-widget-container\">\n\t\t\t\t\t\t\t\t\t<iframe width=\"100%\" height=\"512\" src=\"https:\/\/www.youtube.com\/embed\/OPf0YbXqDm0\" frameborder=\"0\" allowfullscreen><\/iframe>\t\t\t\t\t\t\t\t<\/div>\n\t\t\t\t<\/div>\n\t\t\t\t\t<\/div>\n\t\t<\/div>\n\t\t\t\t\t<\/div>\n\t\t<\/section>\n\t\t\t\t<section class=\"elementor-section elementor-top-section elementor-element elementor-element-palfxzk elementor-section-boxed elementor-section-height-default elementor-section-height-default\" data-id=\"palfxzk\" data-element_type=\"section\" data-e-type=\"section\">\n\t\t\t\t\t\t<div class=\"elementor-container elementor-column-gap-default\">\n\t\t\t\t\t<div class=\"elementor-column elementor-col-100 elementor-top-column elementor-element elementor-element-a5wuqzt\" data-id=\"a5wuqzt\" data-element_type=\"column\" data-e-type=\"column\">\n\t\t\t<div class=\"elementor-widget-wrap elementor-element-populated\">\n\t\t\t\t\t\t<div class=\"elementor-element elementor-element-md5kdkx elementor-widget elementor-widget-text-editor\" data-id=\"md5kdkx\" data-element_type=\"widget\" data-e-type=\"widget\" data-widget_type=\"text-editor.default\">\n\t\t\t\t<div class=\"elementor-widget-container\">\n\t\t\t\t\t\t\t\t\t<iframe width=\"100%\" height=\"515\" src=\"https:\/\/www.youtube.com\/embed\/fRh_vgS2dFE\" frameborder=\"0\" allowfullscreen><\/iframe>\t\t\t\t\t\t\t\t<\/div>\n\t\t\t\t<\/div>\n\t\t\t\t\t<\/div>\n\t\t<\/div>\n\t\t\t\t\t<\/div>\n\t\t<\/section>\n\t\t\t\t<section class=\"elementor-section elementor-top-section elementor-element elementor-element-dldzfzo elementor-section-boxed elementor-section-height-default elementor-section-height-default\" data-id=\"dldzfzo\" data-element_type=\"section\" data-e-type=\"section\">\n\t\t\t\t\t\t<div class=\"elementor-container elementor-column-gap-default\">\n\t\t\t\t\t<div class=\"elementor-column elementor-col-100 elementor-top-column elementor-element elementor-element-23llz9l\" data-id=\"23llz9l\" data-element_type=\"column\" data-e-type=\"column\">\n\t\t\t<div class=\"elementor-widget-wrap elementor-element-populated\">\n\t\t\t\t\t\t<div class=\"elementor-element elementor-element-izz71pk elementor-widget elementor-widget-text-editor\" data-id=\"izz71pk\" data-element_type=\"widget\" data-e-type=\"widget\" data-widget_type=\"text-editor.default\">\n\t\t\t\t<div class=\"elementor-widget-container\">\n\t\t\t\t\t\t\t\t\t<iframe width=\"100%\" height=\"515\" src=\"https:\/\/www.youtube.com\/embed\/N9gPVG6R8Ec\" frameborder=\"0\" allowfullscreen><\/iframe>\t\t\t\t\t\t\t\t<\/div>\n\t\t\t\t<\/div>\n\t\t\t\t\t<\/div>\n\t\t<\/div>\n\t\t\t\t\t<\/div>\n\t\t<\/section>\n\t\t\t\t<\/div>","protected":false},"excerpt":{"rendered":"<p>Baile Moderno Ni\u00f1os Los beneficios que aporta el Baile moderno a los mas peque\u00f1os son muchos. Puede que no los conozcas, por lo que te dejamos los mas comunes: Mejora la coordinaci\u00f3n Agilidad de movimientos Equilibrio Desarrollo Psicomotr\u00edz Desarrollo Intelectual Integraci\u00f3n social El baile moderno requiere concentraci\u00f3n y disciplina. Cuanto [&hellip;]<\/p>\n","protected":false},"author":1,"featured_media":0,"parent":0,"menu_order":0,"comment_status":"closed","ping_status":"closed","template":"","meta":{"footnotes":"","_links_to":"","_links_to_target":""},"class_list":["post-882","page","type-page","status-publish","hentry"],"yoast_head":"<!-- This site is optimized with the Yoast SEO plugin v26.8 - https:\/\/yoast.com\/product\/yoast-seo-wordpress\/ -->\n<title>BAILE MODERNO NI\u00d1OS madrid<\/title>\n<meta name=\"description\" content=\"Anima a tus hijos e hijas a practicar Baile Moderno. Ademas de mejorar su condici\u00f3n f\u00edsica y ps\u00edquica, hacen lazos de amistad con sus compa\u00f1eros.\" \/>\n<meta name=\"robots\" content=\"index, follow, max-snippet:-1, max-image-preview:large, max-video-preview:-1\" \/>\n<link rel=\"canonical\" href=\"https:\/\/dancingboulevard.com\/en\/baile-moderno-ninos\/\" \/>\n<meta property=\"og:locale\" content=\"en_US\" \/>\n<meta property=\"og:type\" content=\"article\" \/>\n<meta property=\"og:title\" content=\"BAILE MODERNO NI\u00d1OS madrid\" \/>\n<meta property=\"og:description\" content=\"Anima a tus hijos e hijas a practicar Baile Moderno. Ademas de mejorar su condici\u00f3n f\u00edsica y ps\u00edquica, hacen lazos de amistad con sus compa\u00f1eros.\" \/>\n<meta property=\"og:url\" content=\"https:\/\/dancingboulevard.com\/en\/baile-moderno-ninos\/\" \/>\n<meta property=\"og:site_name\" content=\"Dancing Boulevard\" \/>\n<meta property=\"article:publisher\" content=\"https:\/\/www.facebook.com\/pages\/Dancing-Boulevard\/1425357731107040?fref=ts\" \/>\n<meta property=\"article:modified_time\" content=\"2024-07-30T19:54:06+00:00\" \/>\n<meta property=\"og:image\" content=\"https:\/\/dancingboulevard.com\/wp-content\/uploads\/2015\/02\/DSC06231-1024x768.jpg\" \/>\n<meta name=\"twitter:card\" content=\"summary_large_image\" \/>\n<meta name=\"twitter:label1\" content=\"Est. reading time\" \/>\n\t<meta name=\"twitter:data1\" content=\"1 minute\" \/>\n<!-- \/ Yoast SEO plugin. -->","yoast_head_json":{"title":"BAILE MODERNO NI\u00d1OS madrid","description":"Anima a tus hijos e hijas a practicar Baile Moderno. Ademas de mejorar su condici\u00f3n f\u00edsica y ps\u00edquica, hacen lazos de amistad con sus compa\u00f1eros.","robots":{"index":"index","follow":"follow","max-snippet":"max-snippet:-1","max-image-preview":"max-image-preview:large","max-video-preview":"max-video-preview:-1"},"canonical":"https:\/\/dancingboulevard.com\/en\/baile-moderno-ninos\/","og_locale":"en_US","og_type":"article","og_title":"BAILE MODERNO NI\u00d1OS madrid","og_description":"Anima a tus hijos e hijas a practicar Baile Moderno. Ademas de mejorar su condici\u00f3n f\u00edsica y ps\u00edquica, hacen lazos de amistad con sus compa\u00f1eros.","og_url":"https:\/\/dancingboulevard.com\/en\/baile-moderno-ninos\/","og_site_name":"Dancing Boulevard","article_publisher":"https:\/\/www.facebook.com\/pages\/Dancing-Boulevard\/1425357731107040?fref=ts","article_modified_time":"2024-07-30T19:54:06+00:00","og_image":[{"url":"https:\/\/dancingboulevard.com\/wp-content\/uploads\/2015\/02\/DSC06231-1024x768.jpg","type":"","width":"","height":""}],"twitter_card":"summary_large_image","twitter_misc":{"Est. reading time":"1 minute"},"schema":{"@context":"https:\/\/schema.org","@graph":[{"@type":"WebPage","@id":"https:\/\/dancingboulevard.com\/baile-moderno-ninos\/","url":"https:\/\/dancingboulevard.com\/baile-moderno-ninos\/","name":"BAILE MODERNO NI\u00d1OS madrid","isPartOf":{"@id":"https:\/\/dancingboulevard.com\/#website"},"primaryImageOfPage":{"@id":"https:\/\/dancingboulevard.com\/baile-moderno-ninos\/#primaryimage"},"image":{"@id":"https:\/\/dancingboulevard.com\/baile-moderno-ninos\/#primaryimage"},"thumbnailUrl":"https:\/\/dancingboulevard.com\/wp-content\/uploads\/2015\/02\/DSC06231-1024x768.jpg","datePublished":"2016-08-21T20:51:39+00:00","dateModified":"2024-07-30T19:54:06+00:00","description":"Anima a tus hijos e hijas a practicar Baile Moderno. Ademas de mejorar su condici\u00f3n f\u00edsica y ps\u00edquica, hacen lazos de amistad con sus compa\u00f1eros.","breadcrumb":{"@id":"https:\/\/dancingboulevard.com\/baile-moderno-ninos\/#breadcrumb"},"inLanguage":"en-US","potentialAction":[{"@type":"ReadAction","target":["https:\/\/dancingboulevard.com\/baile-moderno-ninos\/"]}]},{"@type":"ImageObject","inLanguage":"en-US","@id":"https:\/\/dancingboulevard.com\/baile-moderno-ninos\/#primaryimage","url":"https:\/\/dancingboulevard.com\/wp-content\/uploads\/2015\/02\/DSC06231-1024x768.jpg","contentUrl":"https:\/\/dancingboulevard.com\/wp-content\/uploads\/2015\/02\/DSC06231-1024x768.jpg"},{"@type":"BreadcrumbList","@id":"https:\/\/dancingboulevard.com\/baile-moderno-ninos\/#breadcrumb","itemListElement":[{"@type":"ListItem","position":1,"name":"Portada","item":"https:\/\/dancingboulevard.com\/"},{"@type":"ListItem","position":2,"name":"BAILE MODERNO PARA NI\u00d1OS\/AS"}]},{"@type":"WebSite","@id":"https:\/\/dancingboulevard.com\/#website","url":"https:\/\/dancingboulevard.com\/","name":"Dancing Boulevard","description":"ESCUELA DE BAILE","publisher":{"@id":"https:\/\/dancingboulevard.com\/#organization"},"potentialAction":[{"@type":"SearchAction","target":{"@type":"EntryPoint","urlTemplate":"https:\/\/dancingboulevard.com\/?s={search_term_string}"},"query-input":{"@type":"PropertyValueSpecification","valueRequired":true,"valueName":"search_term_string"}}],"inLanguage":"en-US"},{"@type":"Organization","@id":"https:\/\/dancingboulevard.com\/#organization","name":"Dancing Boulevard","url":"https:\/\/dancingboulevard.com\/","logo":{"@type":"ImageObject","inLanguage":"en-US","@id":"https:\/\/dancingboulevard.com\/#\/schema\/logo\/image\/","url":"https:\/\/dancingboulevard.com\/wp-content\/uploads\/2020\/04\/DancinBoulevard.png","contentUrl":"https:\/\/dancingboulevard.com\/wp-content\/uploads\/2020\/04\/DancinBoulevard.png","width":1990,"height":803,"caption":"Dancing Boulevard"},"image":{"@id":"https:\/\/dancingboulevard.com\/#\/schema\/logo\/image\/"},"sameAs":["https:\/\/www.facebook.com\/pages\/Dancing-Boulevard\/1425357731107040?fref=ts","https:\/\/www.instagram.com\/dancingboulevard\/"]}]}},"_links":{"self":[{"href":"http:\/\/dancingboulevard.com\/en\/wp-json\/wp\/v2\/pages\/882","targetHints":{"allow":["GET"]}}],"collection":[{"href":"http:\/\/dancingboulevard.com\/en\/wp-json\/wp\/v2\/pages"}],"about":[{"href":"http:\/\/dancingboulevard.com\/en\/wp-json\/wp\/v2\/types\/page"}],"author":[{"embeddable":true,"href":"http:\/\/dancingboulevard.com\/en\/wp-json\/wp\/v2\/users\/1"}],"replies":[{"embeddable":true,"href":"http:\/\/dancingboulevard.com\/en\/wp-json\/wp\/v2\/comments?post=882"}],"version-history":[{"count":4,"href":"http:\/\/dancingboulevard.com\/en\/wp-json\/wp\/v2\/pages\/882\/revisions"}],"predecessor-version":[{"id":20570,"href":"http:\/\/dancingboulevard.com\/en\/wp-json\/wp\/v2\/pages\/882\/revisions\/20570"}],"wp:attachment":[{"href":"http:\/\/dancingboulevard.com\/en\/wp-json\/wp\/v2\/media?parent=882"}],"curies":[{"name":"wp","href":"https:\/\/api.w.org\/{rel}","templated":true}]}}