{"id":744,"date":"2016-01-05T15:42:00","date_gmt":"2016-01-05T15:42:00","guid":{"rendered":"http:\/\/dancingboulevard.com\/?page_id=744"},"modified":"2021-05-08T11:25:02","modified_gmt":"2021-05-08T11:25:02","slug":"tango-basico","status":"publish","type":"page","link":"http:\/\/dancingboulevard.com\/en\/tango-basico\/","title":{"rendered":"Tango b\u00e1sico"},"content":{"rendered":"<p>Descubre nuestro curso de Tango b\u00e1sico, descubre la pasi\u00f3n de este baile. O ll\u00e1manos al 634 125 052 para informarte de grupos m\u00e1s avanzados.<\/p>\n<p>Para consultar nuestros <strong>HORARIOS<\/strong> pincha <a href=\"https:\/\/dancingboulevard.com\/bailes-y-horarios\/\">aqui<\/a><\/p>\n<p><a href=\"https:\/\/dancingboulevard.com\/wp-content\/uploads\/2016\/01\/tago1.jpg\"><img fetchpriority=\"high\" decoding=\"async\" class=\"aligncenter size-full wp-image-745\" src=\"https:\/\/dancingboulevard.com\/wp-content\/uploads\/2016\/01\/tago1.jpg\" alt=\"tago1\" width=\"1600\" height=\"1007\" srcset=\"https:\/\/dancingboulevard.com\/wp-content\/uploads\/2016\/01\/tago1.jpg 1600w, https:\/\/dancingboulevard.com\/wp-content\/uploads\/2016\/01\/tago1-300x189.jpg 300w, https:\/\/dancingboulevard.com\/wp-content\/uploads\/2016\/01\/tago1-1024x644.jpg 1024w, https:\/\/dancingboulevard.com\/wp-content\/uploads\/2016\/01\/tago1-768x483.jpg 768w, https:\/\/dancingboulevard.com\/wp-content\/uploads\/2016\/01\/tago1-1536x967.jpg 1536w\" sizes=\"(max-width: 1600px) 100vw, 1600px\" \/><\/a><\/p>\n<h2><\/h2>\n<h2>Desde Dancing Boulevard abrimos nuevo grupo de Tango iniciaci\u00f3n. \u00a0Aprender\u00e1s los pasos de Tango b\u00e1sico y descubrir\u00e1s r\u00e1pidamente tus avances. El Tango es un baile de mucho sentimiento y belleza y con pocas clases se notar\u00e1n enormemente tus avances.<\/h2>\n<p>\u00bfQue es lo que sientes cuando ves a una pareja bailar Tango? Aprende a dominar este baile que nos transmite tantas emociones.<\/p>\n<h2>Ll\u00e1manos sin compromiso al<strong> 634 125 052<\/strong><\/h2>\n<p><a href=\"https:\/\/dancingboulevard.com\/wp-content\/uploads\/2016\/01\/tango3.jpg\"><img decoding=\"async\" class=\"aligncenter size-full wp-image-748\" src=\"https:\/\/dancingboulevard.com\/wp-content\/uploads\/2016\/01\/tango3.jpg\" alt=\"tango3\" width=\"2896\" height=\"1944\" srcset=\"https:\/\/dancingboulevard.com\/wp-content\/uploads\/2016\/01\/tango3.jpg 2560w, https:\/\/dancingboulevard.com\/wp-content\/uploads\/2016\/01\/tango3-300x201.jpg 300w, https:\/\/dancingboulevard.com\/wp-content\/uploads\/2016\/01\/tango3-1024x687.jpg 1024w, https:\/\/dancingboulevard.com\/wp-content\/uploads\/2016\/01\/tango3-768x515.jpg 768w, https:\/\/dancingboulevard.com\/wp-content\/uploads\/2016\/01\/tango3-1536x1031.jpg 1536w, https:\/\/dancingboulevard.com\/wp-content\/uploads\/2016\/01\/tango3-2048x1374.jpg 2048w\" sizes=\"(max-width: 2896px) 100vw, 2896px\" \/><\/a><\/p>\n<p><a href=\"https:\/\/dancingboulevard.com\/bodas\/\">Y recuerda, si planeas una boda con un toque especial tambi\u00e9n puedes contactar con nosotros para hacerla inolvidable para todos pinchando aqu\u00ed!<\/a><\/p>\n<p><a href=\"https:\/\/dancingboulevard.com\/bodas\/\">Boda con Tango:<\/a><\/p>\n<p><iframe width=\"560\" height=\"315\" src=\"https:\/\/www.youtube.com\/embed\/zmVSKMcskUk\" frameborder=\"0\" allowfullscreen=\"allowfullscreen\"><\/iframe><\/p>\n<p><a href=\"https:\/\/dancingboulevard.com\/contacto\/\">Accede a nuestra informaci\u00f3n de contacto y ll\u00e1manos para informarte aqu\u00ed.<\/a><\/p>\n<p>O m\u00e1ndanos un correo:<\/p>\n<p>[contactformgenerator id=\u00bb1&#8243;]<\/p>\n<p><iframe width=\"560\" height=\"315\" src=\"https:\/\/www.youtube.com\/embed\/i3vsiiRK5GU\" frameborder=\"0\" allowfullscreen=\"allowfullscreen\"><\/iframe><\/p>\n<p>[wd_hustle id=\u00bbemail\u00bb]<\/p>\n","protected":false},"excerpt":{"rendered":"<p>Descubre nuestro curso de Tango b\u00e1sico, descubre la pasi\u00f3n de este baile. O ll\u00e1manos al 634 125 052 para informarte de grupos m\u00e1s avanzados. Para consultar nuestros HORARIOS pincha aqui Desde Dancing Boulevard abrimos nuevo grupo de Tango iniciaci\u00f3n. \u00a0Aprender\u00e1s los pasos de Tango b\u00e1sico y descubrir\u00e1s r\u00e1pidamente tus avances. [&hellip;]<\/p>\n","protected":false},"author":1,"featured_media":0,"parent":0,"menu_order":0,"comment_status":"closed","ping_status":"closed","template":"","meta":{"footnotes":"","_links_to":"","_links_to_target":""},"class_list":["post-744","page","type-page","status-publish","hentry"],"yoast_head":"<!-- This site is optimized with the Yoast SEO plugin v26.8 - https:\/\/yoast.com\/product\/yoast-seo-wordpress\/ -->\n<title>Tango b\u00e1sico - Dancing Boulevard<\/title>\n<meta name=\"description\" content=\"Descubre nuestro curso de Tango b\u00e1sico, descubre la pasi\u00f3n de este baile. En pocas clases te sorprender\u00e1s de tus avances. Metro Esperanza Madrid.\" \/>\n<meta name=\"robots\" content=\"index, follow, max-snippet:-1, max-image-preview:large, max-video-preview:-1\" \/>\n<link rel=\"canonical\" href=\"https:\/\/dancingboulevard.com\/en\/tango-basico\/\" \/>\n<meta property=\"og:locale\" content=\"en_US\" \/>\n<meta property=\"og:type\" content=\"article\" \/>\n<meta property=\"og:title\" content=\"Tango b\u00e1sico - Dancing Boulevard\" \/>\n<meta property=\"og:description\" content=\"Descubre nuestro curso de Tango b\u00e1sico, descubre la pasi\u00f3n de este baile. En pocas clases te sorprender\u00e1s de tus avances. Metro Esperanza Madrid.\" \/>\n<meta property=\"og:url\" content=\"https:\/\/dancingboulevard.com\/en\/tango-basico\/\" \/>\n<meta property=\"og:site_name\" content=\"Dancing Boulevard\" \/>\n<meta property=\"article:publisher\" content=\"https:\/\/www.facebook.com\/pages\/Dancing-Boulevard\/1425357731107040?fref=ts\" \/>\n<meta property=\"article:modified_time\" content=\"2021-05-08T11:25:02+00:00\" \/>\n<meta property=\"og:image\" content=\"https:\/\/dancingboulevard.com\/wp-content\/uploads\/2016\/01\/tago1.jpg\" \/>\n<meta name=\"twitter:card\" content=\"summary_large_image\" \/>\n<meta name=\"twitter:label1\" content=\"Est. reading time\" \/>\n\t<meta name=\"twitter:data1\" content=\"1 minute\" \/>\n<!-- \/ Yoast SEO plugin. -->","yoast_head_json":{"title":"Tango b\u00e1sico - Dancing Boulevard","description":"Descubre nuestro curso de Tango b\u00e1sico, descubre la pasi\u00f3n de este baile. En pocas clases te sorprender\u00e1s de tus avances. Metro Esperanza Madrid.","robots":{"index":"index","follow":"follow","max-snippet":"max-snippet:-1","max-image-preview":"max-image-preview:large","max-video-preview":"max-video-preview:-1"},"canonical":"https:\/\/dancingboulevard.com\/en\/tango-basico\/","og_locale":"en_US","og_type":"article","og_title":"Tango b\u00e1sico - Dancing Boulevard","og_description":"Descubre nuestro curso de Tango b\u00e1sico, descubre la pasi\u00f3n de este baile. En pocas clases te sorprender\u00e1s de tus avances. Metro Esperanza Madrid.","og_url":"https:\/\/dancingboulevard.com\/en\/tango-basico\/","og_site_name":"Dancing Boulevard","article_publisher":"https:\/\/www.facebook.com\/pages\/Dancing-Boulevard\/1425357731107040?fref=ts","article_modified_time":"2021-05-08T11:25:02+00:00","og_image":[{"url":"https:\/\/dancingboulevard.com\/wp-content\/uploads\/2016\/01\/tago1.jpg","type":"","width":"","height":""}],"twitter_card":"summary_large_image","twitter_misc":{"Est. reading time":"1 minute"},"schema":{"@context":"https:\/\/schema.org","@graph":[{"@type":"WebPage","@id":"https:\/\/dancingboulevard.com\/tango-basico\/","url":"https:\/\/dancingboulevard.com\/tango-basico\/","name":"Tango b\u00e1sico - Dancing Boulevard","isPartOf":{"@id":"https:\/\/dancingboulevard.com\/#website"},"primaryImageOfPage":{"@id":"https:\/\/dancingboulevard.com\/tango-basico\/#primaryimage"},"image":{"@id":"https:\/\/dancingboulevard.com\/tango-basico\/#primaryimage"},"thumbnailUrl":"https:\/\/dancingboulevard.com\/wp-content\/uploads\/2016\/01\/tago1.jpg","datePublished":"2016-01-05T15:42:00+00:00","dateModified":"2021-05-08T11:25:02+00:00","description":"Descubre nuestro curso de Tango b\u00e1sico, descubre la pasi\u00f3n de este baile. En pocas clases te sorprender\u00e1s de tus avances. Metro Esperanza Madrid.","breadcrumb":{"@id":"https:\/\/dancingboulevard.com\/tango-basico\/#breadcrumb"},"inLanguage":"en-US","potentialAction":[{"@type":"ReadAction","target":["https:\/\/dancingboulevard.com\/tango-basico\/"]}]},{"@type":"ImageObject","inLanguage":"en-US","@id":"https:\/\/dancingboulevard.com\/tango-basico\/#primaryimage","url":"https:\/\/dancingboulevard.com\/wp-content\/uploads\/2016\/01\/tago1.jpg","contentUrl":"https:\/\/dancingboulevard.com\/wp-content\/uploads\/2016\/01\/tago1.jpg"},{"@type":"BreadcrumbList","@id":"https:\/\/dancingboulevard.com\/tango-basico\/#breadcrumb","itemListElement":[{"@type":"ListItem","position":1,"name":"Portada","item":"https:\/\/dancingboulevard.com\/"},{"@type":"ListItem","position":2,"name":"Tango b\u00e1sico"}]},{"@type":"WebSite","@id":"https:\/\/dancingboulevard.com\/#website","url":"https:\/\/dancingboulevard.com\/","name":"Dancing Boulevard","description":"ESCUELA DE BAILE","publisher":{"@id":"https:\/\/dancingboulevard.com\/#organization"},"potentialAction":[{"@type":"SearchAction","target":{"@type":"EntryPoint","urlTemplate":"https:\/\/dancingboulevard.com\/?s={search_term_string}"},"query-input":{"@type":"PropertyValueSpecification","valueRequired":true,"valueName":"search_term_string"}}],"inLanguage":"en-US"},{"@type":"Organization","@id":"https:\/\/dancingboulevard.com\/#organization","name":"Dancing Boulevard","url":"https:\/\/dancingboulevard.com\/","logo":{"@type":"ImageObject","inLanguage":"en-US","@id":"https:\/\/dancingboulevard.com\/#\/schema\/logo\/image\/","url":"https:\/\/dancingboulevard.com\/wp-content\/uploads\/2020\/04\/DancinBoulevard.png","contentUrl":"https:\/\/dancingboulevard.com\/wp-content\/uploads\/2020\/04\/DancinBoulevard.png","width":1990,"height":803,"caption":"Dancing Boulevard"},"image":{"@id":"https:\/\/dancingboulevard.com\/#\/schema\/logo\/image\/"},"sameAs":["https:\/\/www.facebook.com\/pages\/Dancing-Boulevard\/1425357731107040?fref=ts","https:\/\/www.instagram.com\/dancingboulevard\/"]}]}},"_links":{"self":[{"href":"http:\/\/dancingboulevard.com\/en\/wp-json\/wp\/v2\/pages\/744","targetHints":{"allow":["GET"]}}],"collection":[{"href":"http:\/\/dancingboulevard.com\/en\/wp-json\/wp\/v2\/pages"}],"about":[{"href":"http:\/\/dancingboulevard.com\/en\/wp-json\/wp\/v2\/types\/page"}],"author":[{"embeddable":true,"href":"http:\/\/dancingboulevard.com\/en\/wp-json\/wp\/v2\/users\/1"}],"replies":[{"embeddable":true,"href":"http:\/\/dancingboulevard.com\/en\/wp-json\/wp\/v2\/comments?post=744"}],"version-history":[{"count":0,"href":"http:\/\/dancingboulevard.com\/en\/wp-json\/wp\/v2\/pages\/744\/revisions"}],"wp:attachment":[{"href":"http:\/\/dancingboulevard.com\/en\/wp-json\/wp\/v2\/media?parent=744"}],"curies":[{"name":"wp","href":"https:\/\/api.w.org\/{rel}","templated":true}]}}