{"id":725,"date":"2016-01-05T14:01:35","date_gmt":"2016-01-05T14:01:35","guid":{"rendered":"http:\/\/dancingboulevard.com\/?page_id=725"},"modified":"2023-08-16T13:41:26","modified_gmt":"2023-08-16T13:41:26","slug":"ritmos","status":"publish","type":"page","link":"http:\/\/dancingboulevard.com\/en\/ritmos\/","title":{"rendered":"Clases de Ritmos latinos, Nuevos grupos!!"},"content":{"rendered":"<p>Para aquellos que despu\u00e9s de las navidades quieran comenzar <a href=\"https:\/\/dancingboulevard.com\/en\/bailes-y-horarios\/\">nuevo curso<\/a> de una manera divertida y saludable y ya de paso atreverse con algo nuevo, os ofrecemos la posibilidad de disfrutar de nuestras clases grupales de Ritmos Latinos.<\/p>\n<h2>A lo largo del curso, en nuestras Clases de Ritmos Latinos os ense\u00f1aremos a conseguir soltura y estilo en Salsa Cubana, Bachata y Merengue.<\/h2>\n<p>Conoce nuestros nuevos <strong>SCHEDULE<\/strong> pinchando <a href=\"https:\/\/dancingboulevard.com\/en\/bailes-y-horarios\/\">aqui<\/a><\/p>\n<p><a href=\"https:\/\/dancingboulevard.com\/wp-content\/uploads\/2019\/12\/LATINOS-2020-BUENA.png\"><img fetchpriority=\"high\" decoding=\"async\" class=\"aligncenter wp-image-2122 size-full\" src=\"https:\/\/dancingboulevard.com\/wp-content\/uploads\/2019\/12\/LATINOS-2020-BUENA.png\" alt=\"\" width=\"959\" height=\"508\"><\/a><\/p>\n<p>Si los <a href=\"https:\/\/dancingboulevard.com\/en\/bailes-y-horarios\/\">horarios<\/a> que tenemos no te vienen bien y quieres proponernos cualquier otro horario o disciplina, comentanoslo. A veces surgen nuevos grupos y no est\u00e1n publicados con rapidez en la web. Estamos a tu disposici\u00f3n para ayudarte! Tel\u00e9fono&nbsp; <a href=\"https:\/\/dancingboulevard.com\/en\/contacto\/\"><strong>602 64 68 07<\/strong> <\/a>Ll\u00e1manos o env\u00edanos un wassap<\/p>\n<p>Desde el comienzo nuestra academia de baile ha tenido mucho \u00e9xito con sus Clases de Ritmos Latinos, y en el curso 2015-2016 nuestros alumnos m\u00e1s punteros participaron en una exhibici\u00f3n en uno de los congresos mas importantes de baile, Shango Baila.<\/p>\n<p><a href=\"https:\/\/dancingboulevard.com\/wp-content\/uploads\/2016\/01\/Shango-baila.jpg\"><img decoding=\"async\" class=\"aligncenter size-full wp-image-777\" src=\"https:\/\/dancingboulevard.com\/wp-content\/uploads\/2016\/01\/Shango-baila.jpg\" alt=\"Shango baila\" width=\"1353\" height=\"284\" srcset=\"https:\/\/dancingboulevard.com\/wp-content\/uploads\/2016\/01\/Shango-baila.jpg 1353w, https:\/\/dancingboulevard.com\/wp-content\/uploads\/2016\/01\/Shango-baila-300x63.jpg 300w, https:\/\/dancingboulevard.com\/wp-content\/uploads\/2016\/01\/Shango-baila-1024x215.jpg 1024w, https:\/\/dancingboulevard.com\/wp-content\/uploads\/2016\/01\/Shango-baila-768x161.jpg 768w\" sizes=\"(max-width: 1353px) 100vw, 1353px\" \/><\/a><\/p>\n<p>En este ultimo Curso 2016- 2017 , tambi\u00e9n hemos contado con participar en la tercera Edici\u00f3n de este congreso Shango Baila. Aqu\u00ed os dejamos un v\u00eddeo con la participaci\u00f3n de nuestros valientes alumnos en representaci\u00f3n de nuestra escuela.<\/p>\n<p><iframe width=\"560\" height=\"315\" src=\"https:\/\/www.youtube.com\/embed\/DkfTq6J91qU\" frameborder=\"0\" allowfullscreen=\"allowfullscreen\"><\/iframe><\/p>\n<p><a href=\"https:\/\/dancingboulevard.com\/wp-content\/uploads\/2016\/01\/shango-baila.jpg\"><img decoding=\"async\" class=\"aligncenter size-full wp-image-1217\" src=\"https:\/\/dancingboulevard.com\/wp-content\/uploads\/2016\/01\/shango-baila.jpg\" alt=\"\" width=\"346\" height=\"146\" srcset=\"https:\/\/dancingboulevard.com\/wp-content\/uploads\/2016\/01\/shango-baila.jpg 346w, https:\/\/dancingboulevard.com\/wp-content\/uploads\/2016\/01\/shango-baila-300x127.jpg 300w\" sizes=\"(max-width: 346px) 100vw, 346px\" \/><\/a><\/p>\n<p><a href=\"https:\/\/dancingboulevard.com\/wp-content\/uploads\/2016\/01\/IMG-20170822-WA0013.jpg\"><img loading=\"lazy\" decoding=\"async\" class=\"aligncenter size-full wp-image-1220\" src=\"https:\/\/dancingboulevard.com\/wp-content\/uploads\/2016\/01\/IMG-20170822-WA0013.jpg\" alt=\"\" width=\"1600\" height=\"900\" srcset=\"https:\/\/dancingboulevard.com\/wp-content\/uploads\/2016\/01\/IMG-20170822-WA0013.jpg 1600w, https:\/\/dancingboulevard.com\/wp-content\/uploads\/2016\/01\/IMG-20170822-WA0013-300x169.jpg 300w, https:\/\/dancingboulevard.com\/wp-content\/uploads\/2016\/01\/IMG-20170822-WA0013-1024x576.jpg 1024w, https:\/\/dancingboulevard.com\/wp-content\/uploads\/2016\/01\/IMG-20170822-WA0013-768x432.jpg 768w, https:\/\/dancingboulevard.com\/wp-content\/uploads\/2016\/01\/IMG-20170822-WA0013-1536x864.jpg 1536w\" sizes=\"(max-width: 1600px) 100vw, 1600px\" \/><\/a><\/p>\n<p><a href=\"https:\/\/dancingboulevard.com\/wp-content\/uploads\/2016\/01\/IMG-20170822-WA0012.jpg\"><img loading=\"lazy\" decoding=\"async\" class=\"aligncenter size-full wp-image-1219\" src=\"https:\/\/dancingboulevard.com\/wp-content\/uploads\/2016\/01\/IMG-20170822-WA0012.jpg\" alt=\"\" width=\"1600\" height=\"900\" srcset=\"https:\/\/dancingboulevard.com\/wp-content\/uploads\/2016\/01\/IMG-20170822-WA0012.jpg 1600w, https:\/\/dancingboulevard.com\/wp-content\/uploads\/2016\/01\/IMG-20170822-WA0012-300x169.jpg 300w, https:\/\/dancingboulevard.com\/wp-content\/uploads\/2016\/01\/IMG-20170822-WA0012-1024x576.jpg 1024w, https:\/\/dancingboulevard.com\/wp-content\/uploads\/2016\/01\/IMG-20170822-WA0012-768x432.jpg 768w, https:\/\/dancingboulevard.com\/wp-content\/uploads\/2016\/01\/IMG-20170822-WA0012-1536x864.jpg 1536w\" sizes=\"(max-width: 1600px) 100vw, 1600px\" \/><\/a><\/p>\n<p>\u00a1\u00a1Ll\u00e1manos sin compromiso al <strong>602 646 807!!<\/strong><\/p>\n<p><strong>En este a\u00f1o 2018 hemos hecho representaciones en teatro:&nbsp;<\/strong><\/p>\n<p>\u00a1Os dejamos nuestro canal de youtube donde tenemos muchas mas!&nbsp;<a href=\"https:\/\/www.youtube.com\/channel\/UCY2POwcDF9mYMdA-p-nDRNA\">https:\/\/www.youtube.com\/channel\/UCY2POwcDF9mYMdA-p-nDRNA<\/a><\/p>\n<p><iframe title=\"ACTUACI\u00d3N BACHATA FESTIVAL &quot;18\" width=\"750\" height=\"422\" src=\"https:\/\/www.youtube.com\/embed\/JVBmVmFu7Lc?feature=oembed&#038;enablejsapi=1&#038;origin=https:\/\/dancingboulevard.com\" frameborder=\"0\" allow=\"accelerometer; autoplay; clipboard-write; encrypted-media; gyroscope; picture-in-picture; web-share\" referrerpolicy=\"strict-origin-when-cross-origin\" allowfullscreen><\/iframe><\/p>\n<p><iframe title=\"ACTUACI\u00d3N SALSA CUBANA\" width=\"750\" height=\"422\" src=\"https:\/\/www.youtube.com\/embed\/2j4804KSRlQ?feature=oembed&#038;enablejsapi=1&#038;origin=https:\/\/dancingboulevard.com\" frameborder=\"0\" allow=\"accelerometer; autoplay; clipboard-write; encrypted-media; gyroscope; picture-in-picture; web-share\" referrerpolicy=\"strict-origin-when-cross-origin\" allowfullscreen><\/iframe><\/p>\n<p>\u00bfOs han gustado nuestros vestuarios? En nuestra escuela siempre cuidamos mucho hasta el m\u00ednimo detalle. Si vas a realizar una actuaci\u00f3n pr\u00f3ximamente y te han gustado nuestros dise\u00f1os, te recomendamos una web donde puedes \u00abcoger ideas\u00bb:<\/p>\n<p><a href=\"https:\/\/www.pinterest.es\/inesbpinillarom\/bailes-latinos-vestidos-zapatos\/\">https:\/\/www.pinterest.es\/inesbpinillarom\/bailes-latinos-vestidos-zapatos\/<\/a><\/p>\n<p><a href=\"https:\/\/dancingboulevard.com\/en\/contacto\/\">Accede a nuestra informaci\u00f3n de contacto pinchando aqu\u00ed.<\/a><\/p>","protected":false},"excerpt":{"rendered":"<p>Para aquellos que despu\u00e9s de las navidades quieran comenzar nuevo curso de una manera divertida y saludable y ya de paso atreverse con algo nuevo, os ofrecemos la posibilidad de disfrutar de nuestras clases grupales de Ritmos Latinos. A lo largo del curso, en nuestras Clases de Ritmos Latinos os [&hellip;]<\/p>\n","protected":false},"author":1,"featured_media":0,"parent":0,"menu_order":0,"comment_status":"closed","ping_status":"closed","template":"","meta":{"footnotes":"","_links_to":"","_links_to_target":""},"class_list":["post-725","page","type-page","status-publish","hentry"],"yoast_head":"<!-- This site is optimized with the Yoast SEO plugin v26.8 - https:\/\/yoast.com\/product\/yoast-seo-wordpress\/ -->\n<title>Clases de Ritmos latinos, Nuevos grupos!! - Dancing Boulevard<\/title>\n<meta name=\"description\" content=\"Para aquellos que quieran comenzar Septiembre de una manera divertida y saludable y ya de paso rebajar los excesos del verano. Ritmos latinos.\" \/>\n<meta name=\"robots\" content=\"index, follow, max-snippet:-1, max-image-preview:large, max-video-preview:-1\" \/>\n<link rel=\"canonical\" href=\"https:\/\/dancingboulevard.com\/en\/ritmos\/\" \/>\n<meta property=\"og:locale\" content=\"en_US\" \/>\n<meta property=\"og:type\" content=\"article\" \/>\n<meta property=\"og:title\" content=\"Clases de Ritmos latinos, Nuevos grupos!! - Dancing Boulevard\" \/>\n<meta property=\"og:description\" content=\"Para aquellos que quieran comenzar Septiembre de una manera divertida y saludable y ya de paso rebajar los excesos del verano. Ritmos latinos.\" \/>\n<meta property=\"og:url\" content=\"https:\/\/dancingboulevard.com\/en\/ritmos\/\" \/>\n<meta property=\"og:site_name\" content=\"Dancing Boulevard\" \/>\n<meta property=\"article:publisher\" content=\"https:\/\/www.facebook.com\/pages\/Dancing-Boulevard\/1425357731107040?fref=ts\" \/>\n<meta property=\"article:modified_time\" content=\"2023-08-16T13:41:26+00:00\" \/>\n<meta property=\"og:image\" content=\"https:\/\/dancingboulevard.com\/wp-content\/uploads\/2019\/12\/LATINOS-2020-BUENA.png\" \/>\n<meta name=\"twitter:card\" content=\"summary_large_image\" \/>\n<meta name=\"twitter:label1\" content=\"Est. reading time\" \/>\n\t<meta name=\"twitter:data1\" content=\"3 minutes\" \/>\n<!-- \/ Yoast SEO plugin. -->","yoast_head_json":{"title":"Clases de Ritmos latinos, Nuevos grupos!! - Dancing Boulevard","description":"Para aquellos que quieran comenzar Septiembre de una manera divertida y saludable y ya de paso rebajar los excesos del verano. Ritmos latinos.","robots":{"index":"index","follow":"follow","max-snippet":"max-snippet:-1","max-image-preview":"max-image-preview:large","max-video-preview":"max-video-preview:-1"},"canonical":"https:\/\/dancingboulevard.com\/en\/ritmos\/","og_locale":"en_US","og_type":"article","og_title":"Clases de Ritmos latinos, Nuevos grupos!! - Dancing Boulevard","og_description":"Para aquellos que quieran comenzar Septiembre de una manera divertida y saludable y ya de paso rebajar los excesos del verano. Ritmos latinos.","og_url":"https:\/\/dancingboulevard.com\/en\/ritmos\/","og_site_name":"Dancing Boulevard","article_publisher":"https:\/\/www.facebook.com\/pages\/Dancing-Boulevard\/1425357731107040?fref=ts","article_modified_time":"2023-08-16T13:41:26+00:00","og_image":[{"url":"https:\/\/dancingboulevard.com\/wp-content\/uploads\/2019\/12\/LATINOS-2020-BUENA.png","type":"","width":"","height":""}],"twitter_card":"summary_large_image","twitter_misc":{"Est. reading time":"3 minutes"},"schema":{"@context":"https:\/\/schema.org","@graph":[{"@type":"WebPage","@id":"https:\/\/dancingboulevard.com\/ritmos\/","url":"https:\/\/dancingboulevard.com\/ritmos\/","name":"Clases de Ritmos latinos, Nuevos grupos!! - Dancing Boulevard","isPartOf":{"@id":"https:\/\/dancingboulevard.com\/#website"},"primaryImageOfPage":{"@id":"https:\/\/dancingboulevard.com\/ritmos\/#primaryimage"},"image":{"@id":"https:\/\/dancingboulevard.com\/ritmos\/#primaryimage"},"thumbnailUrl":"https:\/\/dancingboulevard.com\/wp-content\/uploads\/2019\/12\/LATINOS-2020-BUENA.png","datePublished":"2016-01-05T14:01:35+00:00","dateModified":"2023-08-16T13:41:26+00:00","description":"Para aquellos que quieran comenzar Septiembre de una manera divertida y saludable y ya de paso rebajar los excesos del verano. Ritmos latinos.","breadcrumb":{"@id":"https:\/\/dancingboulevard.com\/ritmos\/#breadcrumb"},"inLanguage":"en-US","potentialAction":[{"@type":"ReadAction","target":["https:\/\/dancingboulevard.com\/ritmos\/"]}]},{"@type":"ImageObject","inLanguage":"en-US","@id":"https:\/\/dancingboulevard.com\/ritmos\/#primaryimage","url":"https:\/\/dancingboulevard.com\/wp-content\/uploads\/2019\/12\/LATINOS-2020-BUENA.png","contentUrl":"https:\/\/dancingboulevard.com\/wp-content\/uploads\/2019\/12\/LATINOS-2020-BUENA.png"},{"@type":"BreadcrumbList","@id":"https:\/\/dancingboulevard.com\/ritmos\/#breadcrumb","itemListElement":[{"@type":"ListItem","position":1,"name":"Portada","item":"https:\/\/dancingboulevard.com\/"},{"@type":"ListItem","position":2,"name":"Clases de Ritmos latinos, Nuevos grupos!!"}]},{"@type":"WebSite","@id":"https:\/\/dancingboulevard.com\/#website","url":"https:\/\/dancingboulevard.com\/","name":"Dancing Boulevard","description":"ESCUELA DE BAILE","publisher":{"@id":"https:\/\/dancingboulevard.com\/#organization"},"potentialAction":[{"@type":"SearchAction","target":{"@type":"EntryPoint","urlTemplate":"https:\/\/dancingboulevard.com\/?s={search_term_string}"},"query-input":{"@type":"PropertyValueSpecification","valueRequired":true,"valueName":"search_term_string"}}],"inLanguage":"en-US"},{"@type":"Organization","@id":"https:\/\/dancingboulevard.com\/#organization","name":"Dancing Boulevard","url":"https:\/\/dancingboulevard.com\/","logo":{"@type":"ImageObject","inLanguage":"en-US","@id":"https:\/\/dancingboulevard.com\/#\/schema\/logo\/image\/","url":"https:\/\/dancingboulevard.com\/wp-content\/uploads\/2020\/04\/DancinBoulevard.png","contentUrl":"https:\/\/dancingboulevard.com\/wp-content\/uploads\/2020\/04\/DancinBoulevard.png","width":1990,"height":803,"caption":"Dancing Boulevard"},"image":{"@id":"https:\/\/dancingboulevard.com\/#\/schema\/logo\/image\/"},"sameAs":["https:\/\/www.facebook.com\/pages\/Dancing-Boulevard\/1425357731107040?fref=ts","https:\/\/www.instagram.com\/dancingboulevard\/"]}]}},"_links":{"self":[{"href":"http:\/\/dancingboulevard.com\/en\/wp-json\/wp\/v2\/pages\/725","targetHints":{"allow":["GET"]}}],"collection":[{"href":"http:\/\/dancingboulevard.com\/en\/wp-json\/wp\/v2\/pages"}],"about":[{"href":"http:\/\/dancingboulevard.com\/en\/wp-json\/wp\/v2\/types\/page"}],"author":[{"embeddable":true,"href":"http:\/\/dancingboulevard.com\/en\/wp-json\/wp\/v2\/users\/1"}],"replies":[{"embeddable":true,"href":"http:\/\/dancingboulevard.com\/en\/wp-json\/wp\/v2\/comments?post=725"}],"version-history":[{"count":3,"href":"http:\/\/dancingboulevard.com\/en\/wp-json\/wp\/v2\/pages\/725\/revisions"}],"predecessor-version":[{"id":18082,"href":"http:\/\/dancingboulevard.com\/en\/wp-json\/wp\/v2\/pages\/725\/revisions\/18082"}],"wp:attachment":[{"href":"http:\/\/dancingboulevard.com\/en\/wp-json\/wp\/v2\/media?parent=725"}],"curies":[{"name":"wp","href":"https:\/\/api.w.org\/{rel}","templated":true}]}}