{"id":489,"date":"2015-08-24T12:15:23","date_gmt":"2015-08-24T12:15:23","guid":{"rendered":"http:\/\/dancingboulevard.com\/?page_id=489"},"modified":"2017-08-22T17:57:25","modified_gmt":"2017-08-22T17:57:25","slug":"regalos","status":"publish","type":"page","link":"http:\/\/dancingboulevard.com\/en\/regalos\/","title":{"rendered":"Regalos"},"content":{"rendered":"<p>\u00a1\u00a1Descubre m\u00e1s abajo nuestros <strong>dancingBox<\/strong> <strong>!!<\/strong><\/p>\n<p><a href=\"https:\/\/dancingboulevard.com\/wp-content\/uploads\/2015\/08\/regalo2-644x362.jpg\"><img fetchpriority=\"high\" decoding=\"async\" class=\"aligncenter size-full wp-image-490\" src=\"https:\/\/dancingboulevard.com\/wp-content\/uploads\/2015\/08\/regalo2-644x362.jpg\" alt=\"regalo2--644x362\" width=\"644\" height=\"362\" srcset=\"https:\/\/dancingboulevard.com\/wp-content\/uploads\/2015\/08\/regalo2-644x362.jpg 644w, https:\/\/dancingboulevard.com\/wp-content\/uploads\/2015\/08\/regalo2-644x362-300x169.jpg 300w\" sizes=\"(max-width: 644px) 100vw, 644px\" \/><\/a><\/p>\n<h2>DancingBox<\/h2>\n<p>Ll\u00e1manos y encuentra el regalo m\u00e1s original, consid\u00e9ralo el wonderbox del arte! (Y si has tenido malas experiencias con wonderbox, que yo las he tenido, no te preocupes, nosotros cumplimos con lo que decimos, y te quedar\u00e1s gratamente sorprendido\/a).<\/p>\n<p>Podr\u00e1s elegir entre regalar todo tipo de cursos de baile (intensivos, particulares, anuales&#8230;) pudiendo elegir que la persona a la que vaya destinado el regalo escoja cuando quiere apuntarse y que baile le gusta m\u00e1s.<\/p>\n<p>Podr\u00e1s venir a la academia para conocernos y si te convence, podremos entregarte en mano o enviarte a domicilio por correo nuestro <em><strong>dancingBox<\/strong><\/em>, que incluye un CD informativo con las actividades que le da derecho a realizar en nuestra escuela (en la que los distintos profesores dan una breve explicaci\u00f3n sobre su actividad) y una tarjeta de felicitaci\u00f3n.<\/p>\n<p>Ofrecemos tambi\u00e9n packs de canto y de guitarra, as\u00ed como organizaci\u00f3n de eventos (cumplea\u00f1os, bailes nupciales, pedidas de mano&#8230;) y muchas m\u00e1s cosas. \u00a1Ll\u00e1manos al 602 64 68 07 para informarte!<\/p>\n<p>Si a tu pareja, amig@&#8230;, le encanta el baile y quieres darle una sorpresa el d\u00eda de su cumplea\u00f1os, nosotros organizamos con un monitor, un taller de baile ameno, divertido y en el que aprend\u00e9is pasos con los que divertiros, con todos los invitados del cumplea\u00f1os. Es un regalo muy solicitado \u00faltimamente, que tiene muy buena aceptaci\u00f3n, precio asequible y una forma de interactuar con todo el mundo de manera original. Haz de ese cumplea\u00f1os, un momento \u00fanico para recordar.<\/p>\n<p>&nbsp;<\/p>\n<p>Ll\u00e1manos sin compromiso y te aclararemos cualquier duda: <a href=\"https:\/\/dancingboulevard.com\/en\/contacto\/\"><strong>602 646 807<\/strong><\/a><\/p>\n<p><img decoding=\"async\" src=\"http:\/\/cdn.glamour.mx\/uploads\/images\/thumbs\/201307\/amor_5467_641x427.jpg\" alt=\"\" \/><\/p>\n<p><a href=\"https:\/\/dancingboulevard.com\/wp-content\/uploads\/2015\/02\/10531439_1432079353768211_8508485080442668242_o.jpg\"><img decoding=\"async\" class=\"aligncenter size-full wp-image-962\" src=\"https:\/\/dancingboulevard.com\/wp-content\/uploads\/2015\/02\/10531439_1432079353768211_8508485080442668242_o.jpg\" alt=\"\" width=\"1280\" height=\"720\" srcset=\"https:\/\/dancingboulevard.com\/wp-content\/uploads\/2015\/02\/10531439_1432079353768211_8508485080442668242_o.jpg 1280w, https:\/\/dancingboulevard.com\/wp-content\/uploads\/2015\/02\/10531439_1432079353768211_8508485080442668242_o-300x169.jpg 300w, https:\/\/dancingboulevard.com\/wp-content\/uploads\/2015\/02\/10531439_1432079353768211_8508485080442668242_o-1024x576.jpg 1024w, https:\/\/dancingboulevard.com\/wp-content\/uploads\/2015\/02\/10531439_1432079353768211_8508485080442668242_o-768x432.jpg 768w\" sizes=\"(max-width: 1280px) 100vw, 1280px\" \/><\/a><\/p>\n<p><a href=\"https:\/\/dancingboulevard.com\/wp-content\/uploads\/2015\/02\/20160706_194341.jpg\"><img decoding=\"async\" class=\"aligncenter size-full wp-image-965\" src=\"https:\/\/dancingboulevard.com\/wp-content\/uploads\/2015\/02\/20160706_194341.jpg\" alt=\"\" width=\"1906\" height=\"1073\" srcset=\"https:\/\/dancingboulevard.com\/wp-content\/uploads\/2015\/02\/20160706_194341.jpg 1906w, https:\/\/dancingboulevard.com\/wp-content\/uploads\/2015\/02\/20160706_194341-300x169.jpg 300w, https:\/\/dancingboulevard.com\/wp-content\/uploads\/2015\/02\/20160706_194341-1024x576.jpg 1024w, https:\/\/dancingboulevard.com\/wp-content\/uploads\/2015\/02\/20160706_194341-768x432.jpg 768w, https:\/\/dancingboulevard.com\/wp-content\/uploads\/2015\/02\/20160706_194341-1536x865.jpg 1536w\" sizes=\"(max-width: 1906px) 100vw, 1906px\" \/><\/a><\/p>\n<p>&nbsp;<\/p>","protected":false},"excerpt":{"rendered":"<p>\u00a1\u00a1Descubre m\u00e1s abajo nuestros dancingBox !! DancingBox Ll\u00e1manos y encuentra el regalo m\u00e1s original, consid\u00e9ralo el wonderbox del arte! (Y si has tenido malas experiencias con wonderbox, que yo las he tenido, no te preocupes, nosotros cumplimos con lo que decimos, y te quedar\u00e1s gratamente sorprendido\/a). Podr\u00e1s elegir entre regalar [&hellip;]<\/p>\n","protected":false},"author":1,"featured_media":0,"parent":0,"menu_order":0,"comment_status":"closed","ping_status":"closed","template":"","meta":{"footnotes":"","_links_to":"","_links_to_target":""},"class_list":["post-489","page","type-page","status-publish","hentry"],"yoast_head":"<!-- This site is optimized with the Yoast SEO plugin v26.8 - https:\/\/yoast.com\/product\/yoast-seo-wordpress\/ -->\n<title>Regalos - baile rom\u00e1ntico - dancingBox<\/title>\n<meta name=\"description\" content=\"Dancingbox Ll\u00e1manos y encuentra el regalo m\u00e1s original, consid\u00e9ralo el wonderbox del arte! Regala a tu pareja una Cata de vinos y queso con Baile Rom\u00e1ntico\" \/>\n<meta name=\"robots\" content=\"index, follow, max-snippet:-1, max-image-preview:large, max-video-preview:-1\" \/>\n<link rel=\"canonical\" href=\"https:\/\/dancingboulevard.com\/en\/regalos\/\" \/>\n<meta property=\"og:locale\" content=\"en_US\" \/>\n<meta property=\"og:type\" content=\"article\" \/>\n<meta property=\"og:title\" content=\"Regalos - baile rom\u00e1ntico - dancingBox\" \/>\n<meta property=\"og:description\" content=\"Dancingbox Ll\u00e1manos y encuentra el regalo m\u00e1s original, consid\u00e9ralo el wonderbox del arte! Regala a tu pareja una Cata de vinos y queso con Baile Rom\u00e1ntico\" \/>\n<meta property=\"og:url\" content=\"https:\/\/dancingboulevard.com\/en\/regalos\/\" \/>\n<meta property=\"og:site_name\" content=\"Dancing Boulevard\" \/>\n<meta property=\"article:publisher\" content=\"https:\/\/www.facebook.com\/pages\/Dancing-Boulevard\/1425357731107040?fref=ts\" \/>\n<meta property=\"article:modified_time\" content=\"2017-08-22T17:57:25+00:00\" \/>\n<meta property=\"og:image\" content=\"https:\/\/dancingboulevard.com\/wp-content\/uploads\/2015\/08\/regalo2-644x362.jpg\" \/>\n<meta name=\"twitter:card\" content=\"summary_large_image\" \/>\n<meta name=\"twitter:label1\" content=\"Est. reading time\" \/>\n\t<meta name=\"twitter:data1\" content=\"1 minute\" \/>\n<!-- \/ Yoast SEO plugin. -->","yoast_head_json":{"title":"Regalos - baile rom\u00e1ntico - dancingBox","description":"Dancingbox Ll\u00e1manos y encuentra el regalo m\u00e1s original, consid\u00e9ralo el wonderbox del arte! Regala a tu pareja una Cata de vinos y queso con Baile Rom\u00e1ntico","robots":{"index":"index","follow":"follow","max-snippet":"max-snippet:-1","max-image-preview":"max-image-preview:large","max-video-preview":"max-video-preview:-1"},"canonical":"https:\/\/dancingboulevard.com\/en\/regalos\/","og_locale":"en_US","og_type":"article","og_title":"Regalos - baile rom\u00e1ntico - dancingBox","og_description":"Dancingbox Ll\u00e1manos y encuentra el regalo m\u00e1s original, consid\u00e9ralo el wonderbox del arte! Regala a tu pareja una Cata de vinos y queso con Baile Rom\u00e1ntico","og_url":"https:\/\/dancingboulevard.com\/en\/regalos\/","og_site_name":"Dancing Boulevard","article_publisher":"https:\/\/www.facebook.com\/pages\/Dancing-Boulevard\/1425357731107040?fref=ts","article_modified_time":"2017-08-22T17:57:25+00:00","og_image":[{"url":"https:\/\/dancingboulevard.com\/wp-content\/uploads\/2015\/08\/regalo2-644x362.jpg","type":"","width":"","height":""}],"twitter_card":"summary_large_image","twitter_misc":{"Est. reading time":"1 minute"},"schema":{"@context":"https:\/\/schema.org","@graph":[{"@type":"WebPage","@id":"https:\/\/dancingboulevard.com\/regalos\/","url":"https:\/\/dancingboulevard.com\/regalos\/","name":"Regalos - baile rom\u00e1ntico - dancingBox","isPartOf":{"@id":"https:\/\/dancingboulevard.com\/#website"},"primaryImageOfPage":{"@id":"https:\/\/dancingboulevard.com\/regalos\/#primaryimage"},"image":{"@id":"https:\/\/dancingboulevard.com\/regalos\/#primaryimage"},"thumbnailUrl":"https:\/\/dancingboulevard.com\/wp-content\/uploads\/2015\/08\/regalo2-644x362.jpg","datePublished":"2015-08-24T12:15:23+00:00","dateModified":"2017-08-22T17:57:25+00:00","description":"Dancingbox Ll\u00e1manos y encuentra el regalo m\u00e1s original, consid\u00e9ralo el wonderbox del arte! Regala a tu pareja una Cata de vinos y queso con Baile Rom\u00e1ntico","breadcrumb":{"@id":"https:\/\/dancingboulevard.com\/regalos\/#breadcrumb"},"inLanguage":"en-US","potentialAction":[{"@type":"ReadAction","target":["https:\/\/dancingboulevard.com\/regalos\/"]}]},{"@type":"ImageObject","inLanguage":"en-US","@id":"https:\/\/dancingboulevard.com\/regalos\/#primaryimage","url":"https:\/\/dancingboulevard.com\/wp-content\/uploads\/2015\/08\/regalo2-644x362.jpg","contentUrl":"https:\/\/dancingboulevard.com\/wp-content\/uploads\/2015\/08\/regalo2-644x362.jpg"},{"@type":"BreadcrumbList","@id":"https:\/\/dancingboulevard.com\/regalos\/#breadcrumb","itemListElement":[{"@type":"ListItem","position":1,"name":"Portada","item":"https:\/\/dancingboulevard.com\/"},{"@type":"ListItem","position":2,"name":"Regalos"}]},{"@type":"WebSite","@id":"https:\/\/dancingboulevard.com\/#website","url":"https:\/\/dancingboulevard.com\/","name":"Dancing Boulevard","description":"ESCUELA DE BAILE","publisher":{"@id":"https:\/\/dancingboulevard.com\/#organization"},"potentialAction":[{"@type":"SearchAction","target":{"@type":"EntryPoint","urlTemplate":"https:\/\/dancingboulevard.com\/?s={search_term_string}"},"query-input":{"@type":"PropertyValueSpecification","valueRequired":true,"valueName":"search_term_string"}}],"inLanguage":"en-US"},{"@type":"Organization","@id":"https:\/\/dancingboulevard.com\/#organization","name":"Dancing Boulevard","url":"https:\/\/dancingboulevard.com\/","logo":{"@type":"ImageObject","inLanguage":"en-US","@id":"https:\/\/dancingboulevard.com\/#\/schema\/logo\/image\/","url":"https:\/\/dancingboulevard.com\/wp-content\/uploads\/2020\/04\/DancinBoulevard.png","contentUrl":"https:\/\/dancingboulevard.com\/wp-content\/uploads\/2020\/04\/DancinBoulevard.png","width":1990,"height":803,"caption":"Dancing Boulevard"},"image":{"@id":"https:\/\/dancingboulevard.com\/#\/schema\/logo\/image\/"},"sameAs":["https:\/\/www.facebook.com\/pages\/Dancing-Boulevard\/1425357731107040?fref=ts","https:\/\/www.instagram.com\/dancingboulevard\/"]}]}},"_links":{"self":[{"href":"http:\/\/dancingboulevard.com\/en\/wp-json\/wp\/v2\/pages\/489","targetHints":{"allow":["GET"]}}],"collection":[{"href":"http:\/\/dancingboulevard.com\/en\/wp-json\/wp\/v2\/pages"}],"about":[{"href":"http:\/\/dancingboulevard.com\/en\/wp-json\/wp\/v2\/types\/page"}],"author":[{"embeddable":true,"href":"http:\/\/dancingboulevard.com\/en\/wp-json\/wp\/v2\/users\/1"}],"replies":[{"embeddable":true,"href":"http:\/\/dancingboulevard.com\/en\/wp-json\/wp\/v2\/comments?post=489"}],"version-history":[{"count":0,"href":"http:\/\/dancingboulevard.com\/en\/wp-json\/wp\/v2\/pages\/489\/revisions"}],"wp:attachment":[{"href":"http:\/\/dancingboulevard.com\/en\/wp-json\/wp\/v2\/media?parent=489"}],"curies":[{"name":"wp","href":"https:\/\/api.w.org\/{rel}","templated":true}]}}