{"id":1743,"date":"2018-09-06T16:39:15","date_gmt":"2018-09-06T16:39:15","guid":{"rendered":"http:\/\/dancingboulevard.com\/?page_id=1743"},"modified":"2021-09-04T10:48:57","modified_gmt":"2021-09-04T10:48:57","slug":"gimnasia-mantenimiento-g-p","status":"publish","type":"page","link":"http:\/\/dancingboulevard.com\/en\/gimnasia-mantenimiento-g-p\/","title":{"rendered":"Gimnasia de mantenimiento y G.A.P."},"content":{"rendered":"<div data-elementor-type=\"wp-post\" data-elementor-id=\"1743\" class=\"elementor elementor-1743\">\n\t\t\t\t\t\t<section class=\"elementor-section elementor-top-section elementor-element elementor-element-plnlxyh elementor-section-boxed elementor-section-height-default elementor-section-height-default\" data-id=\"plnlxyh\" data-element_type=\"section\" data-e-type=\"section\">\n\t\t\t\t\t\t<div class=\"elementor-container elementor-column-gap-default\">\n\t\t\t\t\t<div class=\"elementor-column elementor-col-100 elementor-top-column elementor-element elementor-element-f9v848i\" data-id=\"f9v848i\" data-element_type=\"column\" data-e-type=\"column\">\n\t\t\t<div class=\"elementor-widget-wrap elementor-element-populated\">\n\t\t\t\t\t\t<div class=\"elementor-element elementor-element-9cd29o6 elementor-widget elementor-widget-heading\" data-id=\"9cd29o6\" data-element_type=\"widget\" data-e-type=\"widget\" data-widget_type=\"heading.default\">\n\t\t\t\t<div class=\"elementor-widget-container\">\n\t\t\t\t\t<h2 class=\"elementor-heading-title elementor-size-default\">GIMNASIA DE MANTENIMIENTO Y G.A.P.<\/h2>\t\t\t\t<\/div>\n\t\t\t\t<\/div>\n\t\t\t\t\t<\/div>\n\t\t<\/div>\n\t\t\t\t\t<\/div>\n\t\t<\/section>\n\t\t\t\t<section class=\"elementor-section elementor-top-section elementor-element elementor-element-bnxybxf elementor-section-boxed elementor-section-height-default elementor-section-height-default\" data-id=\"bnxybxf\" data-element_type=\"section\" data-e-type=\"section\">\n\t\t\t\t\t\t<div class=\"elementor-container elementor-column-gap-default\">\n\t\t\t\t\t<div class=\"elementor-column elementor-col-100 elementor-top-column elementor-element elementor-element-5hg5ki6\" data-id=\"5hg5ki6\" data-element_type=\"column\" data-e-type=\"column\">\n\t\t\t<div class=\"elementor-widget-wrap elementor-element-populated\">\n\t\t\t\t\t\t<div class=\"elementor-element elementor-element-pknrgoi elementor-invisible elementor-widget elementor-widget-text-editor\" data-id=\"pknrgoi\" data-element_type=\"widget\" data-e-type=\"widget\" data-settings=\"{&quot;_animation&quot;:&quot;bounceIn&quot;}\" data-widget_type=\"text-editor.default\">\n\t\t\t\t<div class=\"elementor-widget-container\">\n\t\t\t\t\t\t\t\t\t<p><strong>Disfruta de nuestras clases de gimnasia de mantenimiento y G.A.P. por las ma\u00f1anas\u00a0 . <\/strong><\/p><p><strong>Todos los Martes y los Viernes de 10:00 a 11:00<\/strong><\/p>\t\t\t\t\t\t\t\t<\/div>\n\t\t\t\t<\/div>\n\t\t\t\t\t<\/div>\n\t\t<\/div>\n\t\t\t\t\t<\/div>\n\t\t<\/section>\n\t\t\t\t<section class=\"elementor-section elementor-top-section elementor-element elementor-element-b03c696 elementor-section-boxed elementor-section-height-default elementor-section-height-default\" data-id=\"b03c696\" data-element_type=\"section\" data-e-type=\"section\">\n\t\t\t\t\t\t<div class=\"elementor-container elementor-column-gap-default\">\n\t\t\t\t\t<div class=\"elementor-column elementor-col-100 elementor-top-column elementor-element elementor-element-e03f7f0\" data-id=\"e03f7f0\" data-element_type=\"column\" data-e-type=\"column\">\n\t\t\t<div class=\"elementor-widget-wrap elementor-element-populated\">\n\t\t\t\t\t\t<div class=\"elementor-element elementor-element-41e3a82 elementor-widget elementor-widget-text-editor\" data-id=\"41e3a82\" data-element_type=\"widget\" data-e-type=\"widget\" data-widget_type=\"text-editor.default\">\n\t\t\t\t<div class=\"elementor-widget-container\">\n\t\t\t\t\t\t\t\t\t<p>Si los horarios que tenemos no te vienen bien y quieres proponernos cualquier otro horario o disciplina, comentanoslo. A veces surgen nuevos grupos y no est\u00e1n publicados con rapidez en la web. Estamos a tu disposici\u00f3n para ayudarte! Tel\u00e9fono\u00a0 634 125 052\u00a0Ll\u00e1manos o env\u00edanos un wassap<\/p>\t\t\t\t\t\t\t\t<\/div>\n\t\t\t\t<\/div>\n\t\t\t\t\t<\/div>\n\t\t<\/div>\n\t\t\t\t\t<\/div>\n\t\t<\/section>\n\t\t\t\t<section class=\"elementor-section elementor-top-section elementor-element elementor-element-0ktlouv elementor-section-boxed elementor-section-height-default elementor-section-height-default\" data-id=\"0ktlouv\" data-element_type=\"section\" data-e-type=\"section\">\n\t\t\t\t\t\t<div class=\"elementor-container elementor-column-gap-default\">\n\t\t\t\t\t<div class=\"elementor-column elementor-col-100 elementor-top-column elementor-element elementor-element-j1360m3\" data-id=\"j1360m3\" data-element_type=\"column\" data-e-type=\"column\">\n\t\t\t<div class=\"elementor-widget-wrap elementor-element-populated\">\n\t\t\t\t\t\t<div class=\"elementor-element elementor-element-p7uudus elementor-widget elementor-widget-text-editor\" data-id=\"p7uudus\" data-element_type=\"widget\" data-e-type=\"widget\" data-widget_type=\"text-editor.default\">\n\t\t\t\t<div class=\"elementor-widget-container\">\n\t\t\t\t\t\t\t\t\t<p>GIMNASIA DE MANTENIMIENTO<\/p><p>Es el ejercicio m\u00ednimo que toda persona debe realizar para mantenerse sana.<\/p><p>El sedentarismo no es saludable. Si no realizamos nada de actividad f\u00edsica aumenta el riesgo de padecer entre otras dolencias: enfermedades cardiovasculares (infarto), osteoarticulares (artrosis, osteoporosis), metab\u00f3licas (sobrepeso y obesidad).<\/p><p>Con la gimnasia de mantenimiento tratamos de conservar el cuerpo en forma, en todos sus aspectos.<\/p><p>El objetivo es mantener una constituci\u00f3n flexible, \u00e1gil, potente, con una educaci\u00f3n postural correcta, conociendo y pudiendo controlar el trabajo realizado por el cuerpo. entre otras cosas<\/p>\t\t\t\t\t\t\t\t<\/div>\n\t\t\t\t<\/div>\n\t\t\t\t\t<\/div>\n\t\t<\/div>\n\t\t\t\t\t<\/div>\n\t\t<\/section>\n\t\t\t\t<section class=\"elementor-section elementor-top-section elementor-element elementor-element-ijrgg18 elementor-section-boxed elementor-section-height-default elementor-section-height-default\" data-id=\"ijrgg18\" data-element_type=\"section\" data-e-type=\"section\">\n\t\t\t\t\t\t<div class=\"elementor-container elementor-column-gap-default\">\n\t\t\t\t\t<div class=\"elementor-column elementor-col-100 elementor-top-column elementor-element elementor-element-zt14nhs\" data-id=\"zt14nhs\" data-element_type=\"column\" data-e-type=\"column\">\n\t\t\t<div class=\"elementor-widget-wrap elementor-element-populated\">\n\t\t\t\t\t\t<div class=\"elementor-element elementor-element-l7e31vx elementor-widget elementor-widget-image\" data-id=\"l7e31vx\" data-element_type=\"widget\" data-e-type=\"widget\" data-widget_type=\"image.default\">\n\t\t\t\t<div class=\"elementor-widget-container\">\n\t\t\t\t\t\t\t\t\t\t\t\t\t\t\t<img decoding=\"async\" src=\"http:\/\/dancingboulevard.com\/wp-content\/uploads\/2018\/09\/GAP-ejercicios.jpg\" title=\"\" alt=\"\" loading=\"lazy\" \/>\t\t\t\t\t\t\t\t\t\t\t\t\t\t\t<\/div>\n\t\t\t\t<\/div>\n\t\t\t\t\t<\/div>\n\t\t<\/div>\n\t\t\t\t\t<\/div>\n\t\t<\/section>\n\t\t\t\t<section class=\"elementor-section elementor-top-section elementor-element elementor-element-v3o7bup elementor-section-boxed elementor-section-height-default elementor-section-height-default\" data-id=\"v3o7bup\" data-element_type=\"section\" data-e-type=\"section\">\n\t\t\t\t\t\t<div class=\"elementor-container elementor-column-gap-default\">\n\t\t\t\t\t<div class=\"elementor-column elementor-col-100 elementor-top-column elementor-element elementor-element-bubp6fy\" data-id=\"bubp6fy\" data-element_type=\"column\" data-e-type=\"column\">\n\t\t\t<div class=\"elementor-widget-wrap elementor-element-populated\">\n\t\t\t\t\t\t<div class=\"elementor-element elementor-element-p96rnke elementor-widget elementor-widget-text-editor\" data-id=\"p96rnke\" data-element_type=\"widget\" data-e-type=\"widget\" data-widget_type=\"text-editor.default\">\n\t\t\t\t<div class=\"elementor-widget-container\">\n\t\t\t\t\t\t\t\t\t<p>G.A.P.<\/p><p>Este tipo de entrenamiento es espec\u00edfico para los gl\u00fateos, abdominales y piernas<\/p><p>Practicar GAP sirve para fortalecer y tonificar esas tres partes del cuerpo, muy sufridas por la vida sedentaria, y que mucha gente quiere mejorar, sobre todo, las mujeres.<\/p><p>Es una forma de trabajar el cuerpo de cintura para abajo. No te vamos a enga\u00f1ar, los ejercicios est\u00e1n tan localizados que producen, sobre todo en las primeras sesiones, muchas agujetas. Pero no te desanimes porque los resultados se notan relativamente pronto.<\/p><p>Para volverte a levantar el \u00e1nimo, todo esto puedes conseguir practicando GAP:<\/p><ul><li>Vientre m\u00e1s plano<\/li><li>Cintura m\u00e1s definida<\/li><li>Piernas con mejor tono<\/li><li>Gl\u00fateos endurecidos<\/li><li>Mayor resistencia<\/li><li>Mejora de la circulaci\u00f3n sangu\u00ednea<\/li><\/ul>\t\t\t\t\t\t\t\t<\/div>\n\t\t\t\t<\/div>\n\t\t\t\t\t<\/div>\n\t\t<\/div>\n\t\t\t\t\t<\/div>\n\t\t<\/section>\n\t\t\t\t<section class=\"elementor-section elementor-top-section elementor-element elementor-element-k11demc elementor-section-boxed elementor-section-height-default elementor-section-height-default\" data-id=\"k11demc\" data-element_type=\"section\" data-e-type=\"section\">\n\t\t\t\t\t\t<div class=\"elementor-container elementor-column-gap-default\">\n\t\t\t\t\t<div class=\"elementor-column elementor-col-50 elementor-top-column elementor-element elementor-element-guaefuv\" data-id=\"guaefuv\" data-element_type=\"column\" data-e-type=\"column\">\n\t\t\t<div class=\"elementor-widget-wrap elementor-element-populated\">\n\t\t\t\t\t\t<div class=\"elementor-element elementor-element-m20xwwn elementor-widget elementor-widget-image\" data-id=\"m20xwwn\" data-element_type=\"widget\" data-e-type=\"widget\" data-widget_type=\"image.default\">\n\t\t\t\t<div class=\"elementor-widget-container\">\n\t\t\t\t\t\t\t\t\t\t\t\t\t\t\t<img decoding=\"async\" src=\"http:\/\/dancingboulevard.com\/wp-content\/uploads\/2018\/09\/10.png\" title=\"\" alt=\"\" loading=\"lazy\" \/>\t\t\t\t\t\t\t\t\t\t\t\t\t\t\t<\/div>\n\t\t\t\t<\/div>\n\t\t\t\t\t<\/div>\n\t\t<\/div>\n\t\t\t\t<div class=\"elementor-column elementor-col-50 elementor-top-column elementor-element elementor-element-r70nhhp\" data-id=\"r70nhhp\" data-element_type=\"column\" data-e-type=\"column\">\n\t\t\t<div class=\"elementor-widget-wrap elementor-element-populated\">\n\t\t\t\t\t\t<div class=\"elementor-element elementor-element-ydgppb6 elementor-widget elementor-widget-image\" data-id=\"ydgppb6\" data-element_type=\"widget\" data-e-type=\"widget\" data-widget_type=\"image.default\">\n\t\t\t\t<div class=\"elementor-widget-container\">\n\t\t\t\t\t\t\t\t\t\t\t\t\t\t\t<img decoding=\"async\" src=\"http:\/\/dancingboulevard.com\/wp-content\/uploads\/2018\/09\/320L_900.jpg\" title=\"\" alt=\"\" loading=\"lazy\" \/>\t\t\t\t\t\t\t\t\t\t\t\t\t\t\t<\/div>\n\t\t\t\t<\/div>\n\t\t\t\t\t<\/div>\n\t\t<\/div>\n\t\t\t\t\t<\/div>\n\t\t<\/section>\n\t\t\t\t<section class=\"elementor-section elementor-top-section elementor-element elementor-element-eu9wb7e elementor-section-boxed elementor-section-height-default elementor-section-height-default\" data-id=\"eu9wb7e\" data-element_type=\"section\" data-e-type=\"section\">\n\t\t\t\t\t\t<div class=\"elementor-container elementor-column-gap-default\">\n\t\t\t\t\t<div class=\"elementor-column elementor-col-100 elementor-top-column elementor-element elementor-element-u35v7qe\" data-id=\"u35v7qe\" data-element_type=\"column\" data-e-type=\"column\">\n\t\t\t<div class=\"elementor-widget-wrap elementor-element-populated\">\n\t\t\t\t\t\t<div class=\"elementor-element elementor-element-rs3cl3y elementor-widget elementor-widget-text-editor\" data-id=\"rs3cl3y\" data-element_type=\"widget\" data-e-type=\"widget\" data-widget_type=\"text-editor.default\">\n\t\t\t\t<div class=\"elementor-widget-container\">\n\t\t\t\t\t\t\t\t\t<p>Si estas interesado\/a en reservar plaza con nosotros ll\u00e1manos al tel\u00e9fono 634 125 052<\/p><p>o al email <strong>escuela@dancingboulevard.com<\/strong><\/p>\t\t\t\t\t\t\t\t<\/div>\n\t\t\t\t<\/div>\n\t\t\t\t\t<\/div>\n\t\t<\/div>\n\t\t\t\t\t<\/div>\n\t\t<\/section>\n\t\t\t\t<section class=\"elementor-section elementor-top-section elementor-element elementor-element-adxzzkq elementor-section-boxed elementor-section-height-default elementor-section-height-default\" data-id=\"adxzzkq\" data-element_type=\"section\" data-e-type=\"section\">\n\t\t\t\t\t\t<div class=\"elementor-container elementor-column-gap-default\">\n\t\t\t\t\t<div class=\"elementor-column elementor-col-100 elementor-top-column elementor-element elementor-element-5huq2p0\" data-id=\"5huq2p0\" data-element_type=\"column\" data-e-type=\"column\">\n\t\t\t<div class=\"elementor-widget-wrap elementor-element-populated\">\n\t\t\t\t\t\t<div class=\"elementor-element elementor-element-65njvv8 elementor-widget elementor-widget-text-editor\" data-id=\"65njvv8\" data-element_type=\"widget\" data-e-type=\"widget\" data-widget_type=\"text-editor.default\">\n\t\t\t\t<div class=\"elementor-widget-container\">\n\t\t\t\t\t\t\t\t\t<p>Puedes consultar todos nuestros horarios <a href=\"http:\/\/dancingboulevard.com\/en\/bailes-y-horarios\/\">aqui<\/a><\/p>\t\t\t\t\t\t\t\t<\/div>\n\t\t\t\t<\/div>\n\t\t\t\t\t<\/div>\n\t\t<\/div>\n\t\t\t\t\t<\/div>\n\t\t<\/section>\n\t\t\t\t<\/div>","protected":false},"excerpt":{"rendered":"<p>GIMNASIA DE MANTENIMIENTO Y G.A.P. Disfruta de nuestras clases de gimnasia de mantenimiento y G.A.P. por las ma\u00f1anas\u00a0 . Todos los Martes y los Viernes de 10:00 a 11:00 Si los horarios que tenemos no te vienen bien y quieres proponernos cualquier otro horario o disciplina, comentanoslo. A veces surgen [&hellip;]<\/p>\n","protected":false},"author":1,"featured_media":0,"parent":0,"menu_order":0,"comment_status":"closed","ping_status":"closed","template":"","meta":{"footnotes":"","_links_to":"","_links_to_target":""},"class_list":["post-1743","page","type-page","status-publish","hentry"],"yoast_head":"<!-- This site is optimized with the Yoast SEO plugin v26.8 - https:\/\/yoast.com\/product\/yoast-seo-wordpress\/ -->\n<title>Gimnasia de mantenimiento y G.A.P. - Dancing Boulevard<\/title>\n<meta name=\"robots\" content=\"index, follow, max-snippet:-1, max-image-preview:large, max-video-preview:-1\" \/>\n<link rel=\"canonical\" href=\"https:\/\/dancingboulevard.com\/en\/gimnasia-mantenimiento-g-p\/\" \/>\n<meta property=\"og:locale\" content=\"en_US\" \/>\n<meta property=\"og:type\" content=\"article\" \/>\n<meta property=\"og:title\" content=\"Gimnasia de mantenimiento y G.A.P. - Dancing Boulevard\" \/>\n<meta property=\"og:description\" content=\"GIMNASIA DE MANTENIMIENTO Y G.A.P. Disfruta de nuestras clases de gimnasia de mantenimiento y G.A.P. por las ma\u00f1anas\u00a0 . Todos los Martes y los Viernes de 10:00 a 11:00 Si los horarios que tenemos no te vienen bien y quieres proponernos cualquier otro horario o disciplina, comentanoslo. A veces surgen [&hellip;]\" \/>\n<meta property=\"og:url\" content=\"https:\/\/dancingboulevard.com\/en\/gimnasia-mantenimiento-g-p\/\" \/>\n<meta property=\"og:site_name\" content=\"Dancing Boulevard\" \/>\n<meta property=\"article:publisher\" content=\"https:\/\/www.facebook.com\/pages\/Dancing-Boulevard\/1425357731107040?fref=ts\" \/>\n<meta property=\"article:modified_time\" content=\"2021-09-04T10:48:57+00:00\" \/>\n<meta property=\"og:image\" content=\"https:\/\/dancingboulevard.com\/wp-content\/uploads\/2018\/09\/GAP-ejercicios-1024x576.jpg\" \/>\n<meta name=\"twitter:card\" content=\"summary_large_image\" \/>\n<meta name=\"twitter:label1\" content=\"Est. reading time\" \/>\n\t<meta name=\"twitter:data1\" content=\"2 minutes\" \/>\n<!-- \/ Yoast SEO plugin. -->","yoast_head_json":{"title":"Gimnasia de mantenimiento y G.A.P. - Dancing Boulevard","robots":{"index":"index","follow":"follow","max-snippet":"max-snippet:-1","max-image-preview":"max-image-preview:large","max-video-preview":"max-video-preview:-1"},"canonical":"https:\/\/dancingboulevard.com\/en\/gimnasia-mantenimiento-g-p\/","og_locale":"en_US","og_type":"article","og_title":"Gimnasia de mantenimiento y G.A.P. - Dancing Boulevard","og_description":"GIMNASIA DE MANTENIMIENTO Y G.A.P. Disfruta de nuestras clases de gimnasia de mantenimiento y G.A.P. por las ma\u00f1anas\u00a0 . Todos los Martes y los Viernes de 10:00 a 11:00 Si los horarios que tenemos no te vienen bien y quieres proponernos cualquier otro horario o disciplina, comentanoslo. A veces surgen [&hellip;]","og_url":"https:\/\/dancingboulevard.com\/en\/gimnasia-mantenimiento-g-p\/","og_site_name":"Dancing Boulevard","article_publisher":"https:\/\/www.facebook.com\/pages\/Dancing-Boulevard\/1425357731107040?fref=ts","article_modified_time":"2021-09-04T10:48:57+00:00","og_image":[{"url":"https:\/\/dancingboulevard.com\/wp-content\/uploads\/2018\/09\/GAP-ejercicios-1024x576.jpg","type":"","width":"","height":""}],"twitter_card":"summary_large_image","twitter_misc":{"Est. reading time":"2 minutes"},"schema":{"@context":"https:\/\/schema.org","@graph":[{"@type":"WebPage","@id":"https:\/\/dancingboulevard.com\/gimnasia-mantenimiento-g-p\/","url":"https:\/\/dancingboulevard.com\/gimnasia-mantenimiento-g-p\/","name":"Gimnasia de mantenimiento y G.A.P. - Dancing Boulevard","isPartOf":{"@id":"https:\/\/dancingboulevard.com\/#website"},"primaryImageOfPage":{"@id":"https:\/\/dancingboulevard.com\/gimnasia-mantenimiento-g-p\/#primaryimage"},"image":{"@id":"https:\/\/dancingboulevard.com\/gimnasia-mantenimiento-g-p\/#primaryimage"},"thumbnailUrl":"https:\/\/dancingboulevard.com\/wp-content\/uploads\/2018\/09\/GAP-ejercicios-1024x576.jpg","datePublished":"2018-09-06T16:39:15+00:00","dateModified":"2021-09-04T10:48:57+00:00","breadcrumb":{"@id":"https:\/\/dancingboulevard.com\/gimnasia-mantenimiento-g-p\/#breadcrumb"},"inLanguage":"en-US","potentialAction":[{"@type":"ReadAction","target":["https:\/\/dancingboulevard.com\/gimnasia-mantenimiento-g-p\/"]}]},{"@type":"ImageObject","inLanguage":"en-US","@id":"https:\/\/dancingboulevard.com\/gimnasia-mantenimiento-g-p\/#primaryimage","url":"https:\/\/dancingboulevard.com\/wp-content\/uploads\/2018\/09\/GAP-ejercicios-1024x576.jpg","contentUrl":"https:\/\/dancingboulevard.com\/wp-content\/uploads\/2018\/09\/GAP-ejercicios-1024x576.jpg"},{"@type":"BreadcrumbList","@id":"https:\/\/dancingboulevard.com\/gimnasia-mantenimiento-g-p\/#breadcrumb","itemListElement":[{"@type":"ListItem","position":1,"name":"Portada","item":"https:\/\/dancingboulevard.com\/"},{"@type":"ListItem","position":2,"name":"Gimnasia de mantenimiento y G.A.P."}]},{"@type":"WebSite","@id":"https:\/\/dancingboulevard.com\/#website","url":"https:\/\/dancingboulevard.com\/","name":"Dancing Boulevard","description":"ESCUELA DE BAILE","publisher":{"@id":"https:\/\/dancingboulevard.com\/#organization"},"potentialAction":[{"@type":"SearchAction","target":{"@type":"EntryPoint","urlTemplate":"https:\/\/dancingboulevard.com\/?s={search_term_string}"},"query-input":{"@type":"PropertyValueSpecification","valueRequired":true,"valueName":"search_term_string"}}],"inLanguage":"en-US"},{"@type":"Organization","@id":"https:\/\/dancingboulevard.com\/#organization","name":"Dancing Boulevard","url":"https:\/\/dancingboulevard.com\/","logo":{"@type":"ImageObject","inLanguage":"en-US","@id":"https:\/\/dancingboulevard.com\/#\/schema\/logo\/image\/","url":"https:\/\/dancingboulevard.com\/wp-content\/uploads\/2020\/04\/DancinBoulevard.png","contentUrl":"https:\/\/dancingboulevard.com\/wp-content\/uploads\/2020\/04\/DancinBoulevard.png","width":1990,"height":803,"caption":"Dancing Boulevard"},"image":{"@id":"https:\/\/dancingboulevard.com\/#\/schema\/logo\/image\/"},"sameAs":["https:\/\/www.facebook.com\/pages\/Dancing-Boulevard\/1425357731107040?fref=ts","https:\/\/www.instagram.com\/dancingboulevard\/"]}]}},"_links":{"self":[{"href":"http:\/\/dancingboulevard.com\/en\/wp-json\/wp\/v2\/pages\/1743","targetHints":{"allow":["GET"]}}],"collection":[{"href":"http:\/\/dancingboulevard.com\/en\/wp-json\/wp\/v2\/pages"}],"about":[{"href":"http:\/\/dancingboulevard.com\/en\/wp-json\/wp\/v2\/types\/page"}],"author":[{"embeddable":true,"href":"http:\/\/dancingboulevard.com\/en\/wp-json\/wp\/v2\/users\/1"}],"replies":[{"embeddable":true,"href":"http:\/\/dancingboulevard.com\/en\/wp-json\/wp\/v2\/comments?post=1743"}],"version-history":[{"count":0,"href":"http:\/\/dancingboulevard.com\/en\/wp-json\/wp\/v2\/pages\/1743\/revisions"}],"wp:attachment":[{"href":"http:\/\/dancingboulevard.com\/en\/wp-json\/wp\/v2\/media?parent=1743"}],"curies":[{"name":"wp","href":"https:\/\/api.w.org\/{rel}","templated":true}]}}