{"id":1401,"date":"2017-09-07T19:01:49","date_gmt":"2017-09-07T19:01:49","guid":{"rendered":"http:\/\/dancingboulevard.com\/?page_id=1401"},"modified":"2017-09-07T19:27:00","modified_gmt":"2017-09-07T19:27:00","slug":"clases-danza-moderna","status":"publish","type":"page","link":"http:\/\/dancingboulevard.com\/en\/clases-danza-moderna\/","title":{"rendered":"Clases de danza moderna"},"content":{"rendered":"<h2>Ap\u00fantate a nuestras clases de Danza moderna y aprender\u00e1s a jugar con la gravedad<\/h2>\n<p>&nbsp;<\/p>\n<p><a href=\"https:\/\/dancingboulevard.com\/wp-content\/uploads\/2017\/09\/danza-moderna-1.jpg\"><img fetchpriority=\"high\" decoding=\"async\" class=\"aligncenter size-full wp-image-1411\" src=\"https:\/\/dancingboulevard.com\/wp-content\/uploads\/2017\/09\/danza-moderna-1.jpg\" alt=\"danza moderna\" width=\"720\" height=\"488\" srcset=\"https:\/\/dancingboulevard.com\/wp-content\/uploads\/2017\/09\/danza-moderna-1.jpg 720w, https:\/\/dancingboulevard.com\/wp-content\/uploads\/2017\/09\/danza-moderna-1-300x203.jpg 300w\" sizes=\"(max-width: 720px) 100vw, 720px\" \/><\/a><\/p>\n<p>&nbsp;<\/p>\n<p>La danza moderna es una evoluci\u00f3n de la danza cl\u00e1sica que busca la libertad de los movimientos y una expresi\u00f3n corporal que rompe las ataduras de unos pasos definidos.<\/p>\n<ul>\n<li><strong>Fuerza de gravedad<\/strong>\u00a0El bailar\u00edn juega con la fuerza de gravedad. Usa el peso de su cuerpo para crear diferentes din\u00e1micas de movimiento. Ejecuta movimientos a diferentes niveles y encuentra el punto de balance en esos diferentes momentos. Pierde y recupera el balance, hace ca\u00eddas al suelo y saltos.<\/li>\n<li><strong>Trabajo de suelo<\/strong>\u00a0El bailar\u00edn usa el suelo como parte de su espacio coreogr\u00e1fico. En la danza moderna se exploran todas las posiblidades de movimiento que se puedan hacer sobre el suelo en diferentes posiciones.<\/li>\n<li><strong>Movimientos naturales<\/strong>\u00a0En la danza moderna los movimientos son naturales y libres. Surgen de una manera org\u00e1nica siguiendo las curvaturas naturales de la espina dorsal y los principios anat\u00f3micos del cuerpo. Casi todas las t\u00e9cnicas de danza moderna basan sus movimientos en la soltura corporal y flexibilidad.<\/li>\n<\/ul>\n<ul class=\"cb-split\">\n<li><strong>Ritmo<\/strong>\u00a0A pesar de que la danza moderna no est\u00e1 asociada a ning\u00fan tipo de m\u00fasica, la danza moderna utiliza el ritmo en su composici\u00f3n. El bailar\u00edn puede jugar con diferentes patrones r\u00edtmicos en sus movimientos, ya sea con m\u00fasica o sin m\u00fasica.<\/li>\n<li><strong>Calzado<\/strong>\u00a0En la danza moderna se baila casi siempre descalzo. Pero tambi\u00e9n se puede bailar con el tipo de zapato que requiera la coreograf\u00e1i en espec\u00edfico.<\/li>\n<\/ul>\n<p><a href=\"https:\/\/dancingboulevard.com\/contacto\/\">Ll\u00e1manos al <strong>602 646 807\u00a0y\u00a0desc\u00fabrenos\u00a0!!<\/strong>!<\/a><\/p>\n<h2>Tambi\u00e9n\u00a0contamos con clases de danza moderna para los m\u00e1s j\u00f3venes, con horario perfecto para cuando salen del colegio.<\/h2>\n<p><a href=\"https:\/\/dancingboulevard.com\/wp-content\/uploads\/2017\/09\/BaileModerno1.jpg\"><img decoding=\"async\" class=\"aligncenter size-full wp-image-1413\" src=\"https:\/\/dancingboulevard.com\/wp-content\/uploads\/2017\/09\/BaileModerno1.jpg\" alt=\"\" width=\"450\" height=\"300\" srcset=\"https:\/\/dancingboulevard.com\/wp-content\/uploads\/2017\/09\/BaileModerno1.jpg 450w, https:\/\/dancingboulevard.com\/wp-content\/uploads\/2017\/09\/BaileModerno1-300x200.jpg 300w, https:\/\/dancingboulevard.com\/wp-content\/uploads\/2017\/09\/BaileModerno1-360x240.jpg 360w\" sizes=\"(max-width: 450px) 100vw, 450px\" \/><\/a><\/p>\n<p><a href=\"https:\/\/dancingboulevard.com\/ninos\/\">Pincha aqu\u00ed para conocer nuestro horario de clases de funky para ni\u00f1os y ni\u00f1as.<\/a><\/p>\n<p>&nbsp;<\/p>\n<p><a href=\"https:\/\/dancingboulevard.com\/wp-content\/uploads\/2017\/09\/Contemporary4.jpg\"><img decoding=\"async\" class=\"aligncenter size-full wp-image-1417\" src=\"https:\/\/dancingboulevard.com\/wp-content\/uploads\/2017\/09\/Contemporary4.jpg\" alt=\"clases de da\" width=\"900\" height=\"599\" srcset=\"https:\/\/dancingboulevard.com\/wp-content\/uploads\/2017\/09\/Contemporary4.jpg 900w, https:\/\/dancingboulevard.com\/wp-content\/uploads\/2017\/09\/Contemporary4-300x200.jpg 300w, https:\/\/dancingboulevard.com\/wp-content\/uploads\/2017\/09\/Contemporary4-768x511.jpg 768w, https:\/\/dancingboulevard.com\/wp-content\/uploads\/2017\/09\/Contemporary4-360x240.jpg 360w\" sizes=\"(max-width: 900px) 100vw, 900px\" \/><\/a><\/p>\n<p>&nbsp;<\/p>\n<p>&nbsp;<\/p>\n<p><a href=\"https:\/\/dancingboulevard.com\/contacto\/\">Accede a nuestra informaci\u00f3n de contacto y ll\u00e1manos para informarte aqu\u00ed.<\/a><\/p>\n<p>O m\u00e1ndanos un correo:<\/p>\n<p>[contactformgenerator id=\u00bb1&#8243;]<\/p>\n<p>&nbsp;<\/p>\n","protected":false},"excerpt":{"rendered":"<p>Ap\u00fantate a nuestras clases de Danza moderna y aprender\u00e1s a jugar con la gravedad &nbsp; &nbsp; La danza moderna es una evoluci\u00f3n de la danza cl\u00e1sica que busca la libertad de los movimientos y una expresi\u00f3n corporal que rompe las ataduras de unos pasos definidos. Fuerza de gravedad\u00a0El bailar\u00edn juega [&hellip;]<\/p>\n","protected":false},"author":1,"featured_media":0,"parent":0,"menu_order":0,"comment_status":"closed","ping_status":"closed","template":"","meta":{"footnotes":"","_links_to":"","_links_to_target":""},"class_list":["post-1401","page","type-page","status-publish","hentry"],"yoast_head":"<!-- This site is optimized with the Yoast SEO plugin v26.8 - https:\/\/yoast.com\/product\/yoast-seo-wordpress\/ -->\n<title>Clases de danza moderna - Dancing Boulevard<\/title>\n<meta name=\"robots\" content=\"index, follow, max-snippet:-1, max-image-preview:large, max-video-preview:-1\" \/>\n<link rel=\"canonical\" href=\"https:\/\/dancingboulevard.com\/en\/clases-danza-moderna\/\" \/>\n<meta property=\"og:locale\" content=\"en_US\" \/>\n<meta property=\"og:type\" content=\"article\" \/>\n<meta property=\"og:title\" content=\"Clases de danza moderna - Dancing Boulevard\" \/>\n<meta property=\"og:description\" content=\"Ap\u00fantate a nuestras clases de Danza moderna y aprender\u00e1s a jugar con la gravedad &nbsp; &nbsp; La danza moderna es una evoluci\u00f3n de la danza cl\u00e1sica que busca la libertad de los movimientos y una expresi\u00f3n corporal que rompe las ataduras de unos pasos definidos. Fuerza de gravedad\u00a0El bailar\u00edn juega [&hellip;]\" \/>\n<meta property=\"og:url\" content=\"https:\/\/dancingboulevard.com\/en\/clases-danza-moderna\/\" \/>\n<meta property=\"og:site_name\" content=\"Dancing Boulevard\" \/>\n<meta property=\"article:publisher\" content=\"https:\/\/www.facebook.com\/pages\/Dancing-Boulevard\/1425357731107040?fref=ts\" \/>\n<meta property=\"article:modified_time\" content=\"2017-09-07T19:27:00+00:00\" \/>\n<meta property=\"og:image\" content=\"https:\/\/dancingboulevard.com\/wp-content\/uploads\/2017\/09\/danza-moderna-1.jpg\" \/>\n<meta name=\"twitter:card\" content=\"summary_large_image\" \/>\n<meta name=\"twitter:label1\" content=\"Est. reading time\" \/>\n\t<meta name=\"twitter:data1\" content=\"2 minutes\" \/>\n<!-- \/ Yoast SEO plugin. -->","yoast_head_json":{"title":"Clases de danza moderna - Dancing Boulevard","robots":{"index":"index","follow":"follow","max-snippet":"max-snippet:-1","max-image-preview":"max-image-preview:large","max-video-preview":"max-video-preview:-1"},"canonical":"https:\/\/dancingboulevard.com\/en\/clases-danza-moderna\/","og_locale":"en_US","og_type":"article","og_title":"Clases de danza moderna - Dancing Boulevard","og_description":"Ap\u00fantate a nuestras clases de Danza moderna y aprender\u00e1s a jugar con la gravedad &nbsp; &nbsp; La danza moderna es una evoluci\u00f3n de la danza cl\u00e1sica que busca la libertad de los movimientos y una expresi\u00f3n corporal que rompe las ataduras de unos pasos definidos. Fuerza de gravedad\u00a0El bailar\u00edn juega [&hellip;]","og_url":"https:\/\/dancingboulevard.com\/en\/clases-danza-moderna\/","og_site_name":"Dancing Boulevard","article_publisher":"https:\/\/www.facebook.com\/pages\/Dancing-Boulevard\/1425357731107040?fref=ts","article_modified_time":"2017-09-07T19:27:00+00:00","og_image":[{"url":"https:\/\/dancingboulevard.com\/wp-content\/uploads\/2017\/09\/danza-moderna-1.jpg","type":"","width":"","height":""}],"twitter_card":"summary_large_image","twitter_misc":{"Est. reading time":"2 minutes"},"schema":{"@context":"https:\/\/schema.org","@graph":[{"@type":"WebPage","@id":"https:\/\/dancingboulevard.com\/clases-danza-moderna\/","url":"https:\/\/dancingboulevard.com\/clases-danza-moderna\/","name":"Clases de danza moderna - Dancing Boulevard","isPartOf":{"@id":"https:\/\/dancingboulevard.com\/#website"},"primaryImageOfPage":{"@id":"https:\/\/dancingboulevard.com\/clases-danza-moderna\/#primaryimage"},"image":{"@id":"https:\/\/dancingboulevard.com\/clases-danza-moderna\/#primaryimage"},"thumbnailUrl":"https:\/\/dancingboulevard.com\/wp-content\/uploads\/2017\/09\/danza-moderna-1.jpg","datePublished":"2017-09-07T19:01:49+00:00","dateModified":"2017-09-07T19:27:00+00:00","breadcrumb":{"@id":"https:\/\/dancingboulevard.com\/clases-danza-moderna\/#breadcrumb"},"inLanguage":"en-US","potentialAction":[{"@type":"ReadAction","target":["https:\/\/dancingboulevard.com\/clases-danza-moderna\/"]}]},{"@type":"ImageObject","inLanguage":"en-US","@id":"https:\/\/dancingboulevard.com\/clases-danza-moderna\/#primaryimage","url":"https:\/\/dancingboulevard.com\/wp-content\/uploads\/2017\/09\/danza-moderna-1.jpg","contentUrl":"https:\/\/dancingboulevard.com\/wp-content\/uploads\/2017\/09\/danza-moderna-1.jpg"},{"@type":"BreadcrumbList","@id":"https:\/\/dancingboulevard.com\/clases-danza-moderna\/#breadcrumb","itemListElement":[{"@type":"ListItem","position":1,"name":"Portada","item":"https:\/\/dancingboulevard.com\/"},{"@type":"ListItem","position":2,"name":"Clases de danza moderna"}]},{"@type":"WebSite","@id":"https:\/\/dancingboulevard.com\/#website","url":"https:\/\/dancingboulevard.com\/","name":"Dancing Boulevard","description":"ESCUELA DE BAILE","publisher":{"@id":"https:\/\/dancingboulevard.com\/#organization"},"potentialAction":[{"@type":"SearchAction","target":{"@type":"EntryPoint","urlTemplate":"https:\/\/dancingboulevard.com\/?s={search_term_string}"},"query-input":{"@type":"PropertyValueSpecification","valueRequired":true,"valueName":"search_term_string"}}],"inLanguage":"en-US"},{"@type":"Organization","@id":"https:\/\/dancingboulevard.com\/#organization","name":"Dancing Boulevard","url":"https:\/\/dancingboulevard.com\/","logo":{"@type":"ImageObject","inLanguage":"en-US","@id":"https:\/\/dancingboulevard.com\/#\/schema\/logo\/image\/","url":"https:\/\/dancingboulevard.com\/wp-content\/uploads\/2020\/04\/DancinBoulevard.png","contentUrl":"https:\/\/dancingboulevard.com\/wp-content\/uploads\/2020\/04\/DancinBoulevard.png","width":1990,"height":803,"caption":"Dancing Boulevard"},"image":{"@id":"https:\/\/dancingboulevard.com\/#\/schema\/logo\/image\/"},"sameAs":["https:\/\/www.facebook.com\/pages\/Dancing-Boulevard\/1425357731107040?fref=ts","https:\/\/www.instagram.com\/dancingboulevard\/"]}]}},"_links":{"self":[{"href":"http:\/\/dancingboulevard.com\/en\/wp-json\/wp\/v2\/pages\/1401","targetHints":{"allow":["GET"]}}],"collection":[{"href":"http:\/\/dancingboulevard.com\/en\/wp-json\/wp\/v2\/pages"}],"about":[{"href":"http:\/\/dancingboulevard.com\/en\/wp-json\/wp\/v2\/types\/page"}],"author":[{"embeddable":true,"href":"http:\/\/dancingboulevard.com\/en\/wp-json\/wp\/v2\/users\/1"}],"replies":[{"embeddable":true,"href":"http:\/\/dancingboulevard.com\/en\/wp-json\/wp\/v2\/comments?post=1401"}],"version-history":[{"count":0,"href":"http:\/\/dancingboulevard.com\/en\/wp-json\/wp\/v2\/pages\/1401\/revisions"}],"wp:attachment":[{"href":"http:\/\/dancingboulevard.com\/en\/wp-json\/wp\/v2\/media?parent=1401"}],"curies":[{"name":"wp","href":"https:\/\/api.w.org\/{rel}","templated":true}]}}