{"id":1226,"date":"2017-08-23T18:50:06","date_gmt":"2017-08-23T18:50:06","guid":{"rendered":"http:\/\/dancingboulevard.com\/?page_id=1226"},"modified":"2018-01-07T19:11:14","modified_gmt":"2018-01-07T19:11:14","slug":"clases-guitarra","status":"publish","type":"page","link":"http:\/\/dancingboulevard.com\/en\/clases-guitarra\/","title":{"rendered":"Clases Guitarra"},"content":{"rendered":"\t\t<div data-elementor-type=\"wp-page\" data-elementor-id=\"1226\" class=\"elementor elementor-1226 elementor-bc-flex-widget\">\n\t\t\t\t\t\t<section class=\"elementor-section elementor-top-section elementor-element elementor-element-npj4sbk elementor-section-height-min-height elementor-section-boxed elementor-section-height-default elementor-section-items-middle\" data-id=\"npj4sbk\" data-element_type=\"section\" data-e-type=\"section\">\n\t\t\t\t\t\t<div class=\"elementor-container elementor-column-gap-default\">\n\t\t\t\t\t<div class=\"elementor-column elementor-col-100 elementor-top-column elementor-element elementor-element-68ubotf\" data-id=\"68ubotf\" data-element_type=\"column\" data-e-type=\"column\">\n\t\t\t<div class=\"elementor-widget-wrap elementor-element-populated\">\n\t\t\t\t\t\t<div class=\"elementor-element elementor-element-twsfrlz elementor-widget elementor-widget-heading\" data-id=\"twsfrlz\" data-element_type=\"widget\" data-e-type=\"widget\" data-widget_type=\"heading.default\">\n\t\t\t\t<div class=\"elementor-widget-container\">\n\t\t\t\t\t<h2 class=\"elementor-heading-title elementor-size-default\">CLASES DE GUITARRA<\/h2>\t\t\t\t<\/div>\n\t\t\t\t<\/div>\n\t\t\t\t\t<\/div>\n\t\t<\/div>\n\t\t\t\t\t<\/div>\n\t\t<\/section>\n\t\t\t\t<section class=\"elementor-section elementor-top-section elementor-element elementor-element-1ubtupb elementor-section-boxed elementor-section-height-default elementor-section-height-default\" data-id=\"1ubtupb\" data-element_type=\"section\" data-e-type=\"section\">\n\t\t\t\t\t\t<div class=\"elementor-container elementor-column-gap-default\">\n\t\t\t\t\t<div class=\"elementor-column elementor-col-100 elementor-top-column elementor-element elementor-element-j3jyj9b\" data-id=\"j3jyj9b\" data-element_type=\"column\" data-e-type=\"column\">\n\t\t\t<div class=\"elementor-widget-wrap elementor-element-populated\">\n\t\t\t\t\t\t<div class=\"elementor-element elementor-element-tnqqwu3 elementor-widget elementor-widget-image\" data-id=\"tnqqwu3\" data-element_type=\"widget\" data-e-type=\"widget\" data-widget_type=\"image.default\">\n\t\t\t\t<div class=\"elementor-widget-container\">\n\t\t\t\t\t\t\t\t\t\t\t\t\t\t\t<img decoding=\"async\" src=\"http:\/\/dancingboulevard.com\/wp-content\/uploads\/2017\/08\/GUITARRA.jpg\" title=\"\" alt=\"\" loading=\"lazy\" \/>\t\t\t\t\t\t\t\t\t\t\t\t\t\t\t<\/div>\n\t\t\t\t<\/div>\n\t\t\t\t\t<\/div>\n\t\t<\/div>\n\t\t\t\t\t<\/div>\n\t\t<\/section>\n\t\t\t\t<section class=\"elementor-section elementor-top-section elementor-element elementor-element-2p5qwm5 elementor-section-boxed elementor-section-height-default elementor-section-height-default\" data-id=\"2p5qwm5\" data-element_type=\"section\" data-e-type=\"section\">\n\t\t\t\t\t\t<div class=\"elementor-container elementor-column-gap-default\">\n\t\t\t\t\t<div class=\"elementor-column elementor-col-100 elementor-top-column elementor-element elementor-element-3wtxsp7\" data-id=\"3wtxsp7\" data-element_type=\"column\" data-e-type=\"column\">\n\t\t\t<div class=\"elementor-widget-wrap elementor-element-populated\">\n\t\t\t\t\t\t<div class=\"elementor-element elementor-element-czcvn6o elementor-widget elementor-widget-text-editor\" data-id=\"czcvn6o\" data-element_type=\"widget\" data-e-type=\"widget\" data-widget_type=\"text-editor.default\">\n\t\t\t\t<div class=\"elementor-widget-container\">\n\t\t\t\t\t\t\t\t\t<p><span style=\"color: #000000;\">En nuestra academia impartimos clases de guitarra para adultos y para ni\u00f1os. En los ni\u00f1os, se considera, que la edad correcta para comenzar con el aprendizaje de guitarra son 7-8 a\u00f1os.\u00a0Hay guitarras adaptadas a la edad de cada ni\u00f1o: para los ni\u00f1os de 7-8 a\u00f1os, hay guitarras de \u00bd; para los de 10-11 a\u00f1os hay guitarras de \u00be y para los adolescentes y los adultos, guitarras enteras.<\/span><\/p><p><span style=\"color: #000000;\">Las clases de guitarra tanto en adultos, como en ni\u00f1os, mejoran la capacidad de concentraci\u00f3n, de memorizaci\u00f3n, creatividad, ayuda a expresar emociones, divertirse, liberar estr\u00e9s, desarrolla la perseverancia, ense\u00f1a historia, proporciona aprender a escuchar&#8230;. estos son muchos de los beneficios que aportan las clases de guitarra.<\/span><\/p><p><span style=\"color: #000000;\">Nuestras clases de guitarra pueden impartirse de manera particular o grupal. Inf\u00f3rmate de horarios, niveles, precios y grupos para adultos y ni\u00f1os en el tel\u00e9fono <strong>602 64 68 07<\/strong><\/span><\/p><p>\u00a0<\/p>\t\t\t\t\t\t\t\t<\/div>\n\t\t\t\t<\/div>\n\t\t\t\t\t<\/div>\n\t\t<\/div>\n\t\t\t\t\t<\/div>\n\t\t<\/section>\n\t\t\t\t<section class=\"elementor-section elementor-top-section elementor-element elementor-element-7wdrng5 elementor-section-boxed elementor-section-height-default elementor-section-height-default\" data-id=\"7wdrng5\" data-element_type=\"section\" data-e-type=\"section\">\n\t\t\t\t\t\t<div class=\"elementor-container elementor-column-gap-default\">\n\t\t\t\t\t<div class=\"elementor-column elementor-col-100 elementor-top-column elementor-element elementor-element-ya0w87d\" data-id=\"ya0w87d\" data-element_type=\"column\" data-e-type=\"column\">\n\t\t\t<div class=\"elementor-widget-wrap elementor-element-populated\">\n\t\t\t\t\t\t<div class=\"elementor-element elementor-element-nuewn3l elementor-widget elementor-widget-image\" data-id=\"nuewn3l\" data-element_type=\"widget\" data-e-type=\"widget\" data-widget_type=\"image.default\">\n\t\t\t\t<div class=\"elementor-widget-container\">\n\t\t\t\t\t\t\t\t\t\t\t\t\t\t\t<img decoding=\"async\" src=\"http:\/\/dancingboulevard.com\/wp-content\/uploads\/2017\/08\/banner-ni\u00f1os-adolescentes-adultos-guitarraycanto.jpg2222.jpg\" title=\"\" alt=\"\" loading=\"lazy\" \/>\t\t\t\t\t\t\t\t\t\t\t\t\t\t\t<\/div>\n\t\t\t\t<\/div>\n\t\t\t\t\t<\/div>\n\t\t<\/div>\n\t\t\t\t\t<\/div>\n\t\t<\/section>\n\t\t\t\t<section class=\"elementor-section elementor-top-section elementor-element elementor-element-kylch4k elementor-section-boxed elementor-section-height-default elementor-section-height-default\" data-id=\"kylch4k\" data-element_type=\"section\" data-e-type=\"section\">\n\t\t\t\t\t\t<div class=\"elementor-container elementor-column-gap-default\">\n\t\t\t\t\t<div class=\"elementor-column elementor-col-100 elementor-top-column elementor-element elementor-element-6ps5mxd\" data-id=\"6ps5mxd\" data-element_type=\"column\" data-e-type=\"column\">\n\t\t\t<div class=\"elementor-widget-wrap elementor-element-populated\">\n\t\t\t\t\t\t\t<\/div>\n\t\t<\/div>\n\t\t\t\t\t<\/div>\n\t\t<\/section>\n\t\t\t\t<section class=\"elementor-section elementor-top-section elementor-element elementor-element-dtlsrfo elementor-section-boxed elementor-section-height-default elementor-section-height-default\" data-id=\"dtlsrfo\" data-element_type=\"section\" data-e-type=\"section\">\n\t\t\t\t\t\t<div class=\"elementor-container elementor-column-gap-default\">\n\t\t\t\t\t<div class=\"elementor-column elementor-col-100 elementor-top-column elementor-element elementor-element-vdrvsqq\" data-id=\"vdrvsqq\" data-element_type=\"column\" data-e-type=\"column\">\n\t\t\t<div class=\"elementor-widget-wrap elementor-element-populated\">\n\t\t\t\t\t\t<div class=\"elementor-element elementor-element-ingmzzf elementor-widget elementor-widget-text-editor\" data-id=\"ingmzzf\" data-element_type=\"widget\" data-e-type=\"widget\" data-widget_type=\"text-editor.default\">\n\t\t\t\t<div class=\"elementor-widget-container\">\n\t\t\t\t\t\t\t\t\t<p>[contactformgenerator id=\u00bb1&#8243;]<\/p>\t\t\t\t\t\t\t\t<\/div>\n\t\t\t\t<\/div>\n\t\t\t\t\t<\/div>\n\t\t<\/div>\n\t\t\t\t\t<\/div>\n\t\t<\/section>\n\t\t\t\t<\/div>\n\t\t","protected":false},"excerpt":{"rendered":"<p>CLASES DE GUITARRA En nuestra academia impartimos clases de guitarra para adultos y para ni\u00f1os. En los ni\u00f1os, se considera, que la edad correcta para comenzar con el aprendizaje de guitarra son 7-8 a\u00f1os.\u00a0Hay guitarras adaptadas a la edad de cada ni\u00f1o: para los ni\u00f1os de 7-8 a\u00f1os, hay guitarras [&hellip;]<\/p>\n","protected":false},"author":1,"featured_media":0,"parent":0,"menu_order":0,"comment_status":"closed","ping_status":"closed","template":"","meta":{"footnotes":"","_links_to":"","_links_to_target":""},"class_list":["post-1226","page","type-page","status-publish","hentry"],"yoast_head":"<!-- This site is optimized with the Yoast SEO plugin v26.8 - https:\/\/yoast.com\/product\/yoast-seo-wordpress\/ -->\n<title>Clases Guitarra - Dancing Boulevard<\/title>\n<meta name=\"robots\" content=\"index, follow, max-snippet:-1, max-image-preview:large, max-video-preview:-1\" \/>\n<link rel=\"canonical\" href=\"https:\/\/dancingboulevard.com\/en\/clases-guitarra\/\" \/>\n<meta property=\"og:locale\" content=\"en_US\" \/>\n<meta property=\"og:type\" content=\"article\" \/>\n<meta property=\"og:title\" content=\"Clases Guitarra - Dancing Boulevard\" \/>\n<meta property=\"og:description\" content=\"CLASES DE GUITARRA En nuestra academia impartimos clases de guitarra para adultos y para ni\u00f1os. En los ni\u00f1os, se considera, que la edad correcta para comenzar con el aprendizaje de guitarra son 7-8 a\u00f1os.\u00a0Hay guitarras adaptadas a la edad de cada ni\u00f1o: para los ni\u00f1os de 7-8 a\u00f1os, hay guitarras [&hellip;]\" \/>\n<meta property=\"og:url\" content=\"https:\/\/dancingboulevard.com\/en\/clases-guitarra\/\" \/>\n<meta property=\"og:site_name\" content=\"Dancing Boulevard\" \/>\n<meta property=\"article:publisher\" content=\"https:\/\/www.facebook.com\/pages\/Dancing-Boulevard\/1425357731107040?fref=ts\" \/>\n<meta property=\"article:modified_time\" content=\"2018-01-07T19:11:14+00:00\" \/>\n<meta property=\"og:image\" content=\"https:\/\/dancingboulevard.com\/wp-content\/uploads\/2017\/08\/GUITARRA.jpg\" \/>\n<meta name=\"twitter:card\" content=\"summary_large_image\" \/>\n<meta name=\"twitter:label1\" content=\"Est. reading time\" \/>\n\t<meta name=\"twitter:data1\" content=\"1 minute\" \/>\n<!-- \/ Yoast SEO plugin. -->","yoast_head_json":{"title":"Clases Guitarra - Dancing Boulevard","robots":{"index":"index","follow":"follow","max-snippet":"max-snippet:-1","max-image-preview":"max-image-preview:large","max-video-preview":"max-video-preview:-1"},"canonical":"https:\/\/dancingboulevard.com\/en\/clases-guitarra\/","og_locale":"en_US","og_type":"article","og_title":"Clases Guitarra - Dancing Boulevard","og_description":"CLASES DE GUITARRA En nuestra academia impartimos clases de guitarra para adultos y para ni\u00f1os. En los ni\u00f1os, se considera, que la edad correcta para comenzar con el aprendizaje de guitarra son 7-8 a\u00f1os.\u00a0Hay guitarras adaptadas a la edad de cada ni\u00f1o: para los ni\u00f1os de 7-8 a\u00f1os, hay guitarras [&hellip;]","og_url":"https:\/\/dancingboulevard.com\/en\/clases-guitarra\/","og_site_name":"Dancing Boulevard","article_publisher":"https:\/\/www.facebook.com\/pages\/Dancing-Boulevard\/1425357731107040?fref=ts","article_modified_time":"2018-01-07T19:11:14+00:00","og_image":[{"url":"https:\/\/dancingboulevard.com\/wp-content\/uploads\/2017\/08\/GUITARRA.jpg","type":"","width":"","height":""}],"twitter_card":"summary_large_image","twitter_misc":{"Est. reading time":"1 minute"},"schema":{"@context":"https:\/\/schema.org","@graph":[{"@type":"WebPage","@id":"https:\/\/dancingboulevard.com\/clases-guitarra\/","url":"https:\/\/dancingboulevard.com\/clases-guitarra\/","name":"Clases Guitarra - Dancing Boulevard","isPartOf":{"@id":"https:\/\/dancingboulevard.com\/#website"},"primaryImageOfPage":{"@id":"https:\/\/dancingboulevard.com\/clases-guitarra\/#primaryimage"},"image":{"@id":"https:\/\/dancingboulevard.com\/clases-guitarra\/#primaryimage"},"thumbnailUrl":"https:\/\/dancingboulevard.com\/wp-content\/uploads\/2017\/08\/GUITARRA.jpg","datePublished":"2017-08-23T18:50:06+00:00","dateModified":"2018-01-07T19:11:14+00:00","breadcrumb":{"@id":"https:\/\/dancingboulevard.com\/clases-guitarra\/#breadcrumb"},"inLanguage":"en-US","potentialAction":[{"@type":"ReadAction","target":["https:\/\/dancingboulevard.com\/clases-guitarra\/"]}]},{"@type":"ImageObject","inLanguage":"en-US","@id":"https:\/\/dancingboulevard.com\/clases-guitarra\/#primaryimage","url":"https:\/\/dancingboulevard.com\/wp-content\/uploads\/2017\/08\/GUITARRA.jpg","contentUrl":"https:\/\/dancingboulevard.com\/wp-content\/uploads\/2017\/08\/GUITARRA.jpg"},{"@type":"BreadcrumbList","@id":"https:\/\/dancingboulevard.com\/clases-guitarra\/#breadcrumb","itemListElement":[{"@type":"ListItem","position":1,"name":"Portada","item":"https:\/\/dancingboulevard.com\/"},{"@type":"ListItem","position":2,"name":"Clases Guitarra"}]},{"@type":"WebSite","@id":"https:\/\/dancingboulevard.com\/#website","url":"https:\/\/dancingboulevard.com\/","name":"Dancing Boulevard","description":"ESCUELA DE BAILE","publisher":{"@id":"https:\/\/dancingboulevard.com\/#organization"},"potentialAction":[{"@type":"SearchAction","target":{"@type":"EntryPoint","urlTemplate":"https:\/\/dancingboulevard.com\/?s={search_term_string}"},"query-input":{"@type":"PropertyValueSpecification","valueRequired":true,"valueName":"search_term_string"}}],"inLanguage":"en-US"},{"@type":"Organization","@id":"https:\/\/dancingboulevard.com\/#organization","name":"Dancing Boulevard","url":"https:\/\/dancingboulevard.com\/","logo":{"@type":"ImageObject","inLanguage":"en-US","@id":"https:\/\/dancingboulevard.com\/#\/schema\/logo\/image\/","url":"https:\/\/dancingboulevard.com\/wp-content\/uploads\/2020\/04\/DancinBoulevard.png","contentUrl":"https:\/\/dancingboulevard.com\/wp-content\/uploads\/2020\/04\/DancinBoulevard.png","width":1990,"height":803,"caption":"Dancing Boulevard"},"image":{"@id":"https:\/\/dancingboulevard.com\/#\/schema\/logo\/image\/"},"sameAs":["https:\/\/www.facebook.com\/pages\/Dancing-Boulevard\/1425357731107040?fref=ts","https:\/\/www.instagram.com\/dancingboulevard\/"]}]}},"_links":{"self":[{"href":"http:\/\/dancingboulevard.com\/en\/wp-json\/wp\/v2\/pages\/1226","targetHints":{"allow":["GET"]}}],"collection":[{"href":"http:\/\/dancingboulevard.com\/en\/wp-json\/wp\/v2\/pages"}],"about":[{"href":"http:\/\/dancingboulevard.com\/en\/wp-json\/wp\/v2\/types\/page"}],"author":[{"embeddable":true,"href":"http:\/\/dancingboulevard.com\/en\/wp-json\/wp\/v2\/users\/1"}],"replies":[{"embeddable":true,"href":"http:\/\/dancingboulevard.com\/en\/wp-json\/wp\/v2\/comments?post=1226"}],"version-history":[{"count":0,"href":"http:\/\/dancingboulevard.com\/en\/wp-json\/wp\/v2\/pages\/1226\/revisions"}],"wp:attachment":[{"href":"http:\/\/dancingboulevard.com\/en\/wp-json\/wp\/v2\/media?parent=1226"}],"curies":[{"name":"wp","href":"https:\/\/api.w.org\/{rel}","templated":true}]}}